{"id":1191,"date":"2017-05-30T12:55:19","date_gmt":"2017-05-30T10:55:19","guid":{"rendered":"https:\/\/reulsport.webismymind.be\/product\/teller-und-kegelrad-verstarkt-achsubersetung-4-12\/"},"modified":"2022-12-07T14:26:44","modified_gmt":"2022-12-07T13:26:44","slug":"teller-und-kegelrad-verstarkt-achsubersetung-4-12","status":"publish","type":"product","link":"https:\/\/www.reulsport.com\/de\/produit\/teller-und-kegelrad-verstarkt-achsubersetung-4-12\/","title":{"rendered":"Teller und Kegelrad verst\u00e4rkt (Achs\u00fcbersetung 4.12)"},"content":{"rendered":"<p>Ersetzt die originale Teller und Kegelrad einer ROVER Achse (Achs\u00fcbersetzung 3.54\/1) durch einen\u00a0kleineren\u00a0(4.12\/1)<br \/>\nDas spezielle Design (normal oder reverse) und die Anzahl Zacken macht es viel st\u00e4rker als das Originale<br \/>\nKontaktieren Sie uns um die passende Achs\u00fcbersetzung f\u00fcr Ihre Nutzung, Ihren Raddurchmesser, Ihres Motors, Ihres Getriebe und Verteilgetriebe zu bestimmen<br \/>\nBauen Sie auch den Positionshalter\u00a0des Kegelrades ein,\u00a0 f\u00fcr eine optimierte Funktionsweise des Kegelrades und die Besch\u00e4digung bei extremer Beanspruchung zu verhindern<\/p>\n","protected":false},"excerpt":{"rendered":"<p>Ersetzt die originale Teller und Kegelrad einer ROVER Achse (Achs\u00fcbersetzung 3.54\/1) durch einen\u00a0kleineren\u00a0(4.12\/1) Das spezielle Design (normal oder reverse) und die Anzahl Zacken macht es viel st\u00e4rker als das Originale Kontaktieren Sie uns um die passende Achs\u00fcbersetzung f\u00fcr Ihre Nutzung, Ihren Raddurchmesser, Ihres Motors, Ihres Getriebe und Verteilgetriebe zu bestimmen Bauen Sie auch den Positionshalter\u00a0des [&hellip;]<\/p>\n","protected":false},"featured_media":1151,"comment_status":"open","ping_status":"closed","template":"","meta":[],"product_cat":[178],"product_tag":[104],"acf":[],"yoast_head":"<!-- This site is optimized with the Yoast SEO plugin v20.1 - https:\/\/yoast.com\/wordpress\/plugins\/seo\/ -->\n<title>Teller und Kegelrad verst\u00e4rkt (Achs\u00fcbersetung 4.12) - ReulSport - Landrover specialist - Iveco partner<\/title>\n<meta name=\"robots\" content=\"index, follow, max-snippet:-1, max-image-preview:large, max-video-preview:-1\" \/>\n<link rel=\"canonical\" href=\"https:\/\/www.reulsport.com\/de\/produit\/teller-und-kegelrad-verstarkt-achsubersetung-4-12\/\" \/>\n<meta property=\"og:locale\" content=\"de_DE\" \/>\n<meta property=\"og:type\" content=\"article\" \/>\n<meta property=\"og:title\" content=\"Teller und Kegelrad verst\u00e4rkt (Achs\u00fcbersetung 4.12) - ReulSport - Landrover specialist - Iveco partner\" \/>\n<meta property=\"og:description\" content=\"Ersetzt die originale Teller und Kegelrad einer ROVER Achse (Achs\u00fcbersetzung 3.54\/1) durch einen\u00a0kleineren\u00a0(4.12\/1) Das spezielle Design (normal oder reverse) und die Anzahl Zacken macht es viel st\u00e4rker als das Originale Kontaktieren Sie uns um die passende Achs\u00fcbersetzung f\u00fcr Ihre Nutzung, Ihren Raddurchmesser, Ihres Motors, Ihres Getriebe und Verteilgetriebe zu bestimmen Bauen Sie auch den Positionshalter\u00a0des [&hellip;]\" \/>\n<meta property=\"og:url\" content=\"https:\/\/www.reulsport.com\/de\/produit\/teller-und-kegelrad-verstarkt-achsubersetung-4-12\/\" \/>\n<meta property=\"og:site_name\" content=\"ReulSport - Landrover specialist - Iveco partner\" \/>\n<meta property=\"article:modified_time\" content=\"2022-12-07T13:26:44+00:00\" \/>\n<meta property=\"og:image\" content=\"https:\/\/www.reulsport.com\/wp-content\/uploads\/2017\/05\/17-NCC.jpg\" \/>\n\t<meta property=\"og:image:width\" content=\"1920\" \/>\n\t<meta property=\"og:image:height\" content=\"1920\" \/>\n\t<meta property=\"og:image:type\" content=\"image\/jpeg\" \/>\n<meta name=\"twitter:card\" content=\"summary_large_image\" \/>\n<script type=\"application\/ld+json\" class=\"yoast-schema-graph\">{\"@context\":\"https:\/\/schema.org\",\"@graph\":[{\"@type\":\"WebPage\",\"@id\":\"https:\/\/www.reulsport.com\/de\/produit\/teller-und-kegelrad-verstarkt-achsubersetung-4-12\/\",\"url\":\"https:\/\/www.reulsport.com\/de\/produit\/teller-und-kegelrad-verstarkt-achsubersetung-4-12\/\",\"name\":\"Teller und Kegelrad verst\u00e4rkt (Achs\u00fcbersetung 4.12) - ReulSport - Landrover specialist - Iveco partner\",\"isPartOf\":{\"@id\":\"https:\/\/www.reulsport.com\/#website\"},\"datePublished\":\"2017-05-30T10:55:19+00:00\",\"dateModified\":\"2022-12-07T13:26:44+00:00\",\"breadcrumb\":{\"@id\":\"https:\/\/www.reulsport.com\/de\/produit\/teller-und-kegelrad-verstarkt-achsubersetung-4-12\/#breadcrumb\"},\"inLanguage\":\"de\",\"potentialAction\":[{\"@type\":\"ReadAction\",\"target\":[\"https:\/\/www.reulsport.com\/de\/produit\/teller-und-kegelrad-verstarkt-achsubersetung-4-12\/\"]}]},{\"@type\":\"BreadcrumbList\",\"@id\":\"https:\/\/www.reulsport.com\/de\/produit\/teller-und-kegelrad-verstarkt-achsubersetung-4-12\/#breadcrumb\",\"itemListElement\":[{\"@type\":\"ListItem\",\"position\":1,\"name\":\"Accueil\",\"item\":\"https:\/\/www.reulsport.com\/de\/\"},{\"@type\":\"ListItem\",\"position\":2,\"name\":\"Shop\",\"item\":\"https:\/\/www.reulsport.com\/de\/shop-2\/\"},{\"@type\":\"ListItem\",\"position\":3,\"name\":\"Teller und Kegelrad verst\u00e4rkt (Achs\u00fcbersetung 4.12)\"}]},{\"@type\":\"WebSite\",\"@id\":\"https:\/\/www.reulsport.com\/#website\",\"url\":\"https:\/\/www.reulsport.com\/\",\"name\":\"ReulSport - Landrover specialist - Iveco partner\",\"description\":\"ReulSport est un garage Ineos, Iveco et Polaris dans la r\u00e9gion de Verviers et Li\u00e8ge. Sp\u00e9cialiste de l&#039;Offroad, de la pr\u00e9paration et de l&#039;accessoirisation. .\",\"potentialAction\":[{\"@type\":\"SearchAction\",\"target\":{\"@type\":\"EntryPoint\",\"urlTemplate\":\"https:\/\/www.reulsport.com\/?s={search_term_string}\"},\"query-input\":\"required name=search_term_string\"}],\"inLanguage\":\"de\"}]}<\/script>\n<!-- \/ Yoast SEO plugin. -->","yoast_head_json":{"title":"Teller und Kegelrad verst\u00e4rkt (Achs\u00fcbersetung 4.12) - ReulSport - Landrover specialist - Iveco partner","robots":{"index":"index","follow":"follow","max-snippet":"max-snippet:-1","max-image-preview":"max-image-preview:large","max-video-preview":"max-video-preview:-1"},"canonical":"https:\/\/www.reulsport.com\/de\/produit\/teller-und-kegelrad-verstarkt-achsubersetung-4-12\/","og_locale":"de_DE","og_type":"article","og_title":"Teller und Kegelrad verst\u00e4rkt (Achs\u00fcbersetung 4.12) - ReulSport - Landrover specialist - Iveco partner","og_description":"Ersetzt die originale Teller und Kegelrad einer ROVER Achse (Achs\u00fcbersetzung 3.54\/1) durch einen\u00a0kleineren\u00a0(4.12\/1) Das spezielle Design (normal oder reverse) und die Anzahl Zacken macht es viel st\u00e4rker als das Originale Kontaktieren Sie uns um die passende Achs\u00fcbersetzung f\u00fcr Ihre Nutzung, Ihren Raddurchmesser, Ihres Motors, Ihres Getriebe und Verteilgetriebe zu bestimmen Bauen Sie auch den Positionshalter\u00a0des [&hellip;]","og_url":"https:\/\/www.reulsport.com\/de\/produit\/teller-und-kegelrad-verstarkt-achsubersetung-4-12\/","og_site_name":"ReulSport - Landrover specialist - Iveco partner","article_modified_time":"2022-12-07T13:26:44+00:00","og_image":[{"width":1920,"height":1920,"url":"https:\/\/www.reulsport.com\/wp-content\/uploads\/2017\/05\/17-NCC.jpg","type":"image\/jpeg"}],"twitter_card":"summary_large_image","schema":{"@context":"https:\/\/schema.org","@graph":[{"@type":"WebPage","@id":"https:\/\/www.reulsport.com\/de\/produit\/teller-und-kegelrad-verstarkt-achsubersetung-4-12\/","url":"https:\/\/www.reulsport.com\/de\/produit\/teller-und-kegelrad-verstarkt-achsubersetung-4-12\/","name":"Teller und Kegelrad verst\u00e4rkt (Achs\u00fcbersetung 4.12) - ReulSport - Landrover specialist - Iveco partner","isPartOf":{"@id":"https:\/\/www.reulsport.com\/#website"},"datePublished":"2017-05-30T10:55:19+00:00","dateModified":"2022-12-07T13:26:44+00:00","breadcrumb":{"@id":"https:\/\/www.reulsport.com\/de\/produit\/teller-und-kegelrad-verstarkt-achsubersetung-4-12\/#breadcrumb"},"inLanguage":"de","potentialAction":[{"@type":"ReadAction","target":["https:\/\/www.reulsport.com\/de\/produit\/teller-und-kegelrad-verstarkt-achsubersetung-4-12\/"]}]},{"@type":"BreadcrumbList","@id":"https:\/\/www.reulsport.com\/de\/produit\/teller-und-kegelrad-verstarkt-achsubersetung-4-12\/#breadcrumb","itemListElement":[{"@type":"ListItem","position":1,"name":"Accueil","item":"https:\/\/www.reulsport.com\/de\/"},{"@type":"ListItem","position":2,"name":"Shop","item":"https:\/\/www.reulsport.com\/de\/shop-2\/"},{"@type":"ListItem","position":3,"name":"Teller und Kegelrad verst\u00e4rkt (Achs\u00fcbersetung 4.12)"}]},{"@type":"WebSite","@id":"https:\/\/www.reulsport.com\/#website","url":"https:\/\/www.reulsport.com\/","name":"ReulSport - Landrover specialist - Iveco partner","description":"ReulSport est un garage Ineos, Iveco et Polaris dans la r\u00e9gion de Verviers et Li\u00e8ge. Sp\u00e9cialiste de l&#039;Offroad, de la pr\u00e9paration et de l&#039;accessoirisation. .","potentialAction":[{"@type":"SearchAction","target":{"@type":"EntryPoint","urlTemplate":"https:\/\/www.reulsport.com\/?s={search_term_string}"},"query-input":"required name=search_term_string"}],"inLanguage":"de"}]}},"_links":{"self":[{"href":"https:\/\/www.reulsport.com\/de\/wp-json\/wp\/v2\/product\/1191"}],"collection":[{"href":"https:\/\/www.reulsport.com\/de\/wp-json\/wp\/v2\/product"}],"about":[{"href":"https:\/\/www.reulsport.com\/de\/wp-json\/wp\/v2\/types\/product"}],"replies":[{"embeddable":true,"href":"https:\/\/www.reulsport.com\/de\/wp-json\/wp\/v2\/comments?post=1191"}],"wp:featuredmedia":[{"embeddable":true,"href":"https:\/\/www.reulsport.com\/de\/wp-json\/wp\/v2\/media\/1151"}],"wp:attachment":[{"href":"https:\/\/www.reulsport.com\/de\/wp-json\/wp\/v2\/media?parent=1191"}],"wp:term":[{"taxonomy":"product_cat","embeddable":true,"href":"https:\/\/www.reulsport.com\/de\/wp-json\/wp\/v2\/product_cat?post=1191"},{"taxonomy":"product_tag","embeddable":true,"href":"https:\/\/www.reulsport.com\/de\/wp-json\/wp\/v2\/product_tag?post=1191"}],"curies":[{"name":"wp","href":"https:\/\/api.w.org\/{rel}","templated":true}]}}