{"id":1200,"date":"2017-05-26T14:11:48","date_gmt":"2017-05-26T12:11:48","guid":{"rendered":"https:\/\/reulsport.webismymind.be\/product\/vordere-steckachse-mit-homokinetische-dichtung-ohne-abs\/"},"modified":"2018-01-29T15:55:42","modified_gmt":"2018-01-29T14:55:42","slug":"homokinetische-dichtung-ohne-abs","status":"publish","type":"product","link":"https:\/\/www.reulsport.com\/de\/produit\/homokinetische-dichtung-ohne-abs\/","title":{"rendered":"Homokinetische Dichtung ohne ABS"},"content":{"rendered":"<p>Verdoppelte Standfestigkeit gegen\u00fcber dem Original<br \/>\n Verst\u00e4rkte homokinetische <br \/>\n F\u00fcr Radgr\u00f6ssen\u00a0 bis 35 Zoll<br \/>\n Wird mit verst\u00e4rkten Mitnehmer Radnaben (Ref. RSMM) und die vorderen Steckachsen (Ref. NARAV)\u00a0verbaut\u00a0<\/p>\n","protected":false},"excerpt":{"rendered":"<p>Verdoppelte Standfestigkeit gegen\u00fcber dem Original Verst\u00e4rkte homokinetische F\u00fcr Radgr\u00f6ssen\u00a0 bis 35 Zoll Wird mit verst\u00e4rkten Mitnehmer Radnaben (Ref. RSMM) und die vorderen Steckachsen (Ref. NARAV)\u00a0verbaut\u00a0<\/p>\n","protected":false},"featured_media":2231,"comment_status":"open","ping_status":"closed","template":"","meta":[],"product_cat":[178],"product_tag":[104],"acf":[],"yoast_head":"<!-- This site is optimized with the Yoast SEO plugin v20.1 - https:\/\/yoast.com\/wordpress\/plugins\/seo\/ -->\n<title>Homokinetische Dichtung ohne ABS - ReulSport - Landrover specialist - Iveco partner<\/title>\n<meta name=\"robots\" content=\"index, follow, max-snippet:-1, max-image-preview:large, max-video-preview:-1\" \/>\n<link rel=\"canonical\" href=\"https:\/\/www.reulsport.com\/de\/produit\/homokinetische-dichtung-ohne-abs\/\" \/>\n<meta property=\"og:locale\" content=\"de_DE\" \/>\n<meta property=\"og:type\" content=\"article\" \/>\n<meta property=\"og:title\" content=\"Homokinetische Dichtung ohne ABS - ReulSport - Landrover specialist - Iveco partner\" \/>\n<meta property=\"og:description\" content=\"Verdoppelte Standfestigkeit gegen\u00fcber dem Original Verst\u00e4rkte homokinetische F\u00fcr Radgr\u00f6ssen\u00a0 bis 35 Zoll Wird mit verst\u00e4rkten Mitnehmer Radnaben (Ref. RSMM) und die vorderen Steckachsen (Ref. NARAV)\u00a0verbaut\u00a0\" \/>\n<meta property=\"og:url\" content=\"https:\/\/www.reulsport.com\/de\/produit\/homokinetische-dichtung-ohne-abs\/\" \/>\n<meta property=\"og:site_name\" content=\"ReulSport - Landrover specialist - Iveco partner\" \/>\n<meta property=\"article:modified_time\" content=\"2018-01-29T14:55:42+00:00\" \/>\n<meta property=\"og:image\" content=\"https:\/\/www.reulsport.com\/wp-content\/uploads\/2017\/05\/cve.jpg\" \/>\n\t<meta property=\"og:image:width\" content=\"300\" \/>\n\t<meta property=\"og:image:height\" content=\"225\" \/>\n\t<meta property=\"og:image:type\" content=\"image\/jpeg\" \/>\n<meta name=\"twitter:card\" content=\"summary_large_image\" \/>\n<script type=\"application\/ld+json\" class=\"yoast-schema-graph\">{\"@context\":\"https:\/\/schema.org\",\"@graph\":[{\"@type\":\"WebPage\",\"@id\":\"https:\/\/www.reulsport.com\/de\/produit\/homokinetische-dichtung-ohne-abs\/\",\"url\":\"https:\/\/www.reulsport.com\/de\/produit\/homokinetische-dichtung-ohne-abs\/\",\"name\":\"Homokinetische Dichtung ohne ABS - ReulSport - Landrover specialist - Iveco partner\",\"isPartOf\":{\"@id\":\"https:\/\/www.reulsport.com\/#website\"},\"datePublished\":\"2017-05-26T12:11:48+00:00\",\"dateModified\":\"2018-01-29T14:55:42+00:00\",\"breadcrumb\":{\"@id\":\"https:\/\/www.reulsport.com\/de\/produit\/homokinetische-dichtung-ohne-abs\/#breadcrumb\"},\"inLanguage\":\"de\",\"potentialAction\":[{\"@type\":\"ReadAction\",\"target\":[\"https:\/\/www.reulsport.com\/de\/produit\/homokinetische-dichtung-ohne-abs\/\"]}]},{\"@type\":\"BreadcrumbList\",\"@id\":\"https:\/\/www.reulsport.com\/de\/produit\/homokinetische-dichtung-ohne-abs\/#breadcrumb\",\"itemListElement\":[{\"@type\":\"ListItem\",\"position\":1,\"name\":\"Accueil\",\"item\":\"https:\/\/www.reulsport.com\/de\/\"},{\"@type\":\"ListItem\",\"position\":2,\"name\":\"Shop\",\"item\":\"https:\/\/www.reulsport.com\/de\/shop-2\/\"},{\"@type\":\"ListItem\",\"position\":3,\"name\":\"Homokinetische Dichtung ohne ABS\"}]},{\"@type\":\"WebSite\",\"@id\":\"https:\/\/www.reulsport.com\/#website\",\"url\":\"https:\/\/www.reulsport.com\/\",\"name\":\"ReulSport - Landrover specialist - Iveco partner\",\"description\":\"ReulSport est un garage Ineos, Iveco et Polaris dans la r\u00e9gion de Verviers et Li\u00e8ge. Sp\u00e9cialiste de l&#039;Offroad, de la pr\u00e9paration et de l&#039;accessoirisation. .\",\"potentialAction\":[{\"@type\":\"SearchAction\",\"target\":{\"@type\":\"EntryPoint\",\"urlTemplate\":\"https:\/\/www.reulsport.com\/?s={search_term_string}\"},\"query-input\":\"required name=search_term_string\"}],\"inLanguage\":\"de\"}]}<\/script>\n<!-- \/ Yoast SEO plugin. -->","yoast_head_json":{"title":"Homokinetische Dichtung ohne ABS - ReulSport - Landrover specialist - Iveco partner","robots":{"index":"index","follow":"follow","max-snippet":"max-snippet:-1","max-image-preview":"max-image-preview:large","max-video-preview":"max-video-preview:-1"},"canonical":"https:\/\/www.reulsport.com\/de\/produit\/homokinetische-dichtung-ohne-abs\/","og_locale":"de_DE","og_type":"article","og_title":"Homokinetische Dichtung ohne ABS - ReulSport - Landrover specialist - Iveco partner","og_description":"Verdoppelte Standfestigkeit gegen\u00fcber dem Original Verst\u00e4rkte homokinetische F\u00fcr Radgr\u00f6ssen\u00a0 bis 35 Zoll Wird mit verst\u00e4rkten Mitnehmer Radnaben (Ref. RSMM) und die vorderen Steckachsen (Ref. NARAV)\u00a0verbaut\u00a0","og_url":"https:\/\/www.reulsport.com\/de\/produit\/homokinetische-dichtung-ohne-abs\/","og_site_name":"ReulSport - Landrover specialist - Iveco partner","article_modified_time":"2018-01-29T14:55:42+00:00","og_image":[{"width":300,"height":225,"url":"https:\/\/www.reulsport.com\/wp-content\/uploads\/2017\/05\/cve.jpg","type":"image\/jpeg"}],"twitter_card":"summary_large_image","schema":{"@context":"https:\/\/schema.org","@graph":[{"@type":"WebPage","@id":"https:\/\/www.reulsport.com\/de\/produit\/homokinetische-dichtung-ohne-abs\/","url":"https:\/\/www.reulsport.com\/de\/produit\/homokinetische-dichtung-ohne-abs\/","name":"Homokinetische Dichtung ohne ABS - ReulSport - Landrover specialist - Iveco partner","isPartOf":{"@id":"https:\/\/www.reulsport.com\/#website"},"datePublished":"2017-05-26T12:11:48+00:00","dateModified":"2018-01-29T14:55:42+00:00","breadcrumb":{"@id":"https:\/\/www.reulsport.com\/de\/produit\/homokinetische-dichtung-ohne-abs\/#breadcrumb"},"inLanguage":"de","potentialAction":[{"@type":"ReadAction","target":["https:\/\/www.reulsport.com\/de\/produit\/homokinetische-dichtung-ohne-abs\/"]}]},{"@type":"BreadcrumbList","@id":"https:\/\/www.reulsport.com\/de\/produit\/homokinetische-dichtung-ohne-abs\/#breadcrumb","itemListElement":[{"@type":"ListItem","position":1,"name":"Accueil","item":"https:\/\/www.reulsport.com\/de\/"},{"@type":"ListItem","position":2,"name":"Shop","item":"https:\/\/www.reulsport.com\/de\/shop-2\/"},{"@type":"ListItem","position":3,"name":"Homokinetische Dichtung ohne ABS"}]},{"@type":"WebSite","@id":"https:\/\/www.reulsport.com\/#website","url":"https:\/\/www.reulsport.com\/","name":"ReulSport - Landrover specialist - Iveco partner","description":"ReulSport est un garage Ineos, Iveco et Polaris dans la r\u00e9gion de Verviers et Li\u00e8ge. Sp\u00e9cialiste de l&#039;Offroad, de la pr\u00e9paration et de l&#039;accessoirisation. .","potentialAction":[{"@type":"SearchAction","target":{"@type":"EntryPoint","urlTemplate":"https:\/\/www.reulsport.com\/?s={search_term_string}"},"query-input":"required name=search_term_string"}],"inLanguage":"de"}]}},"_links":{"self":[{"href":"https:\/\/www.reulsport.com\/de\/wp-json\/wp\/v2\/product\/1200"}],"collection":[{"href":"https:\/\/www.reulsport.com\/de\/wp-json\/wp\/v2\/product"}],"about":[{"href":"https:\/\/www.reulsport.com\/de\/wp-json\/wp\/v2\/types\/product"}],"replies":[{"embeddable":true,"href":"https:\/\/www.reulsport.com\/de\/wp-json\/wp\/v2\/comments?post=1200"}],"wp:featuredmedia":[{"embeddable":true,"href":"https:\/\/www.reulsport.com\/de\/wp-json\/wp\/v2\/media\/2231"}],"wp:attachment":[{"href":"https:\/\/www.reulsport.com\/de\/wp-json\/wp\/v2\/media?parent=1200"}],"wp:term":[{"taxonomy":"product_cat","embeddable":true,"href":"https:\/\/www.reulsport.com\/de\/wp-json\/wp\/v2\/product_cat?post=1200"},{"taxonomy":"product_tag","embeddable":true,"href":"https:\/\/www.reulsport.com\/de\/wp-json\/wp\/v2\/product_tag?post=1200"}],"curies":[{"name":"wp","href":"https:\/\/api.w.org\/{rel}","templated":true}]}}