{"id":1202,"date":"2017-05-26T14:08:15","date_gmt":"2017-05-26T12:08:15","guid":{"rendered":"https:\/\/reulsport.webismymind.be\/product\/vordere-steckachse\/"},"modified":"2018-01-29T15:53:56","modified_gmt":"2018-01-29T14:53:56","slug":"vordere-steckachse","status":"publish","type":"product","link":"https:\/\/www.reulsport.com\/de\/produit\/vordere-steckachse\/","title":{"rendered":"VORDERE Steckachse"},"content":{"rendered":"<p>Verst\u00e4rkte Steckachse f\u00fcr ROVER Achsen<br \/>\n Verdoppelte Standfestigkeit gegen\u00fcber dem Original<br \/>\n F\u00fcr Radgr\u00f6ssen\u00a0 bis 35 Zoll<br \/>\n Wird mit verst\u00e4rkten Mitnehmer Radnaben verbaut (Ref. RSMM) und die homokinetische Dischtung (Ref. NJHABS oder NJHNABS)<\/p>\n","protected":false},"excerpt":{"rendered":"<p>Verst\u00e4rkte Steckachse f\u00fcr ROVER Achsen Verdoppelte Standfestigkeit gegen\u00fcber dem Original F\u00fcr Radgr\u00f6ssen\u00a0 bis 35 Zoll Wird mit verst\u00e4rkten Mitnehmer Radnaben verbaut (Ref. RSMM) und die homokinetische Dischtung (Ref. NJHABS oder NJHNABS)<\/p>\n","protected":false},"featured_media":1114,"comment_status":"open","ping_status":"closed","template":"","meta":[],"product_cat":[178],"product_tag":[104],"acf":[],"yoast_head":"<!-- This site is optimized with the Yoast SEO plugin v20.1 - https:\/\/yoast.com\/wordpress\/plugins\/seo\/ -->\n<title>VORDERE Steckachse - ReulSport - Landrover specialist - Iveco partner<\/title>\n<meta name=\"robots\" content=\"index, follow, max-snippet:-1, max-image-preview:large, max-video-preview:-1\" \/>\n<link rel=\"canonical\" href=\"https:\/\/www.reulsport.com\/de\/produit\/vordere-steckachse\/\" \/>\n<meta property=\"og:locale\" content=\"de_DE\" \/>\n<meta property=\"og:type\" content=\"article\" \/>\n<meta property=\"og:title\" content=\"VORDERE Steckachse - ReulSport - Landrover specialist - Iveco partner\" \/>\n<meta property=\"og:description\" content=\"Verst\u00e4rkte Steckachse f\u00fcr ROVER Achsen Verdoppelte Standfestigkeit gegen\u00fcber dem Original F\u00fcr Radgr\u00f6ssen\u00a0 bis 35 Zoll Wird mit verst\u00e4rkten Mitnehmer Radnaben verbaut (Ref. RSMM) und die homokinetische Dischtung (Ref. NJHABS oder NJHNABS)\" \/>\n<meta property=\"og:url\" content=\"https:\/\/www.reulsport.com\/de\/produit\/vordere-steckachse\/\" \/>\n<meta property=\"og:site_name\" content=\"ReulSport - Landrover specialist - Iveco partner\" \/>\n<meta property=\"article:modified_time\" content=\"2018-01-29T14:53:56+00:00\" \/>\n<meta property=\"og:image\" content=\"https:\/\/www.reulsport.com\/wp-content\/uploads\/2017\/05\/7-catalogue-RS-N-AR-AR.jpg\" \/>\n\t<meta property=\"og:image:width\" content=\"1920\" \/>\n\t<meta property=\"og:image:height\" content=\"1920\" \/>\n\t<meta property=\"og:image:type\" content=\"image\/jpeg\" \/>\n<meta name=\"twitter:card\" content=\"summary_large_image\" \/>\n<script type=\"application\/ld+json\" class=\"yoast-schema-graph\">{\"@context\":\"https:\/\/schema.org\",\"@graph\":[{\"@type\":\"WebPage\",\"@id\":\"https:\/\/www.reulsport.com\/de\/produit\/vordere-steckachse\/\",\"url\":\"https:\/\/www.reulsport.com\/de\/produit\/vordere-steckachse\/\",\"name\":\"VORDERE Steckachse - ReulSport - Landrover specialist - Iveco partner\",\"isPartOf\":{\"@id\":\"https:\/\/www.reulsport.com\/#website\"},\"datePublished\":\"2017-05-26T12:08:15+00:00\",\"dateModified\":\"2018-01-29T14:53:56+00:00\",\"breadcrumb\":{\"@id\":\"https:\/\/www.reulsport.com\/de\/produit\/vordere-steckachse\/#breadcrumb\"},\"inLanguage\":\"de\",\"potentialAction\":[{\"@type\":\"ReadAction\",\"target\":[\"https:\/\/www.reulsport.com\/de\/produit\/vordere-steckachse\/\"]}]},{\"@type\":\"BreadcrumbList\",\"@id\":\"https:\/\/www.reulsport.com\/de\/produit\/vordere-steckachse\/#breadcrumb\",\"itemListElement\":[{\"@type\":\"ListItem\",\"position\":1,\"name\":\"Accueil\",\"item\":\"https:\/\/www.reulsport.com\/de\/\"},{\"@type\":\"ListItem\",\"position\":2,\"name\":\"Shop\",\"item\":\"https:\/\/www.reulsport.com\/de\/shop-2\/\"},{\"@type\":\"ListItem\",\"position\":3,\"name\":\"VORDERE Steckachse\"}]},{\"@type\":\"WebSite\",\"@id\":\"https:\/\/www.reulsport.com\/#website\",\"url\":\"https:\/\/www.reulsport.com\/\",\"name\":\"ReulSport - Landrover specialist - Iveco partner\",\"description\":\"ReulSport est un garage Ineos, Iveco et Polaris dans la r\u00e9gion de Verviers et Li\u00e8ge. Sp\u00e9cialiste de l&#039;Offroad, de la pr\u00e9paration et de l&#039;accessoirisation. .\",\"potentialAction\":[{\"@type\":\"SearchAction\",\"target\":{\"@type\":\"EntryPoint\",\"urlTemplate\":\"https:\/\/www.reulsport.com\/?s={search_term_string}\"},\"query-input\":\"required name=search_term_string\"}],\"inLanguage\":\"de\"}]}<\/script>\n<!-- \/ Yoast SEO plugin. -->","yoast_head_json":{"title":"VORDERE Steckachse - ReulSport - Landrover specialist - Iveco partner","robots":{"index":"index","follow":"follow","max-snippet":"max-snippet:-1","max-image-preview":"max-image-preview:large","max-video-preview":"max-video-preview:-1"},"canonical":"https:\/\/www.reulsport.com\/de\/produit\/vordere-steckachse\/","og_locale":"de_DE","og_type":"article","og_title":"VORDERE Steckachse - ReulSport - Landrover specialist - Iveco partner","og_description":"Verst\u00e4rkte Steckachse f\u00fcr ROVER Achsen Verdoppelte Standfestigkeit gegen\u00fcber dem Original F\u00fcr Radgr\u00f6ssen\u00a0 bis 35 Zoll Wird mit verst\u00e4rkten Mitnehmer Radnaben verbaut (Ref. RSMM) und die homokinetische Dischtung (Ref. NJHABS oder NJHNABS)","og_url":"https:\/\/www.reulsport.com\/de\/produit\/vordere-steckachse\/","og_site_name":"ReulSport - Landrover specialist - Iveco partner","article_modified_time":"2018-01-29T14:53:56+00:00","og_image":[{"width":1920,"height":1920,"url":"https:\/\/www.reulsport.com\/wp-content\/uploads\/2017\/05\/7-catalogue-RS-N-AR-AR.jpg","type":"image\/jpeg"}],"twitter_card":"summary_large_image","schema":{"@context":"https:\/\/schema.org","@graph":[{"@type":"WebPage","@id":"https:\/\/www.reulsport.com\/de\/produit\/vordere-steckachse\/","url":"https:\/\/www.reulsport.com\/de\/produit\/vordere-steckachse\/","name":"VORDERE Steckachse - ReulSport - Landrover specialist - Iveco partner","isPartOf":{"@id":"https:\/\/www.reulsport.com\/#website"},"datePublished":"2017-05-26T12:08:15+00:00","dateModified":"2018-01-29T14:53:56+00:00","breadcrumb":{"@id":"https:\/\/www.reulsport.com\/de\/produit\/vordere-steckachse\/#breadcrumb"},"inLanguage":"de","potentialAction":[{"@type":"ReadAction","target":["https:\/\/www.reulsport.com\/de\/produit\/vordere-steckachse\/"]}]},{"@type":"BreadcrumbList","@id":"https:\/\/www.reulsport.com\/de\/produit\/vordere-steckachse\/#breadcrumb","itemListElement":[{"@type":"ListItem","position":1,"name":"Accueil","item":"https:\/\/www.reulsport.com\/de\/"},{"@type":"ListItem","position":2,"name":"Shop","item":"https:\/\/www.reulsport.com\/de\/shop-2\/"},{"@type":"ListItem","position":3,"name":"VORDERE Steckachse"}]},{"@type":"WebSite","@id":"https:\/\/www.reulsport.com\/#website","url":"https:\/\/www.reulsport.com\/","name":"ReulSport - Landrover specialist - Iveco partner","description":"ReulSport est un garage Ineos, Iveco et Polaris dans la r\u00e9gion de Verviers et Li\u00e8ge. Sp\u00e9cialiste de l&#039;Offroad, de la pr\u00e9paration et de l&#039;accessoirisation. .","potentialAction":[{"@type":"SearchAction","target":{"@type":"EntryPoint","urlTemplate":"https:\/\/www.reulsport.com\/?s={search_term_string}"},"query-input":"required name=search_term_string"}],"inLanguage":"de"}]}},"_links":{"self":[{"href":"https:\/\/www.reulsport.com\/de\/wp-json\/wp\/v2\/product\/1202"}],"collection":[{"href":"https:\/\/www.reulsport.com\/de\/wp-json\/wp\/v2\/product"}],"about":[{"href":"https:\/\/www.reulsport.com\/de\/wp-json\/wp\/v2\/types\/product"}],"replies":[{"embeddable":true,"href":"https:\/\/www.reulsport.com\/de\/wp-json\/wp\/v2\/comments?post=1202"}],"wp:featuredmedia":[{"embeddable":true,"href":"https:\/\/www.reulsport.com\/de\/wp-json\/wp\/v2\/media\/1114"}],"wp:attachment":[{"href":"https:\/\/www.reulsport.com\/de\/wp-json\/wp\/v2\/media?parent=1202"}],"wp:term":[{"taxonomy":"product_cat","embeddable":true,"href":"https:\/\/www.reulsport.com\/de\/wp-json\/wp\/v2\/product_cat?post=1202"},{"taxonomy":"product_tag","embeddable":true,"href":"https:\/\/www.reulsport.com\/de\/wp-json\/wp\/v2\/product_tag?post=1202"}],"curies":[{"name":"wp","href":"https:\/\/api.w.org\/{rel}","templated":true}]}}