{"id":1213,"date":"2017-04-07T08:59:48","date_gmt":"2017-04-07T06:59:48","guid":{"rendered":"https:\/\/reulsport.webismymind.be\/product\/set-bestehend-aus-rostfreien-schrauben-fur-scharniere-fur\/"},"modified":"2018-01-29T15:09:23","modified_gmt":"2018-01-29T14:09:23","slug":"set-bestehend-aus-rostfreien-schrauben-fur-scharniere-5-turen","status":"publish","type":"product","link":"https:\/\/www.reulsport.com\/de\/produit\/set-bestehend-aus-rostfreien-schrauben-fur-scharniere-5-turen\/","title":{"rendered":"SET bestehend aus rostfreien Schrauben f\u00fcr Scharniere (5 T\u00fcren)"},"content":{"rendered":"<p>Ausr\u00fcstung f\u00fcr Vorder- und Hinter Seitent\u00fcren und Hintert\u00fcr (SERIE &amp; DEFENDER)\n <\/p>\n","protected":false},"excerpt":{"rendered":"<p>Ausr\u00fcstung f\u00fcr Vorder- und Hinter Seitent\u00fcren und Hintert\u00fcr (SERIE &amp; DEFENDER)<\/p>\n","protected":false},"featured_media":1211,"comment_status":"open","ping_status":"closed","template":"","meta":[],"product_cat":[74],"product_tag":[],"acf":[],"yoast_head":"<!-- This site is optimized with the Yoast SEO plugin v20.1 - https:\/\/yoast.com\/wordpress\/plugins\/seo\/ -->\n<title>SET bestehend aus rostfreien Schrauben f\u00fcr Scharniere (5 T\u00fcren) - ReulSport - Landrover specialist - Iveco partner<\/title>\n<meta name=\"robots\" content=\"index, follow, max-snippet:-1, max-image-preview:large, max-video-preview:-1\" \/>\n<link rel=\"canonical\" href=\"https:\/\/www.reulsport.com\/de\/produit\/set-bestehend-aus-rostfreien-schrauben-fur-scharniere-5-turen\/\" \/>\n<meta property=\"og:locale\" content=\"de_DE\" \/>\n<meta property=\"og:type\" content=\"article\" \/>\n<meta property=\"og:title\" content=\"SET bestehend aus rostfreien Schrauben f\u00fcr Scharniere (5 T\u00fcren) - ReulSport - Landrover specialist - Iveco partner\" \/>\n<meta property=\"og:description\" content=\"Ausr\u00fcstung f\u00fcr Vorder- und Hinter Seitent\u00fcren und Hintert\u00fcr (SERIE &amp; DEFENDER)\" \/>\n<meta property=\"og:url\" content=\"https:\/\/www.reulsport.com\/de\/produit\/set-bestehend-aus-rostfreien-schrauben-fur-scharniere-5-turen\/\" \/>\n<meta property=\"og:site_name\" content=\"ReulSport - Landrover specialist - Iveco partner\" \/>\n<meta property=\"article:modified_time\" content=\"2018-01-29T14:09:23+00:00\" \/>\n<meta property=\"og:image\" content=\"https:\/\/www.reulsport.com\/wp-content\/uploads\/2017\/04\/78-catalogue-N-PM0.jpg\" \/>\n\t<meta property=\"og:image:width\" content=\"306\" \/>\n\t<meta property=\"og:image:height\" content=\"306\" \/>\n\t<meta property=\"og:image:type\" content=\"image\/jpeg\" \/>\n<meta name=\"twitter:card\" content=\"summary_large_image\" \/>\n<script type=\"application\/ld+json\" class=\"yoast-schema-graph\">{\"@context\":\"https:\/\/schema.org\",\"@graph\":[{\"@type\":\"WebPage\",\"@id\":\"https:\/\/www.reulsport.com\/de\/produit\/set-bestehend-aus-rostfreien-schrauben-fur-scharniere-5-turen\/\",\"url\":\"https:\/\/www.reulsport.com\/de\/produit\/set-bestehend-aus-rostfreien-schrauben-fur-scharniere-5-turen\/\",\"name\":\"SET bestehend aus rostfreien Schrauben f\u00fcr Scharniere (5 T\u00fcren) - ReulSport - Landrover specialist - Iveco partner\",\"isPartOf\":{\"@id\":\"https:\/\/www.reulsport.com\/#website\"},\"datePublished\":\"2017-04-07T06:59:48+00:00\",\"dateModified\":\"2018-01-29T14:09:23+00:00\",\"breadcrumb\":{\"@id\":\"https:\/\/www.reulsport.com\/de\/produit\/set-bestehend-aus-rostfreien-schrauben-fur-scharniere-5-turen\/#breadcrumb\"},\"inLanguage\":\"de\",\"potentialAction\":[{\"@type\":\"ReadAction\",\"target\":[\"https:\/\/www.reulsport.com\/de\/produit\/set-bestehend-aus-rostfreien-schrauben-fur-scharniere-5-turen\/\"]}]},{\"@type\":\"BreadcrumbList\",\"@id\":\"https:\/\/www.reulsport.com\/de\/produit\/set-bestehend-aus-rostfreien-schrauben-fur-scharniere-5-turen\/#breadcrumb\",\"itemListElement\":[{\"@type\":\"ListItem\",\"position\":1,\"name\":\"Accueil\",\"item\":\"https:\/\/www.reulsport.com\/de\/\"},{\"@type\":\"ListItem\",\"position\":2,\"name\":\"Shop\",\"item\":\"https:\/\/www.reulsport.com\/de\/shop-2\/\"},{\"@type\":\"ListItem\",\"position\":3,\"name\":\"SET bestehend aus rostfreien Schrauben f\u00fcr Scharniere (5 T\u00fcren)\"}]},{\"@type\":\"WebSite\",\"@id\":\"https:\/\/www.reulsport.com\/#website\",\"url\":\"https:\/\/www.reulsport.com\/\",\"name\":\"ReulSport - Landrover specialist - Iveco partner\",\"description\":\"ReulSport est un garage Ineos, Iveco et Polaris dans la r\u00e9gion de Verviers et Li\u00e8ge. Sp\u00e9cialiste de l&#039;Offroad, de la pr\u00e9paration et de l&#039;accessoirisation. .\",\"potentialAction\":[{\"@type\":\"SearchAction\",\"target\":{\"@type\":\"EntryPoint\",\"urlTemplate\":\"https:\/\/www.reulsport.com\/?s={search_term_string}\"},\"query-input\":\"required name=search_term_string\"}],\"inLanguage\":\"de\"}]}<\/script>\n<!-- \/ Yoast SEO plugin. -->","yoast_head_json":{"title":"SET bestehend aus rostfreien Schrauben f\u00fcr Scharniere (5 T\u00fcren) - ReulSport - Landrover specialist - Iveco partner","robots":{"index":"index","follow":"follow","max-snippet":"max-snippet:-1","max-image-preview":"max-image-preview:large","max-video-preview":"max-video-preview:-1"},"canonical":"https:\/\/www.reulsport.com\/de\/produit\/set-bestehend-aus-rostfreien-schrauben-fur-scharniere-5-turen\/","og_locale":"de_DE","og_type":"article","og_title":"SET bestehend aus rostfreien Schrauben f\u00fcr Scharniere (5 T\u00fcren) - ReulSport - Landrover specialist - Iveco partner","og_description":"Ausr\u00fcstung f\u00fcr Vorder- und Hinter Seitent\u00fcren und Hintert\u00fcr (SERIE &amp; DEFENDER)","og_url":"https:\/\/www.reulsport.com\/de\/produit\/set-bestehend-aus-rostfreien-schrauben-fur-scharniere-5-turen\/","og_site_name":"ReulSport - Landrover specialist - Iveco partner","article_modified_time":"2018-01-29T14:09:23+00:00","og_image":[{"width":306,"height":306,"url":"https:\/\/www.reulsport.com\/wp-content\/uploads\/2017\/04\/78-catalogue-N-PM0.jpg","type":"image\/jpeg"}],"twitter_card":"summary_large_image","schema":{"@context":"https:\/\/schema.org","@graph":[{"@type":"WebPage","@id":"https:\/\/www.reulsport.com\/de\/produit\/set-bestehend-aus-rostfreien-schrauben-fur-scharniere-5-turen\/","url":"https:\/\/www.reulsport.com\/de\/produit\/set-bestehend-aus-rostfreien-schrauben-fur-scharniere-5-turen\/","name":"SET bestehend aus rostfreien Schrauben f\u00fcr Scharniere (5 T\u00fcren) - ReulSport - Landrover specialist - Iveco partner","isPartOf":{"@id":"https:\/\/www.reulsport.com\/#website"},"datePublished":"2017-04-07T06:59:48+00:00","dateModified":"2018-01-29T14:09:23+00:00","breadcrumb":{"@id":"https:\/\/www.reulsport.com\/de\/produit\/set-bestehend-aus-rostfreien-schrauben-fur-scharniere-5-turen\/#breadcrumb"},"inLanguage":"de","potentialAction":[{"@type":"ReadAction","target":["https:\/\/www.reulsport.com\/de\/produit\/set-bestehend-aus-rostfreien-schrauben-fur-scharniere-5-turen\/"]}]},{"@type":"BreadcrumbList","@id":"https:\/\/www.reulsport.com\/de\/produit\/set-bestehend-aus-rostfreien-schrauben-fur-scharniere-5-turen\/#breadcrumb","itemListElement":[{"@type":"ListItem","position":1,"name":"Accueil","item":"https:\/\/www.reulsport.com\/de\/"},{"@type":"ListItem","position":2,"name":"Shop","item":"https:\/\/www.reulsport.com\/de\/shop-2\/"},{"@type":"ListItem","position":3,"name":"SET bestehend aus rostfreien Schrauben f\u00fcr Scharniere (5 T\u00fcren)"}]},{"@type":"WebSite","@id":"https:\/\/www.reulsport.com\/#website","url":"https:\/\/www.reulsport.com\/","name":"ReulSport - Landrover specialist - Iveco partner","description":"ReulSport est un garage Ineos, Iveco et Polaris dans la r\u00e9gion de Verviers et Li\u00e8ge. Sp\u00e9cialiste de l&#039;Offroad, de la pr\u00e9paration et de l&#039;accessoirisation. .","potentialAction":[{"@type":"SearchAction","target":{"@type":"EntryPoint","urlTemplate":"https:\/\/www.reulsport.com\/?s={search_term_string}"},"query-input":"required name=search_term_string"}],"inLanguage":"de"}]}},"_links":{"self":[{"href":"https:\/\/www.reulsport.com\/de\/wp-json\/wp\/v2\/product\/1213"}],"collection":[{"href":"https:\/\/www.reulsport.com\/de\/wp-json\/wp\/v2\/product"}],"about":[{"href":"https:\/\/www.reulsport.com\/de\/wp-json\/wp\/v2\/types\/product"}],"replies":[{"embeddable":true,"href":"https:\/\/www.reulsport.com\/de\/wp-json\/wp\/v2\/comments?post=1213"}],"wp:featuredmedia":[{"embeddable":true,"href":"https:\/\/www.reulsport.com\/de\/wp-json\/wp\/v2\/media\/1211"}],"wp:attachment":[{"href":"https:\/\/www.reulsport.com\/de\/wp-json\/wp\/v2\/media?parent=1213"}],"wp:term":[{"taxonomy":"product_cat","embeddable":true,"href":"https:\/\/www.reulsport.com\/de\/wp-json\/wp\/v2\/product_cat?post=1213"},{"taxonomy":"product_tag","embeddable":true,"href":"https:\/\/www.reulsport.com\/de\/wp-json\/wp\/v2\/product_tag?post=1213"}],"curies":[{"name":"wp","href":"https:\/\/api.w.org\/{rel}","templated":true}]}}