{"id":1271,"date":"2017-06-01T10:06:53","date_gmt":"2017-06-01T08:06:53","guid":{"rendered":"https:\/\/reulsport.webismymind.be\/product\/turbolader-mit-variabler-geometrie-fur-td5\/"},"modified":"2018-02-06T10:43:38","modified_gmt":"2018-02-06T09:43:38","slug":"turbolader-mit-variabler-geometrie-fur-td5","status":"publish","type":"product","link":"https:\/\/www.reulsport.com\/de\/produit\/turbolader-mit-variabler-geometrie-fur-td5\/","title":{"rendered":"Turbolader mit variabler Geometrie f\u00fcr TD5"},"content":{"rendered":"<p>Turbolader mit variabler Geometrie f\u00fcr TD5 von DEFENDER.<br \/>\nDiesen Bausatz enth\u00e4lt ein Turbolader, n\u00f6tige Dichtungen und Schrauben.<br \/>\nMontage ohne mechanische Umbauarbeiten, ersetzt Originalteil\u00a0<br \/>\n H\u00f6heres Drehmoment ,bessere Leistung<br \/>\n ACHTUNG muss vorgesorgt werden\u00a0: die Neuprogramierung des Steuerger\u00e4tes (Remapping), den Einbau eines Pyrometers (Ref. N-397015003) und eines\u00a0Ladedruckmanometer<\/p>\n","protected":false},"excerpt":{"rendered":"<p>Turbolader mit variabler Geometrie f\u00fcr TD5 von DEFENDER. Diesen Bausatz enth\u00e4lt ein Turbolader, n\u00f6tige Dichtungen und Schrauben. Montage ohne mechanische Umbauarbeiten, ersetzt Originalteil\u00a0 H\u00f6heres Drehmoment ,bessere Leistung ACHTUNG muss vorgesorgt werden\u00a0: die Neuprogramierung des Steuerger\u00e4tes (Remapping), den Einbau eines Pyrometers (Ref. N-397015003) und eines\u00a0Ladedruckmanometer<\/p>\n","protected":false},"featured_media":1233,"comment_status":"open","ping_status":"closed","template":"","meta":[],"product_cat":[178],"product_tag":[104],"acf":[],"yoast_head":"<!-- This site is optimized with the Yoast SEO plugin v20.1 - https:\/\/yoast.com\/wordpress\/plugins\/seo\/ -->\n<title>Turbolader mit variabler Geometrie f\u00fcr TD5 - ReulSport - Landrover specialist - Iveco partner<\/title>\n<meta name=\"robots\" content=\"index, follow, max-snippet:-1, max-image-preview:large, max-video-preview:-1\" \/>\n<link rel=\"canonical\" href=\"https:\/\/www.reulsport.com\/de\/produit\/turbolader-mit-variabler-geometrie-fur-td5\/\" \/>\n<meta property=\"og:locale\" content=\"de_DE\" \/>\n<meta property=\"og:type\" content=\"article\" \/>\n<meta property=\"og:title\" content=\"Turbolader mit variabler Geometrie f\u00fcr TD5 - ReulSport - Landrover specialist - Iveco partner\" \/>\n<meta property=\"og:description\" content=\"Turbolader mit variabler Geometrie f\u00fcr TD5 von DEFENDER. Diesen Bausatz enth\u00e4lt ein Turbolader, n\u00f6tige Dichtungen und Schrauben. Montage ohne mechanische Umbauarbeiten, ersetzt Originalteil\u00a0 H\u00f6heres Drehmoment ,bessere Leistung ACHTUNG muss vorgesorgt werden\u00a0: die Neuprogramierung des Steuerger\u00e4tes (Remapping), den Einbau eines Pyrometers (Ref. N-397015003) und eines\u00a0Ladedruckmanometer\" \/>\n<meta property=\"og:url\" content=\"https:\/\/www.reulsport.com\/de\/produit\/turbolader-mit-variabler-geometrie-fur-td5\/\" \/>\n<meta property=\"og:site_name\" content=\"ReulSport - Landrover specialist - Iveco partner\" \/>\n<meta property=\"article:modified_time\" content=\"2018-02-06T09:43:38+00:00\" \/>\n<meta property=\"og:image\" content=\"https:\/\/www.reulsport.com\/wp-content\/uploads\/2017\/06\/36-catalogue-NT4.jpg\" \/>\n\t<meta property=\"og:image:width\" content=\"1920\" \/>\n\t<meta property=\"og:image:height\" content=\"1920\" \/>\n\t<meta property=\"og:image:type\" content=\"image\/jpeg\" \/>\n<meta name=\"twitter:card\" content=\"summary_large_image\" \/>\n<script type=\"application\/ld+json\" class=\"yoast-schema-graph\">{\"@context\":\"https:\/\/schema.org\",\"@graph\":[{\"@type\":\"WebPage\",\"@id\":\"https:\/\/www.reulsport.com\/de\/produit\/turbolader-mit-variabler-geometrie-fur-td5\/\",\"url\":\"https:\/\/www.reulsport.com\/de\/produit\/turbolader-mit-variabler-geometrie-fur-td5\/\",\"name\":\"Turbolader mit variabler Geometrie f\u00fcr TD5 - ReulSport - Landrover specialist - Iveco partner\",\"isPartOf\":{\"@id\":\"https:\/\/www.reulsport.com\/#website\"},\"datePublished\":\"2017-06-01T08:06:53+00:00\",\"dateModified\":\"2018-02-06T09:43:38+00:00\",\"breadcrumb\":{\"@id\":\"https:\/\/www.reulsport.com\/de\/produit\/turbolader-mit-variabler-geometrie-fur-td5\/#breadcrumb\"},\"inLanguage\":\"de\",\"potentialAction\":[{\"@type\":\"ReadAction\",\"target\":[\"https:\/\/www.reulsport.com\/de\/produit\/turbolader-mit-variabler-geometrie-fur-td5\/\"]}]},{\"@type\":\"BreadcrumbList\",\"@id\":\"https:\/\/www.reulsport.com\/de\/produit\/turbolader-mit-variabler-geometrie-fur-td5\/#breadcrumb\",\"itemListElement\":[{\"@type\":\"ListItem\",\"position\":1,\"name\":\"Accueil\",\"item\":\"https:\/\/www.reulsport.com\/de\/\"},{\"@type\":\"ListItem\",\"position\":2,\"name\":\"Shop\",\"item\":\"https:\/\/www.reulsport.com\/de\/shop-2\/\"},{\"@type\":\"ListItem\",\"position\":3,\"name\":\"Turbolader mit variabler Geometrie f\u00fcr TD5\"}]},{\"@type\":\"WebSite\",\"@id\":\"https:\/\/www.reulsport.com\/#website\",\"url\":\"https:\/\/www.reulsport.com\/\",\"name\":\"ReulSport - Landrover specialist - Iveco partner\",\"description\":\"ReulSport est un garage Ineos, Iveco et Polaris dans la r\u00e9gion de Verviers et Li\u00e8ge. Sp\u00e9cialiste de l&#039;Offroad, de la pr\u00e9paration et de l&#039;accessoirisation. .\",\"potentialAction\":[{\"@type\":\"SearchAction\",\"target\":{\"@type\":\"EntryPoint\",\"urlTemplate\":\"https:\/\/www.reulsport.com\/?s={search_term_string}\"},\"query-input\":\"required name=search_term_string\"}],\"inLanguage\":\"de\"}]}<\/script>\n<!-- \/ Yoast SEO plugin. -->","yoast_head_json":{"title":"Turbolader mit variabler Geometrie f\u00fcr TD5 - ReulSport - Landrover specialist - Iveco partner","robots":{"index":"index","follow":"follow","max-snippet":"max-snippet:-1","max-image-preview":"max-image-preview:large","max-video-preview":"max-video-preview:-1"},"canonical":"https:\/\/www.reulsport.com\/de\/produit\/turbolader-mit-variabler-geometrie-fur-td5\/","og_locale":"de_DE","og_type":"article","og_title":"Turbolader mit variabler Geometrie f\u00fcr TD5 - ReulSport - Landrover specialist - Iveco partner","og_description":"Turbolader mit variabler Geometrie f\u00fcr TD5 von DEFENDER. Diesen Bausatz enth\u00e4lt ein Turbolader, n\u00f6tige Dichtungen und Schrauben. Montage ohne mechanische Umbauarbeiten, ersetzt Originalteil\u00a0 H\u00f6heres Drehmoment ,bessere Leistung ACHTUNG muss vorgesorgt werden\u00a0: die Neuprogramierung des Steuerger\u00e4tes (Remapping), den Einbau eines Pyrometers (Ref. N-397015003) und eines\u00a0Ladedruckmanometer","og_url":"https:\/\/www.reulsport.com\/de\/produit\/turbolader-mit-variabler-geometrie-fur-td5\/","og_site_name":"ReulSport - Landrover specialist - Iveco partner","article_modified_time":"2018-02-06T09:43:38+00:00","og_image":[{"width":1920,"height":1920,"url":"https:\/\/www.reulsport.com\/wp-content\/uploads\/2017\/06\/36-catalogue-NT4.jpg","type":"image\/jpeg"}],"twitter_card":"summary_large_image","schema":{"@context":"https:\/\/schema.org","@graph":[{"@type":"WebPage","@id":"https:\/\/www.reulsport.com\/de\/produit\/turbolader-mit-variabler-geometrie-fur-td5\/","url":"https:\/\/www.reulsport.com\/de\/produit\/turbolader-mit-variabler-geometrie-fur-td5\/","name":"Turbolader mit variabler Geometrie f\u00fcr TD5 - ReulSport - Landrover specialist - Iveco partner","isPartOf":{"@id":"https:\/\/www.reulsport.com\/#website"},"datePublished":"2017-06-01T08:06:53+00:00","dateModified":"2018-02-06T09:43:38+00:00","breadcrumb":{"@id":"https:\/\/www.reulsport.com\/de\/produit\/turbolader-mit-variabler-geometrie-fur-td5\/#breadcrumb"},"inLanguage":"de","potentialAction":[{"@type":"ReadAction","target":["https:\/\/www.reulsport.com\/de\/produit\/turbolader-mit-variabler-geometrie-fur-td5\/"]}]},{"@type":"BreadcrumbList","@id":"https:\/\/www.reulsport.com\/de\/produit\/turbolader-mit-variabler-geometrie-fur-td5\/#breadcrumb","itemListElement":[{"@type":"ListItem","position":1,"name":"Accueil","item":"https:\/\/www.reulsport.com\/de\/"},{"@type":"ListItem","position":2,"name":"Shop","item":"https:\/\/www.reulsport.com\/de\/shop-2\/"},{"@type":"ListItem","position":3,"name":"Turbolader mit variabler Geometrie f\u00fcr TD5"}]},{"@type":"WebSite","@id":"https:\/\/www.reulsport.com\/#website","url":"https:\/\/www.reulsport.com\/","name":"ReulSport - Landrover specialist - Iveco partner","description":"ReulSport est un garage Ineos, Iveco et Polaris dans la r\u00e9gion de Verviers et Li\u00e8ge. Sp\u00e9cialiste de l&#039;Offroad, de la pr\u00e9paration et de l&#039;accessoirisation. .","potentialAction":[{"@type":"SearchAction","target":{"@type":"EntryPoint","urlTemplate":"https:\/\/www.reulsport.com\/?s={search_term_string}"},"query-input":"required name=search_term_string"}],"inLanguage":"de"}]}},"_links":{"self":[{"href":"https:\/\/www.reulsport.com\/de\/wp-json\/wp\/v2\/product\/1271"}],"collection":[{"href":"https:\/\/www.reulsport.com\/de\/wp-json\/wp\/v2\/product"}],"about":[{"href":"https:\/\/www.reulsport.com\/de\/wp-json\/wp\/v2\/types\/product"}],"replies":[{"embeddable":true,"href":"https:\/\/www.reulsport.com\/de\/wp-json\/wp\/v2\/comments?post=1271"}],"wp:featuredmedia":[{"embeddable":true,"href":"https:\/\/www.reulsport.com\/de\/wp-json\/wp\/v2\/media\/1233"}],"wp:attachment":[{"href":"https:\/\/www.reulsport.com\/de\/wp-json\/wp\/v2\/media?parent=1271"}],"wp:term":[{"taxonomy":"product_cat","embeddable":true,"href":"https:\/\/www.reulsport.com\/de\/wp-json\/wp\/v2\/product_cat?post=1271"},{"taxonomy":"product_tag","embeddable":true,"href":"https:\/\/www.reulsport.com\/de\/wp-json\/wp\/v2\/product_tag?post=1271"}],"curies":[{"name":"wp","href":"https:\/\/api.w.org\/{rel}","templated":true}]}}