{"id":12987,"date":"2019-07-19T14:35:27","date_gmt":"2019-07-19T12:35:27","guid":{"rendered":"https:\/\/www.reulsport.com\/product\/bfgoodrich-all-terrain-ta-ko2\/"},"modified":"2019-10-05T16:27:02","modified_gmt":"2019-10-05T14:27:02","slug":"bfgoodrich-all-terrain-ta-ko2","status":"publish","type":"product","link":"https:\/\/www.reulsport.com\/de\/produit\/bfgoodrich-all-terrain-ta-ko2\/","title":{"rendered":"BFGoodrich All Terrain T\/A &#8211; KO2"},"content":{"rendered":"<div class=\"heading-product\">\n<p class=\"title-heading-product\">WIDERSTANDSF\u00c4HIGKEIT, TRAKTION UND LANGLEBIGKEIT: UNSER BESTER ALL-TERRAIN REIFEN ALLER ZEITEN.<br \/>\nGemischter Einsatz (50 % On-Road, 50 % Off-Road)<\/p>\n<\/div>\n<div class=\"content-product\">\n<h2 class=\"title-tire-showroom\">Vorteile<\/h2>\n<div class=\"text-tire-showroom\">\n<ul>\n<li style=\"list-style-type: none;\">\n<ul>\n<li>Widerstandsf\u00e4higere Flanken<\/li>\n<li>H\u00f6here Laufleistung auf und abseits der Stra\u00dfe<\/li>\n<li>Mehr Traktion<\/li>\n<\/ul>\n<\/li>\n<\/ul>\n<h4>Widerstandsf\u00e4higere Reifenflanke 20%<\/h4>\n<ul>\n<li>Mehr Gelassenheit auch unter extremen Bedingungen<\/li>\n<\/ul>\n<h4><b>L\u00e4ngere Lebensdauer auf jedem Untergrund\u00a0<\/b><\/h4>\n<ul>\n<li>2x l\u00e4ngere Lebensdauer auf Schotter<\/li>\n<li>15% l\u00e4ngere Lebensdauer auf Asphalt<\/li>\n<\/ul>\n<h4>Mehr Traktion<\/h4>\n<ul>\n<li>10% mehr Traktion auf Matsch<\/li>\n<li>19% verbesserte Traktion auf Schnee<\/li>\n<\/ul>\n<\/div>\n<\/div>\n","protected":false},"excerpt":{"rendered":"<p>WIDERSTANDSF\u00c4HIGKEIT, TRAKTION UND LANGLEBIGKEIT: UNSER BESTER ALL-TERRAIN REIFEN ALLER ZEITEN. Gemischter Einsatz (50 % On-Road, 50 % Off-Road) Vorteile Widerstandsf\u00e4higere Flanken H\u00f6here Laufleistung auf und abseits der Stra\u00dfe Mehr Traktion Widerstandsf\u00e4higere Reifenflanke 20% Mehr Gelassenheit auch unter extremen Bedingungen L\u00e4ngere Lebensdauer auf jedem Untergrund\u00a0 2x l\u00e4ngere Lebensdauer auf Schotter 15% l\u00e4ngere Lebensdauer auf Asphalt Mehr [&hellip;]<\/p>\n","protected":false},"featured_media":12788,"comment_status":"closed","ping_status":"closed","template":"","meta":[],"product_cat":[93],"product_tag":[221],"acf":[],"yoast_head":"<!-- This site is optimized with the Yoast SEO plugin v20.1 - https:\/\/yoast.com\/wordpress\/plugins\/seo\/ -->\n<title>BFGoodrich All Terrain T\/A - KO2 - ReulSport - Landrover specialist - Iveco partner<\/title>\n<meta name=\"robots\" content=\"index, follow, max-snippet:-1, max-image-preview:large, max-video-preview:-1\" \/>\n<link rel=\"canonical\" href=\"https:\/\/www.reulsport.com\/de\/produit\/bfgoodrich-all-terrain-ta-ko2\/\" \/>\n<meta property=\"og:locale\" content=\"de_DE\" \/>\n<meta property=\"og:type\" content=\"article\" \/>\n<meta property=\"og:title\" content=\"BFGoodrich All Terrain T\/A - KO2 - ReulSport - Landrover specialist - Iveco partner\" \/>\n<meta property=\"og:description\" content=\"WIDERSTANDSF\u00c4HIGKEIT, TRAKTION UND LANGLEBIGKEIT: UNSER BESTER ALL-TERRAIN REIFEN ALLER ZEITEN. Gemischter Einsatz (50 % On-Road, 50 % Off-Road) Vorteile Widerstandsf\u00e4higere Flanken H\u00f6here Laufleistung auf und abseits der Stra\u00dfe Mehr Traktion Widerstandsf\u00e4higere Reifenflanke 20% Mehr Gelassenheit auch unter extremen Bedingungen L\u00e4ngere Lebensdauer auf jedem Untergrund\u00a0 2x l\u00e4ngere Lebensdauer auf Schotter 15% l\u00e4ngere Lebensdauer auf Asphalt Mehr [&hellip;]\" \/>\n<meta property=\"og:url\" content=\"https:\/\/www.reulsport.com\/de\/produit\/bfgoodrich-all-terrain-ta-ko2\/\" \/>\n<meta property=\"og:site_name\" content=\"ReulSport - Landrover specialist - Iveco partner\" \/>\n<meta property=\"article:modified_time\" content=\"2019-10-05T14:27:02+00:00\" \/>\n<meta property=\"og:image\" content=\"https:\/\/www.reulsport.com\/wp-content\/uploads\/2019\/07\/Plan-de-travail-1-7-78.png\" \/>\n\t<meta property=\"og:image:width\" content=\"851\" \/>\n\t<meta property=\"og:image:height\" content=\"851\" \/>\n\t<meta property=\"og:image:type\" content=\"image\/png\" \/>\n<meta name=\"twitter:card\" content=\"summary_large_image\" \/>\n<script type=\"application\/ld+json\" class=\"yoast-schema-graph\">{\"@context\":\"https:\/\/schema.org\",\"@graph\":[{\"@type\":\"WebPage\",\"@id\":\"https:\/\/www.reulsport.com\/de\/produit\/bfgoodrich-all-terrain-ta-ko2\/\",\"url\":\"https:\/\/www.reulsport.com\/de\/produit\/bfgoodrich-all-terrain-ta-ko2\/\",\"name\":\"BFGoodrich All Terrain T\/A - KO2 - ReulSport - Landrover specialist - Iveco partner\",\"isPartOf\":{\"@id\":\"https:\/\/www.reulsport.com\/#website\"},\"datePublished\":\"2019-07-19T12:35:27+00:00\",\"dateModified\":\"2019-10-05T14:27:02+00:00\",\"breadcrumb\":{\"@id\":\"https:\/\/www.reulsport.com\/de\/produit\/bfgoodrich-all-terrain-ta-ko2\/#breadcrumb\"},\"inLanguage\":\"de\",\"potentialAction\":[{\"@type\":\"ReadAction\",\"target\":[\"https:\/\/www.reulsport.com\/de\/produit\/bfgoodrich-all-terrain-ta-ko2\/\"]}]},{\"@type\":\"BreadcrumbList\",\"@id\":\"https:\/\/www.reulsport.com\/de\/produit\/bfgoodrich-all-terrain-ta-ko2\/#breadcrumb\",\"itemListElement\":[{\"@type\":\"ListItem\",\"position\":1,\"name\":\"Accueil\",\"item\":\"https:\/\/www.reulsport.com\/de\/\"},{\"@type\":\"ListItem\",\"position\":2,\"name\":\"Shop\",\"item\":\"https:\/\/www.reulsport.com\/de\/shop-2\/\"},{\"@type\":\"ListItem\",\"position\":3,\"name\":\"BFGoodrich All Terrain T\/A &#8211; KO2\"}]},{\"@type\":\"WebSite\",\"@id\":\"https:\/\/www.reulsport.com\/#website\",\"url\":\"https:\/\/www.reulsport.com\/\",\"name\":\"ReulSport - Landrover specialist - Iveco partner\",\"description\":\"ReulSport est un garage Ineos, Iveco et Polaris dans la r\u00e9gion de Verviers et Li\u00e8ge. Sp\u00e9cialiste de l&#039;Offroad, de la pr\u00e9paration et de l&#039;accessoirisation. .\",\"potentialAction\":[{\"@type\":\"SearchAction\",\"target\":{\"@type\":\"EntryPoint\",\"urlTemplate\":\"https:\/\/www.reulsport.com\/?s={search_term_string}\"},\"query-input\":\"required name=search_term_string\"}],\"inLanguage\":\"de\"}]}<\/script>\n<!-- \/ Yoast SEO plugin. -->","yoast_head_json":{"title":"BFGoodrich All Terrain T\/A - KO2 - ReulSport - Landrover specialist - Iveco partner","robots":{"index":"index","follow":"follow","max-snippet":"max-snippet:-1","max-image-preview":"max-image-preview:large","max-video-preview":"max-video-preview:-1"},"canonical":"https:\/\/www.reulsport.com\/de\/produit\/bfgoodrich-all-terrain-ta-ko2\/","og_locale":"de_DE","og_type":"article","og_title":"BFGoodrich All Terrain T\/A - KO2 - ReulSport - Landrover specialist - Iveco partner","og_description":"WIDERSTANDSF\u00c4HIGKEIT, TRAKTION UND LANGLEBIGKEIT: UNSER BESTER ALL-TERRAIN REIFEN ALLER ZEITEN. Gemischter Einsatz (50 % On-Road, 50 % Off-Road) Vorteile Widerstandsf\u00e4higere Flanken H\u00f6here Laufleistung auf und abseits der Stra\u00dfe Mehr Traktion Widerstandsf\u00e4higere Reifenflanke 20% Mehr Gelassenheit auch unter extremen Bedingungen L\u00e4ngere Lebensdauer auf jedem Untergrund\u00a0 2x l\u00e4ngere Lebensdauer auf Schotter 15% l\u00e4ngere Lebensdauer auf Asphalt Mehr [&hellip;]","og_url":"https:\/\/www.reulsport.com\/de\/produit\/bfgoodrich-all-terrain-ta-ko2\/","og_site_name":"ReulSport - Landrover specialist - Iveco partner","article_modified_time":"2019-10-05T14:27:02+00:00","og_image":[{"width":851,"height":851,"url":"https:\/\/www.reulsport.com\/wp-content\/uploads\/2019\/07\/Plan-de-travail-1-7-78.png","type":"image\/png"}],"twitter_card":"summary_large_image","schema":{"@context":"https:\/\/schema.org","@graph":[{"@type":"WebPage","@id":"https:\/\/www.reulsport.com\/de\/produit\/bfgoodrich-all-terrain-ta-ko2\/","url":"https:\/\/www.reulsport.com\/de\/produit\/bfgoodrich-all-terrain-ta-ko2\/","name":"BFGoodrich All Terrain T\/A - KO2 - ReulSport - Landrover specialist - Iveco partner","isPartOf":{"@id":"https:\/\/www.reulsport.com\/#website"},"datePublished":"2019-07-19T12:35:27+00:00","dateModified":"2019-10-05T14:27:02+00:00","breadcrumb":{"@id":"https:\/\/www.reulsport.com\/de\/produit\/bfgoodrich-all-terrain-ta-ko2\/#breadcrumb"},"inLanguage":"de","potentialAction":[{"@type":"ReadAction","target":["https:\/\/www.reulsport.com\/de\/produit\/bfgoodrich-all-terrain-ta-ko2\/"]}]},{"@type":"BreadcrumbList","@id":"https:\/\/www.reulsport.com\/de\/produit\/bfgoodrich-all-terrain-ta-ko2\/#breadcrumb","itemListElement":[{"@type":"ListItem","position":1,"name":"Accueil","item":"https:\/\/www.reulsport.com\/de\/"},{"@type":"ListItem","position":2,"name":"Shop","item":"https:\/\/www.reulsport.com\/de\/shop-2\/"},{"@type":"ListItem","position":3,"name":"BFGoodrich All Terrain T\/A &#8211; KO2"}]},{"@type":"WebSite","@id":"https:\/\/www.reulsport.com\/#website","url":"https:\/\/www.reulsport.com\/","name":"ReulSport - Landrover specialist - Iveco partner","description":"ReulSport est un garage Ineos, Iveco et Polaris dans la r\u00e9gion de Verviers et Li\u00e8ge. Sp\u00e9cialiste de l&#039;Offroad, de la pr\u00e9paration et de l&#039;accessoirisation. .","potentialAction":[{"@type":"SearchAction","target":{"@type":"EntryPoint","urlTemplate":"https:\/\/www.reulsport.com\/?s={search_term_string}"},"query-input":"required name=search_term_string"}],"inLanguage":"de"}]}},"_links":{"self":[{"href":"https:\/\/www.reulsport.com\/de\/wp-json\/wp\/v2\/product\/12987"}],"collection":[{"href":"https:\/\/www.reulsport.com\/de\/wp-json\/wp\/v2\/product"}],"about":[{"href":"https:\/\/www.reulsport.com\/de\/wp-json\/wp\/v2\/types\/product"}],"replies":[{"embeddable":true,"href":"https:\/\/www.reulsport.com\/de\/wp-json\/wp\/v2\/comments?post=12987"}],"wp:featuredmedia":[{"embeddable":true,"href":"https:\/\/www.reulsport.com\/de\/wp-json\/wp\/v2\/media\/12788"}],"wp:attachment":[{"href":"https:\/\/www.reulsport.com\/de\/wp-json\/wp\/v2\/media?parent=12987"}],"wp:term":[{"taxonomy":"product_cat","embeddable":true,"href":"https:\/\/www.reulsport.com\/de\/wp-json\/wp\/v2\/product_cat?post=12987"},{"taxonomy":"product_tag","embeddable":true,"href":"https:\/\/www.reulsport.com\/de\/wp-json\/wp\/v2\/product_tag?post=12987"}],"curies":[{"name":"wp","href":"https:\/\/api.w.org\/{rel}","templated":true}]}}