{"id":1397,"date":"2017-06-01T15:51:20","date_gmt":"2017-06-01T13:51:20","guid":{"rendered":"https:\/\/reulsport.webismymind.be\/product\/kn-luftfilter-fur-td5\/"},"modified":"2018-02-06T11:09:10","modified_gmt":"2018-02-06T10:09:10","slug":"kn-luftfilter-fur-defender-discovery-td5","status":"publish","type":"product","link":"https:\/\/www.reulsport.com\/de\/produit\/kn-luftfilter-fur-defender-discovery-td5\/","title":{"rendered":"K&#038;N Luftfilter f\u00fcr DEFENDER &#038; DISCOVERY TD5"},"content":{"rendered":"<p>Entwickelt, um PS und Beschleunigung zu erh\u00f6hen<br \/>\nKann gereinigt und wiederverwendet werden<br \/>\nHoher Luftdurchsatz mit au\u00dfergew\u00f6hnlicher Filtration<br \/>\nH\u00e4lt bis zu 50.000 Meilen (80.467 km), bevor Reinigung n\u00f6tig wird, je nach Fahrbedingungen<br \/>\nFunktioniert mit der original Elektronik des Fahrzeugherstellers<br \/>\nMacht Fahrzeuggarantie NICHT ung\u00fcltig<br \/>\nMillion Meilen beschr\u00e4nkte Garantie<\/p>\n","protected":false},"excerpt":{"rendered":"<p>Entwickelt, um PS und Beschleunigung zu erh\u00f6hen Kann gereinigt und wiederverwendet werden Hoher Luftdurchsatz mit au\u00dfergew\u00f6hnlicher Filtration H\u00e4lt bis zu 50.000 Meilen (80.467 km), bevor Reinigung n\u00f6tig wird, je nach Fahrbedingungen Funktioniert mit der original Elektronik des Fahrzeugherstellers Macht Fahrzeuggarantie NICHT ung\u00fcltig Million Meilen beschr\u00e4nkte Garantie<\/p>\n","protected":false},"featured_media":1392,"comment_status":"open","ping_status":"closed","template":"","meta":[],"product_cat":[178],"product_tag":[104],"acf":[],"yoast_head":"<!-- This site is optimized with the Yoast SEO plugin v20.1 - https:\/\/yoast.com\/wordpress\/plugins\/seo\/ -->\n<title>K&amp;N Luftfilter f\u00fcr DEFENDER &amp; DISCOVERY TD5 - ReulSport - Landrover specialist - Iveco partner<\/title>\n<meta name=\"robots\" content=\"index, follow, max-snippet:-1, max-image-preview:large, max-video-preview:-1\" \/>\n<link rel=\"canonical\" href=\"https:\/\/www.reulsport.com\/de\/produit\/kn-luftfilter-fur-defender-discovery-td5\/\" \/>\n<meta property=\"og:locale\" content=\"de_DE\" \/>\n<meta property=\"og:type\" content=\"article\" \/>\n<meta property=\"og:title\" content=\"K&amp;N Luftfilter f\u00fcr DEFENDER &amp; DISCOVERY TD5 - ReulSport - Landrover specialist - Iveco partner\" \/>\n<meta property=\"og:description\" content=\"Entwickelt, um PS und Beschleunigung zu erh\u00f6hen Kann gereinigt und wiederverwendet werden Hoher Luftdurchsatz mit au\u00dfergew\u00f6hnlicher Filtration H\u00e4lt bis zu 50.000 Meilen (80.467 km), bevor Reinigung n\u00f6tig wird, je nach Fahrbedingungen Funktioniert mit der original Elektronik des Fahrzeugherstellers Macht Fahrzeuggarantie NICHT ung\u00fcltig Million Meilen beschr\u00e4nkte Garantie\" \/>\n<meta property=\"og:url\" content=\"https:\/\/www.reulsport.com\/de\/produit\/kn-luftfilter-fur-defender-discovery-td5\/\" \/>\n<meta property=\"og:site_name\" content=\"ReulSport - Landrover specialist - Iveco partner\" \/>\n<meta property=\"article:modified_time\" content=\"2018-02-06T10:09:10+00:00\" \/>\n<meta property=\"og:image\" content=\"https:\/\/www.reulsport.com\/wp-content\/uploads\/2017\/06\/32-KN4.jpg\" \/>\n\t<meta property=\"og:image:width\" content=\"842\" \/>\n\t<meta property=\"og:image:height\" content=\"842\" \/>\n\t<meta property=\"og:image:type\" content=\"image\/jpeg\" \/>\n<meta name=\"twitter:card\" content=\"summary_large_image\" \/>\n<script type=\"application\/ld+json\" class=\"yoast-schema-graph\">{\"@context\":\"https:\/\/schema.org\",\"@graph\":[{\"@type\":\"WebPage\",\"@id\":\"https:\/\/www.reulsport.com\/de\/produit\/kn-luftfilter-fur-defender-discovery-td5\/\",\"url\":\"https:\/\/www.reulsport.com\/de\/produit\/kn-luftfilter-fur-defender-discovery-td5\/\",\"name\":\"K&N Luftfilter f\u00fcr DEFENDER & DISCOVERY TD5 - ReulSport - Landrover specialist - Iveco partner\",\"isPartOf\":{\"@id\":\"https:\/\/www.reulsport.com\/#website\"},\"datePublished\":\"2017-06-01T13:51:20+00:00\",\"dateModified\":\"2018-02-06T10:09:10+00:00\",\"breadcrumb\":{\"@id\":\"https:\/\/www.reulsport.com\/de\/produit\/kn-luftfilter-fur-defender-discovery-td5\/#breadcrumb\"},\"inLanguage\":\"de\",\"potentialAction\":[{\"@type\":\"ReadAction\",\"target\":[\"https:\/\/www.reulsport.com\/de\/produit\/kn-luftfilter-fur-defender-discovery-td5\/\"]}]},{\"@type\":\"BreadcrumbList\",\"@id\":\"https:\/\/www.reulsport.com\/de\/produit\/kn-luftfilter-fur-defender-discovery-td5\/#breadcrumb\",\"itemListElement\":[{\"@type\":\"ListItem\",\"position\":1,\"name\":\"Accueil\",\"item\":\"https:\/\/www.reulsport.com\/de\/\"},{\"@type\":\"ListItem\",\"position\":2,\"name\":\"Shop\",\"item\":\"https:\/\/www.reulsport.com\/de\/shop-2\/\"},{\"@type\":\"ListItem\",\"position\":3,\"name\":\"K&#038;N Luftfilter f\u00fcr DEFENDER &#038; DISCOVERY TD5\"}]},{\"@type\":\"WebSite\",\"@id\":\"https:\/\/www.reulsport.com\/#website\",\"url\":\"https:\/\/www.reulsport.com\/\",\"name\":\"ReulSport - Landrover specialist - Iveco partner\",\"description\":\"ReulSport est un garage Ineos, Iveco et Polaris dans la r\u00e9gion de Verviers et Li\u00e8ge. Sp\u00e9cialiste de l&#039;Offroad, de la pr\u00e9paration et de l&#039;accessoirisation. .\",\"potentialAction\":[{\"@type\":\"SearchAction\",\"target\":{\"@type\":\"EntryPoint\",\"urlTemplate\":\"https:\/\/www.reulsport.com\/?s={search_term_string}\"},\"query-input\":\"required name=search_term_string\"}],\"inLanguage\":\"de\"}]}<\/script>\n<!-- \/ Yoast SEO plugin. -->","yoast_head_json":{"title":"K&N Luftfilter f\u00fcr DEFENDER & DISCOVERY TD5 - ReulSport - Landrover specialist - Iveco partner","robots":{"index":"index","follow":"follow","max-snippet":"max-snippet:-1","max-image-preview":"max-image-preview:large","max-video-preview":"max-video-preview:-1"},"canonical":"https:\/\/www.reulsport.com\/de\/produit\/kn-luftfilter-fur-defender-discovery-td5\/","og_locale":"de_DE","og_type":"article","og_title":"K&N Luftfilter f\u00fcr DEFENDER & DISCOVERY TD5 - ReulSport - Landrover specialist - Iveco partner","og_description":"Entwickelt, um PS und Beschleunigung zu erh\u00f6hen Kann gereinigt und wiederverwendet werden Hoher Luftdurchsatz mit au\u00dfergew\u00f6hnlicher Filtration H\u00e4lt bis zu 50.000 Meilen (80.467 km), bevor Reinigung n\u00f6tig wird, je nach Fahrbedingungen Funktioniert mit der original Elektronik des Fahrzeugherstellers Macht Fahrzeuggarantie NICHT ung\u00fcltig Million Meilen beschr\u00e4nkte Garantie","og_url":"https:\/\/www.reulsport.com\/de\/produit\/kn-luftfilter-fur-defender-discovery-td5\/","og_site_name":"ReulSport - Landrover specialist - Iveco partner","article_modified_time":"2018-02-06T10:09:10+00:00","og_image":[{"width":842,"height":842,"url":"https:\/\/www.reulsport.com\/wp-content\/uploads\/2017\/06\/32-KN4.jpg","type":"image\/jpeg"}],"twitter_card":"summary_large_image","schema":{"@context":"https:\/\/schema.org","@graph":[{"@type":"WebPage","@id":"https:\/\/www.reulsport.com\/de\/produit\/kn-luftfilter-fur-defender-discovery-td5\/","url":"https:\/\/www.reulsport.com\/de\/produit\/kn-luftfilter-fur-defender-discovery-td5\/","name":"K&N Luftfilter f\u00fcr DEFENDER & DISCOVERY TD5 - ReulSport - Landrover specialist - Iveco partner","isPartOf":{"@id":"https:\/\/www.reulsport.com\/#website"},"datePublished":"2017-06-01T13:51:20+00:00","dateModified":"2018-02-06T10:09:10+00:00","breadcrumb":{"@id":"https:\/\/www.reulsport.com\/de\/produit\/kn-luftfilter-fur-defender-discovery-td5\/#breadcrumb"},"inLanguage":"de","potentialAction":[{"@type":"ReadAction","target":["https:\/\/www.reulsport.com\/de\/produit\/kn-luftfilter-fur-defender-discovery-td5\/"]}]},{"@type":"BreadcrumbList","@id":"https:\/\/www.reulsport.com\/de\/produit\/kn-luftfilter-fur-defender-discovery-td5\/#breadcrumb","itemListElement":[{"@type":"ListItem","position":1,"name":"Accueil","item":"https:\/\/www.reulsport.com\/de\/"},{"@type":"ListItem","position":2,"name":"Shop","item":"https:\/\/www.reulsport.com\/de\/shop-2\/"},{"@type":"ListItem","position":3,"name":"K&#038;N Luftfilter f\u00fcr DEFENDER &#038; DISCOVERY TD5"}]},{"@type":"WebSite","@id":"https:\/\/www.reulsport.com\/#website","url":"https:\/\/www.reulsport.com\/","name":"ReulSport - Landrover specialist - Iveco partner","description":"ReulSport est un garage Ineos, Iveco et Polaris dans la r\u00e9gion de Verviers et Li\u00e8ge. Sp\u00e9cialiste de l&#039;Offroad, de la pr\u00e9paration et de l&#039;accessoirisation. .","potentialAction":[{"@type":"SearchAction","target":{"@type":"EntryPoint","urlTemplate":"https:\/\/www.reulsport.com\/?s={search_term_string}"},"query-input":"required name=search_term_string"}],"inLanguage":"de"}]}},"_links":{"self":[{"href":"https:\/\/www.reulsport.com\/de\/wp-json\/wp\/v2\/product\/1397"}],"collection":[{"href":"https:\/\/www.reulsport.com\/de\/wp-json\/wp\/v2\/product"}],"about":[{"href":"https:\/\/www.reulsport.com\/de\/wp-json\/wp\/v2\/types\/product"}],"replies":[{"embeddable":true,"href":"https:\/\/www.reulsport.com\/de\/wp-json\/wp\/v2\/comments?post=1397"}],"wp:featuredmedia":[{"embeddable":true,"href":"https:\/\/www.reulsport.com\/de\/wp-json\/wp\/v2\/media\/1392"}],"wp:attachment":[{"href":"https:\/\/www.reulsport.com\/de\/wp-json\/wp\/v2\/media?parent=1397"}],"wp:term":[{"taxonomy":"product_cat","embeddable":true,"href":"https:\/\/www.reulsport.com\/de\/wp-json\/wp\/v2\/product_cat?post=1397"},{"taxonomy":"product_tag","embeddable":true,"href":"https:\/\/www.reulsport.com\/de\/wp-json\/wp\/v2\/product_tag?post=1397"}],"curies":[{"name":"wp","href":"https:\/\/api.w.org\/{rel}","templated":true}]}}