{"id":1399,"date":"2017-06-01T15:54:35","date_gmt":"2017-06-01T13:54:35","guid":{"rendered":"https:\/\/reulsport.webismymind.be\/product\/groser-ladeluftkuhler-fur-td5-td4\/"},"modified":"2018-02-12T11:47:25","modified_gmt":"2018-02-12T10:47:25","slug":"groser-ladeluftkuhler-fur-defender-td5-td4","status":"publish","type":"product","link":"https:\/\/www.reulsport.com\/de\/produit\/groser-ladeluftkuhler-fur-defender-td5-td4\/","title":{"rendered":"Gro\u00dfer Ladeluftk\u00fchler f\u00fcr DEFENDER TD5 &#038; TD4"},"content":{"rendered":"<p>Gr\u00f6\u00dferes Ladeluftk\u00fchler f\u00fcr DEFENDER TD5, TD4 2.4L und 2.2L, mit oder ohne Klimaanlage<br \/>\nAus Hochqualit\u00e4t Aluminium LM25\u00a0<br \/>\nH\u00f6heres Drehmoment und h\u00f6here Leistung durch herunterk\u00fchlen der Ladeluft<br \/>\nEmpfehlt den jeweiligen\u00a0Ladeluftk\u00fchler Schlauchset auch auszur\u00fcsten\u00a0<\/p>\n","protected":false},"excerpt":{"rendered":"<p>Gr\u00f6\u00dferes Ladeluftk\u00fchler f\u00fcr DEFENDER TD5, TD4 2.4L und 2.2L, mit oder ohne Klimaanlage Aus Hochqualit\u00e4t Aluminium LM25\u00a0 H\u00f6heres Drehmoment und h\u00f6here Leistung durch herunterk\u00fchlen der Ladeluft Empfehlt den jeweiligen\u00a0Ladeluftk\u00fchler Schlauchset auch auszur\u00fcsten\u00a0<\/p>\n","protected":false},"featured_media":846,"comment_status":"open","ping_status":"closed","template":"","meta":[],"product_cat":[178],"product_tag":[104],"acf":[],"yoast_head":"<!-- This site is optimized with the Yoast SEO plugin v20.1 - https:\/\/yoast.com\/wordpress\/plugins\/seo\/ -->\n<title>Gro\u00dfer Ladeluftk\u00fchler f\u00fcr DEFENDER TD5 &amp; TD4 - ReulSport - Landrover specialist - Iveco partner<\/title>\n<meta name=\"robots\" content=\"index, follow, max-snippet:-1, max-image-preview:large, max-video-preview:-1\" \/>\n<link rel=\"canonical\" href=\"https:\/\/www.reulsport.com\/de\/produit\/groser-ladeluftkuhler-fur-defender-td5-td4\/\" \/>\n<meta property=\"og:locale\" content=\"de_DE\" \/>\n<meta property=\"og:type\" content=\"article\" \/>\n<meta property=\"og:title\" content=\"Gro\u00dfer Ladeluftk\u00fchler f\u00fcr DEFENDER TD5 &amp; TD4 - ReulSport - Landrover specialist - Iveco partner\" \/>\n<meta property=\"og:description\" content=\"Gr\u00f6\u00dferes Ladeluftk\u00fchler f\u00fcr DEFENDER TD5, TD4 2.4L und 2.2L, mit oder ohne Klimaanlage Aus Hochqualit\u00e4t Aluminium LM25\u00a0 H\u00f6heres Drehmoment und h\u00f6here Leistung durch herunterk\u00fchlen der Ladeluft Empfehlt den jeweiligen\u00a0Ladeluftk\u00fchler Schlauchset auch auszur\u00fcsten\u00a0\" \/>\n<meta property=\"og:url\" content=\"https:\/\/www.reulsport.com\/de\/produit\/groser-ladeluftkuhler-fur-defender-td5-td4\/\" \/>\n<meta property=\"og:site_name\" content=\"ReulSport - Landrover specialist - Iveco partner\" \/>\n<meta property=\"article:modified_time\" content=\"2018-02-12T10:47:25+00:00\" \/>\n<meta property=\"og:image\" content=\"https:\/\/www.reulsport.com\/wp-content\/uploads\/2017\/03\/25-NITDC-1.jpg\" \/>\n\t<meta property=\"og:image:width\" content=\"1920\" \/>\n\t<meta property=\"og:image:height\" content=\"1920\" \/>\n\t<meta property=\"og:image:type\" content=\"image\/jpeg\" \/>\n<meta name=\"twitter:card\" content=\"summary_large_image\" \/>\n<script type=\"application\/ld+json\" class=\"yoast-schema-graph\">{\"@context\":\"https:\/\/schema.org\",\"@graph\":[{\"@type\":\"WebPage\",\"@id\":\"https:\/\/www.reulsport.com\/de\/produit\/groser-ladeluftkuhler-fur-defender-td5-td4\/\",\"url\":\"https:\/\/www.reulsport.com\/de\/produit\/groser-ladeluftkuhler-fur-defender-td5-td4\/\",\"name\":\"Gro\u00dfer Ladeluftk\u00fchler f\u00fcr DEFENDER TD5 & TD4 - ReulSport - Landrover specialist - Iveco partner\",\"isPartOf\":{\"@id\":\"https:\/\/www.reulsport.com\/#website\"},\"datePublished\":\"2017-06-01T13:54:35+00:00\",\"dateModified\":\"2018-02-12T10:47:25+00:00\",\"breadcrumb\":{\"@id\":\"https:\/\/www.reulsport.com\/de\/produit\/groser-ladeluftkuhler-fur-defender-td5-td4\/#breadcrumb\"},\"inLanguage\":\"de\",\"potentialAction\":[{\"@type\":\"ReadAction\",\"target\":[\"https:\/\/www.reulsport.com\/de\/produit\/groser-ladeluftkuhler-fur-defender-td5-td4\/\"]}]},{\"@type\":\"BreadcrumbList\",\"@id\":\"https:\/\/www.reulsport.com\/de\/produit\/groser-ladeluftkuhler-fur-defender-td5-td4\/#breadcrumb\",\"itemListElement\":[{\"@type\":\"ListItem\",\"position\":1,\"name\":\"Accueil\",\"item\":\"https:\/\/www.reulsport.com\/de\/\"},{\"@type\":\"ListItem\",\"position\":2,\"name\":\"Shop\",\"item\":\"https:\/\/www.reulsport.com\/de\/shop-2\/\"},{\"@type\":\"ListItem\",\"position\":3,\"name\":\"Gro\u00dfer Ladeluftk\u00fchler f\u00fcr DEFENDER TD5 &#038; TD4\"}]},{\"@type\":\"WebSite\",\"@id\":\"https:\/\/www.reulsport.com\/#website\",\"url\":\"https:\/\/www.reulsport.com\/\",\"name\":\"ReulSport - Landrover specialist - Iveco partner\",\"description\":\"ReulSport est un garage Ineos, Iveco et Polaris dans la r\u00e9gion de Verviers et Li\u00e8ge. Sp\u00e9cialiste de l&#039;Offroad, de la pr\u00e9paration et de l&#039;accessoirisation. .\",\"potentialAction\":[{\"@type\":\"SearchAction\",\"target\":{\"@type\":\"EntryPoint\",\"urlTemplate\":\"https:\/\/www.reulsport.com\/?s={search_term_string}\"},\"query-input\":\"required name=search_term_string\"}],\"inLanguage\":\"de\"}]}<\/script>\n<!-- \/ Yoast SEO plugin. -->","yoast_head_json":{"title":"Gro\u00dfer Ladeluftk\u00fchler f\u00fcr DEFENDER TD5 & TD4 - ReulSport - Landrover specialist - Iveco partner","robots":{"index":"index","follow":"follow","max-snippet":"max-snippet:-1","max-image-preview":"max-image-preview:large","max-video-preview":"max-video-preview:-1"},"canonical":"https:\/\/www.reulsport.com\/de\/produit\/groser-ladeluftkuhler-fur-defender-td5-td4\/","og_locale":"de_DE","og_type":"article","og_title":"Gro\u00dfer Ladeluftk\u00fchler f\u00fcr DEFENDER TD5 & TD4 - ReulSport - Landrover specialist - Iveco partner","og_description":"Gr\u00f6\u00dferes Ladeluftk\u00fchler f\u00fcr DEFENDER TD5, TD4 2.4L und 2.2L, mit oder ohne Klimaanlage Aus Hochqualit\u00e4t Aluminium LM25\u00a0 H\u00f6heres Drehmoment und h\u00f6here Leistung durch herunterk\u00fchlen der Ladeluft Empfehlt den jeweiligen\u00a0Ladeluftk\u00fchler Schlauchset auch auszur\u00fcsten\u00a0","og_url":"https:\/\/www.reulsport.com\/de\/produit\/groser-ladeluftkuhler-fur-defender-td5-td4\/","og_site_name":"ReulSport - Landrover specialist - Iveco partner","article_modified_time":"2018-02-12T10:47:25+00:00","og_image":[{"width":1920,"height":1920,"url":"https:\/\/www.reulsport.com\/wp-content\/uploads\/2017\/03\/25-NITDC-1.jpg","type":"image\/jpeg"}],"twitter_card":"summary_large_image","schema":{"@context":"https:\/\/schema.org","@graph":[{"@type":"WebPage","@id":"https:\/\/www.reulsport.com\/de\/produit\/groser-ladeluftkuhler-fur-defender-td5-td4\/","url":"https:\/\/www.reulsport.com\/de\/produit\/groser-ladeluftkuhler-fur-defender-td5-td4\/","name":"Gro\u00dfer Ladeluftk\u00fchler f\u00fcr DEFENDER TD5 & TD4 - ReulSport - Landrover specialist - Iveco partner","isPartOf":{"@id":"https:\/\/www.reulsport.com\/#website"},"datePublished":"2017-06-01T13:54:35+00:00","dateModified":"2018-02-12T10:47:25+00:00","breadcrumb":{"@id":"https:\/\/www.reulsport.com\/de\/produit\/groser-ladeluftkuhler-fur-defender-td5-td4\/#breadcrumb"},"inLanguage":"de","potentialAction":[{"@type":"ReadAction","target":["https:\/\/www.reulsport.com\/de\/produit\/groser-ladeluftkuhler-fur-defender-td5-td4\/"]}]},{"@type":"BreadcrumbList","@id":"https:\/\/www.reulsport.com\/de\/produit\/groser-ladeluftkuhler-fur-defender-td5-td4\/#breadcrumb","itemListElement":[{"@type":"ListItem","position":1,"name":"Accueil","item":"https:\/\/www.reulsport.com\/de\/"},{"@type":"ListItem","position":2,"name":"Shop","item":"https:\/\/www.reulsport.com\/de\/shop-2\/"},{"@type":"ListItem","position":3,"name":"Gro\u00dfer Ladeluftk\u00fchler f\u00fcr DEFENDER TD5 &#038; TD4"}]},{"@type":"WebSite","@id":"https:\/\/www.reulsport.com\/#website","url":"https:\/\/www.reulsport.com\/","name":"ReulSport - Landrover specialist - Iveco partner","description":"ReulSport est un garage Ineos, Iveco et Polaris dans la r\u00e9gion de Verviers et Li\u00e8ge. Sp\u00e9cialiste de l&#039;Offroad, de la pr\u00e9paration et de l&#039;accessoirisation. .","potentialAction":[{"@type":"SearchAction","target":{"@type":"EntryPoint","urlTemplate":"https:\/\/www.reulsport.com\/?s={search_term_string}"},"query-input":"required name=search_term_string"}],"inLanguage":"de"}]}},"_links":{"self":[{"href":"https:\/\/www.reulsport.com\/de\/wp-json\/wp\/v2\/product\/1399"}],"collection":[{"href":"https:\/\/www.reulsport.com\/de\/wp-json\/wp\/v2\/product"}],"about":[{"href":"https:\/\/www.reulsport.com\/de\/wp-json\/wp\/v2\/types\/product"}],"replies":[{"embeddable":true,"href":"https:\/\/www.reulsport.com\/de\/wp-json\/wp\/v2\/comments?post=1399"}],"wp:featuredmedia":[{"embeddable":true,"href":"https:\/\/www.reulsport.com\/de\/wp-json\/wp\/v2\/media\/846"}],"wp:attachment":[{"href":"https:\/\/www.reulsport.com\/de\/wp-json\/wp\/v2\/media?parent=1399"}],"wp:term":[{"taxonomy":"product_cat","embeddable":true,"href":"https:\/\/www.reulsport.com\/de\/wp-json\/wp\/v2\/product_cat?post=1399"},{"taxonomy":"product_tag","embeddable":true,"href":"https:\/\/www.reulsport.com\/de\/wp-json\/wp\/v2\/product_tag?post=1399"}],"curies":[{"name":"wp","href":"https:\/\/api.w.org\/{rel}","templated":true}]}}