{"id":1591,"date":"2017-05-19T13:14:35","date_gmt":"2017-05-19T11:14:35","guid":{"rendered":"https:\/\/reulsport.webismymind.be\/product\/rs-hinter-stosstange\/"},"modified":"2018-01-29T15:43:38","modified_gmt":"2018-01-29T14:43:38","slug":"rs-hinter-stosstange","status":"publish","type":"product","link":"https:\/\/www.reulsport.com\/de\/produit\/rs-hinter-stosstange\/","title":{"rendered":"RS hinter Sto\u00dfstange"},"content":{"rendered":"<p>Hinterschutz f\u00fcr die R\u00fccklampen und die Ladefl\u00e4che<br \/>\nAn der hinterer Traverse in den originale L\u00f6cher fixiert<br \/>\nDie Ecken der Heckfl\u00fcgeln m\u00fcssen geschnitten werden um den im KIT enthaltenen Finisher zu fixieren<br \/>\nIn Paar vekauft<\/p>\n","protected":false},"excerpt":{"rendered":"<p>Hinterschutz f\u00fcr die R\u00fccklampen und die Ladefl\u00e4che An der hinterer Traverse in den originale L\u00f6cher fixiert Die Ecken der Heckfl\u00fcgeln m\u00fcssen geschnitten werden um den im KIT enthaltenen Finisher zu fixieren In Paar vekauft<\/p>\n","protected":false},"featured_media":994,"comment_status":"open","ping_status":"closed","template":"","meta":[],"product_cat":[178],"product_tag":[213],"acf":[],"yoast_head":"<!-- This site is optimized with the Yoast SEO plugin v20.1 - https:\/\/yoast.com\/wordpress\/plugins\/seo\/ -->\n<title>RS hinter Sto\u00dfstange - ReulSport - Landrover specialist - Iveco partner<\/title>\n<meta name=\"robots\" content=\"index, follow, max-snippet:-1, max-image-preview:large, max-video-preview:-1\" \/>\n<link rel=\"canonical\" href=\"https:\/\/www.reulsport.com\/de\/produit\/rs-hinter-stosstange\/\" \/>\n<meta property=\"og:locale\" content=\"de_DE\" \/>\n<meta property=\"og:type\" content=\"article\" \/>\n<meta property=\"og:title\" content=\"RS hinter Sto\u00dfstange - ReulSport - Landrover specialist - Iveco partner\" \/>\n<meta property=\"og:description\" content=\"Hinterschutz f\u00fcr die R\u00fccklampen und die Ladefl\u00e4che An der hinterer Traverse in den originale L\u00f6cher fixiert Die Ecken der Heckfl\u00fcgeln m\u00fcssen geschnitten werden um den im KIT enthaltenen Finisher zu fixieren In Paar vekauft\" \/>\n<meta property=\"og:url\" content=\"https:\/\/www.reulsport.com\/de\/produit\/rs-hinter-stosstange\/\" \/>\n<meta property=\"og:site_name\" content=\"ReulSport - Landrover specialist - Iveco partner\" \/>\n<meta property=\"article:modified_time\" content=\"2018-01-29T14:43:38+00:00\" \/>\n<meta property=\"og:image\" content=\"https:\/\/www.reulsport.com\/wp-content\/uploads\/2017\/05\/Bumperette-arr-RS.jpg\" \/>\n\t<meta property=\"og:image:width\" content=\"822\" \/>\n\t<meta property=\"og:image:height\" content=\"822\" \/>\n\t<meta property=\"og:image:type\" content=\"image\/jpeg\" \/>\n<meta name=\"twitter:card\" content=\"summary_large_image\" \/>\n<script type=\"application\/ld+json\" class=\"yoast-schema-graph\">{\"@context\":\"https:\/\/schema.org\",\"@graph\":[{\"@type\":\"WebPage\",\"@id\":\"https:\/\/www.reulsport.com\/de\/produit\/rs-hinter-stosstange\/\",\"url\":\"https:\/\/www.reulsport.com\/de\/produit\/rs-hinter-stosstange\/\",\"name\":\"RS hinter Sto\u00dfstange - ReulSport - Landrover specialist - Iveco partner\",\"isPartOf\":{\"@id\":\"https:\/\/www.reulsport.com\/#website\"},\"datePublished\":\"2017-05-19T11:14:35+00:00\",\"dateModified\":\"2018-01-29T14:43:38+00:00\",\"breadcrumb\":{\"@id\":\"https:\/\/www.reulsport.com\/de\/produit\/rs-hinter-stosstange\/#breadcrumb\"},\"inLanguage\":\"de\",\"potentialAction\":[{\"@type\":\"ReadAction\",\"target\":[\"https:\/\/www.reulsport.com\/de\/produit\/rs-hinter-stosstange\/\"]}]},{\"@type\":\"BreadcrumbList\",\"@id\":\"https:\/\/www.reulsport.com\/de\/produit\/rs-hinter-stosstange\/#breadcrumb\",\"itemListElement\":[{\"@type\":\"ListItem\",\"position\":1,\"name\":\"Accueil\",\"item\":\"https:\/\/www.reulsport.com\/de\/\"},{\"@type\":\"ListItem\",\"position\":2,\"name\":\"Shop\",\"item\":\"https:\/\/www.reulsport.com\/de\/shop-2\/\"},{\"@type\":\"ListItem\",\"position\":3,\"name\":\"RS hinter Sto\u00dfstange\"}]},{\"@type\":\"WebSite\",\"@id\":\"https:\/\/www.reulsport.com\/#website\",\"url\":\"https:\/\/www.reulsport.com\/\",\"name\":\"ReulSport - Landrover specialist - Iveco partner\",\"description\":\"ReulSport est un garage Ineos, Iveco et Polaris dans la r\u00e9gion de Verviers et Li\u00e8ge. Sp\u00e9cialiste de l&#039;Offroad, de la pr\u00e9paration et de l&#039;accessoirisation. .\",\"potentialAction\":[{\"@type\":\"SearchAction\",\"target\":{\"@type\":\"EntryPoint\",\"urlTemplate\":\"https:\/\/www.reulsport.com\/?s={search_term_string}\"},\"query-input\":\"required name=search_term_string\"}],\"inLanguage\":\"de\"}]}<\/script>\n<!-- \/ Yoast SEO plugin. -->","yoast_head_json":{"title":"RS hinter Sto\u00dfstange - ReulSport - Landrover specialist - Iveco partner","robots":{"index":"index","follow":"follow","max-snippet":"max-snippet:-1","max-image-preview":"max-image-preview:large","max-video-preview":"max-video-preview:-1"},"canonical":"https:\/\/www.reulsport.com\/de\/produit\/rs-hinter-stosstange\/","og_locale":"de_DE","og_type":"article","og_title":"RS hinter Sto\u00dfstange - ReulSport - Landrover specialist - Iveco partner","og_description":"Hinterschutz f\u00fcr die R\u00fccklampen und die Ladefl\u00e4che An der hinterer Traverse in den originale L\u00f6cher fixiert Die Ecken der Heckfl\u00fcgeln m\u00fcssen geschnitten werden um den im KIT enthaltenen Finisher zu fixieren In Paar vekauft","og_url":"https:\/\/www.reulsport.com\/de\/produit\/rs-hinter-stosstange\/","og_site_name":"ReulSport - Landrover specialist - Iveco partner","article_modified_time":"2018-01-29T14:43:38+00:00","og_image":[{"width":822,"height":822,"url":"https:\/\/www.reulsport.com\/wp-content\/uploads\/2017\/05\/Bumperette-arr-RS.jpg","type":"image\/jpeg"}],"twitter_card":"summary_large_image","schema":{"@context":"https:\/\/schema.org","@graph":[{"@type":"WebPage","@id":"https:\/\/www.reulsport.com\/de\/produit\/rs-hinter-stosstange\/","url":"https:\/\/www.reulsport.com\/de\/produit\/rs-hinter-stosstange\/","name":"RS hinter Sto\u00dfstange - ReulSport - Landrover specialist - Iveco partner","isPartOf":{"@id":"https:\/\/www.reulsport.com\/#website"},"datePublished":"2017-05-19T11:14:35+00:00","dateModified":"2018-01-29T14:43:38+00:00","breadcrumb":{"@id":"https:\/\/www.reulsport.com\/de\/produit\/rs-hinter-stosstange\/#breadcrumb"},"inLanguage":"de","potentialAction":[{"@type":"ReadAction","target":["https:\/\/www.reulsport.com\/de\/produit\/rs-hinter-stosstange\/"]}]},{"@type":"BreadcrumbList","@id":"https:\/\/www.reulsport.com\/de\/produit\/rs-hinter-stosstange\/#breadcrumb","itemListElement":[{"@type":"ListItem","position":1,"name":"Accueil","item":"https:\/\/www.reulsport.com\/de\/"},{"@type":"ListItem","position":2,"name":"Shop","item":"https:\/\/www.reulsport.com\/de\/shop-2\/"},{"@type":"ListItem","position":3,"name":"RS hinter Sto\u00dfstange"}]},{"@type":"WebSite","@id":"https:\/\/www.reulsport.com\/#website","url":"https:\/\/www.reulsport.com\/","name":"ReulSport - Landrover specialist - Iveco partner","description":"ReulSport est un garage Ineos, Iveco et Polaris dans la r\u00e9gion de Verviers et Li\u00e8ge. Sp\u00e9cialiste de l&#039;Offroad, de la pr\u00e9paration et de l&#039;accessoirisation. .","potentialAction":[{"@type":"SearchAction","target":{"@type":"EntryPoint","urlTemplate":"https:\/\/www.reulsport.com\/?s={search_term_string}"},"query-input":"required name=search_term_string"}],"inLanguage":"de"}]}},"_links":{"self":[{"href":"https:\/\/www.reulsport.com\/de\/wp-json\/wp\/v2\/product\/1591"}],"collection":[{"href":"https:\/\/www.reulsport.com\/de\/wp-json\/wp\/v2\/product"}],"about":[{"href":"https:\/\/www.reulsport.com\/de\/wp-json\/wp\/v2\/types\/product"}],"replies":[{"embeddable":true,"href":"https:\/\/www.reulsport.com\/de\/wp-json\/wp\/v2\/comments?post=1591"}],"wp:featuredmedia":[{"embeddable":true,"href":"https:\/\/www.reulsport.com\/de\/wp-json\/wp\/v2\/media\/994"}],"wp:attachment":[{"href":"https:\/\/www.reulsport.com\/de\/wp-json\/wp\/v2\/media?parent=1591"}],"wp:term":[{"taxonomy":"product_cat","embeddable":true,"href":"https:\/\/www.reulsport.com\/de\/wp-json\/wp\/v2\/product_cat?post=1591"},{"taxonomy":"product_tag","embeddable":true,"href":"https:\/\/www.reulsport.com\/de\/wp-json\/wp\/v2\/product_tag?post=1591"}],"curies":[{"name":"wp","href":"https:\/\/api.w.org\/{rel}","templated":true}]}}