{"id":23680,"date":"2020-12-02T11:34:25","date_gmt":"2020-12-02T10:34:25","guid":{"rendered":"https:\/\/www.reulsport.com\/?post_type=product&#038;p=23680"},"modified":"2022-09-22T15:54:15","modified_gmt":"2022-09-22T13:54:15","slug":"kit-canon-cg2-mono-led-8-7-paire","status":"publish","type":"product","link":"https:\/\/www.reulsport.com\/de\/produit\/kit-canon-cg2-mono-led-8-7-paire\/","title":{"rendered":"kit Canon CG2 Mono Led 8.7&#8243; (Paire)"},"content":{"rendered":"<p>Les canons CG2 \u00e0 led unique emm\u00e8nent l&#8217;\u00e9clairage dans un territoire inconnu avec des distances incomparables. Le led et le r\u00e9flecteur Iris, leader de l&#8217;industrie, projettent une violente explosion de lumi\u00e8re qui p\u00e9n\u00e8tre dans la nuit jusqu&#8217;\u00e0 1000 m\u00e8tres. Si vous avez besoin d&#8217;une distance sup\u00e9rieure de votre \u00e9clairage, c&#8217;est la solution.<\/p>\n<p>Technologie r\u00e9flecteur IRIS<\/p>\n<p>Le r\u00e9flecteur IRIS exclusif est le premier du genre sur le march\u00e9 des led. Gr\u00e2ce \u00e0 la technologie IRIS, une seule led de 100 watts est capable d&#8217;atteindre une distance et une intensit\u00e9 in\u00e9gal\u00e9es avec plus de 1,067 m\u00e8tre de lumi\u00e8re utilisable.<\/p>\n<p>Caract\u00e9ristiques :\u00a0<\/p>\n<p>\u00a0Led : 100W (X2)<\/p>\n<p>\u00a0Temp\u00e9rature de la couleur : 6.000 Kelvin<\/p>\n<p>\u00a0Lumens : 6200 Lumens (brut) \/ 4340 Lumens (efficaces)<\/p>\n<p>Distance d&#8217;\u00e9clairage : 1174m ( kit) \/ 1100m (Pi\u00e8ce)<\/p>\n<p>Puissance d&#8217;\u00e9clairage : 12400lm (kit) \/ 6200lm (Pi\u00e8ce)<\/p>\n<p>\u00a0Faisceau : 10\u00b0 \u00e9troit<\/p>\n<p>\u00a0Dimensions : 238\/237\/160mm<\/p>\n<p>\u00a0Poids : 4.08 kg<\/p>\n<p>\u00a0Tension : 9-32V DC<\/p>\n<p>\u00a0Amp\u00e9rage : 4.15A@24V DC &#8211; 8.3A@12V DC<\/p>\n<p>\u00a0Estimation de vibration : 21.2 Grms<\/p>\n<p>\u00a0Mat\u00e9riau de la lentille : Acryl<\/p>\n<p>\u00a0Etanche IP68\/69k<\/p>\n","protected":false},"excerpt":{"rendered":"<p>Les canons CG2 \u00e0 led unique emm\u00e8nent l&#8217;\u00e9clairage dans un territoire inconnu avec des distances incomparables. Le led et le r\u00e9flecteur Iris, leader de l&#8217;industrie, projettent une violente explosion de lumi\u00e8re qui p\u00e9n\u00e8tre dans la nuit jusqu&#8217;\u00e0 1000 m\u00e8tres. Si vous avez besoin d&#8217;une distance sup\u00e9rieure de votre \u00e9clairage, c&#8217;est la solution. Technologie r\u00e9flecteur IRIS [&hellip;]<\/p>\n","protected":false},"featured_media":23672,"comment_status":"open","ping_status":"closed","template":"","meta":[],"product_cat":[99],"product_tag":[198],"acf":[],"yoast_head":"<!-- This site is optimized with the Yoast SEO plugin v20.1 - https:\/\/yoast.com\/wordpress\/plugins\/seo\/ -->\n<title>kit Canon CG2 Mono Led 8.7&quot; (Paire) - ReulSport - Landrover specialist - Iveco partner<\/title>\n<meta name=\"robots\" content=\"index, follow, max-snippet:-1, max-image-preview:large, max-video-preview:-1\" \/>\n<link rel=\"canonical\" href=\"https:\/\/www.reulsport.com\/de\/produit\/kit-canon-cg2-mono-led-8-7-paire\/\" \/>\n<meta property=\"og:locale\" content=\"de_DE\" \/>\n<meta property=\"og:type\" content=\"article\" \/>\n<meta property=\"og:title\" content=\"kit Canon CG2 Mono Led 8.7&quot; (Paire) - ReulSport - Landrover specialist - Iveco partner\" \/>\n<meta property=\"og:description\" content=\"Les canons CG2 \u00e0 led unique emm\u00e8nent l&#8217;\u00e9clairage dans un territoire inconnu avec des distances incomparables. Le led et le r\u00e9flecteur Iris, leader de l&#8217;industrie, projettent une violente explosion de lumi\u00e8re qui p\u00e9n\u00e8tre dans la nuit jusqu&#8217;\u00e0 1000 m\u00e8tres. Si vous avez besoin d&#8217;une distance sup\u00e9rieure de votre \u00e9clairage, c&#8217;est la solution. Technologie r\u00e9flecteur IRIS [&hellip;]\" \/>\n<meta property=\"og:url\" content=\"https:\/\/www.reulsport.com\/de\/produit\/kit-canon-cg2-mono-led-8-7-paire\/\" \/>\n<meta property=\"og:site_name\" content=\"ReulSport - Landrover specialist - Iveco partner\" \/>\n<meta property=\"article:modified_time\" content=\"2022-09-22T13:54:15+00:00\" \/>\n<meta property=\"og:image\" content=\"https:\/\/www.reulsport.com\/wp-content\/uploads\/2020\/12\/CG2-CPZ610KIt.jpg\" \/>\n\t<meta property=\"og:image:width\" content=\"1500\" \/>\n\t<meta property=\"og:image:height\" content=\"1285\" \/>\n\t<meta property=\"og:image:type\" content=\"image\/jpeg\" \/>\n<meta name=\"twitter:card\" content=\"summary_large_image\" \/>\n<meta name=\"twitter:label1\" content=\"Gesch\u00e4tzte Lesezeit\" \/>\n\t<meta name=\"twitter:data1\" content=\"1\u00a0Minute\" \/>\n<script type=\"application\/ld+json\" class=\"yoast-schema-graph\">{\"@context\":\"https:\/\/schema.org\",\"@graph\":[{\"@type\":\"WebPage\",\"@id\":\"https:\/\/www.reulsport.com\/de\/produit\/kit-canon-cg2-mono-led-8-7-paire\/\",\"url\":\"https:\/\/www.reulsport.com\/de\/produit\/kit-canon-cg2-mono-led-8-7-paire\/\",\"name\":\"kit Canon CG2 Mono Led 8.7\\\" (Paire) - ReulSport - Landrover specialist - Iveco partner\",\"isPartOf\":{\"@id\":\"https:\/\/www.reulsport.com\/#website\"},\"datePublished\":\"2020-12-02T10:34:25+00:00\",\"dateModified\":\"2022-09-22T13:54:15+00:00\",\"breadcrumb\":{\"@id\":\"https:\/\/www.reulsport.com\/de\/produit\/kit-canon-cg2-mono-led-8-7-paire\/#breadcrumb\"},\"inLanguage\":\"de\",\"potentialAction\":[{\"@type\":\"ReadAction\",\"target\":[\"https:\/\/www.reulsport.com\/de\/produit\/kit-canon-cg2-mono-led-8-7-paire\/\"]}]},{\"@type\":\"BreadcrumbList\",\"@id\":\"https:\/\/www.reulsport.com\/de\/produit\/kit-canon-cg2-mono-led-8-7-paire\/#breadcrumb\",\"itemListElement\":[{\"@type\":\"ListItem\",\"position\":1,\"name\":\"Accueil\",\"item\":\"https:\/\/www.reulsport.com\/de\/\"},{\"@type\":\"ListItem\",\"position\":2,\"name\":\"Shop\",\"item\":\"https:\/\/www.reulsport.com\/de\/shop-2\/\"},{\"@type\":\"ListItem\",\"position\":3,\"name\":\"kit Canon CG2 Mono Led 8.7&#8243; (Paire)\"}]},{\"@type\":\"WebSite\",\"@id\":\"https:\/\/www.reulsport.com\/#website\",\"url\":\"https:\/\/www.reulsport.com\/\",\"name\":\"ReulSport - Landrover specialist - Iveco partner\",\"description\":\"ReulSport est un garage Ineos, Iveco et Polaris dans la r\u00e9gion de Verviers et Li\u00e8ge. Sp\u00e9cialiste de l&#039;Offroad, de la pr\u00e9paration et de l&#039;accessoirisation. .\",\"potentialAction\":[{\"@type\":\"SearchAction\",\"target\":{\"@type\":\"EntryPoint\",\"urlTemplate\":\"https:\/\/www.reulsport.com\/?s={search_term_string}\"},\"query-input\":\"required name=search_term_string\"}],\"inLanguage\":\"de\"}]}<\/script>\n<!-- \/ Yoast SEO plugin. -->","yoast_head_json":{"title":"kit Canon CG2 Mono Led 8.7\" (Paire) - ReulSport - Landrover specialist - Iveco partner","robots":{"index":"index","follow":"follow","max-snippet":"max-snippet:-1","max-image-preview":"max-image-preview:large","max-video-preview":"max-video-preview:-1"},"canonical":"https:\/\/www.reulsport.com\/de\/produit\/kit-canon-cg2-mono-led-8-7-paire\/","og_locale":"de_DE","og_type":"article","og_title":"kit Canon CG2 Mono Led 8.7\" (Paire) - ReulSport - Landrover specialist - Iveco partner","og_description":"Les canons CG2 \u00e0 led unique emm\u00e8nent l&#8217;\u00e9clairage dans un territoire inconnu avec des distances incomparables. Le led et le r\u00e9flecteur Iris, leader de l&#8217;industrie, projettent une violente explosion de lumi\u00e8re qui p\u00e9n\u00e8tre dans la nuit jusqu&#8217;\u00e0 1000 m\u00e8tres. Si vous avez besoin d&#8217;une distance sup\u00e9rieure de votre \u00e9clairage, c&#8217;est la solution. Technologie r\u00e9flecteur IRIS [&hellip;]","og_url":"https:\/\/www.reulsport.com\/de\/produit\/kit-canon-cg2-mono-led-8-7-paire\/","og_site_name":"ReulSport - Landrover specialist - Iveco partner","article_modified_time":"2022-09-22T13:54:15+00:00","og_image":[{"width":1500,"height":1285,"url":"https:\/\/www.reulsport.com\/wp-content\/uploads\/2020\/12\/CG2-CPZ610KIt.jpg","type":"image\/jpeg"}],"twitter_card":"summary_large_image","twitter_misc":{"Gesch\u00e4tzte Lesezeit":"1\u00a0Minute"},"schema":{"@context":"https:\/\/schema.org","@graph":[{"@type":"WebPage","@id":"https:\/\/www.reulsport.com\/de\/produit\/kit-canon-cg2-mono-led-8-7-paire\/","url":"https:\/\/www.reulsport.com\/de\/produit\/kit-canon-cg2-mono-led-8-7-paire\/","name":"kit Canon CG2 Mono Led 8.7\" (Paire) - ReulSport - Landrover specialist - Iveco partner","isPartOf":{"@id":"https:\/\/www.reulsport.com\/#website"},"datePublished":"2020-12-02T10:34:25+00:00","dateModified":"2022-09-22T13:54:15+00:00","breadcrumb":{"@id":"https:\/\/www.reulsport.com\/de\/produit\/kit-canon-cg2-mono-led-8-7-paire\/#breadcrumb"},"inLanguage":"de","potentialAction":[{"@type":"ReadAction","target":["https:\/\/www.reulsport.com\/de\/produit\/kit-canon-cg2-mono-led-8-7-paire\/"]}]},{"@type":"BreadcrumbList","@id":"https:\/\/www.reulsport.com\/de\/produit\/kit-canon-cg2-mono-led-8-7-paire\/#breadcrumb","itemListElement":[{"@type":"ListItem","position":1,"name":"Accueil","item":"https:\/\/www.reulsport.com\/de\/"},{"@type":"ListItem","position":2,"name":"Shop","item":"https:\/\/www.reulsport.com\/de\/shop-2\/"},{"@type":"ListItem","position":3,"name":"kit Canon CG2 Mono Led 8.7&#8243; (Paire)"}]},{"@type":"WebSite","@id":"https:\/\/www.reulsport.com\/#website","url":"https:\/\/www.reulsport.com\/","name":"ReulSport - Landrover specialist - Iveco partner","description":"ReulSport est un garage Ineos, Iveco et Polaris dans la r\u00e9gion de Verviers et Li\u00e8ge. Sp\u00e9cialiste de l&#039;Offroad, de la pr\u00e9paration et de l&#039;accessoirisation. .","potentialAction":[{"@type":"SearchAction","target":{"@type":"EntryPoint","urlTemplate":"https:\/\/www.reulsport.com\/?s={search_term_string}"},"query-input":"required name=search_term_string"}],"inLanguage":"de"}]}},"_links":{"self":[{"href":"https:\/\/www.reulsport.com\/de\/wp-json\/wp\/v2\/product\/23680"}],"collection":[{"href":"https:\/\/www.reulsport.com\/de\/wp-json\/wp\/v2\/product"}],"about":[{"href":"https:\/\/www.reulsport.com\/de\/wp-json\/wp\/v2\/types\/product"}],"replies":[{"embeddable":true,"href":"https:\/\/www.reulsport.com\/de\/wp-json\/wp\/v2\/comments?post=23680"}],"wp:featuredmedia":[{"embeddable":true,"href":"https:\/\/www.reulsport.com\/de\/wp-json\/wp\/v2\/media\/23672"}],"wp:attachment":[{"href":"https:\/\/www.reulsport.com\/de\/wp-json\/wp\/v2\/media?parent=23680"}],"wp:term":[{"taxonomy":"product_cat","embeddable":true,"href":"https:\/\/www.reulsport.com\/de\/wp-json\/wp\/v2\/product_cat?post=23680"},{"taxonomy":"product_tag","embeddable":true,"href":"https:\/\/www.reulsport.com\/de\/wp-json\/wp\/v2\/product_tag?post=23680"}],"curies":[{"name":"wp","href":"https:\/\/api.w.org\/{rel}","templated":true}]}}