{"id":23943,"date":"2020-12-08T10:38:41","date_gmt":"2020-12-08T09:38:41","guid":{"rendered":"https:\/\/www.reulsport.com\/?post_type=product&#038;p=23943"},"modified":"2022-09-22T15:49:36","modified_gmt":"2022-09-22T13:49:36","slug":"solstice-solo-pod","status":"publish","type":"product","link":"https:\/\/www.reulsport.com\/de\/produit\/solstice-solo-pod\/","title":{"rendered":"Solstice solo pod"},"content":{"rendered":"<p>Le Solstice Solo a \u00e9t\u00e9 repens\u00e9 avec une nouvelle technologie LED et des optiques pour une version rafra\u00eechie du Solo Pod classique. Il\u00a0offre un \u00e9clairage de zone pour des applications universelles. Le Solstice \u00e9tant compact est id\u00e9al pour \u00e9clairer la zone de porte du v\u00e9hicule et b\u00e9n\u00e9ficie d&#8217;une configuration de montages flexibles.<\/p>\n<p>Caract\u00e9ristiques :\u00a0<\/p>\n<p>\u00a0Led : 1 x 10W<\/p>\n<p>\u00a0Temp\u00e9rature de la couleur : 6.000 Kelvin<\/p>\n<p>\u00a0Lumens : 1052 Lumens (brut) \/ 736 Lumens (efficaces)<\/p>\n<p>Distance d&#8217;\u00e9clairage : S1110 : 75M\/S1130 : 58M\/S11E3065 : 56M\/S1160 :\u00a0 54M<\/p>\n<p>\u00a0Faisceau : S1110 : 10\u00b0 Spot\/S1130 : 30\u00b0 Medium Flood\/S11E3065 : 30\u00b0x65\u00b0 Elliptical\/S1160 :\u00a0 60\u00b0 Flood<\/p>\n<p>\u00a0Dimensions : 52\/82\/62mm<\/p>\n<p>\u00a0Poids : 0.34 kg<\/p>\n<p>\u00a0Tension : 9-32V DC<\/p>\n<p>\u00a0Amp\u00e9rage : 0,42 A \u00e0 24 V CC, 0,83 A \u00e0 12 V CC<\/p>\n<p>\u00a0Estimation de vibration : 8,6 Grms<\/p>\n<p>\u00a0Mat\u00e9riau de la lentille : Acryl<\/p>\n<p>\u00a0Etanche IP68\/69k<\/p>\n","protected":false},"excerpt":{"rendered":"<p>Le Solstice Solo a \u00e9t\u00e9 repens\u00e9 avec une nouvelle technologie LED et des optiques pour une version rafra\u00eechie du Solo Pod classique. Il\u00a0offre un \u00e9clairage de zone pour des applications universelles. Le Solstice \u00e9tant compact est id\u00e9al pour \u00e9clairer la zone de porte du v\u00e9hicule et b\u00e9n\u00e9ficie d&#8217;une configuration de montages flexibles. Caract\u00e9ristiques :\u00a0 \u00a0Led [&hellip;]<\/p>\n","protected":false},"featured_media":23963,"comment_status":"open","ping_status":"closed","template":"","meta":[],"product_cat":[99],"product_tag":[198],"acf":[],"yoast_head":"<!-- This site is optimized with the Yoast SEO plugin v20.1 - https:\/\/yoast.com\/wordpress\/plugins\/seo\/ -->\n<title>Solstice solo pod - ReulSport - Landrover specialist - Iveco partner<\/title>\n<meta name=\"robots\" content=\"index, follow, max-snippet:-1, max-image-preview:large, max-video-preview:-1\" \/>\n<link rel=\"canonical\" href=\"https:\/\/www.reulsport.com\/de\/produit\/solstice-solo-pod\/\" \/>\n<meta property=\"og:locale\" content=\"de_DE\" \/>\n<meta property=\"og:type\" content=\"article\" \/>\n<meta property=\"og:title\" content=\"Solstice solo pod - ReulSport - Landrover specialist - Iveco partner\" \/>\n<meta property=\"og:description\" content=\"Le Solstice Solo a \u00e9t\u00e9 repens\u00e9 avec une nouvelle technologie LED et des optiques pour une version rafra\u00eechie du Solo Pod classique. Il\u00a0offre un \u00e9clairage de zone pour des applications universelles. Le Solstice \u00e9tant compact est id\u00e9al pour \u00e9clairer la zone de porte du v\u00e9hicule et b\u00e9n\u00e9ficie d&#8217;une configuration de montages flexibles. Caract\u00e9ristiques :\u00a0 \u00a0Led [&hellip;]\" \/>\n<meta property=\"og:url\" content=\"https:\/\/www.reulsport.com\/de\/produit\/solstice-solo-pod\/\" \/>\n<meta property=\"og:site_name\" content=\"ReulSport - Landrover specialist - Iveco partner\" \/>\n<meta property=\"article:modified_time\" content=\"2022-09-22T13:49:36+00:00\" \/>\n<meta property=\"og:image\" content=\"https:\/\/www.reulsport.com\/wp-content\/uploads\/2020\/12\/Solstice-solo2.jpg\" \/>\n\t<meta property=\"og:image:width\" content=\"578\" \/>\n\t<meta property=\"og:image:height\" content=\"578\" \/>\n\t<meta property=\"og:image:type\" content=\"image\/jpeg\" \/>\n<meta name=\"twitter:card\" content=\"summary_large_image\" \/>\n<meta name=\"twitter:label1\" content=\"Gesch\u00e4tzte Lesezeit\" \/>\n\t<meta name=\"twitter:data1\" content=\"1\u00a0Minute\" \/>\n<script type=\"application\/ld+json\" class=\"yoast-schema-graph\">{\"@context\":\"https:\/\/schema.org\",\"@graph\":[{\"@type\":\"WebPage\",\"@id\":\"https:\/\/www.reulsport.com\/de\/produit\/solstice-solo-pod\/\",\"url\":\"https:\/\/www.reulsport.com\/de\/produit\/solstice-solo-pod\/\",\"name\":\"Solstice solo pod - ReulSport - Landrover specialist - Iveco partner\",\"isPartOf\":{\"@id\":\"https:\/\/www.reulsport.com\/#website\"},\"datePublished\":\"2020-12-08T09:38:41+00:00\",\"dateModified\":\"2022-09-22T13:49:36+00:00\",\"breadcrumb\":{\"@id\":\"https:\/\/www.reulsport.com\/de\/produit\/solstice-solo-pod\/#breadcrumb\"},\"inLanguage\":\"de\",\"potentialAction\":[{\"@type\":\"ReadAction\",\"target\":[\"https:\/\/www.reulsport.com\/de\/produit\/solstice-solo-pod\/\"]}]},{\"@type\":\"BreadcrumbList\",\"@id\":\"https:\/\/www.reulsport.com\/de\/produit\/solstice-solo-pod\/#breadcrumb\",\"itemListElement\":[{\"@type\":\"ListItem\",\"position\":1,\"name\":\"Accueil\",\"item\":\"https:\/\/www.reulsport.com\/de\/\"},{\"@type\":\"ListItem\",\"position\":2,\"name\":\"Shop\",\"item\":\"https:\/\/www.reulsport.com\/de\/shop-2\/\"},{\"@type\":\"ListItem\",\"position\":3,\"name\":\"Solstice solo pod\"}]},{\"@type\":\"WebSite\",\"@id\":\"https:\/\/www.reulsport.com\/#website\",\"url\":\"https:\/\/www.reulsport.com\/\",\"name\":\"ReulSport - Landrover specialist - Iveco partner\",\"description\":\"ReulSport est un garage Ineos, Iveco et Polaris dans la r\u00e9gion de Verviers et Li\u00e8ge. Sp\u00e9cialiste de l&#039;Offroad, de la pr\u00e9paration et de l&#039;accessoirisation. .\",\"potentialAction\":[{\"@type\":\"SearchAction\",\"target\":{\"@type\":\"EntryPoint\",\"urlTemplate\":\"https:\/\/www.reulsport.com\/?s={search_term_string}\"},\"query-input\":\"required name=search_term_string\"}],\"inLanguage\":\"de\"}]}<\/script>\n<!-- \/ Yoast SEO plugin. -->","yoast_head_json":{"title":"Solstice solo pod - ReulSport - Landrover specialist - Iveco partner","robots":{"index":"index","follow":"follow","max-snippet":"max-snippet:-1","max-image-preview":"max-image-preview:large","max-video-preview":"max-video-preview:-1"},"canonical":"https:\/\/www.reulsport.com\/de\/produit\/solstice-solo-pod\/","og_locale":"de_DE","og_type":"article","og_title":"Solstice solo pod - ReulSport - Landrover specialist - Iveco partner","og_description":"Le Solstice Solo a \u00e9t\u00e9 repens\u00e9 avec une nouvelle technologie LED et des optiques pour une version rafra\u00eechie du Solo Pod classique. Il\u00a0offre un \u00e9clairage de zone pour des applications universelles. Le Solstice \u00e9tant compact est id\u00e9al pour \u00e9clairer la zone de porte du v\u00e9hicule et b\u00e9n\u00e9ficie d&#8217;une configuration de montages flexibles. Caract\u00e9ristiques :\u00a0 \u00a0Led [&hellip;]","og_url":"https:\/\/www.reulsport.com\/de\/produit\/solstice-solo-pod\/","og_site_name":"ReulSport - Landrover specialist - Iveco partner","article_modified_time":"2022-09-22T13:49:36+00:00","og_image":[{"width":578,"height":578,"url":"https:\/\/www.reulsport.com\/wp-content\/uploads\/2020\/12\/Solstice-solo2.jpg","type":"image\/jpeg"}],"twitter_card":"summary_large_image","twitter_misc":{"Gesch\u00e4tzte Lesezeit":"1\u00a0Minute"},"schema":{"@context":"https:\/\/schema.org","@graph":[{"@type":"WebPage","@id":"https:\/\/www.reulsport.com\/de\/produit\/solstice-solo-pod\/","url":"https:\/\/www.reulsport.com\/de\/produit\/solstice-solo-pod\/","name":"Solstice solo pod - ReulSport - Landrover specialist - Iveco partner","isPartOf":{"@id":"https:\/\/www.reulsport.com\/#website"},"datePublished":"2020-12-08T09:38:41+00:00","dateModified":"2022-09-22T13:49:36+00:00","breadcrumb":{"@id":"https:\/\/www.reulsport.com\/de\/produit\/solstice-solo-pod\/#breadcrumb"},"inLanguage":"de","potentialAction":[{"@type":"ReadAction","target":["https:\/\/www.reulsport.com\/de\/produit\/solstice-solo-pod\/"]}]},{"@type":"BreadcrumbList","@id":"https:\/\/www.reulsport.com\/de\/produit\/solstice-solo-pod\/#breadcrumb","itemListElement":[{"@type":"ListItem","position":1,"name":"Accueil","item":"https:\/\/www.reulsport.com\/de\/"},{"@type":"ListItem","position":2,"name":"Shop","item":"https:\/\/www.reulsport.com\/de\/shop-2\/"},{"@type":"ListItem","position":3,"name":"Solstice solo pod"}]},{"@type":"WebSite","@id":"https:\/\/www.reulsport.com\/#website","url":"https:\/\/www.reulsport.com\/","name":"ReulSport - Landrover specialist - Iveco partner","description":"ReulSport est un garage Ineos, Iveco et Polaris dans la r\u00e9gion de Verviers et Li\u00e8ge. Sp\u00e9cialiste de l&#039;Offroad, de la pr\u00e9paration et de l&#039;accessoirisation. .","potentialAction":[{"@type":"SearchAction","target":{"@type":"EntryPoint","urlTemplate":"https:\/\/www.reulsport.com\/?s={search_term_string}"},"query-input":"required name=search_term_string"}],"inLanguage":"de"}]}},"_links":{"self":[{"href":"https:\/\/www.reulsport.com\/de\/wp-json\/wp\/v2\/product\/23943"}],"collection":[{"href":"https:\/\/www.reulsport.com\/de\/wp-json\/wp\/v2\/product"}],"about":[{"href":"https:\/\/www.reulsport.com\/de\/wp-json\/wp\/v2\/types\/product"}],"replies":[{"embeddable":true,"href":"https:\/\/www.reulsport.com\/de\/wp-json\/wp\/v2\/comments?post=23943"}],"wp:featuredmedia":[{"embeddable":true,"href":"https:\/\/www.reulsport.com\/de\/wp-json\/wp\/v2\/media\/23963"}],"wp:attachment":[{"href":"https:\/\/www.reulsport.com\/de\/wp-json\/wp\/v2\/media?parent=23943"}],"wp:term":[{"taxonomy":"product_cat","embeddable":true,"href":"https:\/\/www.reulsport.com\/de\/wp-json\/wp\/v2\/product_cat?post=23943"},{"taxonomy":"product_tag","embeddable":true,"href":"https:\/\/www.reulsport.com\/de\/wp-json\/wp\/v2\/product_tag?post=23943"}],"curies":[{"name":"wp","href":"https:\/\/api.w.org\/{rel}","templated":true}]}}