{"id":24765,"date":"2020-12-09T14:02:14","date_gmt":"2020-12-09T13:02:14","guid":{"rendered":"https:\/\/www.reulsport.com\/?post_type=product&#038;p=24765"},"modified":"2022-05-24T11:39:45","modified_gmt":"2022-05-24T09:39:45","slug":"support-phare-pour-tube","status":"publish","type":"product","link":"https:\/\/www.reulsport.com\/de\/produit\/support-phare-pour-tube\/","title":{"rendered":"Support phare pour tube"},"content":{"rendered":"<p>Les supports de montage peuvent \u00eatre utilis\u00e9 avec n&#8217;importe quel \u00e9clairage ou accessoire permettant ainsi une surface de montage plate. La pince s&#8217;adapte \u00e0 un tube de 19 mm | 25mm |\u00a032mm |\u00a038mm |\u00a045mm |\u00a050mm |\u00a057mm |\u00a064mm | 76 mm, et est livr\u00e9 par paire avec un insert en caoutchouc qui\u00a0 permet un diam\u00e8tre de montage r\u00e9glable suppl\u00e9mentaire ainsi que la protection du tube utilis\u00e9 comme support. La pince comporte un trou traversant M8 ou M10.<\/p>\n<p>Merci de nous consulter pour les prix.<\/p>\n","protected":false},"excerpt":{"rendered":"<p>Les supports de montage peuvent \u00eatre utilis\u00e9 avec n&#8217;importe quel \u00e9clairage ou accessoire permettant ainsi une surface de montage plate. La pince s&#8217;adapte \u00e0 un tube de 19 mm | 25mm |\u00a032mm |\u00a038mm |\u00a045mm |\u00a050mm |\u00a057mm |\u00a064mm | 76 mm, et est livr\u00e9 par paire avec un insert en caoutchouc qui\u00a0 permet un diam\u00e8tre de [&hellip;]<\/p>\n","protected":false},"featured_media":24785,"comment_status":"open","ping_status":"closed","template":"","meta":[],"product_cat":[99],"product_tag":[198],"acf":[],"yoast_head":"<!-- This site is optimized with the Yoast SEO plugin v20.1 - https:\/\/yoast.com\/wordpress\/plugins\/seo\/ -->\n<title>Support phare pour tube - ReulSport - Landrover specialist - Iveco partner<\/title>\n<meta name=\"robots\" content=\"index, follow, max-snippet:-1, max-image-preview:large, max-video-preview:-1\" \/>\n<link rel=\"canonical\" href=\"https:\/\/www.reulsport.com\/de\/produit\/support-phare-pour-tube\/\" \/>\n<meta property=\"og:locale\" content=\"de_DE\" \/>\n<meta property=\"og:type\" content=\"article\" \/>\n<meta property=\"og:title\" content=\"Support phare pour tube - ReulSport - Landrover specialist - Iveco partner\" \/>\n<meta property=\"og:description\" content=\"Les supports de montage peuvent \u00eatre utilis\u00e9 avec n&#8217;importe quel \u00e9clairage ou accessoire permettant ainsi une surface de montage plate. La pince s&#8217;adapte \u00e0 un tube de 19 mm | 25mm |\u00a032mm |\u00a038mm |\u00a045mm |\u00a050mm |\u00a057mm |\u00a064mm | 76 mm, et est livr\u00e9 par paire avec un insert en caoutchouc qui\u00a0 permet un diam\u00e8tre de [&hellip;]\" \/>\n<meta property=\"og:url\" content=\"https:\/\/www.reulsport.com\/de\/produit\/support-phare-pour-tube\/\" \/>\n<meta property=\"og:site_name\" content=\"ReulSport - Landrover specialist - Iveco partner\" \/>\n<meta property=\"article:modified_time\" content=\"2022-05-24T09:39:45+00:00\" \/>\n<meta property=\"og:image\" content=\"https:\/\/www.reulsport.com\/wp-content\/uploads\/2020\/12\/Tube-Clamp-Mounts.jpg\" \/>\n\t<meta property=\"og:image:width\" content=\"740\" \/>\n\t<meta property=\"og:image:height\" content=\"400\" \/>\n\t<meta property=\"og:image:type\" content=\"image\/jpeg\" \/>\n<meta name=\"twitter:card\" content=\"summary_large_image\" \/>\n<script type=\"application\/ld+json\" class=\"yoast-schema-graph\">{\"@context\":\"https:\/\/schema.org\",\"@graph\":[{\"@type\":\"WebPage\",\"@id\":\"https:\/\/www.reulsport.com\/de\/produit\/support-phare-pour-tube\/\",\"url\":\"https:\/\/www.reulsport.com\/de\/produit\/support-phare-pour-tube\/\",\"name\":\"Support phare pour tube - ReulSport - Landrover specialist - Iveco partner\",\"isPartOf\":{\"@id\":\"https:\/\/www.reulsport.com\/#website\"},\"datePublished\":\"2020-12-09T13:02:14+00:00\",\"dateModified\":\"2022-05-24T09:39:45+00:00\",\"breadcrumb\":{\"@id\":\"https:\/\/www.reulsport.com\/de\/produit\/support-phare-pour-tube\/#breadcrumb\"},\"inLanguage\":\"de\",\"potentialAction\":[{\"@type\":\"ReadAction\",\"target\":[\"https:\/\/www.reulsport.com\/de\/produit\/support-phare-pour-tube\/\"]}]},{\"@type\":\"BreadcrumbList\",\"@id\":\"https:\/\/www.reulsport.com\/de\/produit\/support-phare-pour-tube\/#breadcrumb\",\"itemListElement\":[{\"@type\":\"ListItem\",\"position\":1,\"name\":\"Accueil\",\"item\":\"https:\/\/www.reulsport.com\/de\/\"},{\"@type\":\"ListItem\",\"position\":2,\"name\":\"Shop\",\"item\":\"https:\/\/www.reulsport.com\/de\/shop-2\/\"},{\"@type\":\"ListItem\",\"position\":3,\"name\":\"Support phare pour tube\"}]},{\"@type\":\"WebSite\",\"@id\":\"https:\/\/www.reulsport.com\/#website\",\"url\":\"https:\/\/www.reulsport.com\/\",\"name\":\"ReulSport - Landrover specialist - Iveco partner\",\"description\":\"ReulSport est un garage Ineos, Iveco et Polaris dans la r\u00e9gion de Verviers et Li\u00e8ge. Sp\u00e9cialiste de l&#039;Offroad, de la pr\u00e9paration et de l&#039;accessoirisation. .\",\"potentialAction\":[{\"@type\":\"SearchAction\",\"target\":{\"@type\":\"EntryPoint\",\"urlTemplate\":\"https:\/\/www.reulsport.com\/?s={search_term_string}\"},\"query-input\":\"required name=search_term_string\"}],\"inLanguage\":\"de\"}]}<\/script>\n<!-- \/ Yoast SEO plugin. -->","yoast_head_json":{"title":"Support phare pour tube - ReulSport - Landrover specialist - Iveco partner","robots":{"index":"index","follow":"follow","max-snippet":"max-snippet:-1","max-image-preview":"max-image-preview:large","max-video-preview":"max-video-preview:-1"},"canonical":"https:\/\/www.reulsport.com\/de\/produit\/support-phare-pour-tube\/","og_locale":"de_DE","og_type":"article","og_title":"Support phare pour tube - ReulSport - Landrover specialist - Iveco partner","og_description":"Les supports de montage peuvent \u00eatre utilis\u00e9 avec n&#8217;importe quel \u00e9clairage ou accessoire permettant ainsi une surface de montage plate. La pince s&#8217;adapte \u00e0 un tube de 19 mm | 25mm |\u00a032mm |\u00a038mm |\u00a045mm |\u00a050mm |\u00a057mm |\u00a064mm | 76 mm, et est livr\u00e9 par paire avec un insert en caoutchouc qui\u00a0 permet un diam\u00e8tre de [&hellip;]","og_url":"https:\/\/www.reulsport.com\/de\/produit\/support-phare-pour-tube\/","og_site_name":"ReulSport - Landrover specialist - Iveco partner","article_modified_time":"2022-05-24T09:39:45+00:00","og_image":[{"width":740,"height":400,"url":"https:\/\/www.reulsport.com\/wp-content\/uploads\/2020\/12\/Tube-Clamp-Mounts.jpg","type":"image\/jpeg"}],"twitter_card":"summary_large_image","schema":{"@context":"https:\/\/schema.org","@graph":[{"@type":"WebPage","@id":"https:\/\/www.reulsport.com\/de\/produit\/support-phare-pour-tube\/","url":"https:\/\/www.reulsport.com\/de\/produit\/support-phare-pour-tube\/","name":"Support phare pour tube - ReulSport - Landrover specialist - Iveco partner","isPartOf":{"@id":"https:\/\/www.reulsport.com\/#website"},"datePublished":"2020-12-09T13:02:14+00:00","dateModified":"2022-05-24T09:39:45+00:00","breadcrumb":{"@id":"https:\/\/www.reulsport.com\/de\/produit\/support-phare-pour-tube\/#breadcrumb"},"inLanguage":"de","potentialAction":[{"@type":"ReadAction","target":["https:\/\/www.reulsport.com\/de\/produit\/support-phare-pour-tube\/"]}]},{"@type":"BreadcrumbList","@id":"https:\/\/www.reulsport.com\/de\/produit\/support-phare-pour-tube\/#breadcrumb","itemListElement":[{"@type":"ListItem","position":1,"name":"Accueil","item":"https:\/\/www.reulsport.com\/de\/"},{"@type":"ListItem","position":2,"name":"Shop","item":"https:\/\/www.reulsport.com\/de\/shop-2\/"},{"@type":"ListItem","position":3,"name":"Support phare pour tube"}]},{"@type":"WebSite","@id":"https:\/\/www.reulsport.com\/#website","url":"https:\/\/www.reulsport.com\/","name":"ReulSport - Landrover specialist - Iveco partner","description":"ReulSport est un garage Ineos, Iveco et Polaris dans la r\u00e9gion de Verviers et Li\u00e8ge. Sp\u00e9cialiste de l&#039;Offroad, de la pr\u00e9paration et de l&#039;accessoirisation. .","potentialAction":[{"@type":"SearchAction","target":{"@type":"EntryPoint","urlTemplate":"https:\/\/www.reulsport.com\/?s={search_term_string}"},"query-input":"required name=search_term_string"}],"inLanguage":"de"}]}},"_links":{"self":[{"href":"https:\/\/www.reulsport.com\/de\/wp-json\/wp\/v2\/product\/24765"}],"collection":[{"href":"https:\/\/www.reulsport.com\/de\/wp-json\/wp\/v2\/product"}],"about":[{"href":"https:\/\/www.reulsport.com\/de\/wp-json\/wp\/v2\/types\/product"}],"replies":[{"embeddable":true,"href":"https:\/\/www.reulsport.com\/de\/wp-json\/wp\/v2\/comments?post=24765"}],"wp:featuredmedia":[{"embeddable":true,"href":"https:\/\/www.reulsport.com\/de\/wp-json\/wp\/v2\/media\/24785"}],"wp:attachment":[{"href":"https:\/\/www.reulsport.com\/de\/wp-json\/wp\/v2\/media?parent=24765"}],"wp:term":[{"taxonomy":"product_cat","embeddable":true,"href":"https:\/\/www.reulsport.com\/de\/wp-json\/wp\/v2\/product_cat?post=24765"},{"taxonomy":"product_tag","embeddable":true,"href":"https:\/\/www.reulsport.com\/de\/wp-json\/wp\/v2\/product_tag?post=24765"}],"curies":[{"name":"wp","href":"https:\/\/api.w.org\/{rel}","templated":true}]}}