{"id":25242,"date":"2020-12-15T12:04:51","date_gmt":"2020-12-15T11:04:51","guid":{"rendered":"https:\/\/www.reulsport.com\/produit\/compresseur-arb-gros-volume-12v\/"},"modified":"2025-10-28T09:24:08","modified_gmt":"2025-10-28T08:24:08","slug":"compresseur-arb-gros-volume-12v","status":"publish","type":"product","link":"https:\/\/www.reulsport.com\/de\/produit\/compresseur-arb-gros-volume-12v\/","title":{"rendered":"Compresseur ARB Gros volume 12V"},"content":{"rendered":"<p>Compresseur pr\u00e9vu pour r\u00e9sister aux conditions difficilles. Ce compresseur r\u00e9siste \u00e0 l&#8217;eau, la poussi\u00e8re, la chaleur et les chocs.<\/p>\n<p>Ce compresseur est pr\u00e9vu pour \u00eatre utilis\u00e9 avec les blocages de pont \u00e0 air comprim\u00e9.<\/p>\n<p>\u00a0Il peut \u00e9galement \u00eatre utilis\u00e9 pour diverses fonctions comme le gonflage des pneus etc&#8230;<\/p>\n<p>Kit gonflage : <a href=\"https:\/\/www.reulsport.com\/de\/produit\/kit-de-tuyau-de-gonflage\/\">https:\/\/www.reulsport.com\/produit\/kit-de-tuyau-de-gonflage\/<\/a><\/p>\n<p>Manom\u00e8tre : <a href=\"https:\/\/www.reulsport.com\/de\/produit\/manometre-de-pression-arb\/\">https:\/\/www.reulsport.com\/produit\/manometre-de-pression-arb\/<\/a><\/p>\n","protected":false},"excerpt":{"rendered":"<p>Compresseur pr\u00e9vu pour r\u00e9sister aux conditions difficilles. Ce compresseur r\u00e9siste \u00e0 l&#8217;eau, la poussi\u00e8re, la chaleur et les chocs. Ce compresseur est pr\u00e9vu pour \u00eatre utilis\u00e9 avec les blocages de pont \u00e0 air comprim\u00e9. \u00a0Il peut \u00e9galement \u00eatre utilis\u00e9 pour diverses fonctions comme le gonflage des pneus etc&#8230; Kit gonflage : https:\/\/www.reulsport.com\/produit\/kit-de-tuyau-de-gonflage\/ Manom\u00e8tre : https:\/\/www.reulsport.com\/produit\/manometre-de-pression-arb\/<\/p>\n","protected":false},"featured_media":24991,"comment_status":"open","ping_status":"closed","template":"","meta":[],"product_cat":[74],"product_tag":[211],"acf":[],"yoast_head":"<!-- This site is optimized with the Yoast SEO plugin v20.1 - https:\/\/yoast.com\/wordpress\/plugins\/seo\/ -->\n<title>Compresseur ARB Gros volume 12V - ReulSport - Landrover specialist - Iveco partner<\/title>\n<meta name=\"robots\" content=\"index, follow, max-snippet:-1, max-image-preview:large, max-video-preview:-1\" \/>\n<link rel=\"canonical\" href=\"https:\/\/www.reulsport.com\/de\/produit\/compresseur-arb-gros-volume-12v\/\" \/>\n<meta property=\"og:locale\" content=\"de_DE\" \/>\n<meta property=\"og:type\" content=\"article\" \/>\n<meta property=\"og:title\" content=\"Compresseur ARB Gros volume 12V - ReulSport - Landrover specialist - Iveco partner\" \/>\n<meta property=\"og:description\" content=\"Compresseur pr\u00e9vu pour r\u00e9sister aux conditions difficilles. Ce compresseur r\u00e9siste \u00e0 l&#8217;eau, la poussi\u00e8re, la chaleur et les chocs. Ce compresseur est pr\u00e9vu pour \u00eatre utilis\u00e9 avec les blocages de pont \u00e0 air comprim\u00e9. \u00a0Il peut \u00e9galement \u00eatre utilis\u00e9 pour diverses fonctions comme le gonflage des pneus etc&#8230; Kit gonflage : https:\/\/www.reulsport.com\/produit\/kit-de-tuyau-de-gonflage\/ Manom\u00e8tre : https:\/\/www.reulsport.com\/produit\/manometre-de-pression-arb\/\" \/>\n<meta property=\"og:url\" content=\"https:\/\/www.reulsport.com\/de\/produit\/compresseur-arb-gros-volume-12v\/\" \/>\n<meta property=\"og:site_name\" content=\"ReulSport - Landrover specialist - Iveco partner\" \/>\n<meta property=\"article:modified_time\" content=\"2025-10-28T08:24:08+00:00\" \/>\n<meta property=\"og:image\" content=\"https:\/\/www.reulsport.com\/wp-content\/uploads\/2020\/12\/CKMA12.jpg\" \/>\n\t<meta property=\"og:image:width\" content=\"1500\" \/>\n\t<meta property=\"og:image:height\" content=\"1042\" \/>\n\t<meta property=\"og:image:type\" content=\"image\/jpeg\" \/>\n<meta name=\"twitter:card\" content=\"summary_large_image\" \/>\n<script type=\"application\/ld+json\" class=\"yoast-schema-graph\">{\"@context\":\"https:\/\/schema.org\",\"@graph\":[{\"@type\":\"WebPage\",\"@id\":\"https:\/\/www.reulsport.com\/de\/produit\/compresseur-arb-gros-volume-12v\/\",\"url\":\"https:\/\/www.reulsport.com\/de\/produit\/compresseur-arb-gros-volume-12v\/\",\"name\":\"Compresseur ARB Gros volume 12V - ReulSport - Landrover specialist - Iveco partner\",\"isPartOf\":{\"@id\":\"https:\/\/www.reulsport.com\/#website\"},\"datePublished\":\"2020-12-15T11:04:51+00:00\",\"dateModified\":\"2025-10-28T08:24:08+00:00\",\"breadcrumb\":{\"@id\":\"https:\/\/www.reulsport.com\/de\/produit\/compresseur-arb-gros-volume-12v\/#breadcrumb\"},\"inLanguage\":\"de\",\"potentialAction\":[{\"@type\":\"ReadAction\",\"target\":[\"https:\/\/www.reulsport.com\/de\/produit\/compresseur-arb-gros-volume-12v\/\"]}]},{\"@type\":\"BreadcrumbList\",\"@id\":\"https:\/\/www.reulsport.com\/de\/produit\/compresseur-arb-gros-volume-12v\/#breadcrumb\",\"itemListElement\":[{\"@type\":\"ListItem\",\"position\":1,\"name\":\"Accueil\",\"item\":\"https:\/\/www.reulsport.com\/de\/\"},{\"@type\":\"ListItem\",\"position\":2,\"name\":\"Shop\",\"item\":\"https:\/\/www.reulsport.com\/de\/shop-2\/\"},{\"@type\":\"ListItem\",\"position\":3,\"name\":\"Compresseur ARB Gros volume 12V\"}]},{\"@type\":\"WebSite\",\"@id\":\"https:\/\/www.reulsport.com\/#website\",\"url\":\"https:\/\/www.reulsport.com\/\",\"name\":\"ReulSport - Landrover specialist - Iveco partner\",\"description\":\"ReulSport est un garage Ineos, Iveco et Polaris dans la r\u00e9gion de Verviers et Li\u00e8ge. Sp\u00e9cialiste de l&#039;Offroad, de la pr\u00e9paration et de l&#039;accessoirisation. .\",\"potentialAction\":[{\"@type\":\"SearchAction\",\"target\":{\"@type\":\"EntryPoint\",\"urlTemplate\":\"https:\/\/www.reulsport.com\/?s={search_term_string}\"},\"query-input\":\"required name=search_term_string\"}],\"inLanguage\":\"de\"}]}<\/script>\n<!-- \/ Yoast SEO plugin. -->","yoast_head_json":{"title":"Compresseur ARB Gros volume 12V - ReulSport - Landrover specialist - Iveco partner","robots":{"index":"index","follow":"follow","max-snippet":"max-snippet:-1","max-image-preview":"max-image-preview:large","max-video-preview":"max-video-preview:-1"},"canonical":"https:\/\/www.reulsport.com\/de\/produit\/compresseur-arb-gros-volume-12v\/","og_locale":"de_DE","og_type":"article","og_title":"Compresseur ARB Gros volume 12V - ReulSport - Landrover specialist - Iveco partner","og_description":"Compresseur pr\u00e9vu pour r\u00e9sister aux conditions difficilles. Ce compresseur r\u00e9siste \u00e0 l&#8217;eau, la poussi\u00e8re, la chaleur et les chocs. Ce compresseur est pr\u00e9vu pour \u00eatre utilis\u00e9 avec les blocages de pont \u00e0 air comprim\u00e9. \u00a0Il peut \u00e9galement \u00eatre utilis\u00e9 pour diverses fonctions comme le gonflage des pneus etc&#8230; Kit gonflage : https:\/\/www.reulsport.com\/produit\/kit-de-tuyau-de-gonflage\/ Manom\u00e8tre : https:\/\/www.reulsport.com\/produit\/manometre-de-pression-arb\/","og_url":"https:\/\/www.reulsport.com\/de\/produit\/compresseur-arb-gros-volume-12v\/","og_site_name":"ReulSport - Landrover specialist - Iveco partner","article_modified_time":"2025-10-28T08:24:08+00:00","og_image":[{"width":1500,"height":1042,"url":"https:\/\/www.reulsport.com\/wp-content\/uploads\/2020\/12\/CKMA12.jpg","type":"image\/jpeg"}],"twitter_card":"summary_large_image","schema":{"@context":"https:\/\/schema.org","@graph":[{"@type":"WebPage","@id":"https:\/\/www.reulsport.com\/de\/produit\/compresseur-arb-gros-volume-12v\/","url":"https:\/\/www.reulsport.com\/de\/produit\/compresseur-arb-gros-volume-12v\/","name":"Compresseur ARB Gros volume 12V - ReulSport - Landrover specialist - Iveco partner","isPartOf":{"@id":"https:\/\/www.reulsport.com\/#website"},"datePublished":"2020-12-15T11:04:51+00:00","dateModified":"2025-10-28T08:24:08+00:00","breadcrumb":{"@id":"https:\/\/www.reulsport.com\/de\/produit\/compresseur-arb-gros-volume-12v\/#breadcrumb"},"inLanguage":"de","potentialAction":[{"@type":"ReadAction","target":["https:\/\/www.reulsport.com\/de\/produit\/compresseur-arb-gros-volume-12v\/"]}]},{"@type":"BreadcrumbList","@id":"https:\/\/www.reulsport.com\/de\/produit\/compresseur-arb-gros-volume-12v\/#breadcrumb","itemListElement":[{"@type":"ListItem","position":1,"name":"Accueil","item":"https:\/\/www.reulsport.com\/de\/"},{"@type":"ListItem","position":2,"name":"Shop","item":"https:\/\/www.reulsport.com\/de\/shop-2\/"},{"@type":"ListItem","position":3,"name":"Compresseur ARB Gros volume 12V"}]},{"@type":"WebSite","@id":"https:\/\/www.reulsport.com\/#website","url":"https:\/\/www.reulsport.com\/","name":"ReulSport - Landrover specialist - Iveco partner","description":"ReulSport est un garage Ineos, Iveco et Polaris dans la r\u00e9gion de Verviers et Li\u00e8ge. Sp\u00e9cialiste de l&#039;Offroad, de la pr\u00e9paration et de l&#039;accessoirisation. .","potentialAction":[{"@type":"SearchAction","target":{"@type":"EntryPoint","urlTemplate":"https:\/\/www.reulsport.com\/?s={search_term_string}"},"query-input":"required name=search_term_string"}],"inLanguage":"de"}]}},"_links":{"self":[{"href":"https:\/\/www.reulsport.com\/de\/wp-json\/wp\/v2\/product\/25242"}],"collection":[{"href":"https:\/\/www.reulsport.com\/de\/wp-json\/wp\/v2\/product"}],"about":[{"href":"https:\/\/www.reulsport.com\/de\/wp-json\/wp\/v2\/types\/product"}],"replies":[{"embeddable":true,"href":"https:\/\/www.reulsport.com\/de\/wp-json\/wp\/v2\/comments?post=25242"}],"wp:featuredmedia":[{"embeddable":true,"href":"https:\/\/www.reulsport.com\/de\/wp-json\/wp\/v2\/media\/24991"}],"wp:attachment":[{"href":"https:\/\/www.reulsport.com\/de\/wp-json\/wp\/v2\/media?parent=25242"}],"wp:term":[{"taxonomy":"product_cat","embeddable":true,"href":"https:\/\/www.reulsport.com\/de\/wp-json\/wp\/v2\/product_cat?post=25242"},{"taxonomy":"product_tag","embeddable":true,"href":"https:\/\/www.reulsport.com\/de\/wp-json\/wp\/v2\/product_tag?post=25242"}],"curies":[{"name":"wp","href":"https:\/\/api.w.org\/{rel}","templated":true}]}}