{"id":25257,"date":"2020-07-08T08:16:17","date_gmt":"2020-07-08T06:16:17","guid":{"rendered":"https:\/\/www.reulsport.com\/produit\/frigo-arb-60l\/"},"modified":"2021-01-26T14:06:52","modified_gmt":"2021-01-26T13:06:52","slug":"frigo-arb-60l","status":"publish","type":"product","link":"https:\/\/www.reulsport.com\/de\/produit\/frigo-arb-60l\/","title":{"rendered":"Frigo ARB 60L"},"content":{"rendered":"<h2 class=\"flex-columns__title \">D\u00e9couvrez la libert\u00e9 du r\u00e9frig\u00e9rateur<\/h2>\n<p>Pr\u00e9sentant la nouvelle g\u00e9n\u00e9ration de r\u00e9frig\u00e9rateurs portables ARB, la gamme de r\u00e9frig\u00e9rateurs cong\u00e9lateurs ARB a \u00e9t\u00e9 sp\u00e9cialement con\u00e7ue et construite pour une utilisation hors route.<\/p>\n<p>D\u00e9velopp\u00e9 en Australie pour r\u00e9pondre aux conditions uniques de l&#8217;Outback, un r\u00e9frig\u00e9rateur-cong\u00e9lateur ARB offre la commodit\u00e9 d&#8217;avoir des aliments froids et des boissons, peu importe o\u00f9 votre 4 roue vous emm\u00e8ne. Cette gamme de produits est le r\u00e9sultat de plus de trois ann\u00e9es de recherche et de conception, suivies de tests approfondis effectu\u00e9s \u00e0 la fois en interne et dans des environnements hors route difficiles.<\/p>\n<div class=\"readmore-content-continued open\">\n<p>Soutenu par une garantie compl\u00e8te de 3 an, chaque r\u00e9frig\u00e9rateur-cong\u00e9lateur ARB pr\u00e9sente une conception pratique, une capacit\u00e9 optimis\u00e9e et un syst\u00e8me de refroidissement de haute qualit\u00e9. Le r\u00e9frig\u00e9rateur-cong\u00e9lateur ARB est disponible en 35 litres, 47 litres, 60 litres et 78 litres, ce qui en fait un r\u00e9frig\u00e9rateur de voiture parfait pour toute aventure de voyage.<\/p>\n<p>Un r\u00e9frig\u00e9rateur de voiture, un r\u00e9frig\u00e9rateur portable, un r\u00e9frig\u00e9rateur 4 WD\u2026 un r\u00e9frig\u00e9rateur \/ cong\u00e9lateur ARB est le compl\u00e9ment parfait pour votre prochain voyage.<\/p>\n<h2 class=\"flex-columns__title \">GAMME CLASSIC SERIES II<\/h2>\n<p>Gardez vos aliments frais et vos boissons froides o\u00f9 que vous soyez, la gamme de r\u00e9frig\u00e9rateurs-cong\u00e9lateurs de la s\u00e9rie Classic II comprend un syst\u00e8me de contr\u00f4le \u00e9lectronique avanc\u00e9 avec un pav\u00e9 tactile r\u00e9tro-\u00e9clair\u00e9 \u00e0 intensit\u00e9 variable pour un fonctionnement nocturne ais\u00e9, ainsi qu&#8217;une lecture d&#8217;entr\u00e9e d&#8217;alimentation 12 V pour une surveillance simple de la tension sur l&#8217;\u00e9cran.<\/p>\n<div class=\"readmore-content-continued open\">\n<p>Sous le bo\u00eetier ext\u00e9rieur en acier robuste de la Classic Series II, un panier r\u00e9versible avec s\u00e9parateur permet de garder les aliments et les boissons rang\u00e9s propres et bien rang\u00e9s, tandis qu&#8217;un bouchon de vidange pratique permet un nettoyage simple.<\/p>\n<p>L&#8217;\u00e9metteur sans fil inclus avec la s\u00e9rie II permet non seulement un contr\u00f4le total des param\u00e8tres du r\u00e9frig\u00e9rateur, y compris la protection de la temp\u00e9rature et de la batterie, mais \u00e9galement l&#8217;affichage et le contr\u00f4le \u00e0 distance via LINX et les appareils intelligents via l&#8217;application Fridge Connect.<\/p>\n<\/div>\n<article class=\"cell first flex-columns__txt align-self-top small-12 medium-6 text-left flex-columns__two\">\n<h2 class=\"flex-columns__title \">ARB FRIGO CONNECT APP<\/h2>\n<p>En accordant aux utilisateurs le contr\u00f4le total du r\u00e9frig\u00e9rateur de la s\u00e9rie II via des appareils mobiles, l&#8217;application ARB Fridge Freezer peut allumer et \u00e9teindre le r\u00e9frig\u00e9rateur, ainsi que r\u00e9gler manuellement (ou r\u00e9gler via des pr\u00e9r\u00e9glages) la temp\u00e9rature cible et afficher la tentation cible, la puissance absorb\u00e9e tension et \u00e9tat du compresseur du r\u00e9frig\u00e9rateur.<\/p>\n<p><strong>Disponible sur Google Play Store et Apple App Store \u00e0 partir de avril 1, 2019.<\/strong><\/p>\n<p><em>Remarque: Pour la s\u00e9rie classique I (mod\u00e8les post 2014), le nouvel \u00e9metteur et l&#8217;application peuvent \u00eatre utilis\u00e9s pour afficher la temp\u00e9rature, la tension d&#8217;entr\u00e9e et l&#8217;\u00e9tat du compresseur. <\/em><\/p>\n<\/article>\n<\/div>\n","protected":false},"excerpt":{"rendered":"<p>D\u00e9couvrez la libert\u00e9 du r\u00e9frig\u00e9rateur Pr\u00e9sentant la nouvelle g\u00e9n\u00e9ration de r\u00e9frig\u00e9rateurs portables ARB, la gamme de r\u00e9frig\u00e9rateurs cong\u00e9lateurs ARB a \u00e9t\u00e9 sp\u00e9cialement con\u00e7ue et construite pour une utilisation hors route. D\u00e9velopp\u00e9 en Australie pour r\u00e9pondre aux conditions uniques de l&#8217;Outback, un r\u00e9frig\u00e9rateur-cong\u00e9lateur ARB offre la commodit\u00e9 d&#8217;avoir des aliments froids et des boissons, peu importe [&hellip;]<\/p>\n","protected":false},"featured_media":19097,"comment_status":"open","ping_status":"closed","template":"","meta":[],"product_cat":[74],"product_tag":[211],"acf":[],"yoast_head":"<!-- This site is optimized with the Yoast SEO plugin v20.1 - https:\/\/yoast.com\/wordpress\/plugins\/seo\/ -->\n<title>Frigo ARB 60L - ReulSport - Landrover specialist - Iveco partner<\/title>\n<meta name=\"robots\" content=\"index, follow, max-snippet:-1, max-image-preview:large, max-video-preview:-1\" \/>\n<link rel=\"canonical\" href=\"https:\/\/www.reulsport.com\/de\/produit\/frigo-arb-60l\/\" \/>\n<meta property=\"og:locale\" content=\"de_DE\" \/>\n<meta property=\"og:type\" content=\"article\" \/>\n<meta property=\"og:title\" content=\"Frigo ARB 60L - ReulSport - Landrover specialist - Iveco partner\" \/>\n<meta property=\"og:description\" content=\"D\u00e9couvrez la libert\u00e9 du r\u00e9frig\u00e9rateur Pr\u00e9sentant la nouvelle g\u00e9n\u00e9ration de r\u00e9frig\u00e9rateurs portables ARB, la gamme de r\u00e9frig\u00e9rateurs cong\u00e9lateurs ARB a \u00e9t\u00e9 sp\u00e9cialement con\u00e7ue et construite pour une utilisation hors route. D\u00e9velopp\u00e9 en Australie pour r\u00e9pondre aux conditions uniques de l&#8217;Outback, un r\u00e9frig\u00e9rateur-cong\u00e9lateur ARB offre la commodit\u00e9 d&#8217;avoir des aliments froids et des boissons, peu importe [&hellip;]\" \/>\n<meta property=\"og:url\" content=\"https:\/\/www.reulsport.com\/de\/produit\/frigo-arb-60l\/\" \/>\n<meta property=\"og:site_name\" content=\"ReulSport - Landrover specialist - Iveco partner\" \/>\n<meta property=\"article:modified_time\" content=\"2021-01-26T13:06:52+00:00\" \/>\n<meta property=\"og:image\" content=\"https:\/\/www.reulsport.com\/wp-content\/uploads\/2020\/07\/35.png\" \/>\n\t<meta property=\"og:image:width\" content=\"350\" \/>\n\t<meta property=\"og:image:height\" content=\"350\" \/>\n\t<meta property=\"og:image:type\" content=\"image\/png\" \/>\n<meta name=\"twitter:card\" content=\"summary_large_image\" \/>\n<meta name=\"twitter:label1\" content=\"Gesch\u00e4tzte Lesezeit\" \/>\n\t<meta name=\"twitter:data1\" content=\"2\u00a0Minuten\" \/>\n<script type=\"application\/ld+json\" class=\"yoast-schema-graph\">{\"@context\":\"https:\/\/schema.org\",\"@graph\":[{\"@type\":\"WebPage\",\"@id\":\"https:\/\/www.reulsport.com\/de\/produit\/frigo-arb-60l\/\",\"url\":\"https:\/\/www.reulsport.com\/de\/produit\/frigo-arb-60l\/\",\"name\":\"Frigo ARB 60L - ReulSport - Landrover specialist - Iveco partner\",\"isPartOf\":{\"@id\":\"https:\/\/www.reulsport.com\/#website\"},\"datePublished\":\"2020-07-08T06:16:17+00:00\",\"dateModified\":\"2021-01-26T13:06:52+00:00\",\"breadcrumb\":{\"@id\":\"https:\/\/www.reulsport.com\/de\/produit\/frigo-arb-60l\/#breadcrumb\"},\"inLanguage\":\"de\",\"potentialAction\":[{\"@type\":\"ReadAction\",\"target\":[\"https:\/\/www.reulsport.com\/de\/produit\/frigo-arb-60l\/\"]}]},{\"@type\":\"BreadcrumbList\",\"@id\":\"https:\/\/www.reulsport.com\/de\/produit\/frigo-arb-60l\/#breadcrumb\",\"itemListElement\":[{\"@type\":\"ListItem\",\"position\":1,\"name\":\"Accueil\",\"item\":\"https:\/\/www.reulsport.com\/de\/\"},{\"@type\":\"ListItem\",\"position\":2,\"name\":\"Shop\",\"item\":\"https:\/\/www.reulsport.com\/de\/shop-2\/\"},{\"@type\":\"ListItem\",\"position\":3,\"name\":\"Frigo ARB 60L\"}]},{\"@type\":\"WebSite\",\"@id\":\"https:\/\/www.reulsport.com\/#website\",\"url\":\"https:\/\/www.reulsport.com\/\",\"name\":\"ReulSport - Landrover specialist - Iveco partner\",\"description\":\"ReulSport est un garage Ineos, Iveco et Polaris dans la r\u00e9gion de Verviers et Li\u00e8ge. Sp\u00e9cialiste de l&#039;Offroad, de la pr\u00e9paration et de l&#039;accessoirisation. .\",\"potentialAction\":[{\"@type\":\"SearchAction\",\"target\":{\"@type\":\"EntryPoint\",\"urlTemplate\":\"https:\/\/www.reulsport.com\/?s={search_term_string}\"},\"query-input\":\"required name=search_term_string\"}],\"inLanguage\":\"de\"}]}<\/script>\n<!-- \/ Yoast SEO plugin. -->","yoast_head_json":{"title":"Frigo ARB 60L - ReulSport - Landrover specialist - Iveco partner","robots":{"index":"index","follow":"follow","max-snippet":"max-snippet:-1","max-image-preview":"max-image-preview:large","max-video-preview":"max-video-preview:-1"},"canonical":"https:\/\/www.reulsport.com\/de\/produit\/frigo-arb-60l\/","og_locale":"de_DE","og_type":"article","og_title":"Frigo ARB 60L - ReulSport - Landrover specialist - Iveco partner","og_description":"D\u00e9couvrez la libert\u00e9 du r\u00e9frig\u00e9rateur Pr\u00e9sentant la nouvelle g\u00e9n\u00e9ration de r\u00e9frig\u00e9rateurs portables ARB, la gamme de r\u00e9frig\u00e9rateurs cong\u00e9lateurs ARB a \u00e9t\u00e9 sp\u00e9cialement con\u00e7ue et construite pour une utilisation hors route. D\u00e9velopp\u00e9 en Australie pour r\u00e9pondre aux conditions uniques de l&#8217;Outback, un r\u00e9frig\u00e9rateur-cong\u00e9lateur ARB offre la commodit\u00e9 d&#8217;avoir des aliments froids et des boissons, peu importe [&hellip;]","og_url":"https:\/\/www.reulsport.com\/de\/produit\/frigo-arb-60l\/","og_site_name":"ReulSport - Landrover specialist - Iveco partner","article_modified_time":"2021-01-26T13:06:52+00:00","og_image":[{"width":350,"height":350,"url":"https:\/\/www.reulsport.com\/wp-content\/uploads\/2020\/07\/35.png","type":"image\/png"}],"twitter_card":"summary_large_image","twitter_misc":{"Gesch\u00e4tzte Lesezeit":"2\u00a0Minuten"},"schema":{"@context":"https:\/\/schema.org","@graph":[{"@type":"WebPage","@id":"https:\/\/www.reulsport.com\/de\/produit\/frigo-arb-60l\/","url":"https:\/\/www.reulsport.com\/de\/produit\/frigo-arb-60l\/","name":"Frigo ARB 60L - ReulSport - Landrover specialist - Iveco partner","isPartOf":{"@id":"https:\/\/www.reulsport.com\/#website"},"datePublished":"2020-07-08T06:16:17+00:00","dateModified":"2021-01-26T13:06:52+00:00","breadcrumb":{"@id":"https:\/\/www.reulsport.com\/de\/produit\/frigo-arb-60l\/#breadcrumb"},"inLanguage":"de","potentialAction":[{"@type":"ReadAction","target":["https:\/\/www.reulsport.com\/de\/produit\/frigo-arb-60l\/"]}]},{"@type":"BreadcrumbList","@id":"https:\/\/www.reulsport.com\/de\/produit\/frigo-arb-60l\/#breadcrumb","itemListElement":[{"@type":"ListItem","position":1,"name":"Accueil","item":"https:\/\/www.reulsport.com\/de\/"},{"@type":"ListItem","position":2,"name":"Shop","item":"https:\/\/www.reulsport.com\/de\/shop-2\/"},{"@type":"ListItem","position":3,"name":"Frigo ARB 60L"}]},{"@type":"WebSite","@id":"https:\/\/www.reulsport.com\/#website","url":"https:\/\/www.reulsport.com\/","name":"ReulSport - Landrover specialist - Iveco partner","description":"ReulSport est un garage Ineos, Iveco et Polaris dans la r\u00e9gion de Verviers et Li\u00e8ge. Sp\u00e9cialiste de l&#039;Offroad, de la pr\u00e9paration et de l&#039;accessoirisation. .","potentialAction":[{"@type":"SearchAction","target":{"@type":"EntryPoint","urlTemplate":"https:\/\/www.reulsport.com\/?s={search_term_string}"},"query-input":"required name=search_term_string"}],"inLanguage":"de"}]}},"_links":{"self":[{"href":"https:\/\/www.reulsport.com\/de\/wp-json\/wp\/v2\/product\/25257"}],"collection":[{"href":"https:\/\/www.reulsport.com\/de\/wp-json\/wp\/v2\/product"}],"about":[{"href":"https:\/\/www.reulsport.com\/de\/wp-json\/wp\/v2\/types\/product"}],"replies":[{"embeddable":true,"href":"https:\/\/www.reulsport.com\/de\/wp-json\/wp\/v2\/comments?post=25257"}],"wp:featuredmedia":[{"embeddable":true,"href":"https:\/\/www.reulsport.com\/de\/wp-json\/wp\/v2\/media\/19097"}],"wp:attachment":[{"href":"https:\/\/www.reulsport.com\/de\/wp-json\/wp\/v2\/media?parent=25257"}],"wp:term":[{"taxonomy":"product_cat","embeddable":true,"href":"https:\/\/www.reulsport.com\/de\/wp-json\/wp\/v2\/product_cat?post=25257"},{"taxonomy":"product_tag","embeddable":true,"href":"https:\/\/www.reulsport.com\/de\/wp-json\/wp\/v2\/product_tag?post=25257"}],"curies":[{"name":"wp","href":"https:\/\/api.w.org\/{rel}","templated":true}]}}