{"id":25418,"date":"2020-02-14T14:46:22","date_gmt":"2020-02-14T13:46:22","guid":{"rendered":"https:\/\/www.reulsport.com\/produit\/visionx-boitier-anti-flickering\/"},"modified":"2022-09-22T16:22:40","modified_gmt":"2022-09-22T14:22:40","slug":"visionx-boitier-anti-flickering","status":"publish","type":"product","link":"https:\/\/www.reulsport.com\/de\/produit\/visionx-boitier-anti-flickering\/","title":{"rendered":"VisionX &#8211; Boitier Anti-Flickering"},"content":{"rendered":"\r\n<p>Lors du montage des feux VisionX Vortex sur les JEEP WRANGLER JK apr\u00e8s 2012 avec le syst\u00e8me &#8222;canbus&#8220;, ou autre vehicule multiplex\u00e9 il est n\u00e9cessaire d&#8217;installer ce boitier afin d&#8217;\u00e9viter une anomalie de fonctionnement du syst\u00e8me d&#8217;\u00e9clairage.<br \/>\r\n<br \/>\r\nDisponible en version<strong> normale<\/strong> et <strong>connecteur H13<\/strong>.<\/p>\r\n","protected":false},"excerpt":{"rendered":"<p>Lors du montage des feux VisionX Vortex sur les JEEP WRANGLER JK apr\u00e8s 2012 avec le syst\u00e8me &#8222;canbus&#8220;, ou autre vehicule multiplex\u00e9 il est n\u00e9cessaire d&#8217;installer ce boitier afin d&#8217;\u00e9viter une anomalie de fonctionnement du syst\u00e8me d&#8217;\u00e9clairage. Disponible en version normale et connecteur H13.<\/p>\n","protected":false},"featured_media":15366,"comment_status":"open","ping_status":"closed","template":"","meta":[],"product_cat":[99],"product_tag":[198],"acf":[],"yoast_head":"<!-- This site is optimized with the Yoast SEO plugin v20.1 - https:\/\/yoast.com\/wordpress\/plugins\/seo\/ -->\n<title>VisionX - Boitier Anti-Flickering - ReulSport - Landrover specialist - Iveco partner<\/title>\n<meta name=\"robots\" content=\"index, follow, max-snippet:-1, max-image-preview:large, max-video-preview:-1\" \/>\n<link rel=\"canonical\" href=\"https:\/\/www.reulsport.com\/de\/produit\/visionx-boitier-anti-flickering\/\" \/>\n<meta property=\"og:locale\" content=\"de_DE\" \/>\n<meta property=\"og:type\" content=\"article\" \/>\n<meta property=\"og:title\" content=\"VisionX - Boitier Anti-Flickering - ReulSport - Landrover specialist - Iveco partner\" \/>\n<meta property=\"og:description\" content=\"Lors du montage des feux VisionX Vortex sur les JEEP WRANGLER JK apr\u00e8s 2012 avec le syst\u00e8me &#8222;canbus&#8220;, ou autre vehicule multiplex\u00e9 il est n\u00e9cessaire d&#8217;installer ce boitier afin d&#8217;\u00e9viter une anomalie de fonctionnement du syst\u00e8me d&#8217;\u00e9clairage. Disponible en version normale et connecteur H13.\" \/>\n<meta property=\"og:url\" content=\"https:\/\/www.reulsport.com\/de\/produit\/visionx-boitier-anti-flickering\/\" \/>\n<meta property=\"og:site_name\" content=\"ReulSport - Landrover specialist - Iveco partner\" \/>\n<meta property=\"article:modified_time\" content=\"2022-09-22T14:22:40+00:00\" \/>\n<meta property=\"og:image\" content=\"https:\/\/www.reulsport.com\/wp-content\/uploads\/2020\/02\/P-HLCBA.jpg\" \/>\n\t<meta property=\"og:image:width\" content=\"740\" \/>\n\t<meta property=\"og:image:height\" content=\"400\" \/>\n\t<meta property=\"og:image:type\" content=\"image\/jpeg\" \/>\n<meta name=\"twitter:card\" content=\"summary_large_image\" \/>\n<script type=\"application\/ld+json\" class=\"yoast-schema-graph\">{\"@context\":\"https:\/\/schema.org\",\"@graph\":[{\"@type\":\"WebPage\",\"@id\":\"https:\/\/www.reulsport.com\/de\/produit\/visionx-boitier-anti-flickering\/\",\"url\":\"https:\/\/www.reulsport.com\/de\/produit\/visionx-boitier-anti-flickering\/\",\"name\":\"VisionX - Boitier Anti-Flickering - ReulSport - Landrover specialist - Iveco partner\",\"isPartOf\":{\"@id\":\"https:\/\/www.reulsport.com\/#website\"},\"datePublished\":\"2020-02-14T13:46:22+00:00\",\"dateModified\":\"2022-09-22T14:22:40+00:00\",\"breadcrumb\":{\"@id\":\"https:\/\/www.reulsport.com\/de\/produit\/visionx-boitier-anti-flickering\/#breadcrumb\"},\"inLanguage\":\"de\",\"potentialAction\":[{\"@type\":\"ReadAction\",\"target\":[\"https:\/\/www.reulsport.com\/de\/produit\/visionx-boitier-anti-flickering\/\"]}]},{\"@type\":\"BreadcrumbList\",\"@id\":\"https:\/\/www.reulsport.com\/de\/produit\/visionx-boitier-anti-flickering\/#breadcrumb\",\"itemListElement\":[{\"@type\":\"ListItem\",\"position\":1,\"name\":\"Accueil\",\"item\":\"https:\/\/www.reulsport.com\/de\/\"},{\"@type\":\"ListItem\",\"position\":2,\"name\":\"Shop\",\"item\":\"https:\/\/www.reulsport.com\/de\/shop-2\/\"},{\"@type\":\"ListItem\",\"position\":3,\"name\":\"VisionX &#8211; Boitier Anti-Flickering\"}]},{\"@type\":\"WebSite\",\"@id\":\"https:\/\/www.reulsport.com\/#website\",\"url\":\"https:\/\/www.reulsport.com\/\",\"name\":\"ReulSport - Landrover specialist - Iveco partner\",\"description\":\"ReulSport est un garage Ineos, Iveco et Polaris dans la r\u00e9gion de Verviers et Li\u00e8ge. Sp\u00e9cialiste de l&#039;Offroad, de la pr\u00e9paration et de l&#039;accessoirisation. .\",\"potentialAction\":[{\"@type\":\"SearchAction\",\"target\":{\"@type\":\"EntryPoint\",\"urlTemplate\":\"https:\/\/www.reulsport.com\/?s={search_term_string}\"},\"query-input\":\"required name=search_term_string\"}],\"inLanguage\":\"de\"}]}<\/script>\n<!-- \/ Yoast SEO plugin. -->","yoast_head_json":{"title":"VisionX - Boitier Anti-Flickering - ReulSport - Landrover specialist - Iveco partner","robots":{"index":"index","follow":"follow","max-snippet":"max-snippet:-1","max-image-preview":"max-image-preview:large","max-video-preview":"max-video-preview:-1"},"canonical":"https:\/\/www.reulsport.com\/de\/produit\/visionx-boitier-anti-flickering\/","og_locale":"de_DE","og_type":"article","og_title":"VisionX - Boitier Anti-Flickering - ReulSport - Landrover specialist - Iveco partner","og_description":"Lors du montage des feux VisionX Vortex sur les JEEP WRANGLER JK apr\u00e8s 2012 avec le syst\u00e8me &#8222;canbus&#8220;, ou autre vehicule multiplex\u00e9 il est n\u00e9cessaire d&#8217;installer ce boitier afin d&#8217;\u00e9viter une anomalie de fonctionnement du syst\u00e8me d&#8217;\u00e9clairage. Disponible en version normale et connecteur H13.","og_url":"https:\/\/www.reulsport.com\/de\/produit\/visionx-boitier-anti-flickering\/","og_site_name":"ReulSport - Landrover specialist - Iveco partner","article_modified_time":"2022-09-22T14:22:40+00:00","og_image":[{"width":740,"height":400,"url":"https:\/\/www.reulsport.com\/wp-content\/uploads\/2020\/02\/P-HLCBA.jpg","type":"image\/jpeg"}],"twitter_card":"summary_large_image","schema":{"@context":"https:\/\/schema.org","@graph":[{"@type":"WebPage","@id":"https:\/\/www.reulsport.com\/de\/produit\/visionx-boitier-anti-flickering\/","url":"https:\/\/www.reulsport.com\/de\/produit\/visionx-boitier-anti-flickering\/","name":"VisionX - Boitier Anti-Flickering - ReulSport - Landrover specialist - Iveco partner","isPartOf":{"@id":"https:\/\/www.reulsport.com\/#website"},"datePublished":"2020-02-14T13:46:22+00:00","dateModified":"2022-09-22T14:22:40+00:00","breadcrumb":{"@id":"https:\/\/www.reulsport.com\/de\/produit\/visionx-boitier-anti-flickering\/#breadcrumb"},"inLanguage":"de","potentialAction":[{"@type":"ReadAction","target":["https:\/\/www.reulsport.com\/de\/produit\/visionx-boitier-anti-flickering\/"]}]},{"@type":"BreadcrumbList","@id":"https:\/\/www.reulsport.com\/de\/produit\/visionx-boitier-anti-flickering\/#breadcrumb","itemListElement":[{"@type":"ListItem","position":1,"name":"Accueil","item":"https:\/\/www.reulsport.com\/de\/"},{"@type":"ListItem","position":2,"name":"Shop","item":"https:\/\/www.reulsport.com\/de\/shop-2\/"},{"@type":"ListItem","position":3,"name":"VisionX &#8211; Boitier Anti-Flickering"}]},{"@type":"WebSite","@id":"https:\/\/www.reulsport.com\/#website","url":"https:\/\/www.reulsport.com\/","name":"ReulSport - Landrover specialist - Iveco partner","description":"ReulSport est un garage Ineos, Iveco et Polaris dans la r\u00e9gion de Verviers et Li\u00e8ge. Sp\u00e9cialiste de l&#039;Offroad, de la pr\u00e9paration et de l&#039;accessoirisation. .","potentialAction":[{"@type":"SearchAction","target":{"@type":"EntryPoint","urlTemplate":"https:\/\/www.reulsport.com\/?s={search_term_string}"},"query-input":"required name=search_term_string"}],"inLanguage":"de"}]}},"_links":{"self":[{"href":"https:\/\/www.reulsport.com\/de\/wp-json\/wp\/v2\/product\/25418"}],"collection":[{"href":"https:\/\/www.reulsport.com\/de\/wp-json\/wp\/v2\/product"}],"about":[{"href":"https:\/\/www.reulsport.com\/de\/wp-json\/wp\/v2\/types\/product"}],"replies":[{"embeddable":true,"href":"https:\/\/www.reulsport.com\/de\/wp-json\/wp\/v2\/comments?post=25418"}],"wp:featuredmedia":[{"embeddable":true,"href":"https:\/\/www.reulsport.com\/de\/wp-json\/wp\/v2\/media\/15366"}],"wp:attachment":[{"href":"https:\/\/www.reulsport.com\/de\/wp-json\/wp\/v2\/media?parent=25418"}],"wp:term":[{"taxonomy":"product_cat","embeddable":true,"href":"https:\/\/www.reulsport.com\/de\/wp-json\/wp\/v2\/product_cat?post=25418"},{"taxonomy":"product_tag","embeddable":true,"href":"https:\/\/www.reulsport.com\/de\/wp-json\/wp\/v2\/product_tag?post=25418"}],"curies":[{"name":"wp","href":"https:\/\/api.w.org\/{rel}","templated":true}]}}