{"id":25432,"date":"2019-12-18T17:59:09","date_gmt":"2019-12-18T16:59:09","guid":{"rendered":"https:\/\/www.reulsport.com\/produit\/sabot-pour-cric-arb-jack\/"},"modified":"2021-01-26T14:10:48","modified_gmt":"2021-01-26T13:10:48","slug":"sabot-pour-cric-arb-jack","status":"publish","type":"product","link":"https:\/\/www.reulsport.com\/de\/produit\/sabot-pour-cric-arb-jack\/","title":{"rendered":"Sabot pour cric ARB Jack"},"content":{"rendered":"\r\n<p>Con\u00e7u pour le <strong><a href=\"https:\/\/www.reulsport.com\/de\/produit\/cric-arb-jack\/\">cric ARB JACK<\/a><\/strong><\/p>\r\n\r\n\r\n<p>Le sabot pour ARB Jack offre aux 4 roues motrices une surface solide pendant les missions de r\u00e9cup\u00e9ration pour limiter le glissement ou s&#8217;enfoncer dans un sol mou lors de l&#8217;utilisation d&#8217;un cric.<\/p>\r\n\r\n\r\n<p>Fabriqu\u00e9e \u00e0 partir de poly\u00e9thyl\u00e8ne haute densit\u00e9 robuste et supportant jusqu&#8217;\u00e0 7 000 kg avec une base textur\u00e9e antid\u00e9rapante, le sabot ARB peut \u00e9galement \u00eatre mont\u00e9e sur les planches ARB TRED Pro.<\/p>\r\n\r\n\r\n<p>Caract\u00e9ristiques techniques :<\/p>\r\n\r\n\r\n<ul>\r\n\t<li>Sauvetage en toute s\u00e9curit\u00e9 sur des surfaces glissantes\u00a0<\/li>\r\n\t<li>Charge maximale jusqu&#8217;\u00e0 7 000 kg<\/li>\r\n\t<li>Couleur orange pour haute visibilit\u00e9<\/li>\r\n\t<li>Poign\u00e9e facile et confortable<\/li>\r\n\t<li>Peut \u00eatre utilis\u00e9 comme un r\u00e2teau pour niveler le terrain<\/li>\r\n\t<li>Peut \u00eatre utilis\u00e9 comme cale de roue ou r\u00e9cepteur de roue jockey<\/li>\r\n\t<li>Motif textur\u00e9 antid\u00e9rapant en bas<\/li>\r\n\t<li>Dimensions et poids\u00a0:\u00a0343 x 304 x 56mm (1,2 kg)<\/li>\r\n<\/ul>\r\n","protected":false},"excerpt":{"rendered":"<p>Con\u00e7u pour le cric ARB JACK Le sabot pour ARB Jack offre aux 4 roues motrices une surface solide pendant les missions de r\u00e9cup\u00e9ration pour limiter le glissement ou s&#8217;enfoncer dans un sol mou lors de l&#8217;utilisation d&#8217;un cric. Fabriqu\u00e9e \u00e0 partir de poly\u00e9thyl\u00e8ne haute densit\u00e9 robuste et supportant jusqu&#8217;\u00e0 7 000 kg avec une [&hellip;]<\/p>\n","protected":false},"featured_media":15235,"comment_status":"open","ping_status":"closed","template":"","meta":[],"product_cat":[74],"product_tag":[211],"acf":[],"yoast_head":"<!-- This site is optimized with the Yoast SEO plugin v20.1 - https:\/\/yoast.com\/wordpress\/plugins\/seo\/ -->\n<title>Sabot pour cric ARB Jack - ReulSport - Landrover specialist - Iveco partner<\/title>\n<meta name=\"robots\" content=\"index, follow, max-snippet:-1, max-image-preview:large, max-video-preview:-1\" \/>\n<link rel=\"canonical\" href=\"https:\/\/www.reulsport.com\/de\/produit\/sabot-pour-cric-arb-jack\/\" \/>\n<meta property=\"og:locale\" content=\"de_DE\" \/>\n<meta property=\"og:type\" content=\"article\" \/>\n<meta property=\"og:title\" content=\"Sabot pour cric ARB Jack - ReulSport - Landrover specialist - Iveco partner\" \/>\n<meta property=\"og:description\" content=\"Con\u00e7u pour le cric ARB JACK Le sabot pour ARB Jack offre aux 4 roues motrices une surface solide pendant les missions de r\u00e9cup\u00e9ration pour limiter le glissement ou s&#8217;enfoncer dans un sol mou lors de l&#8217;utilisation d&#8217;un cric. Fabriqu\u00e9e \u00e0 partir de poly\u00e9thyl\u00e8ne haute densit\u00e9 robuste et supportant jusqu&#8217;\u00e0 7 000 kg avec une [&hellip;]\" \/>\n<meta property=\"og:url\" content=\"https:\/\/www.reulsport.com\/de\/produit\/sabot-pour-cric-arb-jack\/\" \/>\n<meta property=\"og:site_name\" content=\"ReulSport - Landrover specialist - Iveco partner\" \/>\n<meta property=\"article:modified_time\" content=\"2021-01-26T13:10:48+00:00\" \/>\n<meta property=\"og:image\" content=\"https:\/\/www.reulsport.com\/wp-content\/uploads\/2019\/12\/ARBJACK_base_538x580.png\" \/>\n\t<meta property=\"og:image:width\" content=\"538\" \/>\n\t<meta property=\"og:image:height\" content=\"580\" \/>\n\t<meta property=\"og:image:type\" content=\"image\/png\" \/>\n<meta name=\"twitter:card\" content=\"summary_large_image\" \/>\n<meta name=\"twitter:label1\" content=\"Gesch\u00e4tzte Lesezeit\" \/>\n\t<meta name=\"twitter:data1\" content=\"1\u00a0Minute\" \/>\n<script type=\"application\/ld+json\" class=\"yoast-schema-graph\">{\"@context\":\"https:\/\/schema.org\",\"@graph\":[{\"@type\":\"WebPage\",\"@id\":\"https:\/\/www.reulsport.com\/de\/produit\/sabot-pour-cric-arb-jack\/\",\"url\":\"https:\/\/www.reulsport.com\/de\/produit\/sabot-pour-cric-arb-jack\/\",\"name\":\"Sabot pour cric ARB Jack - ReulSport - Landrover specialist - Iveco partner\",\"isPartOf\":{\"@id\":\"https:\/\/www.reulsport.com\/#website\"},\"datePublished\":\"2019-12-18T16:59:09+00:00\",\"dateModified\":\"2021-01-26T13:10:48+00:00\",\"breadcrumb\":{\"@id\":\"https:\/\/www.reulsport.com\/de\/produit\/sabot-pour-cric-arb-jack\/#breadcrumb\"},\"inLanguage\":\"de\",\"potentialAction\":[{\"@type\":\"ReadAction\",\"target\":[\"https:\/\/www.reulsport.com\/de\/produit\/sabot-pour-cric-arb-jack\/\"]}]},{\"@type\":\"BreadcrumbList\",\"@id\":\"https:\/\/www.reulsport.com\/de\/produit\/sabot-pour-cric-arb-jack\/#breadcrumb\",\"itemListElement\":[{\"@type\":\"ListItem\",\"position\":1,\"name\":\"Accueil\",\"item\":\"https:\/\/www.reulsport.com\/de\/\"},{\"@type\":\"ListItem\",\"position\":2,\"name\":\"Shop\",\"item\":\"https:\/\/www.reulsport.com\/de\/shop-2\/\"},{\"@type\":\"ListItem\",\"position\":3,\"name\":\"Sabot pour cric ARB Jack\"}]},{\"@type\":\"WebSite\",\"@id\":\"https:\/\/www.reulsport.com\/#website\",\"url\":\"https:\/\/www.reulsport.com\/\",\"name\":\"ReulSport - Landrover specialist - Iveco partner\",\"description\":\"ReulSport est un garage Ineos, Iveco et Polaris dans la r\u00e9gion de Verviers et Li\u00e8ge. Sp\u00e9cialiste de l&#039;Offroad, de la pr\u00e9paration et de l&#039;accessoirisation. .\",\"potentialAction\":[{\"@type\":\"SearchAction\",\"target\":{\"@type\":\"EntryPoint\",\"urlTemplate\":\"https:\/\/www.reulsport.com\/?s={search_term_string}\"},\"query-input\":\"required name=search_term_string\"}],\"inLanguage\":\"de\"}]}<\/script>\n<!-- \/ Yoast SEO plugin. -->","yoast_head_json":{"title":"Sabot pour cric ARB Jack - ReulSport - Landrover specialist - Iveco partner","robots":{"index":"index","follow":"follow","max-snippet":"max-snippet:-1","max-image-preview":"max-image-preview:large","max-video-preview":"max-video-preview:-1"},"canonical":"https:\/\/www.reulsport.com\/de\/produit\/sabot-pour-cric-arb-jack\/","og_locale":"de_DE","og_type":"article","og_title":"Sabot pour cric ARB Jack - ReulSport - Landrover specialist - Iveco partner","og_description":"Con\u00e7u pour le cric ARB JACK Le sabot pour ARB Jack offre aux 4 roues motrices une surface solide pendant les missions de r\u00e9cup\u00e9ration pour limiter le glissement ou s&#8217;enfoncer dans un sol mou lors de l&#8217;utilisation d&#8217;un cric. Fabriqu\u00e9e \u00e0 partir de poly\u00e9thyl\u00e8ne haute densit\u00e9 robuste et supportant jusqu&#8217;\u00e0 7 000 kg avec une [&hellip;]","og_url":"https:\/\/www.reulsport.com\/de\/produit\/sabot-pour-cric-arb-jack\/","og_site_name":"ReulSport - Landrover specialist - Iveco partner","article_modified_time":"2021-01-26T13:10:48+00:00","og_image":[{"width":538,"height":580,"url":"https:\/\/www.reulsport.com\/wp-content\/uploads\/2019\/12\/ARBJACK_base_538x580.png","type":"image\/png"}],"twitter_card":"summary_large_image","twitter_misc":{"Gesch\u00e4tzte Lesezeit":"1\u00a0Minute"},"schema":{"@context":"https:\/\/schema.org","@graph":[{"@type":"WebPage","@id":"https:\/\/www.reulsport.com\/de\/produit\/sabot-pour-cric-arb-jack\/","url":"https:\/\/www.reulsport.com\/de\/produit\/sabot-pour-cric-arb-jack\/","name":"Sabot pour cric ARB Jack - ReulSport - Landrover specialist - Iveco partner","isPartOf":{"@id":"https:\/\/www.reulsport.com\/#website"},"datePublished":"2019-12-18T16:59:09+00:00","dateModified":"2021-01-26T13:10:48+00:00","breadcrumb":{"@id":"https:\/\/www.reulsport.com\/de\/produit\/sabot-pour-cric-arb-jack\/#breadcrumb"},"inLanguage":"de","potentialAction":[{"@type":"ReadAction","target":["https:\/\/www.reulsport.com\/de\/produit\/sabot-pour-cric-arb-jack\/"]}]},{"@type":"BreadcrumbList","@id":"https:\/\/www.reulsport.com\/de\/produit\/sabot-pour-cric-arb-jack\/#breadcrumb","itemListElement":[{"@type":"ListItem","position":1,"name":"Accueil","item":"https:\/\/www.reulsport.com\/de\/"},{"@type":"ListItem","position":2,"name":"Shop","item":"https:\/\/www.reulsport.com\/de\/shop-2\/"},{"@type":"ListItem","position":3,"name":"Sabot pour cric ARB Jack"}]},{"@type":"WebSite","@id":"https:\/\/www.reulsport.com\/#website","url":"https:\/\/www.reulsport.com\/","name":"ReulSport - Landrover specialist - Iveco partner","description":"ReulSport est un garage Ineos, Iveco et Polaris dans la r\u00e9gion de Verviers et Li\u00e8ge. Sp\u00e9cialiste de l&#039;Offroad, de la pr\u00e9paration et de l&#039;accessoirisation. .","potentialAction":[{"@type":"SearchAction","target":{"@type":"EntryPoint","urlTemplate":"https:\/\/www.reulsport.com\/?s={search_term_string}"},"query-input":"required name=search_term_string"}],"inLanguage":"de"}]}},"_links":{"self":[{"href":"https:\/\/www.reulsport.com\/de\/wp-json\/wp\/v2\/product\/25432"}],"collection":[{"href":"https:\/\/www.reulsport.com\/de\/wp-json\/wp\/v2\/product"}],"about":[{"href":"https:\/\/www.reulsport.com\/de\/wp-json\/wp\/v2\/types\/product"}],"replies":[{"embeddable":true,"href":"https:\/\/www.reulsport.com\/de\/wp-json\/wp\/v2\/comments?post=25432"}],"wp:featuredmedia":[{"embeddable":true,"href":"https:\/\/www.reulsport.com\/de\/wp-json\/wp\/v2\/media\/15235"}],"wp:attachment":[{"href":"https:\/\/www.reulsport.com\/de\/wp-json\/wp\/v2\/media?parent=25432"}],"wp:term":[{"taxonomy":"product_cat","embeddable":true,"href":"https:\/\/www.reulsport.com\/de\/wp-json\/wp\/v2\/product_cat?post=25432"},{"taxonomy":"product_tag","embeddable":true,"href":"https:\/\/www.reulsport.com\/de\/wp-json\/wp\/v2\/product_tag?post=25432"}],"curies":[{"name":"wp","href":"https:\/\/api.w.org\/{rel}","templated":true}]}}