{"id":25621,"date":"2020-12-22T11:58:15","date_gmt":"2020-12-22T10:58:15","guid":{"rendered":"https:\/\/www.reulsport.com\/?post_type=product&#038;p=25621"},"modified":"2022-05-24T11:39:04","modified_gmt":"2022-05-24T09:39:04","slug":"barre-arriere-led-ambree-rouge-ou-blanche","status":"publish","type":"product","link":"https:\/\/www.reulsport.com\/de\/produit\/barre-arriere-led-ambree-rouge-ou-blanche\/","title":{"rendered":"Barre led Chaser"},"content":{"rendered":"<p><strong>Syst\u00e8me de barre LED de guidage arri\u00e8re<\/strong><\/p>\n<p>La barre visionX CHASER offre des couleurs LED \u00e0 haut rendement dans un boitier \u00e9l\u00e9gant et profil\u00e9 avec un faisceau lumineux intense. Cette barre peut-\u00eatre configur\u00e9e comme feu de course et feu de freinage car \u00e0 ses troise couleurs possibles (ambr\u00e9e, rouge, ou blanche). Disponible avec ou sans l\u2019unit\u00e9 clignotante.<\/p>\n<p><strong>Deux options de montage:<\/strong><\/p>\n<p>Gr\u00e2ce \u00e0 ses deux options de montage (capuchon d\u2019extr\u00e9mit\u00e9 et pieds de montage brevet\u00e9s) la barre CHASER est la solution ultime pour votre v\u00e9hicule.<\/p>\n<p>Caract\u00e9ristiques\u00a0 :<\/p>\n<p>\u00a0Led : 21 x 3W | 27 x 3W<\/p>\n<p>Structure : aluminium<\/p>\n<p>Couleur led : Rouge, Orange et Blanc<\/p>\n<p>Dimensions 21 LED : 694 x 52 x 62 mm<\/p>\n<p>Dimensions 27 LED : 886 x 52 x 62 mm<\/p>\n<p>Poids : 2.74 kg (21 LEDs) | 3.48 kg (27 LEDs)<\/p>\n<p>\u00a0Tension : 9-32V DC<\/p>\n<p>\u00a0Amp\u00e9rage\u00a0(21 LEDs): 2.9A@24V DC &#8211; 5.75A@12V DC<\/p>\n<p>Amp\u00e9rage (27 LEDs): 3.6A@24V DC &#8211; 7.25A@12V DC<\/p>\n<p>\u00a0Estimation de vibration : 15.6 Grms<\/p>\n<p>\u00a0Mat\u00e9riau de la lentille : Polycarbonate<\/p>\n<p>Merci de nous consulter pour les prix.<\/p>\n","protected":false},"excerpt":{"rendered":"<p>Syst\u00e8me de barre LED de guidage arri\u00e8re La barre visionX CHASER offre des couleurs LED \u00e0 haut rendement dans un boitier \u00e9l\u00e9gant et profil\u00e9 avec un faisceau lumineux intense. Cette barre peut-\u00eatre configur\u00e9e comme feu de course et feu de freinage car \u00e0 ses troise couleurs possibles (ambr\u00e9e, rouge, ou blanche). Disponible avec ou sans [&hellip;]<\/p>\n","protected":false},"featured_media":25668,"comment_status":"open","ping_status":"closed","template":"","meta":[],"product_cat":[99],"product_tag":[198],"acf":[],"yoast_head":"<!-- This site is optimized with the Yoast SEO plugin v20.1 - https:\/\/yoast.com\/wordpress\/plugins\/seo\/ -->\n<title>Barre led Chaser - ReulSport - Landrover specialist - Iveco partner<\/title>\n<meta name=\"robots\" content=\"index, follow, max-snippet:-1, max-image-preview:large, max-video-preview:-1\" \/>\n<link rel=\"canonical\" href=\"https:\/\/www.reulsport.com\/de\/produit\/barre-arriere-led-ambree-rouge-ou-blanche\/\" \/>\n<meta property=\"og:locale\" content=\"de_DE\" \/>\n<meta property=\"og:type\" content=\"article\" \/>\n<meta property=\"og:title\" content=\"Barre led Chaser - ReulSport - Landrover specialist - Iveco partner\" \/>\n<meta property=\"og:description\" content=\"Syst\u00e8me de barre LED de guidage arri\u00e8re La barre visionX CHASER offre des couleurs LED \u00e0 haut rendement dans un boitier \u00e9l\u00e9gant et profil\u00e9 avec un faisceau lumineux intense. Cette barre peut-\u00eatre configur\u00e9e comme feu de course et feu de freinage car \u00e0 ses troise couleurs possibles (ambr\u00e9e, rouge, ou blanche). Disponible avec ou sans [&hellip;]\" \/>\n<meta property=\"og:url\" content=\"https:\/\/www.reulsport.com\/de\/produit\/barre-arriere-led-ambree-rouge-ou-blanche\/\" \/>\n<meta property=\"og:site_name\" content=\"ReulSport - Landrover specialist - Iveco partner\" \/>\n<meta property=\"article:modified_time\" content=\"2022-05-24T09:39:04+00:00\" \/>\n<meta property=\"og:image\" content=\"https:\/\/www.reulsport.com\/wp-content\/uploads\/2020\/12\/XPR-CHASER.jpg\" \/>\n\t<meta property=\"og:image:width\" content=\"750\" \/>\n\t<meta property=\"og:image:height\" content=\"750\" \/>\n\t<meta property=\"og:image:type\" content=\"image\/jpeg\" \/>\n<meta name=\"twitter:card\" content=\"summary_large_image\" \/>\n<meta name=\"twitter:label1\" content=\"Gesch\u00e4tzte Lesezeit\" \/>\n\t<meta name=\"twitter:data1\" content=\"1\u00a0Minute\" \/>\n<script type=\"application\/ld+json\" class=\"yoast-schema-graph\">{\"@context\":\"https:\/\/schema.org\",\"@graph\":[{\"@type\":\"WebPage\",\"@id\":\"https:\/\/www.reulsport.com\/de\/produit\/barre-arriere-led-ambree-rouge-ou-blanche\/\",\"url\":\"https:\/\/www.reulsport.com\/de\/produit\/barre-arriere-led-ambree-rouge-ou-blanche\/\",\"name\":\"Barre led Chaser - ReulSport - Landrover specialist - Iveco partner\",\"isPartOf\":{\"@id\":\"https:\/\/www.reulsport.com\/#website\"},\"datePublished\":\"2020-12-22T10:58:15+00:00\",\"dateModified\":\"2022-05-24T09:39:04+00:00\",\"breadcrumb\":{\"@id\":\"https:\/\/www.reulsport.com\/de\/produit\/barre-arriere-led-ambree-rouge-ou-blanche\/#breadcrumb\"},\"inLanguage\":\"de\",\"potentialAction\":[{\"@type\":\"ReadAction\",\"target\":[\"https:\/\/www.reulsport.com\/de\/produit\/barre-arriere-led-ambree-rouge-ou-blanche\/\"]}]},{\"@type\":\"BreadcrumbList\",\"@id\":\"https:\/\/www.reulsport.com\/de\/produit\/barre-arriere-led-ambree-rouge-ou-blanche\/#breadcrumb\",\"itemListElement\":[{\"@type\":\"ListItem\",\"position\":1,\"name\":\"Accueil\",\"item\":\"https:\/\/www.reulsport.com\/de\/\"},{\"@type\":\"ListItem\",\"position\":2,\"name\":\"Shop\",\"item\":\"https:\/\/www.reulsport.com\/de\/shop-2\/\"},{\"@type\":\"ListItem\",\"position\":3,\"name\":\"Barre led Chaser\"}]},{\"@type\":\"WebSite\",\"@id\":\"https:\/\/www.reulsport.com\/#website\",\"url\":\"https:\/\/www.reulsport.com\/\",\"name\":\"ReulSport - Landrover specialist - Iveco partner\",\"description\":\"ReulSport est un garage Ineos, Iveco et Polaris dans la r\u00e9gion de Verviers et Li\u00e8ge. Sp\u00e9cialiste de l&#039;Offroad, de la pr\u00e9paration et de l&#039;accessoirisation. .\",\"potentialAction\":[{\"@type\":\"SearchAction\",\"target\":{\"@type\":\"EntryPoint\",\"urlTemplate\":\"https:\/\/www.reulsport.com\/?s={search_term_string}\"},\"query-input\":\"required name=search_term_string\"}],\"inLanguage\":\"de\"}]}<\/script>\n<!-- \/ Yoast SEO plugin. -->","yoast_head_json":{"title":"Barre led Chaser - ReulSport - Landrover specialist - Iveco partner","robots":{"index":"index","follow":"follow","max-snippet":"max-snippet:-1","max-image-preview":"max-image-preview:large","max-video-preview":"max-video-preview:-1"},"canonical":"https:\/\/www.reulsport.com\/de\/produit\/barre-arriere-led-ambree-rouge-ou-blanche\/","og_locale":"de_DE","og_type":"article","og_title":"Barre led Chaser - ReulSport - Landrover specialist - Iveco partner","og_description":"Syst\u00e8me de barre LED de guidage arri\u00e8re La barre visionX CHASER offre des couleurs LED \u00e0 haut rendement dans un boitier \u00e9l\u00e9gant et profil\u00e9 avec un faisceau lumineux intense. Cette barre peut-\u00eatre configur\u00e9e comme feu de course et feu de freinage car \u00e0 ses troise couleurs possibles (ambr\u00e9e, rouge, ou blanche). Disponible avec ou sans [&hellip;]","og_url":"https:\/\/www.reulsport.com\/de\/produit\/barre-arriere-led-ambree-rouge-ou-blanche\/","og_site_name":"ReulSport - Landrover specialist - Iveco partner","article_modified_time":"2022-05-24T09:39:04+00:00","og_image":[{"width":750,"height":750,"url":"https:\/\/www.reulsport.com\/wp-content\/uploads\/2020\/12\/XPR-CHASER.jpg","type":"image\/jpeg"}],"twitter_card":"summary_large_image","twitter_misc":{"Gesch\u00e4tzte Lesezeit":"1\u00a0Minute"},"schema":{"@context":"https:\/\/schema.org","@graph":[{"@type":"WebPage","@id":"https:\/\/www.reulsport.com\/de\/produit\/barre-arriere-led-ambree-rouge-ou-blanche\/","url":"https:\/\/www.reulsport.com\/de\/produit\/barre-arriere-led-ambree-rouge-ou-blanche\/","name":"Barre led Chaser - ReulSport - Landrover specialist - Iveco partner","isPartOf":{"@id":"https:\/\/www.reulsport.com\/#website"},"datePublished":"2020-12-22T10:58:15+00:00","dateModified":"2022-05-24T09:39:04+00:00","breadcrumb":{"@id":"https:\/\/www.reulsport.com\/de\/produit\/barre-arriere-led-ambree-rouge-ou-blanche\/#breadcrumb"},"inLanguage":"de","potentialAction":[{"@type":"ReadAction","target":["https:\/\/www.reulsport.com\/de\/produit\/barre-arriere-led-ambree-rouge-ou-blanche\/"]}]},{"@type":"BreadcrumbList","@id":"https:\/\/www.reulsport.com\/de\/produit\/barre-arriere-led-ambree-rouge-ou-blanche\/#breadcrumb","itemListElement":[{"@type":"ListItem","position":1,"name":"Accueil","item":"https:\/\/www.reulsport.com\/de\/"},{"@type":"ListItem","position":2,"name":"Shop","item":"https:\/\/www.reulsport.com\/de\/shop-2\/"},{"@type":"ListItem","position":3,"name":"Barre led Chaser"}]},{"@type":"WebSite","@id":"https:\/\/www.reulsport.com\/#website","url":"https:\/\/www.reulsport.com\/","name":"ReulSport - Landrover specialist - Iveco partner","description":"ReulSport est un garage Ineos, Iveco et Polaris dans la r\u00e9gion de Verviers et Li\u00e8ge. Sp\u00e9cialiste de l&#039;Offroad, de la pr\u00e9paration et de l&#039;accessoirisation. .","potentialAction":[{"@type":"SearchAction","target":{"@type":"EntryPoint","urlTemplate":"https:\/\/www.reulsport.com\/?s={search_term_string}"},"query-input":"required name=search_term_string"}],"inLanguage":"de"}]}},"_links":{"self":[{"href":"https:\/\/www.reulsport.com\/de\/wp-json\/wp\/v2\/product\/25621"}],"collection":[{"href":"https:\/\/www.reulsport.com\/de\/wp-json\/wp\/v2\/product"}],"about":[{"href":"https:\/\/www.reulsport.com\/de\/wp-json\/wp\/v2\/types\/product"}],"replies":[{"embeddable":true,"href":"https:\/\/www.reulsport.com\/de\/wp-json\/wp\/v2\/comments?post=25621"}],"wp:featuredmedia":[{"embeddable":true,"href":"https:\/\/www.reulsport.com\/de\/wp-json\/wp\/v2\/media\/25668"}],"wp:attachment":[{"href":"https:\/\/www.reulsport.com\/de\/wp-json\/wp\/v2\/media?parent=25621"}],"wp:term":[{"taxonomy":"product_cat","embeddable":true,"href":"https:\/\/www.reulsport.com\/de\/wp-json\/wp\/v2\/product_cat?post=25621"},{"taxonomy":"product_tag","embeddable":true,"href":"https:\/\/www.reulsport.com\/de\/wp-json\/wp\/v2\/product_tag?post=25621"}],"curies":[{"name":"wp","href":"https:\/\/api.w.org\/{rel}","templated":true}]}}