{"id":25679,"date":"2020-12-22T12:33:29","date_gmt":"2020-12-22T11:33:29","guid":{"rendered":"https:\/\/www.reulsport.com\/?post_type=product&#038;p=25679"},"modified":"2022-09-22T14:43:46","modified_gmt":"2022-09-22T12:43:46","slug":"barre-led-xpl-chaser","status":"publish","type":"product","link":"https:\/\/www.reulsport.com\/de\/produit\/barre-led-xpl-chaser\/","title":{"rendered":"Barre led XPL CHASER"},"content":{"rendered":"<p>La Vision X XPL Chaser Bar est livr\u00e9e en standard avec une section ext\u00e9rieure de feux arri\u00e8re \u00e0 led rouges de chaque c\u00f4t\u00e9 avec une fonction de lumi\u00e8re de freinage \u00e9claircissante, deux sections de led ambr\u00e9es une solide et une clignotante, et enfin une section blanche centrale plusieurs fois utilis\u00e9e comme feu de recul . Ces lumi\u00e8res sont livr\u00e9es avec deux supports de pied lat\u00e9raux solides.<\/p>\n<p>Caract\u00e9ristiques\u00a0 :<\/p>\n<p>\u00a0Led : 5W(WHite) 3W (color)<\/p>\n<p>Structure : aluminium<\/p>\n<p>Poids : 2.74 kg (21 LEDs) | 3.48 kg (27 LEDs)<\/p>\n<p>\u00a0Tension : 9-32V DC<\/p>\n<p>\u00a0Amp\u00e9rage : 2.8A-4.9A@24V DC &#8211; 5.75A-8.17A@12V DC<\/p>\n<p>\u00a0Estimation de vibration : 21 Grms<\/p>\n<p>\u00a0Mat\u00e9riau de la lentille : Polycarbonate<\/p>\n<p>5 fonctions :\u00a0 feu de freinage et de position \u00e0 led rouge\/ lumi\u00e8re ambre statique, lumi\u00e8re ambre clignotante \/ lumi\u00e8re blanche de marche arri\u00e8re, utilitaire.<\/p>\n<p>Merci de nous consulter pour les prix.<\/p>\n","protected":false},"excerpt":{"rendered":"<p>La Vision X XPL Chaser Bar est livr\u00e9e en standard avec une section ext\u00e9rieure de feux arri\u00e8re \u00e0 led rouges de chaque c\u00f4t\u00e9 avec une fonction de lumi\u00e8re de freinage \u00e9claircissante, deux sections de led ambr\u00e9es une solide et une clignotante, et enfin une section blanche centrale plusieurs fois utilis\u00e9e comme feu de recul . [&hellip;]<\/p>\n","protected":false},"featured_media":25704,"comment_status":"open","ping_status":"closed","template":"","meta":[],"product_cat":[99],"product_tag":[198],"acf":[],"yoast_head":"<!-- This site is optimized with the Yoast SEO plugin v20.1 - https:\/\/yoast.com\/wordpress\/plugins\/seo\/ -->\n<title>Barre led XPL CHASER - ReulSport - Landrover specialist - Iveco partner<\/title>\n<meta name=\"robots\" content=\"index, follow, max-snippet:-1, max-image-preview:large, max-video-preview:-1\" \/>\n<link rel=\"canonical\" href=\"https:\/\/www.reulsport.com\/de\/produit\/barre-led-xpl-chaser\/\" \/>\n<meta property=\"og:locale\" content=\"de_DE\" \/>\n<meta property=\"og:type\" content=\"article\" \/>\n<meta property=\"og:title\" content=\"Barre led XPL CHASER - ReulSport - Landrover specialist - Iveco partner\" \/>\n<meta property=\"og:description\" content=\"La Vision X XPL Chaser Bar est livr\u00e9e en standard avec une section ext\u00e9rieure de feux arri\u00e8re \u00e0 led rouges de chaque c\u00f4t\u00e9 avec une fonction de lumi\u00e8re de freinage \u00e9claircissante, deux sections de led ambr\u00e9es une solide et une clignotante, et enfin une section blanche centrale plusieurs fois utilis\u00e9e comme feu de recul . [&hellip;]\" \/>\n<meta property=\"og:url\" content=\"https:\/\/www.reulsport.com\/de\/produit\/barre-led-xpl-chaser\/\" \/>\n<meta property=\"og:site_name\" content=\"ReulSport - Landrover specialist - Iveco partner\" \/>\n<meta property=\"article:modified_time\" content=\"2022-09-22T12:43:46+00:00\" \/>\n<meta property=\"og:image\" content=\"https:\/\/www.reulsport.com\/wp-content\/uploads\/2020\/12\/XPL-Chaser.jpg\" \/>\n\t<meta property=\"og:image:width\" content=\"740\" \/>\n\t<meta property=\"og:image:height\" content=\"400\" \/>\n\t<meta property=\"og:image:type\" content=\"image\/jpeg\" \/>\n<meta name=\"twitter:card\" content=\"summary_large_image\" \/>\n<meta name=\"twitter:label1\" content=\"Gesch\u00e4tzte Lesezeit\" \/>\n\t<meta name=\"twitter:data1\" content=\"1\u00a0Minute\" \/>\n<script type=\"application\/ld+json\" class=\"yoast-schema-graph\">{\"@context\":\"https:\/\/schema.org\",\"@graph\":[{\"@type\":\"WebPage\",\"@id\":\"https:\/\/www.reulsport.com\/de\/produit\/barre-led-xpl-chaser\/\",\"url\":\"https:\/\/www.reulsport.com\/de\/produit\/barre-led-xpl-chaser\/\",\"name\":\"Barre led XPL CHASER - ReulSport - Landrover specialist - Iveco partner\",\"isPartOf\":{\"@id\":\"https:\/\/www.reulsport.com\/#website\"},\"datePublished\":\"2020-12-22T11:33:29+00:00\",\"dateModified\":\"2022-09-22T12:43:46+00:00\",\"breadcrumb\":{\"@id\":\"https:\/\/www.reulsport.com\/de\/produit\/barre-led-xpl-chaser\/#breadcrumb\"},\"inLanguage\":\"de\",\"potentialAction\":[{\"@type\":\"ReadAction\",\"target\":[\"https:\/\/www.reulsport.com\/de\/produit\/barre-led-xpl-chaser\/\"]}]},{\"@type\":\"BreadcrumbList\",\"@id\":\"https:\/\/www.reulsport.com\/de\/produit\/barre-led-xpl-chaser\/#breadcrumb\",\"itemListElement\":[{\"@type\":\"ListItem\",\"position\":1,\"name\":\"Accueil\",\"item\":\"https:\/\/www.reulsport.com\/de\/\"},{\"@type\":\"ListItem\",\"position\":2,\"name\":\"Shop\",\"item\":\"https:\/\/www.reulsport.com\/de\/shop-2\/\"},{\"@type\":\"ListItem\",\"position\":3,\"name\":\"Barre led XPL CHASER\"}]},{\"@type\":\"WebSite\",\"@id\":\"https:\/\/www.reulsport.com\/#website\",\"url\":\"https:\/\/www.reulsport.com\/\",\"name\":\"ReulSport - Landrover specialist - Iveco partner\",\"description\":\"ReulSport est un garage Ineos, Iveco et Polaris dans la r\u00e9gion de Verviers et Li\u00e8ge. Sp\u00e9cialiste de l&#039;Offroad, de la pr\u00e9paration et de l&#039;accessoirisation. .\",\"potentialAction\":[{\"@type\":\"SearchAction\",\"target\":{\"@type\":\"EntryPoint\",\"urlTemplate\":\"https:\/\/www.reulsport.com\/?s={search_term_string}\"},\"query-input\":\"required name=search_term_string\"}],\"inLanguage\":\"de\"}]}<\/script>\n<!-- \/ Yoast SEO plugin. -->","yoast_head_json":{"title":"Barre led XPL CHASER - ReulSport - Landrover specialist - Iveco partner","robots":{"index":"index","follow":"follow","max-snippet":"max-snippet:-1","max-image-preview":"max-image-preview:large","max-video-preview":"max-video-preview:-1"},"canonical":"https:\/\/www.reulsport.com\/de\/produit\/barre-led-xpl-chaser\/","og_locale":"de_DE","og_type":"article","og_title":"Barre led XPL CHASER - ReulSport - Landrover specialist - Iveco partner","og_description":"La Vision X XPL Chaser Bar est livr\u00e9e en standard avec une section ext\u00e9rieure de feux arri\u00e8re \u00e0 led rouges de chaque c\u00f4t\u00e9 avec une fonction de lumi\u00e8re de freinage \u00e9claircissante, deux sections de led ambr\u00e9es une solide et une clignotante, et enfin une section blanche centrale plusieurs fois utilis\u00e9e comme feu de recul . [&hellip;]","og_url":"https:\/\/www.reulsport.com\/de\/produit\/barre-led-xpl-chaser\/","og_site_name":"ReulSport - Landrover specialist - Iveco partner","article_modified_time":"2022-09-22T12:43:46+00:00","og_image":[{"width":740,"height":400,"url":"https:\/\/www.reulsport.com\/wp-content\/uploads\/2020\/12\/XPL-Chaser.jpg","type":"image\/jpeg"}],"twitter_card":"summary_large_image","twitter_misc":{"Gesch\u00e4tzte Lesezeit":"1\u00a0Minute"},"schema":{"@context":"https:\/\/schema.org","@graph":[{"@type":"WebPage","@id":"https:\/\/www.reulsport.com\/de\/produit\/barre-led-xpl-chaser\/","url":"https:\/\/www.reulsport.com\/de\/produit\/barre-led-xpl-chaser\/","name":"Barre led XPL CHASER - ReulSport - Landrover specialist - Iveco partner","isPartOf":{"@id":"https:\/\/www.reulsport.com\/#website"},"datePublished":"2020-12-22T11:33:29+00:00","dateModified":"2022-09-22T12:43:46+00:00","breadcrumb":{"@id":"https:\/\/www.reulsport.com\/de\/produit\/barre-led-xpl-chaser\/#breadcrumb"},"inLanguage":"de","potentialAction":[{"@type":"ReadAction","target":["https:\/\/www.reulsport.com\/de\/produit\/barre-led-xpl-chaser\/"]}]},{"@type":"BreadcrumbList","@id":"https:\/\/www.reulsport.com\/de\/produit\/barre-led-xpl-chaser\/#breadcrumb","itemListElement":[{"@type":"ListItem","position":1,"name":"Accueil","item":"https:\/\/www.reulsport.com\/de\/"},{"@type":"ListItem","position":2,"name":"Shop","item":"https:\/\/www.reulsport.com\/de\/shop-2\/"},{"@type":"ListItem","position":3,"name":"Barre led XPL CHASER"}]},{"@type":"WebSite","@id":"https:\/\/www.reulsport.com\/#website","url":"https:\/\/www.reulsport.com\/","name":"ReulSport - Landrover specialist - Iveco partner","description":"ReulSport est un garage Ineos, Iveco et Polaris dans la r\u00e9gion de Verviers et Li\u00e8ge. Sp\u00e9cialiste de l&#039;Offroad, de la pr\u00e9paration et de l&#039;accessoirisation. .","potentialAction":[{"@type":"SearchAction","target":{"@type":"EntryPoint","urlTemplate":"https:\/\/www.reulsport.com\/?s={search_term_string}"},"query-input":"required name=search_term_string"}],"inLanguage":"de"}]}},"_links":{"self":[{"href":"https:\/\/www.reulsport.com\/de\/wp-json\/wp\/v2\/product\/25679"}],"collection":[{"href":"https:\/\/www.reulsport.com\/de\/wp-json\/wp\/v2\/product"}],"about":[{"href":"https:\/\/www.reulsport.com\/de\/wp-json\/wp\/v2\/types\/product"}],"replies":[{"embeddable":true,"href":"https:\/\/www.reulsport.com\/de\/wp-json\/wp\/v2\/comments?post=25679"}],"wp:featuredmedia":[{"embeddable":true,"href":"https:\/\/www.reulsport.com\/de\/wp-json\/wp\/v2\/media\/25704"}],"wp:attachment":[{"href":"https:\/\/www.reulsport.com\/de\/wp-json\/wp\/v2\/media?parent=25679"}],"wp:term":[{"taxonomy":"product_cat","embeddable":true,"href":"https:\/\/www.reulsport.com\/de\/wp-json\/wp\/v2\/product_cat?post=25679"},{"taxonomy":"product_tag","embeddable":true,"href":"https:\/\/www.reulsport.com\/de\/wp-json\/wp\/v2\/product_tag?post=25679"}],"curies":[{"name":"wp","href":"https:\/\/api.w.org\/{rel}","templated":true}]}}