{"id":26128,"date":"2021-01-05T13:57:55","date_gmt":"2021-01-05T12:57:55","guid":{"rendered":"https:\/\/www.reulsport.com\/?post_type=product&#038;p=26128"},"modified":"2022-09-22T14:40:33","modified_gmt":"2022-09-22T12:40:33","slug":"batterie-optima-yellow-top","status":"publish","type":"product","link":"https:\/\/www.reulsport.com\/de\/produit\/batterie-optima-yellow-top\/","title":{"rendered":"Batterie Optima Yellow Top"},"content":{"rendered":"<p>La batterie Optima Yellow top est une batterie semi-traction. Cette batterie maintient une tension \u00e9lev\u00e9e constante tout au long du cycle de charge\/d\u00e9charge. Elle est un bon compromis entre une batterie de traction et une batterie de d\u00e9marrage.<\/p>\n<p>Elle r\u00e9siste \u00e9galement tr\u00e8s bien au d\u00e9charge profonde contrairement \u00e0 une batterie traditionnelle.<\/p>\n<p>Ces batteries sont souvent utilis\u00e9es comme batterie de service, pour les caravanes ou accessoires de camping tels que frigo etc.<\/p>\n<p>Ces batteries sont 100% \u00e9tanches et peuvent donc \u00eatre install\u00e9es dans quasiment n&#8217;importe quel position ce qui peut \u00eatre tr\u00e8s pratique ! Elles r\u00e9sistent \u00e9galement tr\u00e8s bien au choc\/vibration.<\/p>\n<p>Merci de nous consulter pour les prix.<\/p>\n","protected":false},"excerpt":{"rendered":"<p>La batterie Optima Yellow top est une batterie semi-traction. Cette batterie maintient une tension \u00e9lev\u00e9e constante tout au long du cycle de charge\/d\u00e9charge. Elle est un bon compromis entre une batterie de traction et une batterie de d\u00e9marrage. Elle r\u00e9siste \u00e9galement tr\u00e8s bien au d\u00e9charge profonde contrairement \u00e0 une batterie traditionnelle. Ces batteries sont souvent [&hellip;]<\/p>\n","protected":false},"featured_media":26168,"comment_status":"open","ping_status":"closed","template":"","meta":[],"product_cat":[74,99],"product_tag":[104],"acf":[],"yoast_head":"<!-- This site is optimized with the Yoast SEO plugin v20.1 - https:\/\/yoast.com\/wordpress\/plugins\/seo\/ -->\n<title>Batterie Optima Yellow Top - ReulSport - Landrover specialist - Iveco partner<\/title>\n<meta name=\"robots\" content=\"index, follow, max-snippet:-1, max-image-preview:large, max-video-preview:-1\" \/>\n<link rel=\"canonical\" href=\"https:\/\/www.reulsport.com\/de\/produit\/batterie-optima-yellow-top\/\" \/>\n<meta property=\"og:locale\" content=\"de_DE\" \/>\n<meta property=\"og:type\" content=\"article\" \/>\n<meta property=\"og:title\" content=\"Batterie Optima Yellow Top - ReulSport - Landrover specialist - Iveco partner\" \/>\n<meta property=\"og:description\" content=\"La batterie Optima Yellow top est une batterie semi-traction. Cette batterie maintient une tension \u00e9lev\u00e9e constante tout au long du cycle de charge\/d\u00e9charge. Elle est un bon compromis entre une batterie de traction et une batterie de d\u00e9marrage. Elle r\u00e9siste \u00e9galement tr\u00e8s bien au d\u00e9charge profonde contrairement \u00e0 une batterie traditionnelle. Ces batteries sont souvent [&hellip;]\" \/>\n<meta property=\"og:url\" content=\"https:\/\/www.reulsport.com\/de\/produit\/batterie-optima-yellow-top\/\" \/>\n<meta property=\"og:site_name\" content=\"ReulSport - Landrover specialist - Iveco partner\" \/>\n<meta property=\"article:modified_time\" content=\"2022-09-22T12:40:33+00:00\" \/>\n<meta property=\"og:image\" content=\"https:\/\/www.reulsport.com\/wp-content\/uploads\/2021\/01\/YTS4.2-OPTIMA.jpg\" \/>\n\t<meta property=\"og:image:width\" content=\"800\" \/>\n\t<meta property=\"og:image:height\" content=\"800\" \/>\n\t<meta property=\"og:image:type\" content=\"image\/jpeg\" \/>\n<meta name=\"twitter:card\" content=\"summary_large_image\" \/>\n<meta name=\"twitter:label1\" content=\"Gesch\u00e4tzte Lesezeit\" \/>\n\t<meta name=\"twitter:data1\" content=\"1\u00a0Minute\" \/>\n<script type=\"application\/ld+json\" class=\"yoast-schema-graph\">{\"@context\":\"https:\/\/schema.org\",\"@graph\":[{\"@type\":\"WebPage\",\"@id\":\"https:\/\/www.reulsport.com\/de\/produit\/batterie-optima-yellow-top\/\",\"url\":\"https:\/\/www.reulsport.com\/de\/produit\/batterie-optima-yellow-top\/\",\"name\":\"Batterie Optima Yellow Top - ReulSport - Landrover specialist - Iveco partner\",\"isPartOf\":{\"@id\":\"https:\/\/www.reulsport.com\/#website\"},\"datePublished\":\"2021-01-05T12:57:55+00:00\",\"dateModified\":\"2022-09-22T12:40:33+00:00\",\"breadcrumb\":{\"@id\":\"https:\/\/www.reulsport.com\/de\/produit\/batterie-optima-yellow-top\/#breadcrumb\"},\"inLanguage\":\"de\",\"potentialAction\":[{\"@type\":\"ReadAction\",\"target\":[\"https:\/\/www.reulsport.com\/de\/produit\/batterie-optima-yellow-top\/\"]}]},{\"@type\":\"BreadcrumbList\",\"@id\":\"https:\/\/www.reulsport.com\/de\/produit\/batterie-optima-yellow-top\/#breadcrumb\",\"itemListElement\":[{\"@type\":\"ListItem\",\"position\":1,\"name\":\"Accueil\",\"item\":\"https:\/\/www.reulsport.com\/de\/\"},{\"@type\":\"ListItem\",\"position\":2,\"name\":\"Shop\",\"item\":\"https:\/\/www.reulsport.com\/de\/shop-2\/\"},{\"@type\":\"ListItem\",\"position\":3,\"name\":\"Batterie Optima Yellow Top\"}]},{\"@type\":\"WebSite\",\"@id\":\"https:\/\/www.reulsport.com\/#website\",\"url\":\"https:\/\/www.reulsport.com\/\",\"name\":\"ReulSport - Landrover specialist - Iveco partner\",\"description\":\"ReulSport est un garage Ineos, Iveco et Polaris dans la r\u00e9gion de Verviers et Li\u00e8ge. Sp\u00e9cialiste de l&#039;Offroad, de la pr\u00e9paration et de l&#039;accessoirisation. .\",\"potentialAction\":[{\"@type\":\"SearchAction\",\"target\":{\"@type\":\"EntryPoint\",\"urlTemplate\":\"https:\/\/www.reulsport.com\/?s={search_term_string}\"},\"query-input\":\"required name=search_term_string\"}],\"inLanguage\":\"de\"}]}<\/script>\n<!-- \/ Yoast SEO plugin. -->","yoast_head_json":{"title":"Batterie Optima Yellow Top - ReulSport - Landrover specialist - Iveco partner","robots":{"index":"index","follow":"follow","max-snippet":"max-snippet:-1","max-image-preview":"max-image-preview:large","max-video-preview":"max-video-preview:-1"},"canonical":"https:\/\/www.reulsport.com\/de\/produit\/batterie-optima-yellow-top\/","og_locale":"de_DE","og_type":"article","og_title":"Batterie Optima Yellow Top - ReulSport - Landrover specialist - Iveco partner","og_description":"La batterie Optima Yellow top est une batterie semi-traction. Cette batterie maintient une tension \u00e9lev\u00e9e constante tout au long du cycle de charge\/d\u00e9charge. Elle est un bon compromis entre une batterie de traction et une batterie de d\u00e9marrage. Elle r\u00e9siste \u00e9galement tr\u00e8s bien au d\u00e9charge profonde contrairement \u00e0 une batterie traditionnelle. Ces batteries sont souvent [&hellip;]","og_url":"https:\/\/www.reulsport.com\/de\/produit\/batterie-optima-yellow-top\/","og_site_name":"ReulSport - Landrover specialist - Iveco partner","article_modified_time":"2022-09-22T12:40:33+00:00","og_image":[{"width":800,"height":800,"url":"https:\/\/www.reulsport.com\/wp-content\/uploads\/2021\/01\/YTS4.2-OPTIMA.jpg","type":"image\/jpeg"}],"twitter_card":"summary_large_image","twitter_misc":{"Gesch\u00e4tzte Lesezeit":"1\u00a0Minute"},"schema":{"@context":"https:\/\/schema.org","@graph":[{"@type":"WebPage","@id":"https:\/\/www.reulsport.com\/de\/produit\/batterie-optima-yellow-top\/","url":"https:\/\/www.reulsport.com\/de\/produit\/batterie-optima-yellow-top\/","name":"Batterie Optima Yellow Top - ReulSport - Landrover specialist - Iveco partner","isPartOf":{"@id":"https:\/\/www.reulsport.com\/#website"},"datePublished":"2021-01-05T12:57:55+00:00","dateModified":"2022-09-22T12:40:33+00:00","breadcrumb":{"@id":"https:\/\/www.reulsport.com\/de\/produit\/batterie-optima-yellow-top\/#breadcrumb"},"inLanguage":"de","potentialAction":[{"@type":"ReadAction","target":["https:\/\/www.reulsport.com\/de\/produit\/batterie-optima-yellow-top\/"]}]},{"@type":"BreadcrumbList","@id":"https:\/\/www.reulsport.com\/de\/produit\/batterie-optima-yellow-top\/#breadcrumb","itemListElement":[{"@type":"ListItem","position":1,"name":"Accueil","item":"https:\/\/www.reulsport.com\/de\/"},{"@type":"ListItem","position":2,"name":"Shop","item":"https:\/\/www.reulsport.com\/de\/shop-2\/"},{"@type":"ListItem","position":3,"name":"Batterie Optima Yellow Top"}]},{"@type":"WebSite","@id":"https:\/\/www.reulsport.com\/#website","url":"https:\/\/www.reulsport.com\/","name":"ReulSport - Landrover specialist - Iveco partner","description":"ReulSport est un garage Ineos, Iveco et Polaris dans la r\u00e9gion de Verviers et Li\u00e8ge. Sp\u00e9cialiste de l&#039;Offroad, de la pr\u00e9paration et de l&#039;accessoirisation. .","potentialAction":[{"@type":"SearchAction","target":{"@type":"EntryPoint","urlTemplate":"https:\/\/www.reulsport.com\/?s={search_term_string}"},"query-input":"required name=search_term_string"}],"inLanguage":"de"}]}},"_links":{"self":[{"href":"https:\/\/www.reulsport.com\/de\/wp-json\/wp\/v2\/product\/26128"}],"collection":[{"href":"https:\/\/www.reulsport.com\/de\/wp-json\/wp\/v2\/product"}],"about":[{"href":"https:\/\/www.reulsport.com\/de\/wp-json\/wp\/v2\/types\/product"}],"replies":[{"embeddable":true,"href":"https:\/\/www.reulsport.com\/de\/wp-json\/wp\/v2\/comments?post=26128"}],"wp:featuredmedia":[{"embeddable":true,"href":"https:\/\/www.reulsport.com\/de\/wp-json\/wp\/v2\/media\/26168"}],"wp:attachment":[{"href":"https:\/\/www.reulsport.com\/de\/wp-json\/wp\/v2\/media?parent=26128"}],"wp:term":[{"taxonomy":"product_cat","embeddable":true,"href":"https:\/\/www.reulsport.com\/de\/wp-json\/wp\/v2\/product_cat?post=26128"},{"taxonomy":"product_tag","embeddable":true,"href":"https:\/\/www.reulsport.com\/de\/wp-json\/wp\/v2\/product_tag?post=26128"}],"curies":[{"name":"wp","href":"https:\/\/api.w.org\/{rel}","templated":true}]}}