{"id":26231,"date":"2021-01-05T16:21:50","date_gmt":"2021-01-05T15:21:50","guid":{"rendered":"https:\/\/www.reulsport.com\/?post_type=product&#038;p=26231"},"modified":"2022-05-24T11:37:11","modified_gmt":"2022-05-24T09:37:11","slug":"utility-flood","status":"publish","type":"product","link":"https:\/\/www.reulsport.com\/de\/produit\/utility-flood\/","title":{"rendered":"Utility Flood"},"content":{"rendered":"<p>L&#8217;utility flood produit une puissance de 500 lumens avec un faisceau de 120\u00b0 de large et est d\u00e9clin\u00e9 en 6 couleurs. C&#8217;est un projecteurs pour utilisation universelle facile d&#8217;installations et tr\u00e8s l\u00e9ger.<\/p>\n<p>Caract\u00e9ristiques :\u00a0<\/p>\n<p>\u00a0Led : 32<\/p>\n<p>\u00a0Temp\u00e9rature de la couleur : 6.000 Kelvin<\/p>\n<p>\u00a0Dimensions : 86\/48 \/ 23mm<\/p>\n<p>\u00a0Poids : 0.19 kg<\/p>\n<p>\u00a0Tension : 12-32V DC<\/p>\n<p>\u00a0Amp\u00e9rage : 0,25 A \u00e0 24 V DC, 0,5 A \u00e0 12 V DC<\/p>\n<p>\u00a0Estimation de vibration : 8.6 Grms<\/p>\n<p>Merci de nous consulter pour les prix.<\/p>\n","protected":false},"excerpt":{"rendered":"<p>L&#8217;utility flood produit une puissance de 500 lumens avec un faisceau de 120\u00b0 de large et est d\u00e9clin\u00e9 en 6 couleurs. C&#8217;est un projecteurs pour utilisation universelle facile d&#8217;installations et tr\u00e8s l\u00e9ger. Caract\u00e9ristiques :\u00a0 \u00a0Led : 32 \u00a0Temp\u00e9rature de la couleur : 6.000 Kelvin \u00a0Dimensions : 86\/48 \/ 23mm \u00a0Poids : 0.19 kg \u00a0Tension : [&hellip;]<\/p>\n","protected":false},"featured_media":26273,"comment_status":"open","ping_status":"closed","template":"","meta":[],"product_cat":[99],"product_tag":[198],"acf":[],"yoast_head":"<!-- This site is optimized with the Yoast SEO plugin v20.1 - https:\/\/yoast.com\/wordpress\/plugins\/seo\/ -->\n<title>Utility Flood - ReulSport - Landrover specialist - Iveco partner<\/title>\n<meta name=\"robots\" content=\"index, follow, max-snippet:-1, max-image-preview:large, max-video-preview:-1\" \/>\n<link rel=\"canonical\" href=\"https:\/\/www.reulsport.com\/de\/produit\/utility-flood\/\" \/>\n<meta property=\"og:locale\" content=\"de_DE\" \/>\n<meta property=\"og:type\" content=\"article\" \/>\n<meta property=\"og:title\" content=\"Utility Flood - ReulSport - Landrover specialist - Iveco partner\" \/>\n<meta property=\"og:description\" content=\"L&#8217;utility flood produit une puissance de 500 lumens avec un faisceau de 120\u00b0 de large et est d\u00e9clin\u00e9 en 6 couleurs. C&#8217;est un projecteurs pour utilisation universelle facile d&#8217;installations et tr\u00e8s l\u00e9ger. Caract\u00e9ristiques :\u00a0 \u00a0Led : 32 \u00a0Temp\u00e9rature de la couleur : 6.000 Kelvin \u00a0Dimensions : 86\/48 \/ 23mm \u00a0Poids : 0.19 kg \u00a0Tension : [&hellip;]\" \/>\n<meta property=\"og:url\" content=\"https:\/\/www.reulsport.com\/de\/produit\/utility-flood\/\" \/>\n<meta property=\"og:site_name\" content=\"ReulSport - Landrover specialist - Iveco partner\" \/>\n<meta property=\"article:modified_time\" content=\"2022-05-24T09:37:11+00:00\" \/>\n<meta property=\"og:image\" content=\"https:\/\/www.reulsport.com\/wp-content\/uploads\/2021\/01\/UF32.jpg\" \/>\n\t<meta property=\"og:image:width\" content=\"740\" \/>\n\t<meta property=\"og:image:height\" content=\"400\" \/>\n\t<meta property=\"og:image:type\" content=\"image\/jpeg\" \/>\n<meta name=\"twitter:card\" content=\"summary_large_image\" \/>\n<script type=\"application\/ld+json\" class=\"yoast-schema-graph\">{\"@context\":\"https:\/\/schema.org\",\"@graph\":[{\"@type\":\"WebPage\",\"@id\":\"https:\/\/www.reulsport.com\/de\/produit\/utility-flood\/\",\"url\":\"https:\/\/www.reulsport.com\/de\/produit\/utility-flood\/\",\"name\":\"Utility Flood - ReulSport - Landrover specialist - Iveco partner\",\"isPartOf\":{\"@id\":\"https:\/\/www.reulsport.com\/#website\"},\"datePublished\":\"2021-01-05T15:21:50+00:00\",\"dateModified\":\"2022-05-24T09:37:11+00:00\",\"breadcrumb\":{\"@id\":\"https:\/\/www.reulsport.com\/de\/produit\/utility-flood\/#breadcrumb\"},\"inLanguage\":\"de\",\"potentialAction\":[{\"@type\":\"ReadAction\",\"target\":[\"https:\/\/www.reulsport.com\/de\/produit\/utility-flood\/\"]}]},{\"@type\":\"BreadcrumbList\",\"@id\":\"https:\/\/www.reulsport.com\/de\/produit\/utility-flood\/#breadcrumb\",\"itemListElement\":[{\"@type\":\"ListItem\",\"position\":1,\"name\":\"Accueil\",\"item\":\"https:\/\/www.reulsport.com\/de\/\"},{\"@type\":\"ListItem\",\"position\":2,\"name\":\"Shop\",\"item\":\"https:\/\/www.reulsport.com\/de\/shop-2\/\"},{\"@type\":\"ListItem\",\"position\":3,\"name\":\"Utility Flood\"}]},{\"@type\":\"WebSite\",\"@id\":\"https:\/\/www.reulsport.com\/#website\",\"url\":\"https:\/\/www.reulsport.com\/\",\"name\":\"ReulSport - Landrover specialist - Iveco partner\",\"description\":\"ReulSport est un garage Ineos, Iveco et Polaris dans la r\u00e9gion de Verviers et Li\u00e8ge. Sp\u00e9cialiste de l&#039;Offroad, de la pr\u00e9paration et de l&#039;accessoirisation. .\",\"potentialAction\":[{\"@type\":\"SearchAction\",\"target\":{\"@type\":\"EntryPoint\",\"urlTemplate\":\"https:\/\/www.reulsport.com\/?s={search_term_string}\"},\"query-input\":\"required name=search_term_string\"}],\"inLanguage\":\"de\"}]}<\/script>\n<!-- \/ Yoast SEO plugin. -->","yoast_head_json":{"title":"Utility Flood - ReulSport - Landrover specialist - Iveco partner","robots":{"index":"index","follow":"follow","max-snippet":"max-snippet:-1","max-image-preview":"max-image-preview:large","max-video-preview":"max-video-preview:-1"},"canonical":"https:\/\/www.reulsport.com\/de\/produit\/utility-flood\/","og_locale":"de_DE","og_type":"article","og_title":"Utility Flood - ReulSport - Landrover specialist - Iveco partner","og_description":"L&#8217;utility flood produit une puissance de 500 lumens avec un faisceau de 120\u00b0 de large et est d\u00e9clin\u00e9 en 6 couleurs. C&#8217;est un projecteurs pour utilisation universelle facile d&#8217;installations et tr\u00e8s l\u00e9ger. Caract\u00e9ristiques :\u00a0 \u00a0Led : 32 \u00a0Temp\u00e9rature de la couleur : 6.000 Kelvin \u00a0Dimensions : 86\/48 \/ 23mm \u00a0Poids : 0.19 kg \u00a0Tension : [&hellip;]","og_url":"https:\/\/www.reulsport.com\/de\/produit\/utility-flood\/","og_site_name":"ReulSport - Landrover specialist - Iveco partner","article_modified_time":"2022-05-24T09:37:11+00:00","og_image":[{"width":740,"height":400,"url":"https:\/\/www.reulsport.com\/wp-content\/uploads\/2021\/01\/UF32.jpg","type":"image\/jpeg"}],"twitter_card":"summary_large_image","schema":{"@context":"https:\/\/schema.org","@graph":[{"@type":"WebPage","@id":"https:\/\/www.reulsport.com\/de\/produit\/utility-flood\/","url":"https:\/\/www.reulsport.com\/de\/produit\/utility-flood\/","name":"Utility Flood - ReulSport - Landrover specialist - Iveco partner","isPartOf":{"@id":"https:\/\/www.reulsport.com\/#website"},"datePublished":"2021-01-05T15:21:50+00:00","dateModified":"2022-05-24T09:37:11+00:00","breadcrumb":{"@id":"https:\/\/www.reulsport.com\/de\/produit\/utility-flood\/#breadcrumb"},"inLanguage":"de","potentialAction":[{"@type":"ReadAction","target":["https:\/\/www.reulsport.com\/de\/produit\/utility-flood\/"]}]},{"@type":"BreadcrumbList","@id":"https:\/\/www.reulsport.com\/de\/produit\/utility-flood\/#breadcrumb","itemListElement":[{"@type":"ListItem","position":1,"name":"Accueil","item":"https:\/\/www.reulsport.com\/de\/"},{"@type":"ListItem","position":2,"name":"Shop","item":"https:\/\/www.reulsport.com\/de\/shop-2\/"},{"@type":"ListItem","position":3,"name":"Utility Flood"}]},{"@type":"WebSite","@id":"https:\/\/www.reulsport.com\/#website","url":"https:\/\/www.reulsport.com\/","name":"ReulSport - Landrover specialist - Iveco partner","description":"ReulSport est un garage Ineos, Iveco et Polaris dans la r\u00e9gion de Verviers et Li\u00e8ge. Sp\u00e9cialiste de l&#039;Offroad, de la pr\u00e9paration et de l&#039;accessoirisation. .","potentialAction":[{"@type":"SearchAction","target":{"@type":"EntryPoint","urlTemplate":"https:\/\/www.reulsport.com\/?s={search_term_string}"},"query-input":"required name=search_term_string"}],"inLanguage":"de"}]}},"_links":{"self":[{"href":"https:\/\/www.reulsport.com\/de\/wp-json\/wp\/v2\/product\/26231"}],"collection":[{"href":"https:\/\/www.reulsport.com\/de\/wp-json\/wp\/v2\/product"}],"about":[{"href":"https:\/\/www.reulsport.com\/de\/wp-json\/wp\/v2\/types\/product"}],"replies":[{"embeddable":true,"href":"https:\/\/www.reulsport.com\/de\/wp-json\/wp\/v2\/comments?post=26231"}],"wp:featuredmedia":[{"embeddable":true,"href":"https:\/\/www.reulsport.com\/de\/wp-json\/wp\/v2\/media\/26273"}],"wp:attachment":[{"href":"https:\/\/www.reulsport.com\/de\/wp-json\/wp\/v2\/media?parent=26231"}],"wp:term":[{"taxonomy":"product_cat","embeddable":true,"href":"https:\/\/www.reulsport.com\/de\/wp-json\/wp\/v2\/product_cat?post=26231"},{"taxonomy":"product_tag","embeddable":true,"href":"https:\/\/www.reulsport.com\/de\/wp-json\/wp\/v2\/product_tag?post=26231"}],"curies":[{"name":"wp","href":"https:\/\/api.w.org\/{rel}","templated":true}]}}