{"id":26363,"date":"2021-01-06T12:01:10","date_gmt":"2021-01-06T11:01:10","guid":{"rendered":"https:\/\/www.reulsport.com\/?post_type=product&#038;p=26363"},"modified":"2021-01-26T11:48:34","modified_gmt":"2021-01-26T10:48:34","slug":"plaque-de-desensablement-maxtrax-noir","status":"publish","type":"product","link":"https:\/\/www.reulsport.com\/de\/produit\/plaque-de-desensablement-maxtrax-noir\/","title":{"rendered":"Plaque de d\u00e9sensablement MaxTrax Noir"},"content":{"rendered":"<p>Les plaques MaxTrax sont l\u00e9g\u00e8res et facile \u00e0 utiliser.<\/p>\n<p>Les cales larges sur la plaque MaxTrax agrippent bien le pneu afin de fournir une traction dans le sable, dans la boue ou dans la neige.<\/p>\n<p>\u00a0Les plaques sont fabriqu\u00e9es en nylon polym\u00e8re super robuste, flexible et stabilis\u00e9 aux UV.<\/p>\n","protected":false},"excerpt":{"rendered":"<p>Les plaques MaxTrax sont l\u00e9g\u00e8res et facile \u00e0 utiliser. Les cales larges sur la plaque MaxTrax agrippent bien le pneu afin de fournir une traction dans le sable, dans la boue ou dans la neige. \u00a0Les plaques sont fabriqu\u00e9es en nylon polym\u00e8re super robuste, flexible et stabilis\u00e9 aux UV.<\/p>\n","protected":false},"featured_media":26367,"comment_status":"open","ping_status":"closed","template":"","meta":[],"product_cat":[74],"product_tag":[104],"acf":[],"yoast_head":"<!-- This site is optimized with the Yoast SEO plugin v20.1 - https:\/\/yoast.com\/wordpress\/plugins\/seo\/ -->\n<title>Plaque de d\u00e9sensablement MaxTrax Noir - ReulSport - Landrover specialist - Iveco partner<\/title>\n<meta name=\"robots\" content=\"index, follow, max-snippet:-1, max-image-preview:large, max-video-preview:-1\" \/>\n<link rel=\"canonical\" href=\"https:\/\/www.reulsport.com\/de\/produit\/plaque-de-desensablement-maxtrax-noir\/\" \/>\n<meta property=\"og:locale\" content=\"de_DE\" \/>\n<meta property=\"og:type\" content=\"article\" \/>\n<meta property=\"og:title\" content=\"Plaque de d\u00e9sensablement MaxTrax Noir - ReulSport - Landrover specialist - Iveco partner\" \/>\n<meta property=\"og:description\" content=\"Les plaques MaxTrax sont l\u00e9g\u00e8res et facile \u00e0 utiliser. Les cales larges sur la plaque MaxTrax agrippent bien le pneu afin de fournir une traction dans le sable, dans la boue ou dans la neige. \u00a0Les plaques sont fabriqu\u00e9es en nylon polym\u00e8re super robuste, flexible et stabilis\u00e9 aux UV.\" \/>\n<meta property=\"og:url\" content=\"https:\/\/www.reulsport.com\/de\/produit\/plaque-de-desensablement-maxtrax-noir\/\" \/>\n<meta property=\"og:site_name\" content=\"ReulSport - Landrover specialist - Iveco partner\" \/>\n<meta property=\"article:modified_time\" content=\"2021-01-26T10:48:34+00:00\" \/>\n<meta property=\"og:image\" content=\"https:\/\/www.reulsport.com\/wp-content\/uploads\/2021\/01\/plaque-de-desensablage-maxtrax-noir-dimensions-125-m-long-x-040-m.jpg\" \/>\n\t<meta property=\"og:image:width\" content=\"600\" \/>\n\t<meta property=\"og:image:height\" content=\"600\" \/>\n\t<meta property=\"og:image:type\" content=\"image\/jpeg\" \/>\n<meta name=\"twitter:card\" content=\"summary_large_image\" \/>\n<script type=\"application\/ld+json\" class=\"yoast-schema-graph\">{\"@context\":\"https:\/\/schema.org\",\"@graph\":[{\"@type\":\"WebPage\",\"@id\":\"https:\/\/www.reulsport.com\/de\/produit\/plaque-de-desensablement-maxtrax-noir\/\",\"url\":\"https:\/\/www.reulsport.com\/de\/produit\/plaque-de-desensablement-maxtrax-noir\/\",\"name\":\"Plaque de d\u00e9sensablement MaxTrax Noir - ReulSport - Landrover specialist - Iveco partner\",\"isPartOf\":{\"@id\":\"https:\/\/www.reulsport.com\/#website\"},\"datePublished\":\"2021-01-06T11:01:10+00:00\",\"dateModified\":\"2021-01-26T10:48:34+00:00\",\"breadcrumb\":{\"@id\":\"https:\/\/www.reulsport.com\/de\/produit\/plaque-de-desensablement-maxtrax-noir\/#breadcrumb\"},\"inLanguage\":\"de\",\"potentialAction\":[{\"@type\":\"ReadAction\",\"target\":[\"https:\/\/www.reulsport.com\/de\/produit\/plaque-de-desensablement-maxtrax-noir\/\"]}]},{\"@type\":\"BreadcrumbList\",\"@id\":\"https:\/\/www.reulsport.com\/de\/produit\/plaque-de-desensablement-maxtrax-noir\/#breadcrumb\",\"itemListElement\":[{\"@type\":\"ListItem\",\"position\":1,\"name\":\"Accueil\",\"item\":\"https:\/\/www.reulsport.com\/de\/\"},{\"@type\":\"ListItem\",\"position\":2,\"name\":\"Shop\",\"item\":\"https:\/\/www.reulsport.com\/de\/shop-2\/\"},{\"@type\":\"ListItem\",\"position\":3,\"name\":\"Plaque de d\u00e9sensablement MaxTrax Noir\"}]},{\"@type\":\"WebSite\",\"@id\":\"https:\/\/www.reulsport.com\/#website\",\"url\":\"https:\/\/www.reulsport.com\/\",\"name\":\"ReulSport - Landrover specialist - Iveco partner\",\"description\":\"ReulSport est un garage Ineos, Iveco et Polaris dans la r\u00e9gion de Verviers et Li\u00e8ge. Sp\u00e9cialiste de l&#039;Offroad, de la pr\u00e9paration et de l&#039;accessoirisation. .\",\"potentialAction\":[{\"@type\":\"SearchAction\",\"target\":{\"@type\":\"EntryPoint\",\"urlTemplate\":\"https:\/\/www.reulsport.com\/?s={search_term_string}\"},\"query-input\":\"required name=search_term_string\"}],\"inLanguage\":\"de\"}]}<\/script>\n<!-- \/ Yoast SEO plugin. -->","yoast_head_json":{"title":"Plaque de d\u00e9sensablement MaxTrax Noir - ReulSport - Landrover specialist - Iveco partner","robots":{"index":"index","follow":"follow","max-snippet":"max-snippet:-1","max-image-preview":"max-image-preview:large","max-video-preview":"max-video-preview:-1"},"canonical":"https:\/\/www.reulsport.com\/de\/produit\/plaque-de-desensablement-maxtrax-noir\/","og_locale":"de_DE","og_type":"article","og_title":"Plaque de d\u00e9sensablement MaxTrax Noir - ReulSport - Landrover specialist - Iveco partner","og_description":"Les plaques MaxTrax sont l\u00e9g\u00e8res et facile \u00e0 utiliser. Les cales larges sur la plaque MaxTrax agrippent bien le pneu afin de fournir une traction dans le sable, dans la boue ou dans la neige. \u00a0Les plaques sont fabriqu\u00e9es en nylon polym\u00e8re super robuste, flexible et stabilis\u00e9 aux UV.","og_url":"https:\/\/www.reulsport.com\/de\/produit\/plaque-de-desensablement-maxtrax-noir\/","og_site_name":"ReulSport - Landrover specialist - Iveco partner","article_modified_time":"2021-01-26T10:48:34+00:00","og_image":[{"width":600,"height":600,"url":"https:\/\/www.reulsport.com\/wp-content\/uploads\/2021\/01\/plaque-de-desensablage-maxtrax-noir-dimensions-125-m-long-x-040-m.jpg","type":"image\/jpeg"}],"twitter_card":"summary_large_image","schema":{"@context":"https:\/\/schema.org","@graph":[{"@type":"WebPage","@id":"https:\/\/www.reulsport.com\/de\/produit\/plaque-de-desensablement-maxtrax-noir\/","url":"https:\/\/www.reulsport.com\/de\/produit\/plaque-de-desensablement-maxtrax-noir\/","name":"Plaque de d\u00e9sensablement MaxTrax Noir - ReulSport - Landrover specialist - Iveco partner","isPartOf":{"@id":"https:\/\/www.reulsport.com\/#website"},"datePublished":"2021-01-06T11:01:10+00:00","dateModified":"2021-01-26T10:48:34+00:00","breadcrumb":{"@id":"https:\/\/www.reulsport.com\/de\/produit\/plaque-de-desensablement-maxtrax-noir\/#breadcrumb"},"inLanguage":"de","potentialAction":[{"@type":"ReadAction","target":["https:\/\/www.reulsport.com\/de\/produit\/plaque-de-desensablement-maxtrax-noir\/"]}]},{"@type":"BreadcrumbList","@id":"https:\/\/www.reulsport.com\/de\/produit\/plaque-de-desensablement-maxtrax-noir\/#breadcrumb","itemListElement":[{"@type":"ListItem","position":1,"name":"Accueil","item":"https:\/\/www.reulsport.com\/de\/"},{"@type":"ListItem","position":2,"name":"Shop","item":"https:\/\/www.reulsport.com\/de\/shop-2\/"},{"@type":"ListItem","position":3,"name":"Plaque de d\u00e9sensablement MaxTrax Noir"}]},{"@type":"WebSite","@id":"https:\/\/www.reulsport.com\/#website","url":"https:\/\/www.reulsport.com\/","name":"ReulSport - Landrover specialist - Iveco partner","description":"ReulSport est un garage Ineos, Iveco et Polaris dans la r\u00e9gion de Verviers et Li\u00e8ge. Sp\u00e9cialiste de l&#039;Offroad, de la pr\u00e9paration et de l&#039;accessoirisation. .","potentialAction":[{"@type":"SearchAction","target":{"@type":"EntryPoint","urlTemplate":"https:\/\/www.reulsport.com\/?s={search_term_string}"},"query-input":"required name=search_term_string"}],"inLanguage":"de"}]}},"_links":{"self":[{"href":"https:\/\/www.reulsport.com\/de\/wp-json\/wp\/v2\/product\/26363"}],"collection":[{"href":"https:\/\/www.reulsport.com\/de\/wp-json\/wp\/v2\/product"}],"about":[{"href":"https:\/\/www.reulsport.com\/de\/wp-json\/wp\/v2\/types\/product"}],"replies":[{"embeddable":true,"href":"https:\/\/www.reulsport.com\/de\/wp-json\/wp\/v2\/comments?post=26363"}],"wp:featuredmedia":[{"embeddable":true,"href":"https:\/\/www.reulsport.com\/de\/wp-json\/wp\/v2\/media\/26367"}],"wp:attachment":[{"href":"https:\/\/www.reulsport.com\/de\/wp-json\/wp\/v2\/media?parent=26363"}],"wp:term":[{"taxonomy":"product_cat","embeddable":true,"href":"https:\/\/www.reulsport.com\/de\/wp-json\/wp\/v2\/product_cat?post=26363"},{"taxonomy":"product_tag","embeddable":true,"href":"https:\/\/www.reulsport.com\/de\/wp-json\/wp\/v2\/product_tag?post=26363"}],"curies":[{"name":"wp","href":"https:\/\/api.w.org\/{rel}","templated":true}]}}