{"id":26566,"date":"2021-01-12T14:30:45","date_gmt":"2021-01-12T13:30:45","guid":{"rendered":"https:\/\/www.reulsport.com\/produit\/suspension-p2s-2\/"},"modified":"2021-10-18T09:49:35","modified_gmt":"2021-10-18T07:49:35","slug":"suspension-p2s-2","status":"publish","type":"product","link":"https:\/\/www.reulsport.com\/de\/produit\/suspension-p2s-2\/","title":{"rendered":"Kit suspensions P2S"},"content":{"rendered":"<p>P2S Fahrwerkskit<\/p>\n<p>Hydraulischer 3-Wege-Sto\u00dfd\u00e4mpfer &#8211; 50&#215;22.<\/p>\n<p>Die Robustheit schlechthin:<\/p>\n<p>Die P2S PREMIUM 50 D\u00e4mpfer sind dank ihrer Stange mit 22 mm Durchmesser und ihrem Stahlk\u00f6rper mit 50 mm Innendurchmesser sehr widerstandsf\u00e4hig.<\/p>\n<p>Sie sind mit 2 Abstreifern ausgestattet, um das Dichtungssystem optimal zu sch\u00fctzen.<\/p>\n<p>Ihre hydraulische Konstruktion erm\u00f6glicht eine perfekte Anpassung an Ihren 4&#215;4.<\/p>\n<p>Sie verf\u00fcgen \u00fcber ein von PERFORMANCE SUSPENSION entwickeltes DSC-System (Double Stage Piston), das die Massen\u00fcbertragung durch die Kontrolle der K\u00f6rperbewegungen optimiert.<\/p>\n<p>Sie vermeiden die Kr\u00e4ngung bei hohen Geschwindigkeiten und bieten gleichzeitig maximalen Komfort.<\/p>\n<p>PREMIUM-Sto\u00dfd\u00e4mpfer sind mit dem PGL-System ausgestattet, das einen linearen Einfluss auf die Wirkung der Zugstufen- und langsamen Druckstufeneinstellung hat.<\/p>\n<p>Sie verf\u00fcgen \u00fcber die neue HLC-Kompressionssteuerung mit Ultra-High-Flow-Bypass-Technologie.<\/p>\n<p>&nbsp;<\/p>\n<p>Diese Sto\u00dfd\u00e4mpfer sind ideal f\u00fcr den Touren- und Offroad-Einsatz in 4&#215;4-Fahrzeugen.<\/p>\n","protected":false},"excerpt":{"rendered":"<p>P2S Fahrwerkskit Hydraulischer 3-Wege-Sto\u00dfd\u00e4mpfer &#8211; 50&#215;22. Die Robustheit schlechthin: Die P2S PREMIUM 50 D\u00e4mpfer sind dank ihrer Stange mit 22 mm Durchmesser und ihrem Stahlk\u00f6rper mit 50 mm Innendurchmesser sehr widerstandsf\u00e4hig. Sie sind mit 2 Abstreifern ausgestattet, um das Dichtungssystem optimal zu sch\u00fctzen. Ihre hydraulische Konstruktion erm\u00f6glicht eine perfekte Anpassung an Ihren 4&#215;4. Sie verf\u00fcgen [&hellip;]<\/p>\n","protected":false},"featured_media":33850,"comment_status":"open","ping_status":"closed","template":"","meta":[],"product_cat":[178],"product_tag":[216],"acf":[],"yoast_head":"<!-- This site is optimized with the Yoast SEO plugin v20.1 - https:\/\/yoast.com\/wordpress\/plugins\/seo\/ -->\n<title>Kit suspensions P2S - ReulSport - Landrover specialist - Iveco partner<\/title>\n<meta name=\"robots\" content=\"index, follow, max-snippet:-1, max-image-preview:large, max-video-preview:-1\" \/>\n<link rel=\"canonical\" href=\"https:\/\/www.reulsport.com\/de\/produit\/suspension-p2s-2\/\" \/>\n<meta property=\"og:locale\" content=\"de_DE\" \/>\n<meta property=\"og:type\" content=\"article\" \/>\n<meta property=\"og:title\" content=\"Kit suspensions P2S - ReulSport - Landrover specialist - Iveco partner\" \/>\n<meta property=\"og:description\" content=\"P2S Fahrwerkskit Hydraulischer 3-Wege-Sto\u00dfd\u00e4mpfer &#8211; 50&#215;22. Die Robustheit schlechthin: Die P2S PREMIUM 50 D\u00e4mpfer sind dank ihrer Stange mit 22 mm Durchmesser und ihrem Stahlk\u00f6rper mit 50 mm Innendurchmesser sehr widerstandsf\u00e4hig. Sie sind mit 2 Abstreifern ausgestattet, um das Dichtungssystem optimal zu sch\u00fctzen. Ihre hydraulische Konstruktion erm\u00f6glicht eine perfekte Anpassung an Ihren 4&#215;4. Sie verf\u00fcgen [&hellip;]\" \/>\n<meta property=\"og:url\" content=\"https:\/\/www.reulsport.com\/de\/produit\/suspension-p2s-2\/\" \/>\n<meta property=\"og:site_name\" content=\"ReulSport - Landrover specialist - Iveco partner\" \/>\n<meta property=\"article:modified_time\" content=\"2021-10-18T07:49:35+00:00\" \/>\n<meta property=\"og:image\" content=\"https:\/\/www.reulsport.com\/wp-content\/uploads\/2021\/01\/p2s_premium_50_modele-scaled.jpg\" \/>\n\t<meta property=\"og:image:width\" content=\"2560\" \/>\n\t<meta property=\"og:image:height\" content=\"2092\" \/>\n\t<meta property=\"og:image:type\" content=\"image\/jpeg\" \/>\n<meta name=\"twitter:card\" content=\"summary_large_image\" \/>\n<meta name=\"twitter:label1\" content=\"Gesch\u00e4tzte Lesezeit\" \/>\n\t<meta name=\"twitter:data1\" content=\"1\u00a0Minute\" \/>\n<script type=\"application\/ld+json\" class=\"yoast-schema-graph\">{\"@context\":\"https:\/\/schema.org\",\"@graph\":[{\"@type\":\"WebPage\",\"@id\":\"https:\/\/www.reulsport.com\/de\/produit\/suspension-p2s-2\/\",\"url\":\"https:\/\/www.reulsport.com\/de\/produit\/suspension-p2s-2\/\",\"name\":\"Kit suspensions P2S - ReulSport - Landrover specialist - Iveco partner\",\"isPartOf\":{\"@id\":\"https:\/\/www.reulsport.com\/#website\"},\"datePublished\":\"2021-01-12T13:30:45+00:00\",\"dateModified\":\"2021-10-18T07:49:35+00:00\",\"breadcrumb\":{\"@id\":\"https:\/\/www.reulsport.com\/de\/produit\/suspension-p2s-2\/#breadcrumb\"},\"inLanguage\":\"de\",\"potentialAction\":[{\"@type\":\"ReadAction\",\"target\":[\"https:\/\/www.reulsport.com\/de\/produit\/suspension-p2s-2\/\"]}]},{\"@type\":\"BreadcrumbList\",\"@id\":\"https:\/\/www.reulsport.com\/de\/produit\/suspension-p2s-2\/#breadcrumb\",\"itemListElement\":[{\"@type\":\"ListItem\",\"position\":1,\"name\":\"Accueil\",\"item\":\"https:\/\/www.reulsport.com\/de\/\"},{\"@type\":\"ListItem\",\"position\":2,\"name\":\"Shop\",\"item\":\"https:\/\/www.reulsport.com\/de\/shop-2\/\"},{\"@type\":\"ListItem\",\"position\":3,\"name\":\"Kit suspensions P2S\"}]},{\"@type\":\"WebSite\",\"@id\":\"https:\/\/www.reulsport.com\/#website\",\"url\":\"https:\/\/www.reulsport.com\/\",\"name\":\"ReulSport - Landrover specialist - Iveco partner\",\"description\":\"ReulSport est un garage Ineos, Iveco et Polaris dans la r\u00e9gion de Verviers et Li\u00e8ge. Sp\u00e9cialiste de l&#039;Offroad, de la pr\u00e9paration et de l&#039;accessoirisation. .\",\"potentialAction\":[{\"@type\":\"SearchAction\",\"target\":{\"@type\":\"EntryPoint\",\"urlTemplate\":\"https:\/\/www.reulsport.com\/?s={search_term_string}\"},\"query-input\":\"required name=search_term_string\"}],\"inLanguage\":\"de\"}]}<\/script>\n<!-- \/ Yoast SEO plugin. -->","yoast_head_json":{"title":"Kit suspensions P2S - ReulSport - Landrover specialist - Iveco partner","robots":{"index":"index","follow":"follow","max-snippet":"max-snippet:-1","max-image-preview":"max-image-preview:large","max-video-preview":"max-video-preview:-1"},"canonical":"https:\/\/www.reulsport.com\/de\/produit\/suspension-p2s-2\/","og_locale":"de_DE","og_type":"article","og_title":"Kit suspensions P2S - ReulSport - Landrover specialist - Iveco partner","og_description":"P2S Fahrwerkskit Hydraulischer 3-Wege-Sto\u00dfd\u00e4mpfer &#8211; 50&#215;22. Die Robustheit schlechthin: Die P2S PREMIUM 50 D\u00e4mpfer sind dank ihrer Stange mit 22 mm Durchmesser und ihrem Stahlk\u00f6rper mit 50 mm Innendurchmesser sehr widerstandsf\u00e4hig. Sie sind mit 2 Abstreifern ausgestattet, um das Dichtungssystem optimal zu sch\u00fctzen. Ihre hydraulische Konstruktion erm\u00f6glicht eine perfekte Anpassung an Ihren 4&#215;4. Sie verf\u00fcgen [&hellip;]","og_url":"https:\/\/www.reulsport.com\/de\/produit\/suspension-p2s-2\/","og_site_name":"ReulSport - Landrover specialist - Iveco partner","article_modified_time":"2021-10-18T07:49:35+00:00","og_image":[{"width":2560,"height":2092,"url":"https:\/\/www.reulsport.com\/wp-content\/uploads\/2021\/01\/p2s_premium_50_modele-scaled.jpg","type":"image\/jpeg"}],"twitter_card":"summary_large_image","twitter_misc":{"Gesch\u00e4tzte Lesezeit":"1\u00a0Minute"},"schema":{"@context":"https:\/\/schema.org","@graph":[{"@type":"WebPage","@id":"https:\/\/www.reulsport.com\/de\/produit\/suspension-p2s-2\/","url":"https:\/\/www.reulsport.com\/de\/produit\/suspension-p2s-2\/","name":"Kit suspensions P2S - ReulSport - Landrover specialist - Iveco partner","isPartOf":{"@id":"https:\/\/www.reulsport.com\/#website"},"datePublished":"2021-01-12T13:30:45+00:00","dateModified":"2021-10-18T07:49:35+00:00","breadcrumb":{"@id":"https:\/\/www.reulsport.com\/de\/produit\/suspension-p2s-2\/#breadcrumb"},"inLanguage":"de","potentialAction":[{"@type":"ReadAction","target":["https:\/\/www.reulsport.com\/de\/produit\/suspension-p2s-2\/"]}]},{"@type":"BreadcrumbList","@id":"https:\/\/www.reulsport.com\/de\/produit\/suspension-p2s-2\/#breadcrumb","itemListElement":[{"@type":"ListItem","position":1,"name":"Accueil","item":"https:\/\/www.reulsport.com\/de\/"},{"@type":"ListItem","position":2,"name":"Shop","item":"https:\/\/www.reulsport.com\/de\/shop-2\/"},{"@type":"ListItem","position":3,"name":"Kit suspensions P2S"}]},{"@type":"WebSite","@id":"https:\/\/www.reulsport.com\/#website","url":"https:\/\/www.reulsport.com\/","name":"ReulSport - Landrover specialist - Iveco partner","description":"ReulSport est un garage Ineos, Iveco et Polaris dans la r\u00e9gion de Verviers et Li\u00e8ge. Sp\u00e9cialiste de l&#039;Offroad, de la pr\u00e9paration et de l&#039;accessoirisation. .","potentialAction":[{"@type":"SearchAction","target":{"@type":"EntryPoint","urlTemplate":"https:\/\/www.reulsport.com\/?s={search_term_string}"},"query-input":"required name=search_term_string"}],"inLanguage":"de"}]}},"_links":{"self":[{"href":"https:\/\/www.reulsport.com\/de\/wp-json\/wp\/v2\/product\/26566"}],"collection":[{"href":"https:\/\/www.reulsport.com\/de\/wp-json\/wp\/v2\/product"}],"about":[{"href":"https:\/\/www.reulsport.com\/de\/wp-json\/wp\/v2\/types\/product"}],"replies":[{"embeddable":true,"href":"https:\/\/www.reulsport.com\/de\/wp-json\/wp\/v2\/comments?post=26566"}],"wp:featuredmedia":[{"embeddable":true,"href":"https:\/\/www.reulsport.com\/de\/wp-json\/wp\/v2\/media\/33850"}],"wp:attachment":[{"href":"https:\/\/www.reulsport.com\/de\/wp-json\/wp\/v2\/media?parent=26566"}],"wp:term":[{"taxonomy":"product_cat","embeddable":true,"href":"https:\/\/www.reulsport.com\/de\/wp-json\/wp\/v2\/product_cat?post=26566"},{"taxonomy":"product_tag","embeddable":true,"href":"https:\/\/www.reulsport.com\/de\/wp-json\/wp\/v2\/product_tag?post=26566"}],"curies":[{"name":"wp","href":"https:\/\/api.w.org\/{rel}","templated":true}]}}