{"id":30265,"date":"2021-05-22T12:25:02","date_gmt":"2021-05-22T10:25:02","guid":{"rendered":"https:\/\/www.reulsport.com\/produit\/nestbox-supertramp-schlaf-set\/"},"modified":"2021-05-22T12:29:54","modified_gmt":"2021-05-22T10:29:54","slug":"nestbox-supertramp-schlaf-set","status":"publish","type":"product","link":"https:\/\/www.reulsport.com\/de\/produit\/nestbox-supertramp-schlaf-set\/","title":{"rendered":"Nestbox SUPERTRAMP &#8211; Schlaf set+"},"content":{"rendered":"<p>Schlaf Set inklusive:<\/p>\n<ul>\n<li>kompletten Rahmen,<\/li>\n<li>Speicherplatz,<\/li>\n<li>Speicherplatz haupts\u00e4chlich f\u00fcr einen K\u00fchlschrank,<\/li>\n<li>Bett (Lattenrost mit Seitengittern, Untergestell, Matratze mit Seitenteilen).<\/li>\n<\/ul>\n<p>Abmessungen: 580-1870 x 950 x H480mm<br \/>\nGewicht: 60kg<\/p>\n<p>&nbsp;<\/p>\n<p>Kompatibel mit den folgenden Fahrzeugen:<\/p>\n<ul>\n<li>Jeep Wrangler<\/li>\n<li>Land Rover Discovery 3, 4, 5<\/li>\n<li>Mercedes-Benz G (Spiegelversion f\u00fcr linke T\u00fcr)<\/li>\n<\/ul>\n<p>&nbsp;<\/p>\n<p>M\u00f6gliche textil Farben<br \/>\n<img decoding=\"async\" loading=\"lazy\" class=\"alignnone wp-image-30249 size-full\" src=\"https:\/\/www.reulsport.com\/wp-content\/uploads\/2021\/05\/Couleur-tissus-1.png\" sizes=\"(max-width: 849px) 100vw, 849px\" srcset=\"https:\/\/www.reulsport.com\/wp-content\/uploads\/2021\/05\/Couleur-tissus-1.png 849w, https:\/\/www.reulsport.com\/wp-content\/uploads\/2021\/05\/Couleur-tissus-1-228x300.png 228w, https:\/\/www.reulsport.com\/wp-content\/uploads\/2021\/05\/Couleur-tissus-1-777x1024.png 777w, https:\/\/www.reulsport.com\/wp-content\/uploads\/2021\/05\/Couleur-tissus-1-768x1012.png 768w, https:\/\/www.reulsport.com\/wp-content\/uploads\/2021\/05\/Couleur-tissus-1-600x791.png 600w\" alt=\"\" width=\"849\" height=\"1119\" \/><br \/>\n<img decoding=\"async\" loading=\"lazy\" class=\"alignnone wp-image-30252 size-full\" src=\"https:\/\/www.reulsport.com\/wp-content\/uploads\/2021\/05\/Couleur-tissus-2.png\" sizes=\"(max-width: 874px) 100vw, 874px\" srcset=\"https:\/\/www.reulsport.com\/wp-content\/uploads\/2021\/05\/Couleur-tissus-2.png 874w, https:\/\/www.reulsport.com\/wp-content\/uploads\/2021\/05\/Couleur-tissus-2-300x94.png 300w, https:\/\/www.reulsport.com\/wp-content\/uploads\/2021\/05\/Couleur-tissus-2-768x240.png 768w, https:\/\/www.reulsport.com\/wp-content\/uploads\/2021\/05\/Couleur-tissus-2-600x187.png 600w\" alt=\"\" width=\"874\" height=\"273\" \/><\/p>\n","protected":false},"excerpt":{"rendered":"<p>Schlaf Set inklusive: kompletten Rahmen, Speicherplatz, Speicherplatz haupts\u00e4chlich f\u00fcr einen K\u00fchlschrank, Bett (Lattenrost mit Seitengittern, Untergestell, Matratze mit Seitenteilen). Abmessungen: 580-1870 x 950 x H480mm Gewicht: 60kg &nbsp; Kompatibel mit den folgenden Fahrzeugen: Jeep Wrangler Land Rover Discovery 3, 4, 5 Mercedes-Benz G (Spiegelversion f\u00fcr linke T\u00fcr) &nbsp; M\u00f6gliche textil Farben<\/p>\n","protected":false},"featured_media":30257,"comment_status":"open","ping_status":"closed","template":"","meta":[],"product_cat":[237],"product_tag":[],"acf":[],"yoast_head":"<!-- This site is optimized with the Yoast SEO plugin v20.1 - https:\/\/yoast.com\/wordpress\/plugins\/seo\/ -->\n<title>Nestbox SUPERTRAMP - Schlaf set+ - ReulSport - Landrover specialist - Iveco partner<\/title>\n<meta name=\"robots\" content=\"index, follow, max-snippet:-1, max-image-preview:large, max-video-preview:-1\" \/>\n<link rel=\"canonical\" href=\"https:\/\/www.reulsport.com\/de\/produit\/nestbox-supertramp-schlaf-set\/\" \/>\n<meta property=\"og:locale\" content=\"de_DE\" \/>\n<meta property=\"og:type\" content=\"article\" \/>\n<meta property=\"og:title\" content=\"Nestbox SUPERTRAMP - Schlaf set+ - ReulSport - Landrover specialist - Iveco partner\" \/>\n<meta property=\"og:description\" content=\"Schlaf Set inklusive: kompletten Rahmen, Speicherplatz, Speicherplatz haupts\u00e4chlich f\u00fcr einen K\u00fchlschrank, Bett (Lattenrost mit Seitengittern, Untergestell, Matratze mit Seitenteilen). Abmessungen: 580-1870 x 950 x H480mm Gewicht: 60kg &nbsp; Kompatibel mit den folgenden Fahrzeugen: Jeep Wrangler Land Rover Discovery 3, 4, 5 Mercedes-Benz G (Spiegelversion f\u00fcr linke T\u00fcr) &nbsp; M\u00f6gliche textil Farben\" \/>\n<meta property=\"og:url\" content=\"https:\/\/www.reulsport.com\/de\/produit\/nestbox-supertramp-schlaf-set\/\" \/>\n<meta property=\"og:site_name\" content=\"ReulSport - Landrover specialist - Iveco partner\" \/>\n<meta property=\"article:modified_time\" content=\"2021-05-22T10:29:54+00:00\" \/>\n<meta property=\"og:image\" content=\"https:\/\/www.reulsport.com\/wp-content\/uploads\/2021\/05\/nestbox-supertramp-jeep-wrangler-sahara-41-1-scaled.jpg\" \/>\n\t<meta property=\"og:image:width\" content=\"2560\" \/>\n\t<meta property=\"og:image:height\" content=\"1707\" \/>\n\t<meta property=\"og:image:type\" content=\"image\/jpeg\" \/>\n<meta name=\"twitter:card\" content=\"summary_large_image\" \/>\n<script type=\"application\/ld+json\" class=\"yoast-schema-graph\">{\"@context\":\"https:\/\/schema.org\",\"@graph\":[{\"@type\":\"WebPage\",\"@id\":\"https:\/\/www.reulsport.com\/de\/produit\/nestbox-supertramp-schlaf-set\/\",\"url\":\"https:\/\/www.reulsport.com\/de\/produit\/nestbox-supertramp-schlaf-set\/\",\"name\":\"Nestbox SUPERTRAMP - Schlaf set+ - ReulSport - Landrover specialist - Iveco partner\",\"isPartOf\":{\"@id\":\"https:\/\/www.reulsport.com\/#website\"},\"datePublished\":\"2021-05-22T10:25:02+00:00\",\"dateModified\":\"2021-05-22T10:29:54+00:00\",\"breadcrumb\":{\"@id\":\"https:\/\/www.reulsport.com\/de\/produit\/nestbox-supertramp-schlaf-set\/#breadcrumb\"},\"inLanguage\":\"de\",\"potentialAction\":[{\"@type\":\"ReadAction\",\"target\":[\"https:\/\/www.reulsport.com\/de\/produit\/nestbox-supertramp-schlaf-set\/\"]}]},{\"@type\":\"BreadcrumbList\",\"@id\":\"https:\/\/www.reulsport.com\/de\/produit\/nestbox-supertramp-schlaf-set\/#breadcrumb\",\"itemListElement\":[{\"@type\":\"ListItem\",\"position\":1,\"name\":\"Accueil\",\"item\":\"https:\/\/www.reulsport.com\/de\/\"},{\"@type\":\"ListItem\",\"position\":2,\"name\":\"Shop\",\"item\":\"https:\/\/www.reulsport.com\/de\/shop-2\/\"},{\"@type\":\"ListItem\",\"position\":3,\"name\":\"Nestbox SUPERTRAMP &#8211; Schlaf set+\"}]},{\"@type\":\"WebSite\",\"@id\":\"https:\/\/www.reulsport.com\/#website\",\"url\":\"https:\/\/www.reulsport.com\/\",\"name\":\"ReulSport - Landrover specialist - Iveco partner\",\"description\":\"ReulSport est un garage Ineos, Iveco et Polaris dans la r\u00e9gion de Verviers et Li\u00e8ge. Sp\u00e9cialiste de l&#039;Offroad, de la pr\u00e9paration et de l&#039;accessoirisation. .\",\"potentialAction\":[{\"@type\":\"SearchAction\",\"target\":{\"@type\":\"EntryPoint\",\"urlTemplate\":\"https:\/\/www.reulsport.com\/?s={search_term_string}\"},\"query-input\":\"required name=search_term_string\"}],\"inLanguage\":\"de\"}]}<\/script>\n<!-- \/ Yoast SEO plugin. -->","yoast_head_json":{"title":"Nestbox SUPERTRAMP - Schlaf set+ - ReulSport - Landrover specialist - Iveco partner","robots":{"index":"index","follow":"follow","max-snippet":"max-snippet:-1","max-image-preview":"max-image-preview:large","max-video-preview":"max-video-preview:-1"},"canonical":"https:\/\/www.reulsport.com\/de\/produit\/nestbox-supertramp-schlaf-set\/","og_locale":"de_DE","og_type":"article","og_title":"Nestbox SUPERTRAMP - Schlaf set+ - ReulSport - Landrover specialist - Iveco partner","og_description":"Schlaf Set inklusive: kompletten Rahmen, Speicherplatz, Speicherplatz haupts\u00e4chlich f\u00fcr einen K\u00fchlschrank, Bett (Lattenrost mit Seitengittern, Untergestell, Matratze mit Seitenteilen). Abmessungen: 580-1870 x 950 x H480mm Gewicht: 60kg &nbsp; Kompatibel mit den folgenden Fahrzeugen: Jeep Wrangler Land Rover Discovery 3, 4, 5 Mercedes-Benz G (Spiegelversion f\u00fcr linke T\u00fcr) &nbsp; M\u00f6gliche textil Farben","og_url":"https:\/\/www.reulsport.com\/de\/produit\/nestbox-supertramp-schlaf-set\/","og_site_name":"ReulSport - Landrover specialist - Iveco partner","article_modified_time":"2021-05-22T10:29:54+00:00","og_image":[{"width":2560,"height":1707,"url":"https:\/\/www.reulsport.com\/wp-content\/uploads\/2021\/05\/nestbox-supertramp-jeep-wrangler-sahara-41-1-scaled.jpg","type":"image\/jpeg"}],"twitter_card":"summary_large_image","schema":{"@context":"https:\/\/schema.org","@graph":[{"@type":"WebPage","@id":"https:\/\/www.reulsport.com\/de\/produit\/nestbox-supertramp-schlaf-set\/","url":"https:\/\/www.reulsport.com\/de\/produit\/nestbox-supertramp-schlaf-set\/","name":"Nestbox SUPERTRAMP - Schlaf set+ - ReulSport - Landrover specialist - Iveco partner","isPartOf":{"@id":"https:\/\/www.reulsport.com\/#website"},"datePublished":"2021-05-22T10:25:02+00:00","dateModified":"2021-05-22T10:29:54+00:00","breadcrumb":{"@id":"https:\/\/www.reulsport.com\/de\/produit\/nestbox-supertramp-schlaf-set\/#breadcrumb"},"inLanguage":"de","potentialAction":[{"@type":"ReadAction","target":["https:\/\/www.reulsport.com\/de\/produit\/nestbox-supertramp-schlaf-set\/"]}]},{"@type":"BreadcrumbList","@id":"https:\/\/www.reulsport.com\/de\/produit\/nestbox-supertramp-schlaf-set\/#breadcrumb","itemListElement":[{"@type":"ListItem","position":1,"name":"Accueil","item":"https:\/\/www.reulsport.com\/de\/"},{"@type":"ListItem","position":2,"name":"Shop","item":"https:\/\/www.reulsport.com\/de\/shop-2\/"},{"@type":"ListItem","position":3,"name":"Nestbox SUPERTRAMP &#8211; Schlaf set+"}]},{"@type":"WebSite","@id":"https:\/\/www.reulsport.com\/#website","url":"https:\/\/www.reulsport.com\/","name":"ReulSport - Landrover specialist - Iveco partner","description":"ReulSport est un garage Ineos, Iveco et Polaris dans la r\u00e9gion de Verviers et Li\u00e8ge. Sp\u00e9cialiste de l&#039;Offroad, de la pr\u00e9paration et de l&#039;accessoirisation. .","potentialAction":[{"@type":"SearchAction","target":{"@type":"EntryPoint","urlTemplate":"https:\/\/www.reulsport.com\/?s={search_term_string}"},"query-input":"required name=search_term_string"}],"inLanguage":"de"}]}},"_links":{"self":[{"href":"https:\/\/www.reulsport.com\/de\/wp-json\/wp\/v2\/product\/30265"}],"collection":[{"href":"https:\/\/www.reulsport.com\/de\/wp-json\/wp\/v2\/product"}],"about":[{"href":"https:\/\/www.reulsport.com\/de\/wp-json\/wp\/v2\/types\/product"}],"replies":[{"embeddable":true,"href":"https:\/\/www.reulsport.com\/de\/wp-json\/wp\/v2\/comments?post=30265"}],"wp:featuredmedia":[{"embeddable":true,"href":"https:\/\/www.reulsport.com\/de\/wp-json\/wp\/v2\/media\/30257"}],"wp:attachment":[{"href":"https:\/\/www.reulsport.com\/de\/wp-json\/wp\/v2\/media?parent=30265"}],"wp:term":[{"taxonomy":"product_cat","embeddable":true,"href":"https:\/\/www.reulsport.com\/de\/wp-json\/wp\/v2\/product_cat?post=30265"},{"taxonomy":"product_tag","embeddable":true,"href":"https:\/\/www.reulsport.com\/de\/wp-json\/wp\/v2\/product_tag?post=30265"}],"curies":[{"name":"wp","href":"https:\/\/api.w.org\/{rel}","templated":true}]}}