{"id":33345,"date":"2021-09-25T10:03:35","date_gmt":"2021-09-25T08:03:35","guid":{"rendered":"https:\/\/www.reulsport.com\/?post_type=product&#038;p=33345"},"modified":"2021-09-25T10:57:48","modified_gmt":"2021-09-25T08:57:48","slug":"nestbox-tramp-kuchen-set","status":"publish","type":"product","link":"https:\/\/www.reulsport.com\/de\/produit\/nestbox-tramp-kuchen-set\/","title":{"rendered":"Nestbox TRAMP &#8211; K\u00fcchen set"},"content":{"rendered":"<p>K\u00fcchen Set inklusive:<\/p>\n<ul>\n<li>kompletten Rahmen,<\/li>\n<li>herausnehmbares Wassermodul (Sp\u00fcle &amp; Wasserhahn),<\/li>\n<li>herausnehmbares Kochmodul (camper version),<\/li>\n<li>Speicherplatz haupts\u00e4chlich f\u00fcr eine K\u00fchltasche.<\/li>\n<\/ul>\n<p>Abmessungen: 544 x 950 x H320mm<br \/>\nGewicht: 37kg<\/p>\n<p>&nbsp;<\/p>\n<p>Kompatibel mit den folgenden Fahrzeugen:<\/p>\n<ul>\n<li>Audi Q7<\/li>\n<li>BMW X3 &amp; X5<\/li>\n<li>Citro\u00ebn C4<\/li>\n<li>Dacia Duster<\/li>\n<li>Dodge Durango<\/li>\n<li>Fiat Freemont<\/li>\n<li>Ford Galaxy &amp; Kuga &amp; S-Max<\/li>\n<li>Honda CR-V<\/li>\n<li>Hyundai Palisade &amp; Santa Fe<\/li>\n<li>Jeep Commander &amp; Grand Cherokee &amp; Wrangler<\/li>\n<li>Kia Sorento<\/li>\n<li>Land Rover Discover 3, 4, 5<\/li>\n<li>Mazda CX9<\/li>\n<li>Mini Cooper Countryman<\/li>\n<li>Nissan X-Trail<\/li>\n<li>Peugeot 5008<\/li>\n<li>Renault Grand Sc\u00e9nic &amp; Koleos<\/li>\n<li>Seat Alhambra<\/li>\n<li>Subaru Forester &amp; Outback &amp; Tribeca<\/li>\n<li>Suzuki S-Cross<\/li>\n<li>Skoda Octavia III &amp; Roomster &amp; Superb III &amp; Yeti<\/li>\n<li>Toyota Land Cruiser &amp; Rav4<\/li>\n<li>Volvo XC60 &amp; XC90<\/li>\n<li>VW Passat &amp; Sharan &amp; Touran &amp; Tiguan &amp; Tiguan Allspace<\/li>\n<\/ul>\n","protected":false},"excerpt":{"rendered":"<p>K\u00fcchen Set inklusive: kompletten Rahmen, herausnehmbares Wassermodul (Sp\u00fcle &amp; Wasserhahn), herausnehmbares Kochmodul (camper version), Speicherplatz haupts\u00e4chlich f\u00fcr eine K\u00fchltasche. Abmessungen: 544 x 950 x H320mm Gewicht: 37kg &nbsp; Kompatibel mit den folgenden Fahrzeugen: Audi Q7 BMW X3 &amp; X5 Citro\u00ebn C4 Dacia Duster Dodge Durango Fiat Freemont Ford Galaxy &amp; Kuga &amp; S-Max Honda CR-V [&hellip;]<\/p>\n","protected":false},"featured_media":33339,"comment_status":"open","ping_status":"closed","template":"","meta":[],"product_cat":[250],"product_tag":[],"acf":[],"yoast_head":"<!-- This site is optimized with the Yoast SEO plugin v20.1 - https:\/\/yoast.com\/wordpress\/plugins\/seo\/ -->\n<title>Nestbox TRAMP - K\u00fcchen set - ReulSport - Landrover specialist - Iveco partner<\/title>\n<meta name=\"robots\" content=\"index, follow, max-snippet:-1, max-image-preview:large, max-video-preview:-1\" \/>\n<link rel=\"canonical\" href=\"https:\/\/www.reulsport.com\/de\/produit\/nestbox-tramp-kuchen-set\/\" \/>\n<meta property=\"og:locale\" content=\"de_DE\" \/>\n<meta property=\"og:type\" content=\"article\" \/>\n<meta property=\"og:title\" content=\"Nestbox TRAMP - K\u00fcchen set - ReulSport - Landrover specialist - Iveco partner\" \/>\n<meta property=\"og:description\" content=\"K\u00fcchen Set inklusive: kompletten Rahmen, herausnehmbares Wassermodul (Sp\u00fcle &amp; Wasserhahn), herausnehmbares Kochmodul (camper version), Speicherplatz haupts\u00e4chlich f\u00fcr eine K\u00fchltasche. Abmessungen: 544 x 950 x H320mm Gewicht: 37kg &nbsp; Kompatibel mit den folgenden Fahrzeugen: Audi Q7 BMW X3 &amp; X5 Citro\u00ebn C4 Dacia Duster Dodge Durango Fiat Freemont Ford Galaxy &amp; Kuga &amp; S-Max Honda CR-V [&hellip;]\" \/>\n<meta property=\"og:url\" content=\"https:\/\/www.reulsport.com\/de\/produit\/nestbox-tramp-kuchen-set\/\" \/>\n<meta property=\"og:site_name\" content=\"ReulSport - Landrover specialist - Iveco partner\" \/>\n<meta property=\"article:modified_time\" content=\"2021-09-25T08:57:48+00:00\" \/>\n<meta property=\"og:image\" content=\"https:\/\/www.reulsport.com\/wp-content\/uploads\/2021\/09\/nestbox-tramp-4.jpg\" \/>\n\t<meta property=\"og:image:width\" content=\"941\" \/>\n\t<meta property=\"og:image:height\" content=\"627\" \/>\n\t<meta property=\"og:image:type\" content=\"image\/jpeg\" \/>\n<meta name=\"twitter:card\" content=\"summary_large_image\" \/>\n<meta name=\"twitter:label1\" content=\"Gesch\u00e4tzte Lesezeit\" \/>\n\t<meta name=\"twitter:data1\" content=\"1\u00a0Minute\" \/>\n<script type=\"application\/ld+json\" class=\"yoast-schema-graph\">{\"@context\":\"https:\/\/schema.org\",\"@graph\":[{\"@type\":\"WebPage\",\"@id\":\"https:\/\/www.reulsport.com\/de\/produit\/nestbox-tramp-kuchen-set\/\",\"url\":\"https:\/\/www.reulsport.com\/de\/produit\/nestbox-tramp-kuchen-set\/\",\"name\":\"Nestbox TRAMP - K\u00fcchen set - ReulSport - Landrover specialist - Iveco partner\",\"isPartOf\":{\"@id\":\"https:\/\/www.reulsport.com\/#website\"},\"datePublished\":\"2021-09-25T08:03:35+00:00\",\"dateModified\":\"2021-09-25T08:57:48+00:00\",\"breadcrumb\":{\"@id\":\"https:\/\/www.reulsport.com\/de\/produit\/nestbox-tramp-kuchen-set\/#breadcrumb\"},\"inLanguage\":\"de\",\"potentialAction\":[{\"@type\":\"ReadAction\",\"target\":[\"https:\/\/www.reulsport.com\/de\/produit\/nestbox-tramp-kuchen-set\/\"]}]},{\"@type\":\"BreadcrumbList\",\"@id\":\"https:\/\/www.reulsport.com\/de\/produit\/nestbox-tramp-kuchen-set\/#breadcrumb\",\"itemListElement\":[{\"@type\":\"ListItem\",\"position\":1,\"name\":\"Accueil\",\"item\":\"https:\/\/www.reulsport.com\/de\/\"},{\"@type\":\"ListItem\",\"position\":2,\"name\":\"Shop\",\"item\":\"https:\/\/www.reulsport.com\/de\/shop-2\/\"},{\"@type\":\"ListItem\",\"position\":3,\"name\":\"Nestbox TRAMP &#8211; K\u00fcchen set\"}]},{\"@type\":\"WebSite\",\"@id\":\"https:\/\/www.reulsport.com\/#website\",\"url\":\"https:\/\/www.reulsport.com\/\",\"name\":\"ReulSport - Landrover specialist - Iveco partner\",\"description\":\"ReulSport est un garage Ineos, Iveco et Polaris dans la r\u00e9gion de Verviers et Li\u00e8ge. Sp\u00e9cialiste de l&#039;Offroad, de la pr\u00e9paration et de l&#039;accessoirisation. .\",\"potentialAction\":[{\"@type\":\"SearchAction\",\"target\":{\"@type\":\"EntryPoint\",\"urlTemplate\":\"https:\/\/www.reulsport.com\/?s={search_term_string}\"},\"query-input\":\"required name=search_term_string\"}],\"inLanguage\":\"de\"}]}<\/script>\n<!-- \/ Yoast SEO plugin. -->","yoast_head_json":{"title":"Nestbox TRAMP - K\u00fcchen set - ReulSport - Landrover specialist - Iveco partner","robots":{"index":"index","follow":"follow","max-snippet":"max-snippet:-1","max-image-preview":"max-image-preview:large","max-video-preview":"max-video-preview:-1"},"canonical":"https:\/\/www.reulsport.com\/de\/produit\/nestbox-tramp-kuchen-set\/","og_locale":"de_DE","og_type":"article","og_title":"Nestbox TRAMP - K\u00fcchen set - ReulSport - Landrover specialist - Iveco partner","og_description":"K\u00fcchen Set inklusive: kompletten Rahmen, herausnehmbares Wassermodul (Sp\u00fcle &amp; Wasserhahn), herausnehmbares Kochmodul (camper version), Speicherplatz haupts\u00e4chlich f\u00fcr eine K\u00fchltasche. Abmessungen: 544 x 950 x H320mm Gewicht: 37kg &nbsp; Kompatibel mit den folgenden Fahrzeugen: Audi Q7 BMW X3 &amp; X5 Citro\u00ebn C4 Dacia Duster Dodge Durango Fiat Freemont Ford Galaxy &amp; Kuga &amp; S-Max Honda CR-V [&hellip;]","og_url":"https:\/\/www.reulsport.com\/de\/produit\/nestbox-tramp-kuchen-set\/","og_site_name":"ReulSport - Landrover specialist - Iveco partner","article_modified_time":"2021-09-25T08:57:48+00:00","og_image":[{"width":941,"height":627,"url":"https:\/\/www.reulsport.com\/wp-content\/uploads\/2021\/09\/nestbox-tramp-4.jpg","type":"image\/jpeg"}],"twitter_card":"summary_large_image","twitter_misc":{"Gesch\u00e4tzte Lesezeit":"1\u00a0Minute"},"schema":{"@context":"https:\/\/schema.org","@graph":[{"@type":"WebPage","@id":"https:\/\/www.reulsport.com\/de\/produit\/nestbox-tramp-kuchen-set\/","url":"https:\/\/www.reulsport.com\/de\/produit\/nestbox-tramp-kuchen-set\/","name":"Nestbox TRAMP - K\u00fcchen set - ReulSport - Landrover specialist - Iveco partner","isPartOf":{"@id":"https:\/\/www.reulsport.com\/#website"},"datePublished":"2021-09-25T08:03:35+00:00","dateModified":"2021-09-25T08:57:48+00:00","breadcrumb":{"@id":"https:\/\/www.reulsport.com\/de\/produit\/nestbox-tramp-kuchen-set\/#breadcrumb"},"inLanguage":"de","potentialAction":[{"@type":"ReadAction","target":["https:\/\/www.reulsport.com\/de\/produit\/nestbox-tramp-kuchen-set\/"]}]},{"@type":"BreadcrumbList","@id":"https:\/\/www.reulsport.com\/de\/produit\/nestbox-tramp-kuchen-set\/#breadcrumb","itemListElement":[{"@type":"ListItem","position":1,"name":"Accueil","item":"https:\/\/www.reulsport.com\/de\/"},{"@type":"ListItem","position":2,"name":"Shop","item":"https:\/\/www.reulsport.com\/de\/shop-2\/"},{"@type":"ListItem","position":3,"name":"Nestbox TRAMP &#8211; K\u00fcchen set"}]},{"@type":"WebSite","@id":"https:\/\/www.reulsport.com\/#website","url":"https:\/\/www.reulsport.com\/","name":"ReulSport - Landrover specialist - Iveco partner","description":"ReulSport est un garage Ineos, Iveco et Polaris dans la r\u00e9gion de Verviers et Li\u00e8ge. Sp\u00e9cialiste de l&#039;Offroad, de la pr\u00e9paration et de l&#039;accessoirisation. .","potentialAction":[{"@type":"SearchAction","target":{"@type":"EntryPoint","urlTemplate":"https:\/\/www.reulsport.com\/?s={search_term_string}"},"query-input":"required name=search_term_string"}],"inLanguage":"de"}]}},"_links":{"self":[{"href":"https:\/\/www.reulsport.com\/de\/wp-json\/wp\/v2\/product\/33345"}],"collection":[{"href":"https:\/\/www.reulsport.com\/de\/wp-json\/wp\/v2\/product"}],"about":[{"href":"https:\/\/www.reulsport.com\/de\/wp-json\/wp\/v2\/types\/product"}],"replies":[{"embeddable":true,"href":"https:\/\/www.reulsport.com\/de\/wp-json\/wp\/v2\/comments?post=33345"}],"wp:featuredmedia":[{"embeddable":true,"href":"https:\/\/www.reulsport.com\/de\/wp-json\/wp\/v2\/media\/33339"}],"wp:attachment":[{"href":"https:\/\/www.reulsport.com\/de\/wp-json\/wp\/v2\/media?parent=33345"}],"wp:term":[{"taxonomy":"product_cat","embeddable":true,"href":"https:\/\/www.reulsport.com\/de\/wp-json\/wp\/v2\/product_cat?post=33345"},{"taxonomy":"product_tag","embeddable":true,"href":"https:\/\/www.reulsport.com\/de\/wp-json\/wp\/v2\/product_tag?post=33345"}],"curies":[{"name":"wp","href":"https:\/\/api.w.org\/{rel}","templated":true}]}}