{"id":33910,"date":"2021-10-04T13:40:00","date_gmt":"2021-10-04T11:40:00","guid":{"rendered":"https:\/\/www.reulsport.com\/produit\/schalterhalter-3-steckplatze\/"},"modified":"2021-10-04T13:40:00","modified_gmt":"2021-10-04T11:40:00","slug":"schalterhalter-3-steckplatze","status":"publish","type":"product","link":"https:\/\/www.reulsport.com\/de\/produit\/schalterhalter-3-steckplatze\/","title":{"rendered":"Schalterhalter (3 Steckpl\u00e4tze)"},"content":{"rendered":"<p>Schalterhalter (3 Steckpl\u00e4tze).<\/p>\n<p>Kann ohne Werkzeug im Becherhalter der Mittelkonsole montiert werden.<\/p>\n<p>Ideal f\u00fcr die Steuerung einer Winde vom Fahrersitz aus oder f\u00fcr die Verwaltung von Zubeh\u00f6r (zus\u00e4tzliche Beleuchtung, K\u00fchlschrank usw&#8230;).<\/p>\n","protected":false},"excerpt":{"rendered":"<p>Schalterhalter (3 Steckpl\u00e4tze). Kann ohne Werkzeug im Becherhalter der Mittelkonsole montiert werden. Ideal f\u00fcr die Steuerung einer Winde vom Fahrersitz aus oder f\u00fcr die Verwaltung von Zubeh\u00f6r (zus\u00e4tzliche Beleuchtung, K\u00fchlschrank usw&#8230;).<\/p>\n","protected":false},"featured_media":33721,"comment_status":"open","ping_status":"closed","template":"","meta":[],"product_cat":[192,79,99],"product_tag":[261],"acf":[],"yoast_head":"<!-- This site is optimized with the Yoast SEO plugin v20.1 - https:\/\/yoast.com\/wordpress\/plugins\/seo\/ -->\n<title>Schalterhalter (3 Steckpl\u00e4tze) - ReulSport - Landrover specialist - Iveco partner<\/title>\n<meta name=\"robots\" content=\"index, follow, max-snippet:-1, max-image-preview:large, max-video-preview:-1\" \/>\n<link rel=\"canonical\" href=\"https:\/\/www.reulsport.com\/de\/produit\/schalterhalter-3-steckplatze\/\" \/>\n<meta property=\"og:locale\" content=\"de_DE\" \/>\n<meta property=\"og:type\" content=\"article\" \/>\n<meta property=\"og:title\" content=\"Schalterhalter (3 Steckpl\u00e4tze) - ReulSport - Landrover specialist - Iveco partner\" \/>\n<meta property=\"og:description\" content=\"Schalterhalter (3 Steckpl\u00e4tze). Kann ohne Werkzeug im Becherhalter der Mittelkonsole montiert werden. Ideal f\u00fcr die Steuerung einer Winde vom Fahrersitz aus oder f\u00fcr die Verwaltung von Zubeh\u00f6r (zus\u00e4tzliche Beleuchtung, K\u00fchlschrank usw&#8230;).\" \/>\n<meta property=\"og:url\" content=\"https:\/\/www.reulsport.com\/de\/produit\/schalterhalter-3-steckplatze\/\" \/>\n<meta property=\"og:site_name\" content=\"ReulSport - Landrover specialist - Iveco partner\" \/>\n<meta property=\"og:image\" content=\"https:\/\/www.reulsport.com\/wp-content\/uploads\/2021\/10\/Capture-decran-2021-10-04-133447.jpg\" \/>\n\t<meta property=\"og:image:width\" content=\"887\" \/>\n\t<meta property=\"og:image:height\" content=\"692\" \/>\n\t<meta property=\"og:image:type\" content=\"image\/jpeg\" \/>\n<meta name=\"twitter:card\" content=\"summary_large_image\" \/>\n<script type=\"application\/ld+json\" class=\"yoast-schema-graph\">{\"@context\":\"https:\/\/schema.org\",\"@graph\":[{\"@type\":\"WebPage\",\"@id\":\"https:\/\/www.reulsport.com\/de\/produit\/schalterhalter-3-steckplatze\/\",\"url\":\"https:\/\/www.reulsport.com\/de\/produit\/schalterhalter-3-steckplatze\/\",\"name\":\"Schalterhalter (3 Steckpl\u00e4tze) - ReulSport - Landrover specialist - Iveco partner\",\"isPartOf\":{\"@id\":\"https:\/\/www.reulsport.com\/#website\"},\"datePublished\":\"2021-10-04T11:40:00+00:00\",\"dateModified\":\"2021-10-04T11:40:00+00:00\",\"breadcrumb\":{\"@id\":\"https:\/\/www.reulsport.com\/de\/produit\/schalterhalter-3-steckplatze\/#breadcrumb\"},\"inLanguage\":\"de\",\"potentialAction\":[{\"@type\":\"ReadAction\",\"target\":[\"https:\/\/www.reulsport.com\/de\/produit\/schalterhalter-3-steckplatze\/\"]}]},{\"@type\":\"BreadcrumbList\",\"@id\":\"https:\/\/www.reulsport.com\/de\/produit\/schalterhalter-3-steckplatze\/#breadcrumb\",\"itemListElement\":[{\"@type\":\"ListItem\",\"position\":1,\"name\":\"Accueil\",\"item\":\"https:\/\/www.reulsport.com\/de\/\"},{\"@type\":\"ListItem\",\"position\":2,\"name\":\"Shop\",\"item\":\"https:\/\/www.reulsport.com\/de\/shop-2\/\"},{\"@type\":\"ListItem\",\"position\":3,\"name\":\"Schalterhalter (3 Steckpl\u00e4tze)\"}]},{\"@type\":\"WebSite\",\"@id\":\"https:\/\/www.reulsport.com\/#website\",\"url\":\"https:\/\/www.reulsport.com\/\",\"name\":\"ReulSport - Landrover specialist - Iveco partner\",\"description\":\"ReulSport est un garage Ineos, Iveco et Polaris dans la r\u00e9gion de Verviers et Li\u00e8ge. Sp\u00e9cialiste de l&#039;Offroad, de la pr\u00e9paration et de l&#039;accessoirisation. .\",\"potentialAction\":[{\"@type\":\"SearchAction\",\"target\":{\"@type\":\"EntryPoint\",\"urlTemplate\":\"https:\/\/www.reulsport.com\/?s={search_term_string}\"},\"query-input\":\"required name=search_term_string\"}],\"inLanguage\":\"de\"}]}<\/script>\n<!-- \/ Yoast SEO plugin. -->","yoast_head_json":{"title":"Schalterhalter (3 Steckpl\u00e4tze) - ReulSport - Landrover specialist - Iveco partner","robots":{"index":"index","follow":"follow","max-snippet":"max-snippet:-1","max-image-preview":"max-image-preview:large","max-video-preview":"max-video-preview:-1"},"canonical":"https:\/\/www.reulsport.com\/de\/produit\/schalterhalter-3-steckplatze\/","og_locale":"de_DE","og_type":"article","og_title":"Schalterhalter (3 Steckpl\u00e4tze) - ReulSport - Landrover specialist - Iveco partner","og_description":"Schalterhalter (3 Steckpl\u00e4tze). Kann ohne Werkzeug im Becherhalter der Mittelkonsole montiert werden. Ideal f\u00fcr die Steuerung einer Winde vom Fahrersitz aus oder f\u00fcr die Verwaltung von Zubeh\u00f6r (zus\u00e4tzliche Beleuchtung, K\u00fchlschrank usw&#8230;).","og_url":"https:\/\/www.reulsport.com\/de\/produit\/schalterhalter-3-steckplatze\/","og_site_name":"ReulSport - Landrover specialist - Iveco partner","og_image":[{"width":887,"height":692,"url":"https:\/\/www.reulsport.com\/wp-content\/uploads\/2021\/10\/Capture-decran-2021-10-04-133447.jpg","type":"image\/jpeg"}],"twitter_card":"summary_large_image","schema":{"@context":"https:\/\/schema.org","@graph":[{"@type":"WebPage","@id":"https:\/\/www.reulsport.com\/de\/produit\/schalterhalter-3-steckplatze\/","url":"https:\/\/www.reulsport.com\/de\/produit\/schalterhalter-3-steckplatze\/","name":"Schalterhalter (3 Steckpl\u00e4tze) - ReulSport - Landrover specialist - Iveco partner","isPartOf":{"@id":"https:\/\/www.reulsport.com\/#website"},"datePublished":"2021-10-04T11:40:00+00:00","dateModified":"2021-10-04T11:40:00+00:00","breadcrumb":{"@id":"https:\/\/www.reulsport.com\/de\/produit\/schalterhalter-3-steckplatze\/#breadcrumb"},"inLanguage":"de","potentialAction":[{"@type":"ReadAction","target":["https:\/\/www.reulsport.com\/de\/produit\/schalterhalter-3-steckplatze\/"]}]},{"@type":"BreadcrumbList","@id":"https:\/\/www.reulsport.com\/de\/produit\/schalterhalter-3-steckplatze\/#breadcrumb","itemListElement":[{"@type":"ListItem","position":1,"name":"Accueil","item":"https:\/\/www.reulsport.com\/de\/"},{"@type":"ListItem","position":2,"name":"Shop","item":"https:\/\/www.reulsport.com\/de\/shop-2\/"},{"@type":"ListItem","position":3,"name":"Schalterhalter (3 Steckpl\u00e4tze)"}]},{"@type":"WebSite","@id":"https:\/\/www.reulsport.com\/#website","url":"https:\/\/www.reulsport.com\/","name":"ReulSport - Landrover specialist - Iveco partner","description":"ReulSport est un garage Ineos, Iveco et Polaris dans la r\u00e9gion de Verviers et Li\u00e8ge. Sp\u00e9cialiste de l&#039;Offroad, de la pr\u00e9paration et de l&#039;accessoirisation. .","potentialAction":[{"@type":"SearchAction","target":{"@type":"EntryPoint","urlTemplate":"https:\/\/www.reulsport.com\/?s={search_term_string}"},"query-input":"required name=search_term_string"}],"inLanguage":"de"}]}},"_links":{"self":[{"href":"https:\/\/www.reulsport.com\/de\/wp-json\/wp\/v2\/product\/33910"}],"collection":[{"href":"https:\/\/www.reulsport.com\/de\/wp-json\/wp\/v2\/product"}],"about":[{"href":"https:\/\/www.reulsport.com\/de\/wp-json\/wp\/v2\/types\/product"}],"replies":[{"embeddable":true,"href":"https:\/\/www.reulsport.com\/de\/wp-json\/wp\/v2\/comments?post=33910"}],"wp:featuredmedia":[{"embeddable":true,"href":"https:\/\/www.reulsport.com\/de\/wp-json\/wp\/v2\/media\/33721"}],"wp:attachment":[{"href":"https:\/\/www.reulsport.com\/de\/wp-json\/wp\/v2\/media?parent=33910"}],"wp:term":[{"taxonomy":"product_cat","embeddable":true,"href":"https:\/\/www.reulsport.com\/de\/wp-json\/wp\/v2\/product_cat?post=33910"},{"taxonomy":"product_tag","embeddable":true,"href":"https:\/\/www.reulsport.com\/de\/wp-json\/wp\/v2\/product_tag?post=33910"}],"curies":[{"name":"wp","href":"https:\/\/api.w.org\/{rel}","templated":true}]}}