{"id":33943,"date":"2021-10-06T11:39:59","date_gmt":"2021-10-06T09:39:59","guid":{"rendered":"https:\/\/www.reulsport.com\/produit\/polaris-zusatzliche-dachbeleuchtung\/"},"modified":"2021-11-17T15:14:09","modified_gmt":"2021-11-17T14:14:09","slug":"dachtragerhalterungen-polaris-pro-xp","status":"publish","type":"product","link":"https:\/\/www.reulsport.com\/de\/produit\/dachtragerhalterungen-polaris-pro-xp\/","title":{"rendered":"Dachtr\u00e4gerhalterungen Polaris Pro XP"},"content":{"rendered":"<p>Material: rostfreier Stahl<\/p>\n<p>Verkauft in Paaren!<\/p>\n<p>Erm\u00f6glicht die Montage einer LED-Leiste Vision X XPL-H24EMH (Ref Reulsport: N- XPL-H24EMH) auf dem originalen Aluminiumdach Polaris XP Pro und Ultimate<\/p>\n<p>Erh\u00f6ht die Sichtbarkeit erheblich<\/p>\n","protected":false},"excerpt":{"rendered":"<p>Material: rostfreier Stahl Verkauft in Paaren! Erm\u00f6glicht die Montage einer LED-Leiste Vision X XPL-H24EMH (Ref Reulsport: N- XPL-H24EMH) auf dem originalen Aluminiumdach Polaris XP Pro und Ultimate Erh\u00f6ht die Sichtbarkeit erheblich<\/p>\n","protected":false},"featured_media":33938,"comment_status":"open","ping_status":"closed","template":"","meta":[],"product_cat":[165],"product_tag":[],"acf":[],"yoast_head":"<!-- This site is optimized with the Yoast SEO plugin v20.1 - https:\/\/yoast.com\/wordpress\/plugins\/seo\/ -->\n<title>Dachtr\u00e4gerhalterungen Polaris Pro XP - ReulSport - Landrover specialist - Iveco partner<\/title>\n<meta name=\"robots\" content=\"index, follow, max-snippet:-1, max-image-preview:large, max-video-preview:-1\" \/>\n<link rel=\"canonical\" href=\"https:\/\/www.reulsport.com\/de\/produit\/dachtragerhalterungen-polaris-pro-xp\/\" \/>\n<meta property=\"og:locale\" content=\"de_DE\" \/>\n<meta property=\"og:type\" content=\"article\" \/>\n<meta property=\"og:title\" content=\"Dachtr\u00e4gerhalterungen Polaris Pro XP - ReulSport - Landrover specialist - Iveco partner\" \/>\n<meta property=\"og:description\" content=\"Material: rostfreier Stahl Verkauft in Paaren! Erm\u00f6glicht die Montage einer LED-Leiste Vision X XPL-H24EMH (Ref Reulsport: N- XPL-H24EMH) auf dem originalen Aluminiumdach Polaris XP Pro und Ultimate Erh\u00f6ht die Sichtbarkeit erheblich\" \/>\n<meta property=\"og:url\" content=\"https:\/\/www.reulsport.com\/de\/produit\/dachtragerhalterungen-polaris-pro-xp\/\" \/>\n<meta property=\"og:site_name\" content=\"ReulSport - Landrover specialist - Iveco partner\" \/>\n<meta property=\"article:modified_time\" content=\"2021-11-17T14:14:09+00:00\" \/>\n<meta property=\"og:image\" content=\"https:\/\/www.reulsport.com\/wp-content\/uploads\/2021\/10\/20211006_111511-scaled.jpg\" \/>\n\t<meta property=\"og:image:width\" content=\"2560\" \/>\n\t<meta property=\"og:image:height\" content=\"1181\" \/>\n\t<meta property=\"og:image:type\" content=\"image\/jpeg\" \/>\n<meta name=\"twitter:card\" content=\"summary_large_image\" \/>\n<script type=\"application\/ld+json\" class=\"yoast-schema-graph\">{\"@context\":\"https:\/\/schema.org\",\"@graph\":[{\"@type\":\"WebPage\",\"@id\":\"https:\/\/www.reulsport.com\/de\/produit\/dachtragerhalterungen-polaris-pro-xp\/\",\"url\":\"https:\/\/www.reulsport.com\/de\/produit\/dachtragerhalterungen-polaris-pro-xp\/\",\"name\":\"Dachtr\u00e4gerhalterungen Polaris Pro XP - ReulSport - Landrover specialist - Iveco partner\",\"isPartOf\":{\"@id\":\"https:\/\/www.reulsport.com\/#website\"},\"datePublished\":\"2021-10-06T09:39:59+00:00\",\"dateModified\":\"2021-11-17T14:14:09+00:00\",\"breadcrumb\":{\"@id\":\"https:\/\/www.reulsport.com\/de\/produit\/dachtragerhalterungen-polaris-pro-xp\/#breadcrumb\"},\"inLanguage\":\"de\",\"potentialAction\":[{\"@type\":\"ReadAction\",\"target\":[\"https:\/\/www.reulsport.com\/de\/produit\/dachtragerhalterungen-polaris-pro-xp\/\"]}]},{\"@type\":\"BreadcrumbList\",\"@id\":\"https:\/\/www.reulsport.com\/de\/produit\/dachtragerhalterungen-polaris-pro-xp\/#breadcrumb\",\"itemListElement\":[{\"@type\":\"ListItem\",\"position\":1,\"name\":\"Accueil\",\"item\":\"https:\/\/www.reulsport.com\/de\/\"},{\"@type\":\"ListItem\",\"position\":2,\"name\":\"Shop\",\"item\":\"https:\/\/www.reulsport.com\/de\/shop-2\/\"},{\"@type\":\"ListItem\",\"position\":3,\"name\":\"Dachtr\u00e4gerhalterungen Polaris Pro XP\"}]},{\"@type\":\"WebSite\",\"@id\":\"https:\/\/www.reulsport.com\/#website\",\"url\":\"https:\/\/www.reulsport.com\/\",\"name\":\"ReulSport - Landrover specialist - Iveco partner\",\"description\":\"ReulSport est un garage Ineos, Iveco et Polaris dans la r\u00e9gion de Verviers et Li\u00e8ge. Sp\u00e9cialiste de l&#039;Offroad, de la pr\u00e9paration et de l&#039;accessoirisation. .\",\"potentialAction\":[{\"@type\":\"SearchAction\",\"target\":{\"@type\":\"EntryPoint\",\"urlTemplate\":\"https:\/\/www.reulsport.com\/?s={search_term_string}\"},\"query-input\":\"required name=search_term_string\"}],\"inLanguage\":\"de\"}]}<\/script>\n<!-- \/ Yoast SEO plugin. -->","yoast_head_json":{"title":"Dachtr\u00e4gerhalterungen Polaris Pro XP - ReulSport - Landrover specialist - Iveco partner","robots":{"index":"index","follow":"follow","max-snippet":"max-snippet:-1","max-image-preview":"max-image-preview:large","max-video-preview":"max-video-preview:-1"},"canonical":"https:\/\/www.reulsport.com\/de\/produit\/dachtragerhalterungen-polaris-pro-xp\/","og_locale":"de_DE","og_type":"article","og_title":"Dachtr\u00e4gerhalterungen Polaris Pro XP - ReulSport - Landrover specialist - Iveco partner","og_description":"Material: rostfreier Stahl Verkauft in Paaren! Erm\u00f6glicht die Montage einer LED-Leiste Vision X XPL-H24EMH (Ref Reulsport: N- XPL-H24EMH) auf dem originalen Aluminiumdach Polaris XP Pro und Ultimate Erh\u00f6ht die Sichtbarkeit erheblich","og_url":"https:\/\/www.reulsport.com\/de\/produit\/dachtragerhalterungen-polaris-pro-xp\/","og_site_name":"ReulSport - Landrover specialist - Iveco partner","article_modified_time":"2021-11-17T14:14:09+00:00","og_image":[{"width":2560,"height":1181,"url":"https:\/\/www.reulsport.com\/wp-content\/uploads\/2021\/10\/20211006_111511-scaled.jpg","type":"image\/jpeg"}],"twitter_card":"summary_large_image","schema":{"@context":"https:\/\/schema.org","@graph":[{"@type":"WebPage","@id":"https:\/\/www.reulsport.com\/de\/produit\/dachtragerhalterungen-polaris-pro-xp\/","url":"https:\/\/www.reulsport.com\/de\/produit\/dachtragerhalterungen-polaris-pro-xp\/","name":"Dachtr\u00e4gerhalterungen Polaris Pro XP - ReulSport - Landrover specialist - Iveco partner","isPartOf":{"@id":"https:\/\/www.reulsport.com\/#website"},"datePublished":"2021-10-06T09:39:59+00:00","dateModified":"2021-11-17T14:14:09+00:00","breadcrumb":{"@id":"https:\/\/www.reulsport.com\/de\/produit\/dachtragerhalterungen-polaris-pro-xp\/#breadcrumb"},"inLanguage":"de","potentialAction":[{"@type":"ReadAction","target":["https:\/\/www.reulsport.com\/de\/produit\/dachtragerhalterungen-polaris-pro-xp\/"]}]},{"@type":"BreadcrumbList","@id":"https:\/\/www.reulsport.com\/de\/produit\/dachtragerhalterungen-polaris-pro-xp\/#breadcrumb","itemListElement":[{"@type":"ListItem","position":1,"name":"Accueil","item":"https:\/\/www.reulsport.com\/de\/"},{"@type":"ListItem","position":2,"name":"Shop","item":"https:\/\/www.reulsport.com\/de\/shop-2\/"},{"@type":"ListItem","position":3,"name":"Dachtr\u00e4gerhalterungen Polaris Pro XP"}]},{"@type":"WebSite","@id":"https:\/\/www.reulsport.com\/#website","url":"https:\/\/www.reulsport.com\/","name":"ReulSport - Landrover specialist - Iveco partner","description":"ReulSport est un garage Ineos, Iveco et Polaris dans la r\u00e9gion de Verviers et Li\u00e8ge. Sp\u00e9cialiste de l&#039;Offroad, de la pr\u00e9paration et de l&#039;accessoirisation. .","potentialAction":[{"@type":"SearchAction","target":{"@type":"EntryPoint","urlTemplate":"https:\/\/www.reulsport.com\/?s={search_term_string}"},"query-input":"required name=search_term_string"}],"inLanguage":"de"}]}},"_links":{"self":[{"href":"https:\/\/www.reulsport.com\/de\/wp-json\/wp\/v2\/product\/33943"}],"collection":[{"href":"https:\/\/www.reulsport.com\/de\/wp-json\/wp\/v2\/product"}],"about":[{"href":"https:\/\/www.reulsport.com\/de\/wp-json\/wp\/v2\/types\/product"}],"replies":[{"embeddable":true,"href":"https:\/\/www.reulsport.com\/de\/wp-json\/wp\/v2\/comments?post=33943"}],"wp:featuredmedia":[{"embeddable":true,"href":"https:\/\/www.reulsport.com\/de\/wp-json\/wp\/v2\/media\/33938"}],"wp:attachment":[{"href":"https:\/\/www.reulsport.com\/de\/wp-json\/wp\/v2\/media?parent=33943"}],"wp:term":[{"taxonomy":"product_cat","embeddable":true,"href":"https:\/\/www.reulsport.com\/de\/wp-json\/wp\/v2\/product_cat?post=33943"},{"taxonomy":"product_tag","embeddable":true,"href":"https:\/\/www.reulsport.com\/de\/wp-json\/wp\/v2\/product_tag?post=33943"}],"curies":[{"name":"wp","href":"https:\/\/api.w.org\/{rel}","templated":true}]}}