{"id":36047,"date":"2021-12-23T11:43:52","date_gmt":"2021-12-23T10:43:52","guid":{"rendered":"https:\/\/www.reulsport.com\/produit\/komplettes-phd-schutzpaket-fur-polaris-pro-xp\/"},"modified":"2021-12-29T17:19:16","modified_gmt":"2021-12-29T16:19:16","slug":"komplettes-phd-schutzpaket-fur-polaris-pro-xp","status":"publish","type":"product","link":"https:\/\/www.reulsport.com\/de\/produit\/komplettes-phd-schutzpaket-fur-polaris-pro-xp\/","title":{"rendered":"Komplettes PHD-Schutzpaket f\u00fcr Polaris PRO XP"},"content":{"rendered":"<p>XRW ( schwarze Farbe ) Schutzsohle aus PHD 300 &#8211; (Polyethylen hoher Dichte). <br \/>\nSorgt f\u00fcr einen umfassenden Schutz der Unterseite Ihres Polaris PRO XP.<\/p>\n<p>1 x Schwarze XRW-Schutzsohle: 8mm<\/p>\n<p>1 x Dreiecksprotektoren XRW: 6mm<\/p>\n<p>1 x XRW Zugstangenschutz: 6mm<\/p>\n<p>&nbsp;<\/p>\n<p>Wird mit einem kompletten Befestigungskit geliefert.<br \/>\nHohe Flexibilit\u00e4t beim Aufprall!<\/p>\n<p>Ausgezeichnetes Produkt, das sowohl f\u00fcr Wanderungen als auch f\u00fcr Wettk\u00e4mpfe bestimmt ist.<\/p>\n<p>Dieses Kit passt perfekt zu Ihrem Polaris.<\/p>\n<p>Die Montage dieses Produkts ist sehr einfach und erfordert keine Anpassungen oder \u00c4nderungen.<\/p>\n","protected":false},"excerpt":{"rendered":"<p>XRW ( schwarze Farbe ) Schutzsohle aus PHD 300 &#8211; (Polyethylen hoher Dichte). Sorgt f\u00fcr einen umfassenden Schutz der Unterseite Ihres Polaris PRO XP. 1 x Schwarze XRW-Schutzsohle: 8mm 1 x Dreiecksprotektoren XRW: 6mm 1 x XRW Zugstangenschutz: 6mm &nbsp; Wird mit einem kompletten Befestigungskit geliefert. Hohe Flexibilit\u00e4t beim Aufprall! Ausgezeichnetes Produkt, das sowohl f\u00fcr [&hellip;]<\/p>\n","protected":false},"featured_media":36045,"comment_status":"open","ping_status":"closed","template":"","meta":[],"product_cat":[165],"product_tag":[],"acf":[],"yoast_head":"<!-- This site is optimized with the Yoast SEO plugin v20.1 - https:\/\/yoast.com\/wordpress\/plugins\/seo\/ -->\n<title>Komplettes PHD-Schutzpaket f\u00fcr Polaris PRO XP - ReulSport - Landrover specialist - Iveco partner<\/title>\n<meta name=\"robots\" content=\"index, follow, max-snippet:-1, max-image-preview:large, max-video-preview:-1\" \/>\n<link rel=\"canonical\" href=\"https:\/\/www.reulsport.com\/de\/produit\/komplettes-phd-schutzpaket-fur-polaris-pro-xp\/\" \/>\n<meta property=\"og:locale\" content=\"de_DE\" \/>\n<meta property=\"og:type\" content=\"article\" \/>\n<meta property=\"og:title\" content=\"Komplettes PHD-Schutzpaket f\u00fcr Polaris PRO XP - ReulSport - Landrover specialist - Iveco partner\" \/>\n<meta property=\"og:description\" content=\"XRW ( schwarze Farbe ) Schutzsohle aus PHD 300 &#8211; (Polyethylen hoher Dichte). Sorgt f\u00fcr einen umfassenden Schutz der Unterseite Ihres Polaris PRO XP. 1 x Schwarze XRW-Schutzsohle: 8mm 1 x Dreiecksprotektoren XRW: 6mm 1 x XRW Zugstangenschutz: 6mm &nbsp; Wird mit einem kompletten Befestigungskit geliefert. Hohe Flexibilit\u00e4t beim Aufprall! Ausgezeichnetes Produkt, das sowohl f\u00fcr [&hellip;]\" \/>\n<meta property=\"og:url\" content=\"https:\/\/www.reulsport.com\/de\/produit\/komplettes-phd-schutzpaket-fur-polaris-pro-xp\/\" \/>\n<meta property=\"og:site_name\" content=\"ReulSport - Landrover specialist - Iveco partner\" \/>\n<meta property=\"article:modified_time\" content=\"2021-12-29T16:19:16+00:00\" \/>\n<meta property=\"og:image\" content=\"https:\/\/www.reulsport.com\/wp-content\/uploads\/2021\/12\/Ski-Polaris.jpg\" \/>\n\t<meta property=\"og:image:width\" content=\"678\" \/>\n\t<meta property=\"og:image:height\" content=\"825\" \/>\n\t<meta property=\"og:image:type\" content=\"image\/jpeg\" \/>\n<meta name=\"twitter:card\" content=\"summary_large_image\" \/>\n<script type=\"application\/ld+json\" class=\"yoast-schema-graph\">{\"@context\":\"https:\/\/schema.org\",\"@graph\":[{\"@type\":\"WebPage\",\"@id\":\"https:\/\/www.reulsport.com\/de\/produit\/komplettes-phd-schutzpaket-fur-polaris-pro-xp\/\",\"url\":\"https:\/\/www.reulsport.com\/de\/produit\/komplettes-phd-schutzpaket-fur-polaris-pro-xp\/\",\"name\":\"Komplettes PHD-Schutzpaket f\u00fcr Polaris PRO XP - ReulSport - Landrover specialist - Iveco partner\",\"isPartOf\":{\"@id\":\"https:\/\/www.reulsport.com\/#website\"},\"datePublished\":\"2021-12-23T10:43:52+00:00\",\"dateModified\":\"2021-12-29T16:19:16+00:00\",\"breadcrumb\":{\"@id\":\"https:\/\/www.reulsport.com\/de\/produit\/komplettes-phd-schutzpaket-fur-polaris-pro-xp\/#breadcrumb\"},\"inLanguage\":\"de\",\"potentialAction\":[{\"@type\":\"ReadAction\",\"target\":[\"https:\/\/www.reulsport.com\/de\/produit\/komplettes-phd-schutzpaket-fur-polaris-pro-xp\/\"]}]},{\"@type\":\"BreadcrumbList\",\"@id\":\"https:\/\/www.reulsport.com\/de\/produit\/komplettes-phd-schutzpaket-fur-polaris-pro-xp\/#breadcrumb\",\"itemListElement\":[{\"@type\":\"ListItem\",\"position\":1,\"name\":\"Accueil\",\"item\":\"https:\/\/www.reulsport.com\/de\/\"},{\"@type\":\"ListItem\",\"position\":2,\"name\":\"Shop\",\"item\":\"https:\/\/www.reulsport.com\/de\/shop-2\/\"},{\"@type\":\"ListItem\",\"position\":3,\"name\":\"Komplettes PHD-Schutzpaket f\u00fcr Polaris PRO XP\"}]},{\"@type\":\"WebSite\",\"@id\":\"https:\/\/www.reulsport.com\/#website\",\"url\":\"https:\/\/www.reulsport.com\/\",\"name\":\"ReulSport - Landrover specialist - Iveco partner\",\"description\":\"ReulSport est un garage Ineos, Iveco et Polaris dans la r\u00e9gion de Verviers et Li\u00e8ge. Sp\u00e9cialiste de l&#039;Offroad, de la pr\u00e9paration et de l&#039;accessoirisation. .\",\"potentialAction\":[{\"@type\":\"SearchAction\",\"target\":{\"@type\":\"EntryPoint\",\"urlTemplate\":\"https:\/\/www.reulsport.com\/?s={search_term_string}\"},\"query-input\":\"required name=search_term_string\"}],\"inLanguage\":\"de\"}]}<\/script>\n<!-- \/ Yoast SEO plugin. -->","yoast_head_json":{"title":"Komplettes PHD-Schutzpaket f\u00fcr Polaris PRO XP - ReulSport - Landrover specialist - Iveco partner","robots":{"index":"index","follow":"follow","max-snippet":"max-snippet:-1","max-image-preview":"max-image-preview:large","max-video-preview":"max-video-preview:-1"},"canonical":"https:\/\/www.reulsport.com\/de\/produit\/komplettes-phd-schutzpaket-fur-polaris-pro-xp\/","og_locale":"de_DE","og_type":"article","og_title":"Komplettes PHD-Schutzpaket f\u00fcr Polaris PRO XP - ReulSport - Landrover specialist - Iveco partner","og_description":"XRW ( schwarze Farbe ) Schutzsohle aus PHD 300 &#8211; (Polyethylen hoher Dichte). Sorgt f\u00fcr einen umfassenden Schutz der Unterseite Ihres Polaris PRO XP. 1 x Schwarze XRW-Schutzsohle: 8mm 1 x Dreiecksprotektoren XRW: 6mm 1 x XRW Zugstangenschutz: 6mm &nbsp; Wird mit einem kompletten Befestigungskit geliefert. Hohe Flexibilit\u00e4t beim Aufprall! Ausgezeichnetes Produkt, das sowohl f\u00fcr [&hellip;]","og_url":"https:\/\/www.reulsport.com\/de\/produit\/komplettes-phd-schutzpaket-fur-polaris-pro-xp\/","og_site_name":"ReulSport - Landrover specialist - Iveco partner","article_modified_time":"2021-12-29T16:19:16+00:00","og_image":[{"width":678,"height":825,"url":"https:\/\/www.reulsport.com\/wp-content\/uploads\/2021\/12\/Ski-Polaris.jpg","type":"image\/jpeg"}],"twitter_card":"summary_large_image","schema":{"@context":"https:\/\/schema.org","@graph":[{"@type":"WebPage","@id":"https:\/\/www.reulsport.com\/de\/produit\/komplettes-phd-schutzpaket-fur-polaris-pro-xp\/","url":"https:\/\/www.reulsport.com\/de\/produit\/komplettes-phd-schutzpaket-fur-polaris-pro-xp\/","name":"Komplettes PHD-Schutzpaket f\u00fcr Polaris PRO XP - ReulSport - Landrover specialist - Iveco partner","isPartOf":{"@id":"https:\/\/www.reulsport.com\/#website"},"datePublished":"2021-12-23T10:43:52+00:00","dateModified":"2021-12-29T16:19:16+00:00","breadcrumb":{"@id":"https:\/\/www.reulsport.com\/de\/produit\/komplettes-phd-schutzpaket-fur-polaris-pro-xp\/#breadcrumb"},"inLanguage":"de","potentialAction":[{"@type":"ReadAction","target":["https:\/\/www.reulsport.com\/de\/produit\/komplettes-phd-schutzpaket-fur-polaris-pro-xp\/"]}]},{"@type":"BreadcrumbList","@id":"https:\/\/www.reulsport.com\/de\/produit\/komplettes-phd-schutzpaket-fur-polaris-pro-xp\/#breadcrumb","itemListElement":[{"@type":"ListItem","position":1,"name":"Accueil","item":"https:\/\/www.reulsport.com\/de\/"},{"@type":"ListItem","position":2,"name":"Shop","item":"https:\/\/www.reulsport.com\/de\/shop-2\/"},{"@type":"ListItem","position":3,"name":"Komplettes PHD-Schutzpaket f\u00fcr Polaris PRO XP"}]},{"@type":"WebSite","@id":"https:\/\/www.reulsport.com\/#website","url":"https:\/\/www.reulsport.com\/","name":"ReulSport - Landrover specialist - Iveco partner","description":"ReulSport est un garage Ineos, Iveco et Polaris dans la r\u00e9gion de Verviers et Li\u00e8ge. Sp\u00e9cialiste de l&#039;Offroad, de la pr\u00e9paration et de l&#039;accessoirisation. .","potentialAction":[{"@type":"SearchAction","target":{"@type":"EntryPoint","urlTemplate":"https:\/\/www.reulsport.com\/?s={search_term_string}"},"query-input":"required name=search_term_string"}],"inLanguage":"de"}]}},"_links":{"self":[{"href":"https:\/\/www.reulsport.com\/de\/wp-json\/wp\/v2\/product\/36047"}],"collection":[{"href":"https:\/\/www.reulsport.com\/de\/wp-json\/wp\/v2\/product"}],"about":[{"href":"https:\/\/www.reulsport.com\/de\/wp-json\/wp\/v2\/types\/product"}],"replies":[{"embeddable":true,"href":"https:\/\/www.reulsport.com\/de\/wp-json\/wp\/v2\/comments?post=36047"}],"wp:featuredmedia":[{"embeddable":true,"href":"https:\/\/www.reulsport.com\/de\/wp-json\/wp\/v2\/media\/36045"}],"wp:attachment":[{"href":"https:\/\/www.reulsport.com\/de\/wp-json\/wp\/v2\/media?parent=36047"}],"wp:term":[{"taxonomy":"product_cat","embeddable":true,"href":"https:\/\/www.reulsport.com\/de\/wp-json\/wp\/v2\/product_cat?post=36047"},{"taxonomy":"product_tag","embeddable":true,"href":"https:\/\/www.reulsport.com\/de\/wp-json\/wp\/v2\/product_tag?post=36047"}],"curies":[{"name":"wp","href":"https:\/\/api.w.org\/{rel}","templated":true}]}}