{"id":36235,"date":"2021-12-29T17:02:42","date_gmt":"2021-12-29T16:02:42","guid":{"rendered":"https:\/\/www.reulsport.com\/produit\/chassisschutz-fur-polaris-pro-xp\/"},"modified":"2021-12-29T17:02:42","modified_gmt":"2021-12-29T16:02:42","slug":"chassisschutz-fur-polaris-pro-xp","status":"publish","type":"product","link":"https:\/\/www.reulsport.com\/de\/produit\/chassisschutz-fur-polaris-pro-xp\/","title":{"rendered":"Chassisschutz f\u00fcr Polaris PRO XP"},"content":{"rendered":"<p>XRW-Schutz ( schwarze Farbe ) aus PHD 300 &#8211; (Polyethylen hoher Dichte), Dicke 8mm.<\/p>\n<p>Bietet Schutz f\u00fcr die Unterseite Ihres Polaris PRO XP.<\/p>\n<p>Wird mit einem kompletten Befestigungskit geliefert.<\/p>\n<p>Hohe Flexibilit\u00e4t bei St\u00f6\u00dfen!<br \/>\nAusgezeichnetes Produkt, das sowohl f\u00fcr Wanderungen als auch f\u00fcr Wettk\u00e4mpfe bestimmt ist.<\/p>\n<p>Dieses Kit wird perfekt an Ihre Polaris angepasst.<\/p>\n<p>Die Montage dieses Produkts ist sehr einfach und erfordert keine Anpassungen oder \u00c4nderungen.<\/p>\n","protected":false},"excerpt":{"rendered":"<p>XRW-Schutz ( schwarze Farbe ) aus PHD 300 &#8211; (Polyethylen hoher Dichte), Dicke 8mm. Bietet Schutz f\u00fcr die Unterseite Ihres Polaris PRO XP. Wird mit einem kompletten Befestigungskit geliefert. Hohe Flexibilit\u00e4t bei St\u00f6\u00dfen! Ausgezeichnetes Produkt, das sowohl f\u00fcr Wanderungen als auch f\u00fcr Wettk\u00e4mpfe bestimmt ist. Dieses Kit wird perfekt an Ihre Polaris angepasst. Die Montage [&hellip;]<\/p>\n","protected":false},"featured_media":36226,"comment_status":"open","ping_status":"closed","template":"","meta":[],"product_cat":[165],"product_tag":[],"acf":[],"yoast_head":"<!-- This site is optimized with the Yoast SEO plugin v20.1 - https:\/\/yoast.com\/wordpress\/plugins\/seo\/ -->\n<title>Chassisschutz f\u00fcr Polaris PRO XP - ReulSport - Landrover specialist - Iveco partner<\/title>\n<meta name=\"robots\" content=\"index, follow, max-snippet:-1, max-image-preview:large, max-video-preview:-1\" \/>\n<link rel=\"canonical\" href=\"https:\/\/www.reulsport.com\/de\/produit\/chassisschutz-fur-polaris-pro-xp\/\" \/>\n<meta property=\"og:locale\" content=\"de_DE\" \/>\n<meta property=\"og:type\" content=\"article\" \/>\n<meta property=\"og:title\" content=\"Chassisschutz f\u00fcr Polaris PRO XP - ReulSport - Landrover specialist - Iveco partner\" \/>\n<meta property=\"og:description\" content=\"XRW-Schutz ( schwarze Farbe ) aus PHD 300 &#8211; (Polyethylen hoher Dichte), Dicke 8mm. Bietet Schutz f\u00fcr die Unterseite Ihres Polaris PRO XP. Wird mit einem kompletten Befestigungskit geliefert. Hohe Flexibilit\u00e4t bei St\u00f6\u00dfen! Ausgezeichnetes Produkt, das sowohl f\u00fcr Wanderungen als auch f\u00fcr Wettk\u00e4mpfe bestimmt ist. Dieses Kit wird perfekt an Ihre Polaris angepasst. Die Montage [&hellip;]\" \/>\n<meta property=\"og:url\" content=\"https:\/\/www.reulsport.com\/de\/produit\/chassisschutz-fur-polaris-pro-xp\/\" \/>\n<meta property=\"og:site_name\" content=\"ReulSport - Landrover specialist - Iveco partner\" \/>\n<meta property=\"og:image\" content=\"https:\/\/www.reulsport.com\/wp-content\/uploads\/2021\/12\/protection-central-alumphd.jpg\" \/>\n\t<meta property=\"og:image:width\" content=\"800\" \/>\n\t<meta property=\"og:image:height\" content=\"800\" \/>\n\t<meta property=\"og:image:type\" content=\"image\/jpeg\" \/>\n<meta name=\"twitter:card\" content=\"summary_large_image\" \/>\n<script type=\"application\/ld+json\" class=\"yoast-schema-graph\">{\"@context\":\"https:\/\/schema.org\",\"@graph\":[{\"@type\":\"WebPage\",\"@id\":\"https:\/\/www.reulsport.com\/de\/produit\/chassisschutz-fur-polaris-pro-xp\/\",\"url\":\"https:\/\/www.reulsport.com\/de\/produit\/chassisschutz-fur-polaris-pro-xp\/\",\"name\":\"Chassisschutz f\u00fcr Polaris PRO XP - ReulSport - Landrover specialist - Iveco partner\",\"isPartOf\":{\"@id\":\"https:\/\/www.reulsport.com\/#website\"},\"datePublished\":\"2021-12-29T16:02:42+00:00\",\"dateModified\":\"2021-12-29T16:02:42+00:00\",\"breadcrumb\":{\"@id\":\"https:\/\/www.reulsport.com\/de\/produit\/chassisschutz-fur-polaris-pro-xp\/#breadcrumb\"},\"inLanguage\":\"de\",\"potentialAction\":[{\"@type\":\"ReadAction\",\"target\":[\"https:\/\/www.reulsport.com\/de\/produit\/chassisschutz-fur-polaris-pro-xp\/\"]}]},{\"@type\":\"BreadcrumbList\",\"@id\":\"https:\/\/www.reulsport.com\/de\/produit\/chassisschutz-fur-polaris-pro-xp\/#breadcrumb\",\"itemListElement\":[{\"@type\":\"ListItem\",\"position\":1,\"name\":\"Accueil\",\"item\":\"https:\/\/www.reulsport.com\/de\/\"},{\"@type\":\"ListItem\",\"position\":2,\"name\":\"Shop\",\"item\":\"https:\/\/www.reulsport.com\/de\/shop-2\/\"},{\"@type\":\"ListItem\",\"position\":3,\"name\":\"Chassisschutz f\u00fcr Polaris PRO XP\"}]},{\"@type\":\"WebSite\",\"@id\":\"https:\/\/www.reulsport.com\/#website\",\"url\":\"https:\/\/www.reulsport.com\/\",\"name\":\"ReulSport - Landrover specialist - Iveco partner\",\"description\":\"ReulSport est un garage Ineos, Iveco et Polaris dans la r\u00e9gion de Verviers et Li\u00e8ge. Sp\u00e9cialiste de l&#039;Offroad, de la pr\u00e9paration et de l&#039;accessoirisation. .\",\"potentialAction\":[{\"@type\":\"SearchAction\",\"target\":{\"@type\":\"EntryPoint\",\"urlTemplate\":\"https:\/\/www.reulsport.com\/?s={search_term_string}\"},\"query-input\":\"required name=search_term_string\"}],\"inLanguage\":\"de\"}]}<\/script>\n<!-- \/ Yoast SEO plugin. -->","yoast_head_json":{"title":"Chassisschutz f\u00fcr Polaris PRO XP - ReulSport - Landrover specialist - Iveco partner","robots":{"index":"index","follow":"follow","max-snippet":"max-snippet:-1","max-image-preview":"max-image-preview:large","max-video-preview":"max-video-preview:-1"},"canonical":"https:\/\/www.reulsport.com\/de\/produit\/chassisschutz-fur-polaris-pro-xp\/","og_locale":"de_DE","og_type":"article","og_title":"Chassisschutz f\u00fcr Polaris PRO XP - ReulSport - Landrover specialist - Iveco partner","og_description":"XRW-Schutz ( schwarze Farbe ) aus PHD 300 &#8211; (Polyethylen hoher Dichte), Dicke 8mm. Bietet Schutz f\u00fcr die Unterseite Ihres Polaris PRO XP. Wird mit einem kompletten Befestigungskit geliefert. Hohe Flexibilit\u00e4t bei St\u00f6\u00dfen! Ausgezeichnetes Produkt, das sowohl f\u00fcr Wanderungen als auch f\u00fcr Wettk\u00e4mpfe bestimmt ist. Dieses Kit wird perfekt an Ihre Polaris angepasst. Die Montage [&hellip;]","og_url":"https:\/\/www.reulsport.com\/de\/produit\/chassisschutz-fur-polaris-pro-xp\/","og_site_name":"ReulSport - Landrover specialist - Iveco partner","og_image":[{"width":800,"height":800,"url":"https:\/\/www.reulsport.com\/wp-content\/uploads\/2021\/12\/protection-central-alumphd.jpg","type":"image\/jpeg"}],"twitter_card":"summary_large_image","schema":{"@context":"https:\/\/schema.org","@graph":[{"@type":"WebPage","@id":"https:\/\/www.reulsport.com\/de\/produit\/chassisschutz-fur-polaris-pro-xp\/","url":"https:\/\/www.reulsport.com\/de\/produit\/chassisschutz-fur-polaris-pro-xp\/","name":"Chassisschutz f\u00fcr Polaris PRO XP - ReulSport - Landrover specialist - Iveco partner","isPartOf":{"@id":"https:\/\/www.reulsport.com\/#website"},"datePublished":"2021-12-29T16:02:42+00:00","dateModified":"2021-12-29T16:02:42+00:00","breadcrumb":{"@id":"https:\/\/www.reulsport.com\/de\/produit\/chassisschutz-fur-polaris-pro-xp\/#breadcrumb"},"inLanguage":"de","potentialAction":[{"@type":"ReadAction","target":["https:\/\/www.reulsport.com\/de\/produit\/chassisschutz-fur-polaris-pro-xp\/"]}]},{"@type":"BreadcrumbList","@id":"https:\/\/www.reulsport.com\/de\/produit\/chassisschutz-fur-polaris-pro-xp\/#breadcrumb","itemListElement":[{"@type":"ListItem","position":1,"name":"Accueil","item":"https:\/\/www.reulsport.com\/de\/"},{"@type":"ListItem","position":2,"name":"Shop","item":"https:\/\/www.reulsport.com\/de\/shop-2\/"},{"@type":"ListItem","position":3,"name":"Chassisschutz f\u00fcr Polaris PRO XP"}]},{"@type":"WebSite","@id":"https:\/\/www.reulsport.com\/#website","url":"https:\/\/www.reulsport.com\/","name":"ReulSport - Landrover specialist - Iveco partner","description":"ReulSport est un garage Ineos, Iveco et Polaris dans la r\u00e9gion de Verviers et Li\u00e8ge. Sp\u00e9cialiste de l&#039;Offroad, de la pr\u00e9paration et de l&#039;accessoirisation. .","potentialAction":[{"@type":"SearchAction","target":{"@type":"EntryPoint","urlTemplate":"https:\/\/www.reulsport.com\/?s={search_term_string}"},"query-input":"required name=search_term_string"}],"inLanguage":"de"}]}},"_links":{"self":[{"href":"https:\/\/www.reulsport.com\/de\/wp-json\/wp\/v2\/product\/36235"}],"collection":[{"href":"https:\/\/www.reulsport.com\/de\/wp-json\/wp\/v2\/product"}],"about":[{"href":"https:\/\/www.reulsport.com\/de\/wp-json\/wp\/v2\/types\/product"}],"replies":[{"embeddable":true,"href":"https:\/\/www.reulsport.com\/de\/wp-json\/wp\/v2\/comments?post=36235"}],"wp:featuredmedia":[{"embeddable":true,"href":"https:\/\/www.reulsport.com\/de\/wp-json\/wp\/v2\/media\/36226"}],"wp:attachment":[{"href":"https:\/\/www.reulsport.com\/de\/wp-json\/wp\/v2\/media?parent=36235"}],"wp:term":[{"taxonomy":"product_cat","embeddable":true,"href":"https:\/\/www.reulsport.com\/de\/wp-json\/wp\/v2\/product_cat?post=36235"},{"taxonomy":"product_tag","embeddable":true,"href":"https:\/\/www.reulsport.com\/de\/wp-json\/wp\/v2\/product_tag?post=36235"}],"curies":[{"name":"wp","href":"https:\/\/api.w.org\/{rel}","templated":true}]}}