{"id":36415,"date":"2022-01-04T15:36:02","date_gmt":"2022-01-04T14:36:02","guid":{"rendered":"https:\/\/www.reulsport.com\/produit\/auspuff-rjwc-apx-al-q-fur-polaris-pro-xp\/"},"modified":"2022-01-04T15:38:01","modified_gmt":"2022-01-04T14:38:01","slug":"auspuff-rjwc-apx-al-q-fur-polaris-pro-xp","status":"publish","type":"product","link":"https:\/\/www.reulsport.com\/de\/produit\/auspuff-rjwc-apx-al-q-fur-polaris-pro-xp\/","title":{"rendered":"Auspuff RJWC APX\/AL Q f\u00fcr Polaris PRO XP"},"content":{"rendered":"<p>RJWC Powersport APX\/AL Q Auspuff, serienm\u00e4\u00dfig doppelt, f\u00fcr Polaris PRO XP.<\/p>\n<p>Modulare Vollaluminiumkonstruktion, bei der an allen kritischen Punkten CNC-gefr\u00e4ste Halterungen verwendet werden, da Schwei\u00dfn\u00e4hte eine Schwachstelle darstellen k\u00f6nnen. Das gesamte System wird mit CAD aus stranggepresstem Aluminium gezeichnet. Alle Aluminiumteile sind eloxiert.<\/p>\n<p>Dies ist die Q-Version, die serienm\u00e4\u00dfig Schalld\u00e4mpfert\u00f6pfe verwendet, um den Ger\u00e4uschpegel ein wenig zu senken. Er liegt gleichauf mit dem Ger\u00e4uschpegel der Originalauspuffe.<\/p>\n<p>Wird mit der lasergeschnittenen und lackierten R\u00fcckplatte, Edelstahl- und verzinkten Schrauben &amp; Muttern, Unterlegscheiben, Dichtungen usw. geliefert.<\/p>\n<p>Gewicht: 13,2 kg mit Verpackung<\/p>\n","protected":false},"excerpt":{"rendered":"<p>RJWC Powersport APX\/AL Q Auspuff, serienm\u00e4\u00dfig doppelt, f\u00fcr Polaris PRO XP. Modulare Vollaluminiumkonstruktion, bei der an allen kritischen Punkten CNC-gefr\u00e4ste Halterungen verwendet werden, da Schwei\u00dfn\u00e4hte eine Schwachstelle darstellen k\u00f6nnen. Das gesamte System wird mit CAD aus stranggepresstem Aluminium gezeichnet. Alle Aluminiumteile sind eloxiert. Dies ist die Q-Version, die serienm\u00e4\u00dfig Schalld\u00e4mpfert\u00f6pfe verwendet, um den Ger\u00e4uschpegel ein [&hellip;]<\/p>\n","protected":false},"featured_media":36387,"comment_status":"open","ping_status":"closed","template":"","meta":[],"product_cat":[165],"product_tag":[],"acf":[],"yoast_head":"<!-- This site is optimized with the Yoast SEO plugin v20.1 - https:\/\/yoast.com\/wordpress\/plugins\/seo\/ -->\n<title>Auspuff RJWC APX\/AL Q f\u00fcr Polaris PRO XP - ReulSport - Landrover specialist - Iveco partner<\/title>\n<meta name=\"robots\" content=\"index, follow, max-snippet:-1, max-image-preview:large, max-video-preview:-1\" \/>\n<link rel=\"canonical\" href=\"https:\/\/www.reulsport.com\/de\/produit\/auspuff-rjwc-apx-al-q-fur-polaris-pro-xp\/\" \/>\n<meta property=\"og:locale\" content=\"de_DE\" \/>\n<meta property=\"og:type\" content=\"article\" \/>\n<meta property=\"og:title\" content=\"Auspuff RJWC APX\/AL Q f\u00fcr Polaris PRO XP - ReulSport - Landrover specialist - Iveco partner\" \/>\n<meta property=\"og:description\" content=\"RJWC Powersport APX\/AL Q Auspuff, serienm\u00e4\u00dfig doppelt, f\u00fcr Polaris PRO XP. Modulare Vollaluminiumkonstruktion, bei der an allen kritischen Punkten CNC-gefr\u00e4ste Halterungen verwendet werden, da Schwei\u00dfn\u00e4hte eine Schwachstelle darstellen k\u00f6nnen. Das gesamte System wird mit CAD aus stranggepresstem Aluminium gezeichnet. Alle Aluminiumteile sind eloxiert. Dies ist die Q-Version, die serienm\u00e4\u00dfig Schalld\u00e4mpfert\u00f6pfe verwendet, um den Ger\u00e4uschpegel ein [&hellip;]\" \/>\n<meta property=\"og:url\" content=\"https:\/\/www.reulsport.com\/de\/produit\/auspuff-rjwc-apx-al-q-fur-polaris-pro-xp\/\" \/>\n<meta property=\"og:site_name\" content=\"ReulSport - Landrover specialist - Iveco partner\" \/>\n<meta property=\"article:modified_time\" content=\"2022-01-04T14:38:01+00:00\" \/>\n<meta property=\"og:image\" content=\"https:\/\/www.reulsport.com\/wp-content\/uploads\/2022\/01\/1107005_hires__79710.1633411883.1280.1280_1024x1024.png\" \/>\n\t<meta property=\"og:image:width\" content=\"1024\" \/>\n\t<meta property=\"og:image:height\" content=\"1024\" \/>\n\t<meta property=\"og:image:type\" content=\"image\/png\" \/>\n<meta name=\"twitter:card\" content=\"summary_large_image\" \/>\n<meta name=\"twitter:label1\" content=\"Gesch\u00e4tzte Lesezeit\" \/>\n\t<meta name=\"twitter:data1\" content=\"1\u00a0Minute\" \/>\n<script type=\"application\/ld+json\" class=\"yoast-schema-graph\">{\"@context\":\"https:\/\/schema.org\",\"@graph\":[{\"@type\":\"WebPage\",\"@id\":\"https:\/\/www.reulsport.com\/de\/produit\/auspuff-rjwc-apx-al-q-fur-polaris-pro-xp\/\",\"url\":\"https:\/\/www.reulsport.com\/de\/produit\/auspuff-rjwc-apx-al-q-fur-polaris-pro-xp\/\",\"name\":\"Auspuff RJWC APX\/AL Q f\u00fcr Polaris PRO XP - ReulSport - Landrover specialist - Iveco partner\",\"isPartOf\":{\"@id\":\"https:\/\/www.reulsport.com\/#website\"},\"datePublished\":\"2022-01-04T14:36:02+00:00\",\"dateModified\":\"2022-01-04T14:38:01+00:00\",\"breadcrumb\":{\"@id\":\"https:\/\/www.reulsport.com\/de\/produit\/auspuff-rjwc-apx-al-q-fur-polaris-pro-xp\/#breadcrumb\"},\"inLanguage\":\"de\",\"potentialAction\":[{\"@type\":\"ReadAction\",\"target\":[\"https:\/\/www.reulsport.com\/de\/produit\/auspuff-rjwc-apx-al-q-fur-polaris-pro-xp\/\"]}]},{\"@type\":\"BreadcrumbList\",\"@id\":\"https:\/\/www.reulsport.com\/de\/produit\/auspuff-rjwc-apx-al-q-fur-polaris-pro-xp\/#breadcrumb\",\"itemListElement\":[{\"@type\":\"ListItem\",\"position\":1,\"name\":\"Accueil\",\"item\":\"https:\/\/www.reulsport.com\/de\/\"},{\"@type\":\"ListItem\",\"position\":2,\"name\":\"Shop\",\"item\":\"https:\/\/www.reulsport.com\/de\/shop-2\/\"},{\"@type\":\"ListItem\",\"position\":3,\"name\":\"Auspuff RJWC APX\/AL Q f\u00fcr Polaris PRO XP\"}]},{\"@type\":\"WebSite\",\"@id\":\"https:\/\/www.reulsport.com\/#website\",\"url\":\"https:\/\/www.reulsport.com\/\",\"name\":\"ReulSport - Landrover specialist - Iveco partner\",\"description\":\"ReulSport est un garage Ineos, Iveco et Polaris dans la r\u00e9gion de Verviers et Li\u00e8ge. Sp\u00e9cialiste de l&#039;Offroad, de la pr\u00e9paration et de l&#039;accessoirisation. .\",\"potentialAction\":[{\"@type\":\"SearchAction\",\"target\":{\"@type\":\"EntryPoint\",\"urlTemplate\":\"https:\/\/www.reulsport.com\/?s={search_term_string}\"},\"query-input\":\"required name=search_term_string\"}],\"inLanguage\":\"de\"}]}<\/script>\n<!-- \/ Yoast SEO plugin. -->","yoast_head_json":{"title":"Auspuff RJWC APX\/AL Q f\u00fcr Polaris PRO XP - ReulSport - Landrover specialist - Iveco partner","robots":{"index":"index","follow":"follow","max-snippet":"max-snippet:-1","max-image-preview":"max-image-preview:large","max-video-preview":"max-video-preview:-1"},"canonical":"https:\/\/www.reulsport.com\/de\/produit\/auspuff-rjwc-apx-al-q-fur-polaris-pro-xp\/","og_locale":"de_DE","og_type":"article","og_title":"Auspuff RJWC APX\/AL Q f\u00fcr Polaris PRO XP - ReulSport - Landrover specialist - Iveco partner","og_description":"RJWC Powersport APX\/AL Q Auspuff, serienm\u00e4\u00dfig doppelt, f\u00fcr Polaris PRO XP. Modulare Vollaluminiumkonstruktion, bei der an allen kritischen Punkten CNC-gefr\u00e4ste Halterungen verwendet werden, da Schwei\u00dfn\u00e4hte eine Schwachstelle darstellen k\u00f6nnen. Das gesamte System wird mit CAD aus stranggepresstem Aluminium gezeichnet. Alle Aluminiumteile sind eloxiert. Dies ist die Q-Version, die serienm\u00e4\u00dfig Schalld\u00e4mpfert\u00f6pfe verwendet, um den Ger\u00e4uschpegel ein [&hellip;]","og_url":"https:\/\/www.reulsport.com\/de\/produit\/auspuff-rjwc-apx-al-q-fur-polaris-pro-xp\/","og_site_name":"ReulSport - Landrover specialist - Iveco partner","article_modified_time":"2022-01-04T14:38:01+00:00","og_image":[{"width":1024,"height":1024,"url":"https:\/\/www.reulsport.com\/wp-content\/uploads\/2022\/01\/1107005_hires__79710.1633411883.1280.1280_1024x1024.png","type":"image\/png"}],"twitter_card":"summary_large_image","twitter_misc":{"Gesch\u00e4tzte Lesezeit":"1\u00a0Minute"},"schema":{"@context":"https:\/\/schema.org","@graph":[{"@type":"WebPage","@id":"https:\/\/www.reulsport.com\/de\/produit\/auspuff-rjwc-apx-al-q-fur-polaris-pro-xp\/","url":"https:\/\/www.reulsport.com\/de\/produit\/auspuff-rjwc-apx-al-q-fur-polaris-pro-xp\/","name":"Auspuff RJWC APX\/AL Q f\u00fcr Polaris PRO XP - ReulSport - Landrover specialist - Iveco partner","isPartOf":{"@id":"https:\/\/www.reulsport.com\/#website"},"datePublished":"2022-01-04T14:36:02+00:00","dateModified":"2022-01-04T14:38:01+00:00","breadcrumb":{"@id":"https:\/\/www.reulsport.com\/de\/produit\/auspuff-rjwc-apx-al-q-fur-polaris-pro-xp\/#breadcrumb"},"inLanguage":"de","potentialAction":[{"@type":"ReadAction","target":["https:\/\/www.reulsport.com\/de\/produit\/auspuff-rjwc-apx-al-q-fur-polaris-pro-xp\/"]}]},{"@type":"BreadcrumbList","@id":"https:\/\/www.reulsport.com\/de\/produit\/auspuff-rjwc-apx-al-q-fur-polaris-pro-xp\/#breadcrumb","itemListElement":[{"@type":"ListItem","position":1,"name":"Accueil","item":"https:\/\/www.reulsport.com\/de\/"},{"@type":"ListItem","position":2,"name":"Shop","item":"https:\/\/www.reulsport.com\/de\/shop-2\/"},{"@type":"ListItem","position":3,"name":"Auspuff RJWC APX\/AL Q f\u00fcr Polaris PRO XP"}]},{"@type":"WebSite","@id":"https:\/\/www.reulsport.com\/#website","url":"https:\/\/www.reulsport.com\/","name":"ReulSport - Landrover specialist - Iveco partner","description":"ReulSport est un garage Ineos, Iveco et Polaris dans la r\u00e9gion de Verviers et Li\u00e8ge. Sp\u00e9cialiste de l&#039;Offroad, de la pr\u00e9paration et de l&#039;accessoirisation. .","potentialAction":[{"@type":"SearchAction","target":{"@type":"EntryPoint","urlTemplate":"https:\/\/www.reulsport.com\/?s={search_term_string}"},"query-input":"required name=search_term_string"}],"inLanguage":"de"}]}},"_links":{"self":[{"href":"https:\/\/www.reulsport.com\/de\/wp-json\/wp\/v2\/product\/36415"}],"collection":[{"href":"https:\/\/www.reulsport.com\/de\/wp-json\/wp\/v2\/product"}],"about":[{"href":"https:\/\/www.reulsport.com\/de\/wp-json\/wp\/v2\/types\/product"}],"replies":[{"embeddable":true,"href":"https:\/\/www.reulsport.com\/de\/wp-json\/wp\/v2\/comments?post=36415"}],"wp:featuredmedia":[{"embeddable":true,"href":"https:\/\/www.reulsport.com\/de\/wp-json\/wp\/v2\/media\/36387"}],"wp:attachment":[{"href":"https:\/\/www.reulsport.com\/de\/wp-json\/wp\/v2\/media?parent=36415"}],"wp:term":[{"taxonomy":"product_cat","embeddable":true,"href":"https:\/\/www.reulsport.com\/de\/wp-json\/wp\/v2\/product_cat?post=36415"},{"taxonomy":"product_tag","embeddable":true,"href":"https:\/\/www.reulsport.com\/de\/wp-json\/wp\/v2\/product_tag?post=36415"}],"curies":[{"name":"wp","href":"https:\/\/api.w.org\/{rel}","templated":true}]}}