{"id":36419,"date":"2022-01-04T16:16:42","date_gmt":"2022-01-04T15:16:42","guid":{"rendered":"https:\/\/www.reulsport.com\/produit\/auspuffrohr-fur-polaris-pro-xp\/"},"modified":"2022-01-04T16:16:42","modified_gmt":"2022-01-04T15:16:42","slug":"auspuffrohr-fur-polaris-pro-xp","status":"publish","type":"product","link":"https:\/\/www.reulsport.com\/de\/produit\/auspuffrohr-fur-polaris-pro-xp\/","title":{"rendered":"Auspuffrohr f\u00fcr Polaris PRO XP"},"content":{"rendered":"<p>RJWC-Auspuffrohr, passend f\u00fcr den RJWC APX\/AL Q-Auspuff, f\u00fcr Polaris PRO XP.<\/p>\n<p>Handgefertigt und zusammengebaut in Schweden.<\/p>\n<p>Mit TIG pr\u00e4zisionsgeschwei\u00dft.<\/p>\n<p>Jede Auspuffanlage ist getestet und erprobt.<\/p>\n<p>Aus dickem Material gefertigt.<\/p>\n<p>Gewicht: 4 kg<\/p>\n","protected":false},"excerpt":{"rendered":"<p>RJWC-Auspuffrohr, passend f\u00fcr den RJWC APX\/AL Q-Auspuff, f\u00fcr Polaris PRO XP. Handgefertigt und zusammengebaut in Schweden. Mit TIG pr\u00e4zisionsgeschwei\u00dft. Jede Auspuffanlage ist getestet und erprobt. Aus dickem Material gefertigt. Gewicht: 4 kg<\/p>\n","protected":false},"featured_media":36390,"comment_status":"open","ping_status":"closed","template":"","meta":[],"product_cat":[165],"product_tag":[],"acf":[],"yoast_head":"<!-- This site is optimized with the Yoast SEO plugin v20.1 - https:\/\/yoast.com\/wordpress\/plugins\/seo\/ -->\n<title>Auspuffrohr f\u00fcr Polaris PRO XP - ReulSport - Landrover specialist - Iveco partner<\/title>\n<meta name=\"robots\" content=\"index, follow, max-snippet:-1, max-image-preview:large, max-video-preview:-1\" \/>\n<link rel=\"canonical\" href=\"https:\/\/www.reulsport.com\/de\/produit\/auspuffrohr-fur-polaris-pro-xp\/\" \/>\n<meta property=\"og:locale\" content=\"de_DE\" \/>\n<meta property=\"og:type\" content=\"article\" \/>\n<meta property=\"og:title\" content=\"Auspuffrohr f\u00fcr Polaris PRO XP - ReulSport - Landrover specialist - Iveco partner\" \/>\n<meta property=\"og:description\" content=\"RJWC-Auspuffrohr, passend f\u00fcr den RJWC APX\/AL Q-Auspuff, f\u00fcr Polaris PRO XP. Handgefertigt und zusammengebaut in Schweden. Mit TIG pr\u00e4zisionsgeschwei\u00dft. Jede Auspuffanlage ist getestet und erprobt. Aus dickem Material gefertigt. Gewicht: 4 kg\" \/>\n<meta property=\"og:url\" content=\"https:\/\/www.reulsport.com\/de\/produit\/auspuffrohr-fur-polaris-pro-xp\/\" \/>\n<meta property=\"og:site_name\" content=\"ReulSport - Landrover specialist - Iveco partner\" \/>\n<meta property=\"og:image\" content=\"https:\/\/www.reulsport.com\/wp-content\/uploads\/2022\/01\/1190001_hiers__89650.1633602463.1280.1280_1024x1024.png\" \/>\n\t<meta property=\"og:image:width\" content=\"1024\" \/>\n\t<meta property=\"og:image:height\" content=\"1024\" \/>\n\t<meta property=\"og:image:type\" content=\"image\/png\" \/>\n<meta name=\"twitter:card\" content=\"summary_large_image\" \/>\n<script type=\"application\/ld+json\" class=\"yoast-schema-graph\">{\"@context\":\"https:\/\/schema.org\",\"@graph\":[{\"@type\":\"WebPage\",\"@id\":\"https:\/\/www.reulsport.com\/de\/produit\/auspuffrohr-fur-polaris-pro-xp\/\",\"url\":\"https:\/\/www.reulsport.com\/de\/produit\/auspuffrohr-fur-polaris-pro-xp\/\",\"name\":\"Auspuffrohr f\u00fcr Polaris PRO XP - ReulSport - Landrover specialist - Iveco partner\",\"isPartOf\":{\"@id\":\"https:\/\/www.reulsport.com\/#website\"},\"datePublished\":\"2022-01-04T15:16:42+00:00\",\"dateModified\":\"2022-01-04T15:16:42+00:00\",\"breadcrumb\":{\"@id\":\"https:\/\/www.reulsport.com\/de\/produit\/auspuffrohr-fur-polaris-pro-xp\/#breadcrumb\"},\"inLanguage\":\"de\",\"potentialAction\":[{\"@type\":\"ReadAction\",\"target\":[\"https:\/\/www.reulsport.com\/de\/produit\/auspuffrohr-fur-polaris-pro-xp\/\"]}]},{\"@type\":\"BreadcrumbList\",\"@id\":\"https:\/\/www.reulsport.com\/de\/produit\/auspuffrohr-fur-polaris-pro-xp\/#breadcrumb\",\"itemListElement\":[{\"@type\":\"ListItem\",\"position\":1,\"name\":\"Accueil\",\"item\":\"https:\/\/www.reulsport.com\/de\/\"},{\"@type\":\"ListItem\",\"position\":2,\"name\":\"Shop\",\"item\":\"https:\/\/www.reulsport.com\/de\/shop-2\/\"},{\"@type\":\"ListItem\",\"position\":3,\"name\":\"Auspuffrohr f\u00fcr Polaris PRO XP\"}]},{\"@type\":\"WebSite\",\"@id\":\"https:\/\/www.reulsport.com\/#website\",\"url\":\"https:\/\/www.reulsport.com\/\",\"name\":\"ReulSport - Landrover specialist - Iveco partner\",\"description\":\"ReulSport est un garage Ineos, Iveco et Polaris dans la r\u00e9gion de Verviers et Li\u00e8ge. Sp\u00e9cialiste de l&#039;Offroad, de la pr\u00e9paration et de l&#039;accessoirisation. .\",\"potentialAction\":[{\"@type\":\"SearchAction\",\"target\":{\"@type\":\"EntryPoint\",\"urlTemplate\":\"https:\/\/www.reulsport.com\/?s={search_term_string}\"},\"query-input\":\"required name=search_term_string\"}],\"inLanguage\":\"de\"}]}<\/script>\n<!-- \/ Yoast SEO plugin. -->","yoast_head_json":{"title":"Auspuffrohr f\u00fcr Polaris PRO XP - ReulSport - Landrover specialist - Iveco partner","robots":{"index":"index","follow":"follow","max-snippet":"max-snippet:-1","max-image-preview":"max-image-preview:large","max-video-preview":"max-video-preview:-1"},"canonical":"https:\/\/www.reulsport.com\/de\/produit\/auspuffrohr-fur-polaris-pro-xp\/","og_locale":"de_DE","og_type":"article","og_title":"Auspuffrohr f\u00fcr Polaris PRO XP - ReulSport - Landrover specialist - Iveco partner","og_description":"RJWC-Auspuffrohr, passend f\u00fcr den RJWC APX\/AL Q-Auspuff, f\u00fcr Polaris PRO XP. Handgefertigt und zusammengebaut in Schweden. Mit TIG pr\u00e4zisionsgeschwei\u00dft. Jede Auspuffanlage ist getestet und erprobt. Aus dickem Material gefertigt. Gewicht: 4 kg","og_url":"https:\/\/www.reulsport.com\/de\/produit\/auspuffrohr-fur-polaris-pro-xp\/","og_site_name":"ReulSport - Landrover specialist - Iveco partner","og_image":[{"width":1024,"height":1024,"url":"https:\/\/www.reulsport.com\/wp-content\/uploads\/2022\/01\/1190001_hiers__89650.1633602463.1280.1280_1024x1024.png","type":"image\/png"}],"twitter_card":"summary_large_image","schema":{"@context":"https:\/\/schema.org","@graph":[{"@type":"WebPage","@id":"https:\/\/www.reulsport.com\/de\/produit\/auspuffrohr-fur-polaris-pro-xp\/","url":"https:\/\/www.reulsport.com\/de\/produit\/auspuffrohr-fur-polaris-pro-xp\/","name":"Auspuffrohr f\u00fcr Polaris PRO XP - ReulSport - Landrover specialist - Iveco partner","isPartOf":{"@id":"https:\/\/www.reulsport.com\/#website"},"datePublished":"2022-01-04T15:16:42+00:00","dateModified":"2022-01-04T15:16:42+00:00","breadcrumb":{"@id":"https:\/\/www.reulsport.com\/de\/produit\/auspuffrohr-fur-polaris-pro-xp\/#breadcrumb"},"inLanguage":"de","potentialAction":[{"@type":"ReadAction","target":["https:\/\/www.reulsport.com\/de\/produit\/auspuffrohr-fur-polaris-pro-xp\/"]}]},{"@type":"BreadcrumbList","@id":"https:\/\/www.reulsport.com\/de\/produit\/auspuffrohr-fur-polaris-pro-xp\/#breadcrumb","itemListElement":[{"@type":"ListItem","position":1,"name":"Accueil","item":"https:\/\/www.reulsport.com\/de\/"},{"@type":"ListItem","position":2,"name":"Shop","item":"https:\/\/www.reulsport.com\/de\/shop-2\/"},{"@type":"ListItem","position":3,"name":"Auspuffrohr f\u00fcr Polaris PRO XP"}]},{"@type":"WebSite","@id":"https:\/\/www.reulsport.com\/#website","url":"https:\/\/www.reulsport.com\/","name":"ReulSport - Landrover specialist - Iveco partner","description":"ReulSport est un garage Ineos, Iveco et Polaris dans la r\u00e9gion de Verviers et Li\u00e8ge. Sp\u00e9cialiste de l&#039;Offroad, de la pr\u00e9paration et de l&#039;accessoirisation. .","potentialAction":[{"@type":"SearchAction","target":{"@type":"EntryPoint","urlTemplate":"https:\/\/www.reulsport.com\/?s={search_term_string}"},"query-input":"required name=search_term_string"}],"inLanguage":"de"}]}},"_links":{"self":[{"href":"https:\/\/www.reulsport.com\/de\/wp-json\/wp\/v2\/product\/36419"}],"collection":[{"href":"https:\/\/www.reulsport.com\/de\/wp-json\/wp\/v2\/product"}],"about":[{"href":"https:\/\/www.reulsport.com\/de\/wp-json\/wp\/v2\/types\/product"}],"replies":[{"embeddable":true,"href":"https:\/\/www.reulsport.com\/de\/wp-json\/wp\/v2\/comments?post=36419"}],"wp:featuredmedia":[{"embeddable":true,"href":"https:\/\/www.reulsport.com\/de\/wp-json\/wp\/v2\/media\/36390"}],"wp:attachment":[{"href":"https:\/\/www.reulsport.com\/de\/wp-json\/wp\/v2\/media?parent=36419"}],"wp:term":[{"taxonomy":"product_cat","embeddable":true,"href":"https:\/\/www.reulsport.com\/de\/wp-json\/wp\/v2\/product_cat?post=36419"},{"taxonomy":"product_tag","embeddable":true,"href":"https:\/\/www.reulsport.com\/de\/wp-json\/wp\/v2\/product_tag?post=36419"}],"curies":[{"name":"wp","href":"https:\/\/api.w.org\/{rel}","templated":true}]}}