{"id":4301,"date":"2017-07-28T15:15:44","date_gmt":"2017-07-28T13:15:44","guid":{"rendered":"https:\/\/www.reulsport.com\/product\/fixierung-fur-drei-manometern-fur-defender-td4\/"},"modified":"2017-07-28T15:15:44","modified_gmt":"2017-07-28T13:15:44","slug":"fixierung-fur-drei-manometern-fur-defender-td4","status":"publish","type":"product","link":"https:\/\/www.reulsport.com\/de\/produit\/fixierung-fur-drei-manometern-fur-defender-td4\/","title":{"rendered":"Fixierung f\u00fcr drei Manometern f\u00fcr DEFENDER TD4"},"content":{"rendered":"<p>Zur Befestigung von 3 Manometern (52mm Durchmesser) an der Konsole Ihres Defender TD4<br \/>\nAus Aluminium hergestellt, matt Schwarz lackiert<\/p>\n","protected":false},"excerpt":{"rendered":"<p>Zur Befestigung von 3 Manometern (52mm Durchmesser) an der Konsole Ihres Defender TD4 Aus Aluminium hergestellt, matt Schwarz lackiert<\/p>\n","protected":false},"featured_media":4295,"comment_status":"open","ping_status":"closed","template":"","meta":[],"product_cat":[178],"product_tag":[213],"acf":[],"yoast_head":"<!-- This site is optimized with the Yoast SEO plugin v20.1 - https:\/\/yoast.com\/wordpress\/plugins\/seo\/ -->\n<title>Fixierung f\u00fcr drei Manometern f\u00fcr DEFENDER TD4 - ReulSport - Landrover specialist - Iveco partner<\/title>\n<meta name=\"robots\" content=\"index, follow, max-snippet:-1, max-image-preview:large, max-video-preview:-1\" \/>\n<link rel=\"canonical\" href=\"https:\/\/www.reulsport.com\/de\/produit\/fixierung-fur-drei-manometern-fur-defender-td4\/\" \/>\n<meta property=\"og:locale\" content=\"de_DE\" \/>\n<meta property=\"og:type\" content=\"article\" \/>\n<meta property=\"og:title\" content=\"Fixierung f\u00fcr drei Manometern f\u00fcr DEFENDER TD4 - ReulSport - Landrover specialist - Iveco partner\" \/>\n<meta property=\"og:description\" content=\"Zur Befestigung von 3 Manometern (52mm Durchmesser) an der Konsole Ihres Defender TD4 Aus Aluminium hergestellt, matt Schwarz lackiert\" \/>\n<meta property=\"og:url\" content=\"https:\/\/www.reulsport.com\/de\/produit\/fixierung-fur-drei-manometern-fur-defender-td4\/\" \/>\n<meta property=\"og:site_name\" content=\"ReulSport - Landrover specialist - Iveco partner\" \/>\n<meta property=\"og:image\" content=\"https:\/\/www.reulsport.com\/wp-content\/uploads\/2017\/07\/RS-Support-3-compteurs.jpg\" \/>\n\t<meta property=\"og:image:width\" content=\"850\" \/>\n\t<meta property=\"og:image:height\" content=\"850\" \/>\n\t<meta property=\"og:image:type\" content=\"image\/jpeg\" \/>\n<meta name=\"twitter:card\" content=\"summary_large_image\" \/>\n<script type=\"application\/ld+json\" class=\"yoast-schema-graph\">{\"@context\":\"https:\/\/schema.org\",\"@graph\":[{\"@type\":\"WebPage\",\"@id\":\"https:\/\/www.reulsport.com\/de\/produit\/fixierung-fur-drei-manometern-fur-defender-td4\/\",\"url\":\"https:\/\/www.reulsport.com\/de\/produit\/fixierung-fur-drei-manometern-fur-defender-td4\/\",\"name\":\"Fixierung f\u00fcr drei Manometern f\u00fcr DEFENDER TD4 - ReulSport - Landrover specialist - Iveco partner\",\"isPartOf\":{\"@id\":\"https:\/\/www.reulsport.com\/#website\"},\"datePublished\":\"2017-07-28T13:15:44+00:00\",\"dateModified\":\"2017-07-28T13:15:44+00:00\",\"breadcrumb\":{\"@id\":\"https:\/\/www.reulsport.com\/de\/produit\/fixierung-fur-drei-manometern-fur-defender-td4\/#breadcrumb\"},\"inLanguage\":\"de\",\"potentialAction\":[{\"@type\":\"ReadAction\",\"target\":[\"https:\/\/www.reulsport.com\/de\/produit\/fixierung-fur-drei-manometern-fur-defender-td4\/\"]}]},{\"@type\":\"BreadcrumbList\",\"@id\":\"https:\/\/www.reulsport.com\/de\/produit\/fixierung-fur-drei-manometern-fur-defender-td4\/#breadcrumb\",\"itemListElement\":[{\"@type\":\"ListItem\",\"position\":1,\"name\":\"Accueil\",\"item\":\"https:\/\/www.reulsport.com\/de\/\"},{\"@type\":\"ListItem\",\"position\":2,\"name\":\"Shop\",\"item\":\"https:\/\/www.reulsport.com\/de\/shop-2\/\"},{\"@type\":\"ListItem\",\"position\":3,\"name\":\"Fixierung f\u00fcr drei Manometern f\u00fcr DEFENDER TD4\"}]},{\"@type\":\"WebSite\",\"@id\":\"https:\/\/www.reulsport.com\/#website\",\"url\":\"https:\/\/www.reulsport.com\/\",\"name\":\"ReulSport - Landrover specialist - Iveco partner\",\"description\":\"ReulSport est un garage Ineos, Iveco et Polaris dans la r\u00e9gion de Verviers et Li\u00e8ge. Sp\u00e9cialiste de l&#039;Offroad, de la pr\u00e9paration et de l&#039;accessoirisation. .\",\"potentialAction\":[{\"@type\":\"SearchAction\",\"target\":{\"@type\":\"EntryPoint\",\"urlTemplate\":\"https:\/\/www.reulsport.com\/?s={search_term_string}\"},\"query-input\":\"required name=search_term_string\"}],\"inLanguage\":\"de\"}]}<\/script>\n<!-- \/ Yoast SEO plugin. -->","yoast_head_json":{"title":"Fixierung f\u00fcr drei Manometern f\u00fcr DEFENDER TD4 - ReulSport - Landrover specialist - Iveco partner","robots":{"index":"index","follow":"follow","max-snippet":"max-snippet:-1","max-image-preview":"max-image-preview:large","max-video-preview":"max-video-preview:-1"},"canonical":"https:\/\/www.reulsport.com\/de\/produit\/fixierung-fur-drei-manometern-fur-defender-td4\/","og_locale":"de_DE","og_type":"article","og_title":"Fixierung f\u00fcr drei Manometern f\u00fcr DEFENDER TD4 - ReulSport - Landrover specialist - Iveco partner","og_description":"Zur Befestigung von 3 Manometern (52mm Durchmesser) an der Konsole Ihres Defender TD4 Aus Aluminium hergestellt, matt Schwarz lackiert","og_url":"https:\/\/www.reulsport.com\/de\/produit\/fixierung-fur-drei-manometern-fur-defender-td4\/","og_site_name":"ReulSport - Landrover specialist - Iveco partner","og_image":[{"width":850,"height":850,"url":"https:\/\/www.reulsport.com\/wp-content\/uploads\/2017\/07\/RS-Support-3-compteurs.jpg","type":"image\/jpeg"}],"twitter_card":"summary_large_image","schema":{"@context":"https:\/\/schema.org","@graph":[{"@type":"WebPage","@id":"https:\/\/www.reulsport.com\/de\/produit\/fixierung-fur-drei-manometern-fur-defender-td4\/","url":"https:\/\/www.reulsport.com\/de\/produit\/fixierung-fur-drei-manometern-fur-defender-td4\/","name":"Fixierung f\u00fcr drei Manometern f\u00fcr DEFENDER TD4 - ReulSport - Landrover specialist - Iveco partner","isPartOf":{"@id":"https:\/\/www.reulsport.com\/#website"},"datePublished":"2017-07-28T13:15:44+00:00","dateModified":"2017-07-28T13:15:44+00:00","breadcrumb":{"@id":"https:\/\/www.reulsport.com\/de\/produit\/fixierung-fur-drei-manometern-fur-defender-td4\/#breadcrumb"},"inLanguage":"de","potentialAction":[{"@type":"ReadAction","target":["https:\/\/www.reulsport.com\/de\/produit\/fixierung-fur-drei-manometern-fur-defender-td4\/"]}]},{"@type":"BreadcrumbList","@id":"https:\/\/www.reulsport.com\/de\/produit\/fixierung-fur-drei-manometern-fur-defender-td4\/#breadcrumb","itemListElement":[{"@type":"ListItem","position":1,"name":"Accueil","item":"https:\/\/www.reulsport.com\/de\/"},{"@type":"ListItem","position":2,"name":"Shop","item":"https:\/\/www.reulsport.com\/de\/shop-2\/"},{"@type":"ListItem","position":3,"name":"Fixierung f\u00fcr drei Manometern f\u00fcr DEFENDER TD4"}]},{"@type":"WebSite","@id":"https:\/\/www.reulsport.com\/#website","url":"https:\/\/www.reulsport.com\/","name":"ReulSport - Landrover specialist - Iveco partner","description":"ReulSport est un garage Ineos, Iveco et Polaris dans la r\u00e9gion de Verviers et Li\u00e8ge. Sp\u00e9cialiste de l&#039;Offroad, de la pr\u00e9paration et de l&#039;accessoirisation. .","potentialAction":[{"@type":"SearchAction","target":{"@type":"EntryPoint","urlTemplate":"https:\/\/www.reulsport.com\/?s={search_term_string}"},"query-input":"required name=search_term_string"}],"inLanguage":"de"}]}},"_links":{"self":[{"href":"https:\/\/www.reulsport.com\/de\/wp-json\/wp\/v2\/product\/4301"}],"collection":[{"href":"https:\/\/www.reulsport.com\/de\/wp-json\/wp\/v2\/product"}],"about":[{"href":"https:\/\/www.reulsport.com\/de\/wp-json\/wp\/v2\/types\/product"}],"replies":[{"embeddable":true,"href":"https:\/\/www.reulsport.com\/de\/wp-json\/wp\/v2\/comments?post=4301"}],"wp:featuredmedia":[{"embeddable":true,"href":"https:\/\/www.reulsport.com\/de\/wp-json\/wp\/v2\/media\/4295"}],"wp:attachment":[{"href":"https:\/\/www.reulsport.com\/de\/wp-json\/wp\/v2\/media?parent=4301"}],"wp:term":[{"taxonomy":"product_cat","embeddable":true,"href":"https:\/\/www.reulsport.com\/de\/wp-json\/wp\/v2\/product_cat?post=4301"},{"taxonomy":"product_tag","embeddable":true,"href":"https:\/\/www.reulsport.com\/de\/wp-json\/wp\/v2\/product_tag?post=4301"}],"curies":[{"name":"wp","href":"https:\/\/api.w.org\/{rel}","templated":true}]}}