{"id":4379,"date":"2017-08-02T14:17:09","date_gmt":"2017-08-02T12:17:09","guid":{"rendered":"https:\/\/www.reulsport.com\/product\/warn-tabor-10k-seilwinde\/"},"modified":"2022-12-07T14:26:44","modified_gmt":"2022-12-07T13:26:44","slug":"warn-tabor-10k-seilwinde","status":"publish","type":"product","link":"https:\/\/www.reulsport.com\/de\/produit\/warn-tabor-10k-seilwinde\/","title":{"rendered":"WARN Tabor 10K Seilwinde"},"content":{"rendered":"<p>Spannung: 12 Volt<br \/>\nZugkraft: 4.536 kg<br \/>\nSteuerung: Kontaktor<br \/>\nFunkfernbedienung: nein<br \/>\nKabelfernbedienung: ja, 3.7 m<br \/>\nGetriebe: 3-stufiges Planetengetr.<br \/>\n\u00dcbersetzung: 261:1<br \/>\nBremse: automatisch<br \/>\nTrommelma\u00dfe: 6,4 x 23 cm<br \/>\nGewicht: 22 kg<br \/>\nSeilmaterial: ohne<br \/>\nSeill\u00e4nge: &#8211; m x &#8211; mm<br \/>\nBatteriekabel: 1,83 m<br \/>\nSeilfreilauf: manuell<br \/>\nSeilfenster: ohne<br \/>\nmin. Kaltstartstrom Batterie: 650 CCA<br \/>\nZughaken: &#8211;<br \/>\nBefestigungsschrauben: ja<br \/>\nMa\u00dfe (LxTxH): 528 x 160 x 249 mm<br \/>\nLochbild: 254 x 114,3 mm<\/p>\n","protected":false},"excerpt":{"rendered":"<p>Spannung: 12 Volt Zugkraft: 4.536 kg Steuerung: Kontaktor Funkfernbedienung: nein Kabelfernbedienung: ja, 3.7 m Getriebe: 3-stufiges Planetengetr. \u00dcbersetzung: 261:1 Bremse: automatisch Trommelma\u00dfe: 6,4 x 23 cm Gewicht: 22 kg Seilmaterial: ohne Seill\u00e4nge: &#8211; m x &#8211; mm Batteriekabel: 1,83 m Seilfreilauf: manuell Seilfenster: ohne min. Kaltstartstrom Batterie: 650 CCA Zughaken: &#8211; Befestigungsschrauben: ja Ma\u00dfe (LxTxH): [&hellip;]<\/p>\n","protected":false},"featured_media":2108,"comment_status":"open","ping_status":"closed","template":"","meta":[],"product_cat":[79],"product_tag":[],"acf":[],"yoast_head":"<!-- This site is optimized with the Yoast SEO plugin v20.1 - https:\/\/yoast.com\/wordpress\/plugins\/seo\/ -->\n<title>WARN Tabor 10K Seilwinde - ReulSport - Landrover specialist - Iveco partner<\/title>\n<meta name=\"robots\" content=\"index, follow, max-snippet:-1, max-image-preview:large, max-video-preview:-1\" \/>\n<link rel=\"canonical\" href=\"https:\/\/www.reulsport.com\/de\/produit\/warn-tabor-10k-seilwinde\/\" \/>\n<meta property=\"og:locale\" content=\"de_DE\" \/>\n<meta property=\"og:type\" content=\"article\" \/>\n<meta property=\"og:title\" content=\"WARN Tabor 10K Seilwinde - ReulSport - Landrover specialist - Iveco partner\" \/>\n<meta property=\"og:description\" content=\"Spannung: 12 Volt Zugkraft: 4.536 kg Steuerung: Kontaktor Funkfernbedienung: nein Kabelfernbedienung: ja, 3.7 m Getriebe: 3-stufiges Planetengetr. \u00dcbersetzung: 261:1 Bremse: automatisch Trommelma\u00dfe: 6,4 x 23 cm Gewicht: 22 kg Seilmaterial: ohne Seill\u00e4nge: &#8211; m x &#8211; mm Batteriekabel: 1,83 m Seilfreilauf: manuell Seilfenster: ohne min. Kaltstartstrom Batterie: 650 CCA Zughaken: &#8211; Befestigungsschrauben: ja Ma\u00dfe (LxTxH): [&hellip;]\" \/>\n<meta property=\"og:url\" content=\"https:\/\/www.reulsport.com\/de\/produit\/warn-tabor-10k-seilwinde\/\" \/>\n<meta property=\"og:site_name\" content=\"ReulSport - Landrover specialist - Iveco partner\" \/>\n<meta property=\"article:modified_time\" content=\"2022-12-07T13:26:44+00:00\" \/>\n<meta property=\"og:image\" content=\"https:\/\/www.reulsport.com\/wp-content\/uploads\/2017\/08\/tabor_10k.jpg\" \/>\n\t<meta property=\"og:image:width\" content=\"1920\" \/>\n\t<meta property=\"og:image:height\" content=\"1920\" \/>\n\t<meta property=\"og:image:type\" content=\"image\/jpeg\" \/>\n<meta name=\"twitter:card\" content=\"summary_large_image\" \/>\n<script type=\"application\/ld+json\" class=\"yoast-schema-graph\">{\"@context\":\"https:\/\/schema.org\",\"@graph\":[{\"@type\":\"WebPage\",\"@id\":\"https:\/\/www.reulsport.com\/de\/produit\/warn-tabor-10k-seilwinde\/\",\"url\":\"https:\/\/www.reulsport.com\/de\/produit\/warn-tabor-10k-seilwinde\/\",\"name\":\"WARN Tabor 10K Seilwinde - ReulSport - Landrover specialist - Iveco partner\",\"isPartOf\":{\"@id\":\"https:\/\/www.reulsport.com\/#website\"},\"datePublished\":\"2017-08-02T12:17:09+00:00\",\"dateModified\":\"2022-12-07T13:26:44+00:00\",\"breadcrumb\":{\"@id\":\"https:\/\/www.reulsport.com\/de\/produit\/warn-tabor-10k-seilwinde\/#breadcrumb\"},\"inLanguage\":\"de\",\"potentialAction\":[{\"@type\":\"ReadAction\",\"target\":[\"https:\/\/www.reulsport.com\/de\/produit\/warn-tabor-10k-seilwinde\/\"]}]},{\"@type\":\"BreadcrumbList\",\"@id\":\"https:\/\/www.reulsport.com\/de\/produit\/warn-tabor-10k-seilwinde\/#breadcrumb\",\"itemListElement\":[{\"@type\":\"ListItem\",\"position\":1,\"name\":\"Accueil\",\"item\":\"https:\/\/www.reulsport.com\/de\/\"},{\"@type\":\"ListItem\",\"position\":2,\"name\":\"Shop\",\"item\":\"https:\/\/www.reulsport.com\/de\/shop-2\/\"},{\"@type\":\"ListItem\",\"position\":3,\"name\":\"WARN Tabor 10K Seilwinde\"}]},{\"@type\":\"WebSite\",\"@id\":\"https:\/\/www.reulsport.com\/#website\",\"url\":\"https:\/\/www.reulsport.com\/\",\"name\":\"ReulSport - Landrover specialist - Iveco partner\",\"description\":\"ReulSport est un garage Ineos, Iveco et Polaris dans la r\u00e9gion de Verviers et Li\u00e8ge. Sp\u00e9cialiste de l&#039;Offroad, de la pr\u00e9paration et de l&#039;accessoirisation. .\",\"potentialAction\":[{\"@type\":\"SearchAction\",\"target\":{\"@type\":\"EntryPoint\",\"urlTemplate\":\"https:\/\/www.reulsport.com\/?s={search_term_string}\"},\"query-input\":\"required name=search_term_string\"}],\"inLanguage\":\"de\"}]}<\/script>\n<!-- \/ Yoast SEO plugin. -->","yoast_head_json":{"title":"WARN Tabor 10K Seilwinde - ReulSport - Landrover specialist - Iveco partner","robots":{"index":"index","follow":"follow","max-snippet":"max-snippet:-1","max-image-preview":"max-image-preview:large","max-video-preview":"max-video-preview:-1"},"canonical":"https:\/\/www.reulsport.com\/de\/produit\/warn-tabor-10k-seilwinde\/","og_locale":"de_DE","og_type":"article","og_title":"WARN Tabor 10K Seilwinde - ReulSport - Landrover specialist - Iveco partner","og_description":"Spannung: 12 Volt Zugkraft: 4.536 kg Steuerung: Kontaktor Funkfernbedienung: nein Kabelfernbedienung: ja, 3.7 m Getriebe: 3-stufiges Planetengetr. \u00dcbersetzung: 261:1 Bremse: automatisch Trommelma\u00dfe: 6,4 x 23 cm Gewicht: 22 kg Seilmaterial: ohne Seill\u00e4nge: &#8211; m x &#8211; mm Batteriekabel: 1,83 m Seilfreilauf: manuell Seilfenster: ohne min. Kaltstartstrom Batterie: 650 CCA Zughaken: &#8211; Befestigungsschrauben: ja Ma\u00dfe (LxTxH): [&hellip;]","og_url":"https:\/\/www.reulsport.com\/de\/produit\/warn-tabor-10k-seilwinde\/","og_site_name":"ReulSport - Landrover specialist - Iveco partner","article_modified_time":"2022-12-07T13:26:44+00:00","og_image":[{"width":1920,"height":1920,"url":"https:\/\/www.reulsport.com\/wp-content\/uploads\/2017\/08\/tabor_10k.jpg","type":"image\/jpeg"}],"twitter_card":"summary_large_image","schema":{"@context":"https:\/\/schema.org","@graph":[{"@type":"WebPage","@id":"https:\/\/www.reulsport.com\/de\/produit\/warn-tabor-10k-seilwinde\/","url":"https:\/\/www.reulsport.com\/de\/produit\/warn-tabor-10k-seilwinde\/","name":"WARN Tabor 10K Seilwinde - ReulSport - Landrover specialist - Iveco partner","isPartOf":{"@id":"https:\/\/www.reulsport.com\/#website"},"datePublished":"2017-08-02T12:17:09+00:00","dateModified":"2022-12-07T13:26:44+00:00","breadcrumb":{"@id":"https:\/\/www.reulsport.com\/de\/produit\/warn-tabor-10k-seilwinde\/#breadcrumb"},"inLanguage":"de","potentialAction":[{"@type":"ReadAction","target":["https:\/\/www.reulsport.com\/de\/produit\/warn-tabor-10k-seilwinde\/"]}]},{"@type":"BreadcrumbList","@id":"https:\/\/www.reulsport.com\/de\/produit\/warn-tabor-10k-seilwinde\/#breadcrumb","itemListElement":[{"@type":"ListItem","position":1,"name":"Accueil","item":"https:\/\/www.reulsport.com\/de\/"},{"@type":"ListItem","position":2,"name":"Shop","item":"https:\/\/www.reulsport.com\/de\/shop-2\/"},{"@type":"ListItem","position":3,"name":"WARN Tabor 10K Seilwinde"}]},{"@type":"WebSite","@id":"https:\/\/www.reulsport.com\/#website","url":"https:\/\/www.reulsport.com\/","name":"ReulSport - Landrover specialist - Iveco partner","description":"ReulSport est un garage Ineos, Iveco et Polaris dans la r\u00e9gion de Verviers et Li\u00e8ge. Sp\u00e9cialiste de l&#039;Offroad, de la pr\u00e9paration et de l&#039;accessoirisation. .","potentialAction":[{"@type":"SearchAction","target":{"@type":"EntryPoint","urlTemplate":"https:\/\/www.reulsport.com\/?s={search_term_string}"},"query-input":"required name=search_term_string"}],"inLanguage":"de"}]}},"_links":{"self":[{"href":"https:\/\/www.reulsport.com\/de\/wp-json\/wp\/v2\/product\/4379"}],"collection":[{"href":"https:\/\/www.reulsport.com\/de\/wp-json\/wp\/v2\/product"}],"about":[{"href":"https:\/\/www.reulsport.com\/de\/wp-json\/wp\/v2\/types\/product"}],"replies":[{"embeddable":true,"href":"https:\/\/www.reulsport.com\/de\/wp-json\/wp\/v2\/comments?post=4379"}],"wp:featuredmedia":[{"embeddable":true,"href":"https:\/\/www.reulsport.com\/de\/wp-json\/wp\/v2\/media\/2108"}],"wp:attachment":[{"href":"https:\/\/www.reulsport.com\/de\/wp-json\/wp\/v2\/media?parent=4379"}],"wp:term":[{"taxonomy":"product_cat","embeddable":true,"href":"https:\/\/www.reulsport.com\/de\/wp-json\/wp\/v2\/product_cat?post=4379"},{"taxonomy":"product_tag","embeddable":true,"href":"https:\/\/www.reulsport.com\/de\/wp-json\/wp\/v2\/product_tag?post=4379"}],"curies":[{"name":"wp","href":"https:\/\/api.w.org\/{rel}","templated":true}]}}