{"id":51980,"date":"2023-01-02T12:27:09","date_gmt":"2023-01-02T11:27:15","guid":{"rendered":"https:\/\/www.reulsport.com\/?post_type=product&#038;p=51980"},"modified":"2023-01-02T14:27:25","modified_gmt":"2023-01-02T13:27:25","slug":"bfgoodrich-trail-terrain-t-a","status":"publish","type":"product","link":"https:\/\/www.reulsport.com\/de\/produit\/bfgoodrich-trail-terrain-t-a\/","title":{"rendered":"BFGoodrich Trail Terrain T\/A"},"content":{"rendered":"<h5>Entwickelt, um zu entdecken<\/h5>\n<ul>\n<li>Gelegentlicher Ganzjahres-Stra\u00dfen- und Offroad-Reifen f\u00fcr Crossover, SUV und Pickup.<\/li>\n<li>Erleben Sie das ganze Jahr \u00fcber Abenteuer mit einem Reifen, der bei jedem Wetter Leistung bringt.<\/li>\n<li>3PMSF-zertifiziert (3 Peak Mountain Snow Flake) bietet Kraft und Grip im Winter. <\/li>\n<\/ul>\n<h5>Entwickelt f\u00fcr jeden Tag<\/h5>\n<h5>Genie\u00dfen Sie ruhige und komfortable Fahrten, Kilometer f\u00fcr Kilometer. Dank der selbstblockierenden 3D-Lamellen mit voller Tiefe bietet die optimierte Aufstandsfl\u00e4che eine hervorragende Stabilit\u00e4t der Gummistollen und damit eine lange Lebensdauer der Lauffl\u00e4che. Genie\u00dfen Sie dank der engeren Seitenrillen ein leises und komfortables Fahrerlebnis.<br \/>\n<img decoding=\"async\" src=\"https:\/\/aecbmesvcm.cloudimg.io\/v7\/https:\/\/dcadprod.azureedge.net\/b2c-experience-bfg-production\/attachments\/cl7fu34h8042x01n5w5em84nx-benefit-1.one-sixth.jpg\" alt=\"benefit 1\" \/><\/p>\n<p>Ausgestattet f\u00fcr jede Jahreszeit<\/h5>\n<h5>Lassen Sie sich nicht von schlechtem Wetter aufhalten. Nutzen Sie die 3PMSF-Zertifizierung (3 Peak Mountain Snow Flake), um auch im Winter sicher zu sein. Die zus\u00e4tzlichen bissigen Kanten, die f\u00fcr den Einsatz bei jedem Wetter gedacht sind, wurden entwickelt, um Ihnen Kraft und Grip w\u00e4hrend der gesamten Lebensdauer des Reifens zu bieten.<br \/>\n<img decoding=\"async\" src=\"https:\/\/aecbmesvcm.cloudimg.io\/v7\/https:\/\/dcadprod.azureedge.net\/b2c-experience-bfg-production\/attachments\/cl7fuec28043901n5ls2azxuw-benefit-2.one-sixth.jpg\" alt=\"benefit 2\" \/><\/p>\n<p>F\u00fcr die Erkundung konzipiert<\/h5>\n<p>Dieser robuste, zuverl\u00e4ssige und strapazierf\u00e4hige Ganzjahresreifen verf\u00fcgt \u00fcber eine gezackte Schulter, die f\u00fcr die Traktion auf losem Untergrund bei gelegentlichen Offroad-Situationen optimiert wurde, ohne Ihren Ger\u00e4uschkomfort zu beeintr\u00e4chtigen. Gehen Sie mit diesem BFGoodrich-Reifen mit seiner charakteristischen Schulter, die f\u00fcr eine beeindruckende Leistung im gelegentlichen Gel\u00e4nde entwickelt wurde, auf Abenteuerreise.<br \/>\n<img decoding=\"async\" src=\"https:\/\/aecbmesvcm.cloudimg.io\/v7\/https:\/\/dcadprod.azureedge.net\/b2c-experience-bfg-production\/attachments\/cl7fu5iup04e501lrh7t8kfa6-benefit-3.one-sixth.jpg\" alt=\"benefit 3\" \/><\/p>\n","protected":false},"excerpt":{"rendered":"<p>Entwickelt, um zu entdecken Gelegentlicher Ganzjahres-Stra\u00dfen- und Offroad-Reifen f\u00fcr Crossover, SUV und Pickup. Erleben Sie das ganze Jahr \u00fcber Abenteuer mit einem Reifen, der bei jedem Wetter Leistung bringt. 3PMSF-zertifiziert (3 Peak Mountain Snow Flake) bietet Kraft und Grip im Winter. Entwickelt f\u00fcr jeden Tag Genie\u00dfen Sie ruhige und komfortable Fahrten, Kilometer f\u00fcr Kilometer. Dank [&hellip;]<\/p>\n","protected":false},"featured_media":52088,"comment_status":"closed","ping_status":"closed","template":"","meta":[],"product_cat":[93],"product_tag":[221],"acf":[],"yoast_head":"<!-- This site is optimized with the Yoast SEO plugin v20.1 - https:\/\/yoast.com\/wordpress\/plugins\/seo\/ -->\n<title>BFGoodrich Trail Terrain T\/A - ReulSport - Landrover specialist - Iveco partner<\/title>\n<meta name=\"robots\" content=\"index, follow, max-snippet:-1, max-image-preview:large, max-video-preview:-1\" \/>\n<link rel=\"canonical\" href=\"https:\/\/www.reulsport.com\/de\/produit\/bfgoodrich-trail-terrain-t-a\/\" \/>\n<meta property=\"og:locale\" content=\"de_DE\" \/>\n<meta property=\"og:type\" content=\"article\" \/>\n<meta property=\"og:title\" content=\"BFGoodrich Trail Terrain T\/A - ReulSport - Landrover specialist - Iveco partner\" \/>\n<meta property=\"og:description\" content=\"Entwickelt, um zu entdecken Gelegentlicher Ganzjahres-Stra\u00dfen- und Offroad-Reifen f\u00fcr Crossover, SUV und Pickup. Erleben Sie das ganze Jahr \u00fcber Abenteuer mit einem Reifen, der bei jedem Wetter Leistung bringt. 3PMSF-zertifiziert (3 Peak Mountain Snow Flake) bietet Kraft und Grip im Winter. Entwickelt f\u00fcr jeden Tag Genie\u00dfen Sie ruhige und komfortable Fahrten, Kilometer f\u00fcr Kilometer. Dank [&hellip;]\" \/>\n<meta property=\"og:url\" content=\"https:\/\/www.reulsport.com\/de\/produit\/bfgoodrich-trail-terrain-t-a\/\" \/>\n<meta property=\"og:site_name\" content=\"ReulSport - Landrover specialist - Iveco partner\" \/>\n<meta property=\"article:modified_time\" content=\"2023-01-02T13:27:25+00:00\" \/>\n<meta property=\"og:image\" content=\"https:\/\/www.reulsport.com\/wp-content\/uploads\/2023\/01\/trail-terrain-1.png\" \/>\n\t<meta property=\"og:image:width\" content=\"608\" \/>\n\t<meta property=\"og:image:height\" content=\"606\" \/>\n\t<meta property=\"og:image:type\" content=\"image\/png\" \/>\n<meta name=\"twitter:card\" content=\"summary_large_image\" \/>\n<meta name=\"twitter:label1\" content=\"Gesch\u00e4tzte Lesezeit\" \/>\n\t<meta name=\"twitter:data1\" content=\"1\u00a0Minute\" \/>\n<script type=\"application\/ld+json\" class=\"yoast-schema-graph\">{\"@context\":\"https:\/\/schema.org\",\"@graph\":[{\"@type\":\"WebPage\",\"@id\":\"https:\/\/www.reulsport.com\/de\/produit\/bfgoodrich-trail-terrain-t-a\/\",\"url\":\"https:\/\/www.reulsport.com\/de\/produit\/bfgoodrich-trail-terrain-t-a\/\",\"name\":\"BFGoodrich Trail Terrain T\/A - ReulSport - Landrover specialist - Iveco partner\",\"isPartOf\":{\"@id\":\"https:\/\/www.reulsport.com\/#website\"},\"datePublished\":\"2023-01-02T11:27:15+00:00\",\"dateModified\":\"2023-01-02T13:27:25+00:00\",\"breadcrumb\":{\"@id\":\"https:\/\/www.reulsport.com\/de\/produit\/bfgoodrich-trail-terrain-t-a\/#breadcrumb\"},\"inLanguage\":\"de\",\"potentialAction\":[{\"@type\":\"ReadAction\",\"target\":[\"https:\/\/www.reulsport.com\/de\/produit\/bfgoodrich-trail-terrain-t-a\/\"]}]},{\"@type\":\"BreadcrumbList\",\"@id\":\"https:\/\/www.reulsport.com\/de\/produit\/bfgoodrich-trail-terrain-t-a\/#breadcrumb\",\"itemListElement\":[{\"@type\":\"ListItem\",\"position\":1,\"name\":\"Accueil\",\"item\":\"https:\/\/www.reulsport.com\/de\/\"},{\"@type\":\"ListItem\",\"position\":2,\"name\":\"Shop\",\"item\":\"https:\/\/www.reulsport.com\/de\/shop-2\/\"},{\"@type\":\"ListItem\",\"position\":3,\"name\":\"BFGoodrich Trail Terrain T\/A\"}]},{\"@type\":\"WebSite\",\"@id\":\"https:\/\/www.reulsport.com\/#website\",\"url\":\"https:\/\/www.reulsport.com\/\",\"name\":\"ReulSport - Landrover specialist - Iveco partner\",\"description\":\"ReulSport est un garage Ineos, Iveco et Polaris dans la r\u00e9gion de Verviers et Li\u00e8ge. Sp\u00e9cialiste de l&#039;Offroad, de la pr\u00e9paration et de l&#039;accessoirisation. .\",\"potentialAction\":[{\"@type\":\"SearchAction\",\"target\":{\"@type\":\"EntryPoint\",\"urlTemplate\":\"https:\/\/www.reulsport.com\/?s={search_term_string}\"},\"query-input\":\"required name=search_term_string\"}],\"inLanguage\":\"de\"}]}<\/script>\n<!-- \/ Yoast SEO plugin. -->","yoast_head_json":{"title":"BFGoodrich Trail Terrain T\/A - ReulSport - Landrover specialist - Iveco partner","robots":{"index":"index","follow":"follow","max-snippet":"max-snippet:-1","max-image-preview":"max-image-preview:large","max-video-preview":"max-video-preview:-1"},"canonical":"https:\/\/www.reulsport.com\/de\/produit\/bfgoodrich-trail-terrain-t-a\/","og_locale":"de_DE","og_type":"article","og_title":"BFGoodrich Trail Terrain T\/A - ReulSport - Landrover specialist - Iveco partner","og_description":"Entwickelt, um zu entdecken Gelegentlicher Ganzjahres-Stra\u00dfen- und Offroad-Reifen f\u00fcr Crossover, SUV und Pickup. Erleben Sie das ganze Jahr \u00fcber Abenteuer mit einem Reifen, der bei jedem Wetter Leistung bringt. 3PMSF-zertifiziert (3 Peak Mountain Snow Flake) bietet Kraft und Grip im Winter. Entwickelt f\u00fcr jeden Tag Genie\u00dfen Sie ruhige und komfortable Fahrten, Kilometer f\u00fcr Kilometer. Dank [&hellip;]","og_url":"https:\/\/www.reulsport.com\/de\/produit\/bfgoodrich-trail-terrain-t-a\/","og_site_name":"ReulSport - Landrover specialist - Iveco partner","article_modified_time":"2023-01-02T13:27:25+00:00","og_image":[{"width":608,"height":606,"url":"https:\/\/www.reulsport.com\/wp-content\/uploads\/2023\/01\/trail-terrain-1.png","type":"image\/png"}],"twitter_card":"summary_large_image","twitter_misc":{"Gesch\u00e4tzte Lesezeit":"1\u00a0Minute"},"schema":{"@context":"https:\/\/schema.org","@graph":[{"@type":"WebPage","@id":"https:\/\/www.reulsport.com\/de\/produit\/bfgoodrich-trail-terrain-t-a\/","url":"https:\/\/www.reulsport.com\/de\/produit\/bfgoodrich-trail-terrain-t-a\/","name":"BFGoodrich Trail Terrain T\/A - ReulSport - Landrover specialist - Iveco partner","isPartOf":{"@id":"https:\/\/www.reulsport.com\/#website"},"datePublished":"2023-01-02T11:27:15+00:00","dateModified":"2023-01-02T13:27:25+00:00","breadcrumb":{"@id":"https:\/\/www.reulsport.com\/de\/produit\/bfgoodrich-trail-terrain-t-a\/#breadcrumb"},"inLanguage":"de","potentialAction":[{"@type":"ReadAction","target":["https:\/\/www.reulsport.com\/de\/produit\/bfgoodrich-trail-terrain-t-a\/"]}]},{"@type":"BreadcrumbList","@id":"https:\/\/www.reulsport.com\/de\/produit\/bfgoodrich-trail-terrain-t-a\/#breadcrumb","itemListElement":[{"@type":"ListItem","position":1,"name":"Accueil","item":"https:\/\/www.reulsport.com\/de\/"},{"@type":"ListItem","position":2,"name":"Shop","item":"https:\/\/www.reulsport.com\/de\/shop-2\/"},{"@type":"ListItem","position":3,"name":"BFGoodrich Trail Terrain T\/A"}]},{"@type":"WebSite","@id":"https:\/\/www.reulsport.com\/#website","url":"https:\/\/www.reulsport.com\/","name":"ReulSport - Landrover specialist - Iveco partner","description":"ReulSport est un garage Ineos, Iveco et Polaris dans la r\u00e9gion de Verviers et Li\u00e8ge. Sp\u00e9cialiste de l&#039;Offroad, de la pr\u00e9paration et de l&#039;accessoirisation. .","potentialAction":[{"@type":"SearchAction","target":{"@type":"EntryPoint","urlTemplate":"https:\/\/www.reulsport.com\/?s={search_term_string}"},"query-input":"required name=search_term_string"}],"inLanguage":"de"}]}},"_links":{"self":[{"href":"https:\/\/www.reulsport.com\/de\/wp-json\/wp\/v2\/product\/51980"}],"collection":[{"href":"https:\/\/www.reulsport.com\/de\/wp-json\/wp\/v2\/product"}],"about":[{"href":"https:\/\/www.reulsport.com\/de\/wp-json\/wp\/v2\/types\/product"}],"replies":[{"embeddable":true,"href":"https:\/\/www.reulsport.com\/de\/wp-json\/wp\/v2\/comments?post=51980"}],"wp:featuredmedia":[{"embeddable":true,"href":"https:\/\/www.reulsport.com\/de\/wp-json\/wp\/v2\/media\/52088"}],"wp:attachment":[{"href":"https:\/\/www.reulsport.com\/de\/wp-json\/wp\/v2\/media?parent=51980"}],"wp:term":[{"taxonomy":"product_cat","embeddable":true,"href":"https:\/\/www.reulsport.com\/de\/wp-json\/wp\/v2\/product_cat?post=51980"},{"taxonomy":"product_tag","embeddable":true,"href":"https:\/\/www.reulsport.com\/de\/wp-json\/wp\/v2\/product_tag?post=51980"}],"curies":[{"name":"wp","href":"https:\/\/api.w.org\/{rel}","templated":true}]}}