{"id":52392,"date":"2023-01-03T11:03:52","date_gmt":"2023-01-03T10:03:52","guid":{"rendered":"https:\/\/www.reulsport.com\/produit\/aluminium-turscharniere-2-turer\/"},"modified":"2023-01-03T11:03:52","modified_gmt":"2023-01-03T10:03:52","slug":"aluminium-turscharniere-2-turer","status":"publish","type":"product","link":"https:\/\/www.reulsport.com\/de\/produit\/aluminium-turscharniere-2-turer\/","title":{"rendered":"Aluminium T\u00fcrscharniere &#8211; 2 T\u00dcRER"},"content":{"rendered":"<p>Die originalen T\u00fcrscharniere sto\u00dfen schnell an ihre Grenzen. Sie schlagen aus, bilden Rost der oft unsch\u00f6n an der ganzen T\u00fcre runter l\u00e4uft. Feuchtigkeit kann ins Auto dringen. Erfahrene Landy-Fahrer kennen diese Probleme nur zu gut. Und genau daf\u00fcr gibts jetzt dauerhaft Abhilfe. Unsere aus hochfestem Aluminium gefertigten T\u00fcrscharniere sind wie der Defender selbst, ein Kauf f\u00fcr die Ewigkeit.<\/p>\n<p><strong>Vorteile unserer T\u00fcrschaniere f\u00fcr Land Rover Defender :<\/strong><\/p>\n<p>passend f\u00fcr alle Land Rover Defender 90, 110 und 130 ab Bj. 1988! Andere Modelle auf Anfrage!<br \/>\nnie wieder rostende oder klemmende T\u00fcrscharniere<br \/>\npr\u00e4zise gefertigt aus hochfestem Aluminium<br \/>\nkorrosions- &amp; UV-best\u00e4ndige Beschichtung<br \/>\nabschmierbar mittels Schmiernippel<br \/>\nwechselbares Edelstahl Gleitlager<br \/>\nEdelstahlbolzen mit Wendelnut zur perfekten Verteilung des Schmierfetts<br \/>\ninkl. Kunststoffscheiben zwischen Scharnier und Schrauben um Kontaktkorrosion zu vermeiden<br \/>\nEdelstahl Montagekit optional erh\u00e4ltlich<br \/>\n100% MADE IN GERMANY!!!<\/p>\n","protected":false},"excerpt":{"rendered":"<p>Die originalen T\u00fcrscharniere sto\u00dfen schnell an ihre Grenzen. Sie schlagen aus, bilden Rost der oft unsch\u00f6n an der ganzen T\u00fcre runter l\u00e4uft. Feuchtigkeit kann ins Auto dringen. Erfahrene Landy-Fahrer kennen diese Probleme nur zu gut. Und genau daf\u00fcr gibts jetzt dauerhaft Abhilfe. Unsere aus hochfestem Aluminium gefertigten T\u00fcrscharniere sind wie der Defender selbst, ein Kauf [&hellip;]<\/p>\n","protected":false},"featured_media":52374,"comment_status":"open","ping_status":"closed","template":"","meta":[],"product_cat":[178],"product_tag":[],"acf":[],"yoast_head":"<!-- This site is optimized with the Yoast SEO plugin v20.1 - https:\/\/yoast.com\/wordpress\/plugins\/seo\/ -->\n<title>Aluminium T\u00fcrscharniere - 2 T\u00dcRER - ReulSport - Landrover specialist - Iveco partner<\/title>\n<meta name=\"robots\" content=\"index, follow, max-snippet:-1, max-image-preview:large, max-video-preview:-1\" \/>\n<link rel=\"canonical\" href=\"https:\/\/www.reulsport.com\/de\/produit\/aluminium-turscharniere-2-turer\/\" \/>\n<meta property=\"og:locale\" content=\"de_DE\" \/>\n<meta property=\"og:type\" content=\"article\" \/>\n<meta property=\"og:title\" content=\"Aluminium T\u00fcrscharniere - 2 T\u00dcRER - ReulSport - Landrover specialist - Iveco partner\" \/>\n<meta property=\"og:description\" content=\"Die originalen T\u00fcrscharniere sto\u00dfen schnell an ihre Grenzen. Sie schlagen aus, bilden Rost der oft unsch\u00f6n an der ganzen T\u00fcre runter l\u00e4uft. Feuchtigkeit kann ins Auto dringen. Erfahrene Landy-Fahrer kennen diese Probleme nur zu gut. Und genau daf\u00fcr gibts jetzt dauerhaft Abhilfe. Unsere aus hochfestem Aluminium gefertigten T\u00fcrscharniere sind wie der Defender selbst, ein Kauf [&hellip;]\" \/>\n<meta property=\"og:url\" content=\"https:\/\/www.reulsport.com\/de\/produit\/aluminium-turscharniere-2-turer\/\" \/>\n<meta property=\"og:site_name\" content=\"ReulSport - Landrover specialist - Iveco partner\" \/>\n<meta property=\"og:image\" content=\"https:\/\/www.reulsport.com\/wp-content\/uploads\/2023\/01\/1111-030417_4_900x600.jpg\" \/>\n\t<meta property=\"og:image:width\" content=\"900\" \/>\n\t<meta property=\"og:image:height\" content=\"600\" \/>\n\t<meta property=\"og:image:type\" content=\"image\/jpeg\" \/>\n<meta name=\"twitter:card\" content=\"summary_large_image\" \/>\n<meta name=\"twitter:label1\" content=\"Gesch\u00e4tzte Lesezeit\" \/>\n\t<meta name=\"twitter:data1\" content=\"1\u00a0Minute\" \/>\n<script type=\"application\/ld+json\" class=\"yoast-schema-graph\">{\"@context\":\"https:\/\/schema.org\",\"@graph\":[{\"@type\":\"WebPage\",\"@id\":\"https:\/\/www.reulsport.com\/de\/produit\/aluminium-turscharniere-2-turer\/\",\"url\":\"https:\/\/www.reulsport.com\/de\/produit\/aluminium-turscharniere-2-turer\/\",\"name\":\"Aluminium T\u00fcrscharniere - 2 T\u00dcRER - ReulSport - Landrover specialist - Iveco partner\",\"isPartOf\":{\"@id\":\"https:\/\/www.reulsport.com\/#website\"},\"datePublished\":\"2023-01-03T10:03:52+00:00\",\"dateModified\":\"2023-01-03T10:03:52+00:00\",\"breadcrumb\":{\"@id\":\"https:\/\/www.reulsport.com\/de\/produit\/aluminium-turscharniere-2-turer\/#breadcrumb\"},\"inLanguage\":\"de\",\"potentialAction\":[{\"@type\":\"ReadAction\",\"target\":[\"https:\/\/www.reulsport.com\/de\/produit\/aluminium-turscharniere-2-turer\/\"]}]},{\"@type\":\"BreadcrumbList\",\"@id\":\"https:\/\/www.reulsport.com\/de\/produit\/aluminium-turscharniere-2-turer\/#breadcrumb\",\"itemListElement\":[{\"@type\":\"ListItem\",\"position\":1,\"name\":\"Accueil\",\"item\":\"https:\/\/www.reulsport.com\/de\/\"},{\"@type\":\"ListItem\",\"position\":2,\"name\":\"Shop\",\"item\":\"https:\/\/www.reulsport.com\/de\/shop-2\/\"},{\"@type\":\"ListItem\",\"position\":3,\"name\":\"Aluminium T\u00fcrscharniere &#8211; 2 T\u00dcRER\"}]},{\"@type\":\"WebSite\",\"@id\":\"https:\/\/www.reulsport.com\/#website\",\"url\":\"https:\/\/www.reulsport.com\/\",\"name\":\"ReulSport - Landrover specialist - Iveco partner\",\"description\":\"ReulSport est un garage Ineos, Iveco et Polaris dans la r\u00e9gion de Verviers et Li\u00e8ge. Sp\u00e9cialiste de l&#039;Offroad, de la pr\u00e9paration et de l&#039;accessoirisation. .\",\"potentialAction\":[{\"@type\":\"SearchAction\",\"target\":{\"@type\":\"EntryPoint\",\"urlTemplate\":\"https:\/\/www.reulsport.com\/?s={search_term_string}\"},\"query-input\":\"required name=search_term_string\"}],\"inLanguage\":\"de\"}]}<\/script>\n<!-- \/ Yoast SEO plugin. -->","yoast_head_json":{"title":"Aluminium T\u00fcrscharniere - 2 T\u00dcRER - ReulSport - Landrover specialist - Iveco partner","robots":{"index":"index","follow":"follow","max-snippet":"max-snippet:-1","max-image-preview":"max-image-preview:large","max-video-preview":"max-video-preview:-1"},"canonical":"https:\/\/www.reulsport.com\/de\/produit\/aluminium-turscharniere-2-turer\/","og_locale":"de_DE","og_type":"article","og_title":"Aluminium T\u00fcrscharniere - 2 T\u00dcRER - ReulSport - Landrover specialist - Iveco partner","og_description":"Die originalen T\u00fcrscharniere sto\u00dfen schnell an ihre Grenzen. Sie schlagen aus, bilden Rost der oft unsch\u00f6n an der ganzen T\u00fcre runter l\u00e4uft. Feuchtigkeit kann ins Auto dringen. Erfahrene Landy-Fahrer kennen diese Probleme nur zu gut. Und genau daf\u00fcr gibts jetzt dauerhaft Abhilfe. Unsere aus hochfestem Aluminium gefertigten T\u00fcrscharniere sind wie der Defender selbst, ein Kauf [&hellip;]","og_url":"https:\/\/www.reulsport.com\/de\/produit\/aluminium-turscharniere-2-turer\/","og_site_name":"ReulSport - Landrover specialist - Iveco partner","og_image":[{"width":900,"height":600,"url":"https:\/\/www.reulsport.com\/wp-content\/uploads\/2023\/01\/1111-030417_4_900x600.jpg","type":"image\/jpeg"}],"twitter_card":"summary_large_image","twitter_misc":{"Gesch\u00e4tzte Lesezeit":"1\u00a0Minute"},"schema":{"@context":"https:\/\/schema.org","@graph":[{"@type":"WebPage","@id":"https:\/\/www.reulsport.com\/de\/produit\/aluminium-turscharniere-2-turer\/","url":"https:\/\/www.reulsport.com\/de\/produit\/aluminium-turscharniere-2-turer\/","name":"Aluminium T\u00fcrscharniere - 2 T\u00dcRER - ReulSport - Landrover specialist - Iveco partner","isPartOf":{"@id":"https:\/\/www.reulsport.com\/#website"},"datePublished":"2023-01-03T10:03:52+00:00","dateModified":"2023-01-03T10:03:52+00:00","breadcrumb":{"@id":"https:\/\/www.reulsport.com\/de\/produit\/aluminium-turscharniere-2-turer\/#breadcrumb"},"inLanguage":"de","potentialAction":[{"@type":"ReadAction","target":["https:\/\/www.reulsport.com\/de\/produit\/aluminium-turscharniere-2-turer\/"]}]},{"@type":"BreadcrumbList","@id":"https:\/\/www.reulsport.com\/de\/produit\/aluminium-turscharniere-2-turer\/#breadcrumb","itemListElement":[{"@type":"ListItem","position":1,"name":"Accueil","item":"https:\/\/www.reulsport.com\/de\/"},{"@type":"ListItem","position":2,"name":"Shop","item":"https:\/\/www.reulsport.com\/de\/shop-2\/"},{"@type":"ListItem","position":3,"name":"Aluminium T\u00fcrscharniere &#8211; 2 T\u00dcRER"}]},{"@type":"WebSite","@id":"https:\/\/www.reulsport.com\/#website","url":"https:\/\/www.reulsport.com\/","name":"ReulSport - Landrover specialist - Iveco partner","description":"ReulSport est un garage Ineos, Iveco et Polaris dans la r\u00e9gion de Verviers et Li\u00e8ge. Sp\u00e9cialiste de l&#039;Offroad, de la pr\u00e9paration et de l&#039;accessoirisation. .","potentialAction":[{"@type":"SearchAction","target":{"@type":"EntryPoint","urlTemplate":"https:\/\/www.reulsport.com\/?s={search_term_string}"},"query-input":"required name=search_term_string"}],"inLanguage":"de"}]}},"_links":{"self":[{"href":"https:\/\/www.reulsport.com\/de\/wp-json\/wp\/v2\/product\/52392"}],"collection":[{"href":"https:\/\/www.reulsport.com\/de\/wp-json\/wp\/v2\/product"}],"about":[{"href":"https:\/\/www.reulsport.com\/de\/wp-json\/wp\/v2\/types\/product"}],"replies":[{"embeddable":true,"href":"https:\/\/www.reulsport.com\/de\/wp-json\/wp\/v2\/comments?post=52392"}],"wp:featuredmedia":[{"embeddable":true,"href":"https:\/\/www.reulsport.com\/de\/wp-json\/wp\/v2\/media\/52374"}],"wp:attachment":[{"href":"https:\/\/www.reulsport.com\/de\/wp-json\/wp\/v2\/media?parent=52392"}],"wp:term":[{"taxonomy":"product_cat","embeddable":true,"href":"https:\/\/www.reulsport.com\/de\/wp-json\/wp\/v2\/product_cat?post=52392"},{"taxonomy":"product_tag","embeddable":true,"href":"https:\/\/www.reulsport.com\/de\/wp-json\/wp\/v2\/product_tag?post=52392"}],"curies":[{"name":"wp","href":"https:\/\/api.w.org\/{rel}","templated":true}]}}