{"id":52427,"date":"2023-01-03T11:58:54","date_gmt":"2023-01-03T10:58:54","guid":{"rendered":"https:\/\/www.reulsport.com\/produit\/motorhaubenhalter-mit-integriertem-diebstahlschutz\/"},"modified":"2023-01-03T13:27:46","modified_gmt":"2023-01-03T12:27:46","slug":"motorhaubenhalter-mit-integriertem-diebstahlschutz","status":"publish","type":"product","link":"https:\/\/www.reulsport.com\/de\/produit\/motorhaubenhalter-mit-integriertem-diebstahlschutz\/","title":{"rendered":"Motorhaubenhalter mit integriertem Diebstahlschutz"},"content":{"rendered":"<p>Motorhaubenhalter mit integriertem Diebstahlschutz<\/p>\n<p>Die perfekte Erg\u00e4nzung zu unseren T\u00fcrscharnieren. Pr\u00e4zise gefertigt, stabil und langlebig. Au\u00dferdem bieten sie einen Diebstahlschutz f\u00fcr das geliebte Fahrzeug, denn damit kann man die Motorhaube nicht mehr einfach aush\u00e4ngen. Gefertigt aus hochfestem Aluminium in orginalgetreuer Optik. Mit spezieller UV-Beschichtung, die zus\u00e4tzlich h\u00f6chste Korrosionsbest\u00e4ndigkeit bietet.<\/p>\n<p><strong>Vorteile :<\/strong><\/p>\n<p>die Motorhaube kann im geschlossenem Zustand nicht mehr ausgeh\u00e4ngt werden &#8211; ein Diebstahl ist mit diesem Part (nahezu) ausgeschlossen<br \/>\ngefertigt aus hochfestem Aluminium<br \/>\noriginalgetreue, sch\u00f6ne Optik<br \/>\ninkl. Kunststoffscheiben zwischen Scharnier und Schrauben um Kontaktkorrosion zu vermeiden<br \/>\ninkl. Montage-Kit aus Edelstahl (schwarz) und Dichtungen zwischen Karosserie und Scharnier<br \/>\nkorrosions- &amp; UV-best\u00e4ndige Beschichtung<br \/>\npassend f\u00fcr alle Land Rover Defender 90, 110 und 130 ab Bj. 1988! Andere Modelle auf Anfrage!<br \/>\n100 % MADE IN GERMANY!!!<\/p>\n","protected":false},"excerpt":{"rendered":"<p>Motorhaubenhalter mit integriertem Diebstahlschutz Die perfekte Erg\u00e4nzung zu unseren T\u00fcrscharnieren. Pr\u00e4zise gefertigt, stabil und langlebig. Au\u00dferdem bieten sie einen Diebstahlschutz f\u00fcr das geliebte Fahrzeug, denn damit kann man die Motorhaube nicht mehr einfach aush\u00e4ngen. Gefertigt aus hochfestem Aluminium in orginalgetreuer Optik. Mit spezieller UV-Beschichtung, die zus\u00e4tzlich h\u00f6chste Korrosionsbest\u00e4ndigkeit bietet. Vorteile : die Motorhaube kann im [&hellip;]<\/p>\n","protected":false},"featured_media":52413,"comment_status":"open","ping_status":"closed","template":"","meta":[],"product_cat":[178],"product_tag":[],"acf":[],"yoast_head":"<!-- This site is optimized with the Yoast SEO plugin v20.1 - https:\/\/yoast.com\/wordpress\/plugins\/seo\/ -->\n<title>Motorhaubenhalter mit integriertem Diebstahlschutz - ReulSport - Landrover specialist - Iveco partner<\/title>\n<meta name=\"robots\" content=\"index, follow, max-snippet:-1, max-image-preview:large, max-video-preview:-1\" \/>\n<link rel=\"canonical\" href=\"https:\/\/www.reulsport.com\/de\/produit\/motorhaubenhalter-mit-integriertem-diebstahlschutz\/\" \/>\n<meta property=\"og:locale\" content=\"de_DE\" \/>\n<meta property=\"og:type\" content=\"article\" \/>\n<meta property=\"og:title\" content=\"Motorhaubenhalter mit integriertem Diebstahlschutz - ReulSport - Landrover specialist - Iveco partner\" \/>\n<meta property=\"og:description\" content=\"Motorhaubenhalter mit integriertem Diebstahlschutz Die perfekte Erg\u00e4nzung zu unseren T\u00fcrscharnieren. Pr\u00e4zise gefertigt, stabil und langlebig. Au\u00dferdem bieten sie einen Diebstahlschutz f\u00fcr das geliebte Fahrzeug, denn damit kann man die Motorhaube nicht mehr einfach aush\u00e4ngen. Gefertigt aus hochfestem Aluminium in orginalgetreuer Optik. Mit spezieller UV-Beschichtung, die zus\u00e4tzlich h\u00f6chste Korrosionsbest\u00e4ndigkeit bietet. Vorteile : die Motorhaube kann im [&hellip;]\" \/>\n<meta property=\"og:url\" content=\"https:\/\/www.reulsport.com\/de\/produit\/motorhaubenhalter-mit-integriertem-diebstahlschutz\/\" \/>\n<meta property=\"og:site_name\" content=\"ReulSport - Landrover specialist - Iveco partner\" \/>\n<meta property=\"article:modified_time\" content=\"2023-01-03T12:27:46+00:00\" \/>\n<meta property=\"og:image\" content=\"https:\/\/www.reulsport.com\/wp-content\/uploads\/2023\/01\/Hood.jpg\" \/>\n\t<meta property=\"og:image:width\" content=\"900\" \/>\n\t<meta property=\"og:image:height\" content=\"600\" \/>\n\t<meta property=\"og:image:type\" content=\"image\/jpeg\" \/>\n<meta name=\"twitter:card\" content=\"summary_large_image\" \/>\n<meta name=\"twitter:label1\" content=\"Gesch\u00e4tzte Lesezeit\" \/>\n\t<meta name=\"twitter:data1\" content=\"1\u00a0Minute\" \/>\n<script type=\"application\/ld+json\" class=\"yoast-schema-graph\">{\"@context\":\"https:\/\/schema.org\",\"@graph\":[{\"@type\":\"WebPage\",\"@id\":\"https:\/\/www.reulsport.com\/de\/produit\/motorhaubenhalter-mit-integriertem-diebstahlschutz\/\",\"url\":\"https:\/\/www.reulsport.com\/de\/produit\/motorhaubenhalter-mit-integriertem-diebstahlschutz\/\",\"name\":\"Motorhaubenhalter mit integriertem Diebstahlschutz - ReulSport - Landrover specialist - Iveco partner\",\"isPartOf\":{\"@id\":\"https:\/\/www.reulsport.com\/#website\"},\"datePublished\":\"2023-01-03T10:58:54+00:00\",\"dateModified\":\"2023-01-03T12:27:46+00:00\",\"breadcrumb\":{\"@id\":\"https:\/\/www.reulsport.com\/de\/produit\/motorhaubenhalter-mit-integriertem-diebstahlschutz\/#breadcrumb\"},\"inLanguage\":\"de\",\"potentialAction\":[{\"@type\":\"ReadAction\",\"target\":[\"https:\/\/www.reulsport.com\/de\/produit\/motorhaubenhalter-mit-integriertem-diebstahlschutz\/\"]}]},{\"@type\":\"BreadcrumbList\",\"@id\":\"https:\/\/www.reulsport.com\/de\/produit\/motorhaubenhalter-mit-integriertem-diebstahlschutz\/#breadcrumb\",\"itemListElement\":[{\"@type\":\"ListItem\",\"position\":1,\"name\":\"Accueil\",\"item\":\"https:\/\/www.reulsport.com\/de\/\"},{\"@type\":\"ListItem\",\"position\":2,\"name\":\"Shop\",\"item\":\"https:\/\/www.reulsport.com\/de\/shop-2\/\"},{\"@type\":\"ListItem\",\"position\":3,\"name\":\"Motorhaubenhalter mit integriertem Diebstahlschutz\"}]},{\"@type\":\"WebSite\",\"@id\":\"https:\/\/www.reulsport.com\/#website\",\"url\":\"https:\/\/www.reulsport.com\/\",\"name\":\"ReulSport - Landrover specialist - Iveco partner\",\"description\":\"ReulSport est un garage Ineos, Iveco et Polaris dans la r\u00e9gion de Verviers et Li\u00e8ge. Sp\u00e9cialiste de l&#039;Offroad, de la pr\u00e9paration et de l&#039;accessoirisation. .\",\"potentialAction\":[{\"@type\":\"SearchAction\",\"target\":{\"@type\":\"EntryPoint\",\"urlTemplate\":\"https:\/\/www.reulsport.com\/?s={search_term_string}\"},\"query-input\":\"required name=search_term_string\"}],\"inLanguage\":\"de\"}]}<\/script>\n<!-- \/ Yoast SEO plugin. -->","yoast_head_json":{"title":"Motorhaubenhalter mit integriertem Diebstahlschutz - ReulSport - Landrover specialist - Iveco partner","robots":{"index":"index","follow":"follow","max-snippet":"max-snippet:-1","max-image-preview":"max-image-preview:large","max-video-preview":"max-video-preview:-1"},"canonical":"https:\/\/www.reulsport.com\/de\/produit\/motorhaubenhalter-mit-integriertem-diebstahlschutz\/","og_locale":"de_DE","og_type":"article","og_title":"Motorhaubenhalter mit integriertem Diebstahlschutz - ReulSport - Landrover specialist - Iveco partner","og_description":"Motorhaubenhalter mit integriertem Diebstahlschutz Die perfekte Erg\u00e4nzung zu unseren T\u00fcrscharnieren. Pr\u00e4zise gefertigt, stabil und langlebig. Au\u00dferdem bieten sie einen Diebstahlschutz f\u00fcr das geliebte Fahrzeug, denn damit kann man die Motorhaube nicht mehr einfach aush\u00e4ngen. Gefertigt aus hochfestem Aluminium in orginalgetreuer Optik. Mit spezieller UV-Beschichtung, die zus\u00e4tzlich h\u00f6chste Korrosionsbest\u00e4ndigkeit bietet. Vorteile : die Motorhaube kann im [&hellip;]","og_url":"https:\/\/www.reulsport.com\/de\/produit\/motorhaubenhalter-mit-integriertem-diebstahlschutz\/","og_site_name":"ReulSport - Landrover specialist - Iveco partner","article_modified_time":"2023-01-03T12:27:46+00:00","og_image":[{"width":900,"height":600,"url":"https:\/\/www.reulsport.com\/wp-content\/uploads\/2023\/01\/Hood.jpg","type":"image\/jpeg"}],"twitter_card":"summary_large_image","twitter_misc":{"Gesch\u00e4tzte Lesezeit":"1\u00a0Minute"},"schema":{"@context":"https:\/\/schema.org","@graph":[{"@type":"WebPage","@id":"https:\/\/www.reulsport.com\/de\/produit\/motorhaubenhalter-mit-integriertem-diebstahlschutz\/","url":"https:\/\/www.reulsport.com\/de\/produit\/motorhaubenhalter-mit-integriertem-diebstahlschutz\/","name":"Motorhaubenhalter mit integriertem Diebstahlschutz - ReulSport - Landrover specialist - Iveco partner","isPartOf":{"@id":"https:\/\/www.reulsport.com\/#website"},"datePublished":"2023-01-03T10:58:54+00:00","dateModified":"2023-01-03T12:27:46+00:00","breadcrumb":{"@id":"https:\/\/www.reulsport.com\/de\/produit\/motorhaubenhalter-mit-integriertem-diebstahlschutz\/#breadcrumb"},"inLanguage":"de","potentialAction":[{"@type":"ReadAction","target":["https:\/\/www.reulsport.com\/de\/produit\/motorhaubenhalter-mit-integriertem-diebstahlschutz\/"]}]},{"@type":"BreadcrumbList","@id":"https:\/\/www.reulsport.com\/de\/produit\/motorhaubenhalter-mit-integriertem-diebstahlschutz\/#breadcrumb","itemListElement":[{"@type":"ListItem","position":1,"name":"Accueil","item":"https:\/\/www.reulsport.com\/de\/"},{"@type":"ListItem","position":2,"name":"Shop","item":"https:\/\/www.reulsport.com\/de\/shop-2\/"},{"@type":"ListItem","position":3,"name":"Motorhaubenhalter mit integriertem Diebstahlschutz"}]},{"@type":"WebSite","@id":"https:\/\/www.reulsport.com\/#website","url":"https:\/\/www.reulsport.com\/","name":"ReulSport - Landrover specialist - Iveco partner","description":"ReulSport est un garage Ineos, Iveco et Polaris dans la r\u00e9gion de Verviers et Li\u00e8ge. Sp\u00e9cialiste de l&#039;Offroad, de la pr\u00e9paration et de l&#039;accessoirisation. .","potentialAction":[{"@type":"SearchAction","target":{"@type":"EntryPoint","urlTemplate":"https:\/\/www.reulsport.com\/?s={search_term_string}"},"query-input":"required name=search_term_string"}],"inLanguage":"de"}]}},"_links":{"self":[{"href":"https:\/\/www.reulsport.com\/de\/wp-json\/wp\/v2\/product\/52427"}],"collection":[{"href":"https:\/\/www.reulsport.com\/de\/wp-json\/wp\/v2\/product"}],"about":[{"href":"https:\/\/www.reulsport.com\/de\/wp-json\/wp\/v2\/types\/product"}],"replies":[{"embeddable":true,"href":"https:\/\/www.reulsport.com\/de\/wp-json\/wp\/v2\/comments?post=52427"}],"wp:featuredmedia":[{"embeddable":true,"href":"https:\/\/www.reulsport.com\/de\/wp-json\/wp\/v2\/media\/52413"}],"wp:attachment":[{"href":"https:\/\/www.reulsport.com\/de\/wp-json\/wp\/v2\/media?parent=52427"}],"wp:term":[{"taxonomy":"product_cat","embeddable":true,"href":"https:\/\/www.reulsport.com\/de\/wp-json\/wp\/v2\/product_cat?post=52427"},{"taxonomy":"product_tag","embeddable":true,"href":"https:\/\/www.reulsport.com\/de\/wp-json\/wp\/v2\/product_tag?post=52427"}],"curies":[{"name":"wp","href":"https:\/\/api.w.org\/{rel}","templated":true}]}}