{"id":52444,"date":"2023-01-03T13:22:04","date_gmt":"2023-01-03T12:22:04","guid":{"rendered":"https:\/\/www.reulsport.com\/produit\/die-vielseitigen-spiegelarme\/"},"modified":"2023-01-09T14:09:40","modified_gmt":"2023-01-09T13:09:40","slug":"die-vielseitigen-spiegelarme","status":"publish","type":"product","link":"https:\/\/www.reulsport.com\/de\/produit\/die-vielseitigen-spiegelarme\/","title":{"rendered":"Die vielseitigen Spiegelarme"},"content":{"rendered":"<p>Die vielseitigen Spiegelarme f\u00fcr deinen Defender: &#8222;Monkey Flip&#8220;<\/p>\n<p>Nicht nur optisch sind die Spiegelarme der Offroad Monkeys ein echter Hinguker, sie bieten dar\u00fcber hinaus technische Highlights, die sonst niemand bietet.<\/p>\n<p>Durch ihren einzigartigen Befestigungsmechanismus flattert selbst bei hohen Geschwindigkeiten nichts mehr. Der wahre Clou ist jedoch die Klappfunktion des Spiegels. Einfach die Torx-Schraube \u00f6ffnen, den Spiegel um 90\u00b0 nach unten klappen und schon erweitert man das Sichtfeld nach hinten um ein vielfaches.<\/p>\n<p>Gerade bei Fahrzeugen mit Wohnkabine oder beim fahren mit Anh\u00e4nger bieten diese Spiegelarme einen echten Mehrwert! Das Anbringen von Spiegelverl\u00e4ngerungen entf\u00e4llt damit komplett. Und wer dennoch lieber l\u00e4ngere Spiegelarme verbauen m\u00f6chte, f\u00fcr den haben wir\u00a0unsere 100mm l\u00e4ngeren Spiegelarme\u00a0im Programm.<\/p>\n<p>Vorteile der verstellbaren Spiegelarme &#8222;Monkey Flip&#8220; f\u00fcr Land Rover Defender<\/p>\n<ul>\n<li>einzigartiger Klappmechanismus des Spiegels<\/li>\n<li>pr\u00e4zise gefertigt aus hochfestem Aluminium<\/li>\n<li>korrosions- &amp; UV-best\u00e4ndige Beschichtung<\/li>\n<li>passen auch auf die originalen Land Rover Defender Scharniere<\/li>\n<li>Set beinhaltet zwei St\u00fcck<\/li>\n<li>100% made in Bavaria<\/li>\n<\/ul>\n<p><strong>Hinweis:<\/strong>\u00a0Bei der Verwendung unserer Spiegelarme entf\u00e4llt die Nutzung einer Spiegelheizung.<\/p>\n","protected":false},"excerpt":{"rendered":"<p>Die vielseitigen Spiegelarme f\u00fcr deinen Defender: &#8222;Monkey Flip&#8220; Nicht nur optisch sind die Spiegelarme der Offroad Monkeys ein echter Hinguker, sie bieten dar\u00fcber hinaus technische Highlights, die sonst niemand bietet. Durch ihren einzigartigen Befestigungsmechanismus flattert selbst bei hohen Geschwindigkeiten nichts mehr. Der wahre Clou ist jedoch die Klappfunktion des Spiegels. Einfach die Torx-Schraube \u00f6ffnen, den [&hellip;]<\/p>\n","protected":false},"featured_media":52436,"comment_status":"open","ping_status":"closed","template":"","meta":[],"product_cat":[178],"product_tag":[],"acf":[],"yoast_head":"<!-- This site is optimized with the Yoast SEO plugin v20.1 - https:\/\/yoast.com\/wordpress\/plugins\/seo\/ -->\n<title>Die vielseitigen Spiegelarme - ReulSport - Landrover specialist - Iveco partner<\/title>\n<meta name=\"robots\" content=\"index, follow, max-snippet:-1, max-image-preview:large, max-video-preview:-1\" \/>\n<link rel=\"canonical\" href=\"https:\/\/www.reulsport.com\/de\/produit\/die-vielseitigen-spiegelarme\/\" \/>\n<meta property=\"og:locale\" content=\"de_DE\" \/>\n<meta property=\"og:type\" content=\"article\" \/>\n<meta property=\"og:title\" content=\"Die vielseitigen Spiegelarme - ReulSport - Landrover specialist - Iveco partner\" \/>\n<meta property=\"og:description\" content=\"Die vielseitigen Spiegelarme f\u00fcr deinen Defender: &#8222;Monkey Flip&#8220; Nicht nur optisch sind die Spiegelarme der Offroad Monkeys ein echter Hinguker, sie bieten dar\u00fcber hinaus technische Highlights, die sonst niemand bietet. Durch ihren einzigartigen Befestigungsmechanismus flattert selbst bei hohen Geschwindigkeiten nichts mehr. Der wahre Clou ist jedoch die Klappfunktion des Spiegels. Einfach die Torx-Schraube \u00f6ffnen, den [&hellip;]\" \/>\n<meta property=\"og:url\" content=\"https:\/\/www.reulsport.com\/de\/produit\/die-vielseitigen-spiegelarme\/\" \/>\n<meta property=\"og:site_name\" content=\"ReulSport - Landrover specialist - Iveco partner\" \/>\n<meta property=\"article:modified_time\" content=\"2023-01-09T13:09:40+00:00\" \/>\n<meta property=\"og:image\" content=\"https:\/\/www.reulsport.com\/wp-content\/uploads\/2023\/01\/LR-19-4_900x600.png\" \/>\n\t<meta property=\"og:image:width\" content=\"900\" \/>\n\t<meta property=\"og:image:height\" content=\"600\" \/>\n\t<meta property=\"og:image:type\" content=\"image\/png\" \/>\n<meta name=\"twitter:card\" content=\"summary_large_image\" \/>\n<meta name=\"twitter:label1\" content=\"Gesch\u00e4tzte Lesezeit\" \/>\n\t<meta name=\"twitter:data1\" content=\"1\u00a0Minute\" \/>\n<script type=\"application\/ld+json\" class=\"yoast-schema-graph\">{\"@context\":\"https:\/\/schema.org\",\"@graph\":[{\"@type\":\"WebPage\",\"@id\":\"https:\/\/www.reulsport.com\/de\/produit\/die-vielseitigen-spiegelarme\/\",\"url\":\"https:\/\/www.reulsport.com\/de\/produit\/die-vielseitigen-spiegelarme\/\",\"name\":\"Die vielseitigen Spiegelarme - ReulSport - Landrover specialist - Iveco partner\",\"isPartOf\":{\"@id\":\"https:\/\/www.reulsport.com\/#website\"},\"datePublished\":\"2023-01-03T12:22:04+00:00\",\"dateModified\":\"2023-01-09T13:09:40+00:00\",\"breadcrumb\":{\"@id\":\"https:\/\/www.reulsport.com\/de\/produit\/die-vielseitigen-spiegelarme\/#breadcrumb\"},\"inLanguage\":\"de\",\"potentialAction\":[{\"@type\":\"ReadAction\",\"target\":[\"https:\/\/www.reulsport.com\/de\/produit\/die-vielseitigen-spiegelarme\/\"]}]},{\"@type\":\"BreadcrumbList\",\"@id\":\"https:\/\/www.reulsport.com\/de\/produit\/die-vielseitigen-spiegelarme\/#breadcrumb\",\"itemListElement\":[{\"@type\":\"ListItem\",\"position\":1,\"name\":\"Accueil\",\"item\":\"https:\/\/www.reulsport.com\/de\/\"},{\"@type\":\"ListItem\",\"position\":2,\"name\":\"Shop\",\"item\":\"https:\/\/www.reulsport.com\/de\/shop-2\/\"},{\"@type\":\"ListItem\",\"position\":3,\"name\":\"Die vielseitigen Spiegelarme\"}]},{\"@type\":\"WebSite\",\"@id\":\"https:\/\/www.reulsport.com\/#website\",\"url\":\"https:\/\/www.reulsport.com\/\",\"name\":\"ReulSport - Landrover specialist - Iveco partner\",\"description\":\"ReulSport est un garage Ineos, Iveco et Polaris dans la r\u00e9gion de Verviers et Li\u00e8ge. Sp\u00e9cialiste de l&#039;Offroad, de la pr\u00e9paration et de l&#039;accessoirisation. .\",\"potentialAction\":[{\"@type\":\"SearchAction\",\"target\":{\"@type\":\"EntryPoint\",\"urlTemplate\":\"https:\/\/www.reulsport.com\/?s={search_term_string}\"},\"query-input\":\"required name=search_term_string\"}],\"inLanguage\":\"de\"}]}<\/script>\n<!-- \/ Yoast SEO plugin. -->","yoast_head_json":{"title":"Die vielseitigen Spiegelarme - ReulSport - Landrover specialist - Iveco partner","robots":{"index":"index","follow":"follow","max-snippet":"max-snippet:-1","max-image-preview":"max-image-preview:large","max-video-preview":"max-video-preview:-1"},"canonical":"https:\/\/www.reulsport.com\/de\/produit\/die-vielseitigen-spiegelarme\/","og_locale":"de_DE","og_type":"article","og_title":"Die vielseitigen Spiegelarme - ReulSport - Landrover specialist - Iveco partner","og_description":"Die vielseitigen Spiegelarme f\u00fcr deinen Defender: &#8222;Monkey Flip&#8220; Nicht nur optisch sind die Spiegelarme der Offroad Monkeys ein echter Hinguker, sie bieten dar\u00fcber hinaus technische Highlights, die sonst niemand bietet. Durch ihren einzigartigen Befestigungsmechanismus flattert selbst bei hohen Geschwindigkeiten nichts mehr. Der wahre Clou ist jedoch die Klappfunktion des Spiegels. Einfach die Torx-Schraube \u00f6ffnen, den [&hellip;]","og_url":"https:\/\/www.reulsport.com\/de\/produit\/die-vielseitigen-spiegelarme\/","og_site_name":"ReulSport - Landrover specialist - Iveco partner","article_modified_time":"2023-01-09T13:09:40+00:00","og_image":[{"width":900,"height":600,"url":"https:\/\/www.reulsport.com\/wp-content\/uploads\/2023\/01\/LR-19-4_900x600.png","type":"image\/png"}],"twitter_card":"summary_large_image","twitter_misc":{"Gesch\u00e4tzte Lesezeit":"1\u00a0Minute"},"schema":{"@context":"https:\/\/schema.org","@graph":[{"@type":"WebPage","@id":"https:\/\/www.reulsport.com\/de\/produit\/die-vielseitigen-spiegelarme\/","url":"https:\/\/www.reulsport.com\/de\/produit\/die-vielseitigen-spiegelarme\/","name":"Die vielseitigen Spiegelarme - ReulSport - Landrover specialist - Iveco partner","isPartOf":{"@id":"https:\/\/www.reulsport.com\/#website"},"datePublished":"2023-01-03T12:22:04+00:00","dateModified":"2023-01-09T13:09:40+00:00","breadcrumb":{"@id":"https:\/\/www.reulsport.com\/de\/produit\/die-vielseitigen-spiegelarme\/#breadcrumb"},"inLanguage":"de","potentialAction":[{"@type":"ReadAction","target":["https:\/\/www.reulsport.com\/de\/produit\/die-vielseitigen-spiegelarme\/"]}]},{"@type":"BreadcrumbList","@id":"https:\/\/www.reulsport.com\/de\/produit\/die-vielseitigen-spiegelarme\/#breadcrumb","itemListElement":[{"@type":"ListItem","position":1,"name":"Accueil","item":"https:\/\/www.reulsport.com\/de\/"},{"@type":"ListItem","position":2,"name":"Shop","item":"https:\/\/www.reulsport.com\/de\/shop-2\/"},{"@type":"ListItem","position":3,"name":"Die vielseitigen Spiegelarme"}]},{"@type":"WebSite","@id":"https:\/\/www.reulsport.com\/#website","url":"https:\/\/www.reulsport.com\/","name":"ReulSport - Landrover specialist - Iveco partner","description":"ReulSport est un garage Ineos, Iveco et Polaris dans la r\u00e9gion de Verviers et Li\u00e8ge. Sp\u00e9cialiste de l&#039;Offroad, de la pr\u00e9paration et de l&#039;accessoirisation. .","potentialAction":[{"@type":"SearchAction","target":{"@type":"EntryPoint","urlTemplate":"https:\/\/www.reulsport.com\/?s={search_term_string}"},"query-input":"required name=search_term_string"}],"inLanguage":"de"}]}},"_links":{"self":[{"href":"https:\/\/www.reulsport.com\/de\/wp-json\/wp\/v2\/product\/52444"}],"collection":[{"href":"https:\/\/www.reulsport.com\/de\/wp-json\/wp\/v2\/product"}],"about":[{"href":"https:\/\/www.reulsport.com\/de\/wp-json\/wp\/v2\/types\/product"}],"replies":[{"embeddable":true,"href":"https:\/\/www.reulsport.com\/de\/wp-json\/wp\/v2\/comments?post=52444"}],"wp:featuredmedia":[{"embeddable":true,"href":"https:\/\/www.reulsport.com\/de\/wp-json\/wp\/v2\/media\/52436"}],"wp:attachment":[{"href":"https:\/\/www.reulsport.com\/de\/wp-json\/wp\/v2\/media?parent=52444"}],"wp:term":[{"taxonomy":"product_cat","embeddable":true,"href":"https:\/\/www.reulsport.com\/de\/wp-json\/wp\/v2\/product_cat?post=52444"},{"taxonomy":"product_tag","embeddable":true,"href":"https:\/\/www.reulsport.com\/de\/wp-json\/wp\/v2\/product_tag?post=52444"}],"curies":[{"name":"wp","href":"https:\/\/api.w.org\/{rel}","templated":true}]}}