{"id":52482,"date":"2023-01-03T13:51:34","date_gmt":"2023-01-03T12:51:34","guid":{"rendered":"https:\/\/www.reulsport.com\/produit\/die-perfekten-spiegelarme-fuer-anhaenger-co\/"},"modified":"2023-01-09T14:10:23","modified_gmt":"2023-01-09T13:10:23","slug":"die-perfekten-spiegelarme-fuer-anhaenger-co","status":"publish","type":"product","link":"https:\/\/www.reulsport.com\/de\/produit\/die-perfekten-spiegelarme-fuer-anhaenger-co\/","title":{"rendered":"Die perfekten Spiegelarme f\u00fcr Anh\u00e4nger &#038; Co."},"content":{"rendered":"<p>Die perfekten Spiegelarme f\u00fcr Anh\u00e4nger &amp; Co.<\/p>\n<p>Die um 100mm verl\u00e4ngerten Spiegelarme aus hochfesten Aluminium gew\u00e4hren beste Sicht nach hinten. Gerade wenn man mit H\u00e4nger oder dicken Kofferaufbauten unterwegs ist ein absolutes MUSS.<\/p>\n<p>Die Spiegelarme sind optisch perfekt an unsere Scharniere angepasst, passen aber auch an jede originale Aufnahme. Der ausgekl\u00fcgelte Klappmechanismus mit geh\u00e4rteter Rasterscheibe h\u00e4lt den Spiegel auch bei hohen Geschwindigkeiten ohne Flattern oder Einklappen fest in Fahrtrichtung. In engen Passagen im Gel\u00e4nde kann der Spiegel nah ans Fahrzeug heran geklappt werden und man hat trotzdem noch gute Sicht in den R\u00fcckspiegel.<\/p>\n<p>Vorteile unserer 100mm l\u00e4ngeren Spiegelarme f\u00fcr Land Rover Defender<\/p>\n<ul>\n<li>pr\u00e4zise gefertigt aus hochfestem Aluminium<\/li>\n<li>Edelstahl Lagerbolzen<\/li>\n<li>korrosions- &amp; UV-best\u00e4ndige Beschichtung<\/li>\n<li>ausgekl\u00fcgelter Verstellmechanismus\u00a0<\/li>\n<li>2 Stk. im Set<\/li>\n<li>100% made in Germany<\/li>\n<\/ul>\n<p><strong>Hinweis:<\/strong>\u00a0Bei der Verwendung unserer Spiegelarme entf\u00e4llt die Nutzung einer Spiegelheizung.<\/p>\n<p><strong>TIPP:<\/strong>\u00a0Wer auf der Suche nach Spiegelarmen in Original-L\u00e4nge ist, mit denen man aber dennoch auch mit Wohnanh\u00e4nger oder Kofferaufbauten optimale Sicht hat, daf\u00fcr haben wir unsere neuen\u00a0um 90\u00b0 verstellbaren Spiegelarme &#8222;Monkey Flip&#8220;\u00a0im Programm.<\/p>\n","protected":false},"excerpt":{"rendered":"<p>Die perfekten Spiegelarme f\u00fcr Anh\u00e4nger &amp; Co. Die um 100mm verl\u00e4ngerten Spiegelarme aus hochfesten Aluminium gew\u00e4hren beste Sicht nach hinten. Gerade wenn man mit H\u00e4nger oder dicken Kofferaufbauten unterwegs ist ein absolutes MUSS. Die Spiegelarme sind optisch perfekt an unsere Scharniere angepasst, passen aber auch an jede originale Aufnahme. Der ausgekl\u00fcgelte Klappmechanismus mit geh\u00e4rteter Rasterscheibe [&hellip;]<\/p>\n","protected":false},"featured_media":52469,"comment_status":"open","ping_status":"closed","template":"","meta":[],"product_cat":[178],"product_tag":[],"acf":[],"yoast_head":"<!-- This site is optimized with the Yoast SEO plugin v20.1 - https:\/\/yoast.com\/wordpress\/plugins\/seo\/ -->\n<title>Die perfekten Spiegelarme f\u00fcr Anh\u00e4nger &amp; Co. - ReulSport - Landrover specialist - Iveco partner<\/title>\n<meta name=\"robots\" content=\"index, follow, max-snippet:-1, max-image-preview:large, max-video-preview:-1\" \/>\n<link rel=\"canonical\" href=\"https:\/\/www.reulsport.com\/de\/produit\/die-perfekten-spiegelarme-fuer-anhaenger-co\/\" \/>\n<meta property=\"og:locale\" content=\"de_DE\" \/>\n<meta property=\"og:type\" content=\"article\" \/>\n<meta property=\"og:title\" content=\"Die perfekten Spiegelarme f\u00fcr Anh\u00e4nger &amp; Co. - ReulSport - Landrover specialist - Iveco partner\" \/>\n<meta property=\"og:description\" content=\"Die perfekten Spiegelarme f\u00fcr Anh\u00e4nger &amp; Co. Die um 100mm verl\u00e4ngerten Spiegelarme aus hochfesten Aluminium gew\u00e4hren beste Sicht nach hinten. Gerade wenn man mit H\u00e4nger oder dicken Kofferaufbauten unterwegs ist ein absolutes MUSS. Die Spiegelarme sind optisch perfekt an unsere Scharniere angepasst, passen aber auch an jede originale Aufnahme. Der ausgekl\u00fcgelte Klappmechanismus mit geh\u00e4rteter Rasterscheibe [&hellip;]\" \/>\n<meta property=\"og:url\" content=\"https:\/\/www.reulsport.com\/de\/produit\/die-perfekten-spiegelarme-fuer-anhaenger-co\/\" \/>\n<meta property=\"og:site_name\" content=\"ReulSport - Landrover specialist - Iveco partner\" \/>\n<meta property=\"article:modified_time\" content=\"2023-01-09T13:10:23+00:00\" \/>\n<meta property=\"og:image\" content=\"https:\/\/www.reulsport.com\/wp-content\/uploads\/2023\/01\/Spiegelarme_lang_900x600.png\" \/>\n\t<meta property=\"og:image:width\" content=\"900\" \/>\n\t<meta property=\"og:image:height\" content=\"600\" \/>\n\t<meta property=\"og:image:type\" content=\"image\/png\" \/>\n<meta name=\"twitter:card\" content=\"summary_large_image\" \/>\n<meta name=\"twitter:label1\" content=\"Gesch\u00e4tzte Lesezeit\" \/>\n\t<meta name=\"twitter:data1\" content=\"1\u00a0Minute\" \/>\n<script type=\"application\/ld+json\" class=\"yoast-schema-graph\">{\"@context\":\"https:\/\/schema.org\",\"@graph\":[{\"@type\":\"WebPage\",\"@id\":\"https:\/\/www.reulsport.com\/de\/produit\/die-perfekten-spiegelarme-fuer-anhaenger-co\/\",\"url\":\"https:\/\/www.reulsport.com\/de\/produit\/die-perfekten-spiegelarme-fuer-anhaenger-co\/\",\"name\":\"Die perfekten Spiegelarme f\u00fcr Anh\u00e4nger & Co. - ReulSport - Landrover specialist - Iveco partner\",\"isPartOf\":{\"@id\":\"https:\/\/www.reulsport.com\/#website\"},\"datePublished\":\"2023-01-03T12:51:34+00:00\",\"dateModified\":\"2023-01-09T13:10:23+00:00\",\"breadcrumb\":{\"@id\":\"https:\/\/www.reulsport.com\/de\/produit\/die-perfekten-spiegelarme-fuer-anhaenger-co\/#breadcrumb\"},\"inLanguage\":\"de\",\"potentialAction\":[{\"@type\":\"ReadAction\",\"target\":[\"https:\/\/www.reulsport.com\/de\/produit\/die-perfekten-spiegelarme-fuer-anhaenger-co\/\"]}]},{\"@type\":\"BreadcrumbList\",\"@id\":\"https:\/\/www.reulsport.com\/de\/produit\/die-perfekten-spiegelarme-fuer-anhaenger-co\/#breadcrumb\",\"itemListElement\":[{\"@type\":\"ListItem\",\"position\":1,\"name\":\"Accueil\",\"item\":\"https:\/\/www.reulsport.com\/de\/\"},{\"@type\":\"ListItem\",\"position\":2,\"name\":\"Shop\",\"item\":\"https:\/\/www.reulsport.com\/de\/shop-2\/\"},{\"@type\":\"ListItem\",\"position\":3,\"name\":\"Die perfekten Spiegelarme f\u00fcr Anh\u00e4nger &#038; Co.\"}]},{\"@type\":\"WebSite\",\"@id\":\"https:\/\/www.reulsport.com\/#website\",\"url\":\"https:\/\/www.reulsport.com\/\",\"name\":\"ReulSport - Landrover specialist - Iveco partner\",\"description\":\"ReulSport est un garage Ineos, Iveco et Polaris dans la r\u00e9gion de Verviers et Li\u00e8ge. Sp\u00e9cialiste de l&#039;Offroad, de la pr\u00e9paration et de l&#039;accessoirisation. .\",\"potentialAction\":[{\"@type\":\"SearchAction\",\"target\":{\"@type\":\"EntryPoint\",\"urlTemplate\":\"https:\/\/www.reulsport.com\/?s={search_term_string}\"},\"query-input\":\"required name=search_term_string\"}],\"inLanguage\":\"de\"}]}<\/script>\n<!-- \/ Yoast SEO plugin. -->","yoast_head_json":{"title":"Die perfekten Spiegelarme f\u00fcr Anh\u00e4nger & Co. - ReulSport - Landrover specialist - Iveco partner","robots":{"index":"index","follow":"follow","max-snippet":"max-snippet:-1","max-image-preview":"max-image-preview:large","max-video-preview":"max-video-preview:-1"},"canonical":"https:\/\/www.reulsport.com\/de\/produit\/die-perfekten-spiegelarme-fuer-anhaenger-co\/","og_locale":"de_DE","og_type":"article","og_title":"Die perfekten Spiegelarme f\u00fcr Anh\u00e4nger & Co. - ReulSport - Landrover specialist - Iveco partner","og_description":"Die perfekten Spiegelarme f\u00fcr Anh\u00e4nger &amp; Co. Die um 100mm verl\u00e4ngerten Spiegelarme aus hochfesten Aluminium gew\u00e4hren beste Sicht nach hinten. Gerade wenn man mit H\u00e4nger oder dicken Kofferaufbauten unterwegs ist ein absolutes MUSS. Die Spiegelarme sind optisch perfekt an unsere Scharniere angepasst, passen aber auch an jede originale Aufnahme. Der ausgekl\u00fcgelte Klappmechanismus mit geh\u00e4rteter Rasterscheibe [&hellip;]","og_url":"https:\/\/www.reulsport.com\/de\/produit\/die-perfekten-spiegelarme-fuer-anhaenger-co\/","og_site_name":"ReulSport - Landrover specialist - Iveco partner","article_modified_time":"2023-01-09T13:10:23+00:00","og_image":[{"width":900,"height":600,"url":"https:\/\/www.reulsport.com\/wp-content\/uploads\/2023\/01\/Spiegelarme_lang_900x600.png","type":"image\/png"}],"twitter_card":"summary_large_image","twitter_misc":{"Gesch\u00e4tzte Lesezeit":"1\u00a0Minute"},"schema":{"@context":"https:\/\/schema.org","@graph":[{"@type":"WebPage","@id":"https:\/\/www.reulsport.com\/de\/produit\/die-perfekten-spiegelarme-fuer-anhaenger-co\/","url":"https:\/\/www.reulsport.com\/de\/produit\/die-perfekten-spiegelarme-fuer-anhaenger-co\/","name":"Die perfekten Spiegelarme f\u00fcr Anh\u00e4nger & Co. - ReulSport - Landrover specialist - Iveco partner","isPartOf":{"@id":"https:\/\/www.reulsport.com\/#website"},"datePublished":"2023-01-03T12:51:34+00:00","dateModified":"2023-01-09T13:10:23+00:00","breadcrumb":{"@id":"https:\/\/www.reulsport.com\/de\/produit\/die-perfekten-spiegelarme-fuer-anhaenger-co\/#breadcrumb"},"inLanguage":"de","potentialAction":[{"@type":"ReadAction","target":["https:\/\/www.reulsport.com\/de\/produit\/die-perfekten-spiegelarme-fuer-anhaenger-co\/"]}]},{"@type":"BreadcrumbList","@id":"https:\/\/www.reulsport.com\/de\/produit\/die-perfekten-spiegelarme-fuer-anhaenger-co\/#breadcrumb","itemListElement":[{"@type":"ListItem","position":1,"name":"Accueil","item":"https:\/\/www.reulsport.com\/de\/"},{"@type":"ListItem","position":2,"name":"Shop","item":"https:\/\/www.reulsport.com\/de\/shop-2\/"},{"@type":"ListItem","position":3,"name":"Die perfekten Spiegelarme f\u00fcr Anh\u00e4nger &#038; Co."}]},{"@type":"WebSite","@id":"https:\/\/www.reulsport.com\/#website","url":"https:\/\/www.reulsport.com\/","name":"ReulSport - Landrover specialist - Iveco partner","description":"ReulSport est un garage Ineos, Iveco et Polaris dans la r\u00e9gion de Verviers et Li\u00e8ge. Sp\u00e9cialiste de l&#039;Offroad, de la pr\u00e9paration et de l&#039;accessoirisation. .","potentialAction":[{"@type":"SearchAction","target":{"@type":"EntryPoint","urlTemplate":"https:\/\/www.reulsport.com\/?s={search_term_string}"},"query-input":"required name=search_term_string"}],"inLanguage":"de"}]}},"_links":{"self":[{"href":"https:\/\/www.reulsport.com\/de\/wp-json\/wp\/v2\/product\/52482"}],"collection":[{"href":"https:\/\/www.reulsport.com\/de\/wp-json\/wp\/v2\/product"}],"about":[{"href":"https:\/\/www.reulsport.com\/de\/wp-json\/wp\/v2\/types\/product"}],"replies":[{"embeddable":true,"href":"https:\/\/www.reulsport.com\/de\/wp-json\/wp\/v2\/comments?post=52482"}],"wp:featuredmedia":[{"embeddable":true,"href":"https:\/\/www.reulsport.com\/de\/wp-json\/wp\/v2\/media\/52469"}],"wp:attachment":[{"href":"https:\/\/www.reulsport.com\/de\/wp-json\/wp\/v2\/media?parent=52482"}],"wp:term":[{"taxonomy":"product_cat","embeddable":true,"href":"https:\/\/www.reulsport.com\/de\/wp-json\/wp\/v2\/product_cat?post=52482"},{"taxonomy":"product_tag","embeddable":true,"href":"https:\/\/www.reulsport.com\/de\/wp-json\/wp\/v2\/product_tag?post=52482"}],"curies":[{"name":"wp","href":"https:\/\/api.w.org\/{rel}","templated":true}]}}