{"id":53654,"date":"2023-01-20T10:37:43","date_gmt":"2023-01-20T09:37:43","guid":{"rendered":"https:\/\/www.reulsport.com\/produit\/quicksilver-auspuffanlage-fur-new-defender-p400\/"},"modified":"2023-01-26T11:50:53","modified_gmt":"2023-01-26T10:50:53","slug":"quicksilver-auspuffanlage-fur-new-defender-p400","status":"publish","type":"product","link":"https:\/\/www.reulsport.com\/de\/produit\/quicksilver-auspuffanlage-fur-new-defender-p400\/","title":{"rendered":"Quicksilver Auspuff f\u00fcr NEW DEFENDER P400"},"content":{"rendered":"<p>Die Auspuffanlage Quicksilver Exhaust mit Ventilen verleiht Ihrem Defender den Sound, den Sie erwarten! <\/p>\n<p>Bei geschlossenen Ventilen bleibt der Sound zivilisiert und diskret, perfekt f\u00fcr lange Fahrten, Stadtfahrten etc.<\/p>\n<p>Wenn die Ventile ge\u00f6ffnet sind, steigt die Lautst\u00e4rke und der Motor erwacht und liefert Ihnen einen gro\u00dfartigen Sound f\u00fcr diesen 6-Zylinder-Reihenmotor! <\/p>\n<p>Plug-and-Play-Montage und vollst\u00e4ndig umkehrbar.<\/p>\n","protected":false},"excerpt":{"rendered":"<p>Die Auspuffanlage Quicksilver Exhaust mit Ventilen verleiht Ihrem Defender den Sound, den Sie erwarten! Bei geschlossenen Ventilen bleibt der Sound zivilisiert und diskret, perfekt f\u00fcr lange Fahrten, Stadtfahrten etc. Wenn die Ventile ge\u00f6ffnet sind, steigt die Lautst\u00e4rke und der Motor erwacht und liefert Ihnen einen gro\u00dfartigen Sound f\u00fcr diesen 6-Zylinder-Reihenmotor! Plug-and-Play-Montage und vollst\u00e4ndig umkehrbar.<\/p>\n","protected":false},"featured_media":53479,"comment_status":"open","ping_status":"closed","template":"","meta":[],"product_cat":[192],"product_tag":[],"acf":[],"yoast_head":"<!-- This site is optimized with the Yoast SEO plugin v20.1 - https:\/\/yoast.com\/wordpress\/plugins\/seo\/ -->\n<title>Quicksilver Auspuff f\u00fcr NEW DEFENDER P400 - ReulSport - Landrover specialist - Iveco partner<\/title>\n<meta name=\"robots\" content=\"index, follow, max-snippet:-1, max-image-preview:large, max-video-preview:-1\" \/>\n<link rel=\"canonical\" href=\"https:\/\/www.reulsport.com\/de\/produit\/quicksilver-auspuffanlage-fur-new-defender-p400\/\" \/>\n<meta property=\"og:locale\" content=\"de_DE\" \/>\n<meta property=\"og:type\" content=\"article\" \/>\n<meta property=\"og:title\" content=\"Quicksilver Auspuff f\u00fcr NEW DEFENDER P400 - ReulSport - Landrover specialist - Iveco partner\" \/>\n<meta property=\"og:description\" content=\"Die Auspuffanlage Quicksilver Exhaust mit Ventilen verleiht Ihrem Defender den Sound, den Sie erwarten! Bei geschlossenen Ventilen bleibt der Sound zivilisiert und diskret, perfekt f\u00fcr lange Fahrten, Stadtfahrten etc. Wenn die Ventile ge\u00f6ffnet sind, steigt die Lautst\u00e4rke und der Motor erwacht und liefert Ihnen einen gro\u00dfartigen Sound f\u00fcr diesen 6-Zylinder-Reihenmotor! Plug-and-Play-Montage und vollst\u00e4ndig umkehrbar.\" \/>\n<meta property=\"og:url\" content=\"https:\/\/www.reulsport.com\/de\/produit\/quicksilver-auspuffanlage-fur-new-defender-p400\/\" \/>\n<meta property=\"og:site_name\" content=\"ReulSport - Landrover specialist - Iveco partner\" \/>\n<meta property=\"article:modified_time\" content=\"2023-01-26T10:50:53+00:00\" \/>\n<meta property=\"og:image\" content=\"https:\/\/www.reulsport.com\/wp-content\/uploads\/2023\/01\/Def110-quicksilver-exhaust.jpg\" \/>\n\t<meta property=\"og:image:width\" content=\"2048\" \/>\n\t<meta property=\"og:image:height\" content=\"1536\" \/>\n\t<meta property=\"og:image:type\" content=\"image\/jpeg\" \/>\n<meta name=\"twitter:card\" content=\"summary_large_image\" \/>\n<script type=\"application\/ld+json\" class=\"yoast-schema-graph\">{\"@context\":\"https:\/\/schema.org\",\"@graph\":[{\"@type\":\"WebPage\",\"@id\":\"https:\/\/www.reulsport.com\/de\/produit\/quicksilver-auspuffanlage-fur-new-defender-p400\/\",\"url\":\"https:\/\/www.reulsport.com\/de\/produit\/quicksilver-auspuffanlage-fur-new-defender-p400\/\",\"name\":\"Quicksilver Auspuff f\u00fcr NEW DEFENDER P400 - ReulSport - Landrover specialist - Iveco partner\",\"isPartOf\":{\"@id\":\"https:\/\/www.reulsport.com\/#website\"},\"datePublished\":\"2023-01-20T09:37:43+00:00\",\"dateModified\":\"2023-01-26T10:50:53+00:00\",\"breadcrumb\":{\"@id\":\"https:\/\/www.reulsport.com\/de\/produit\/quicksilver-auspuffanlage-fur-new-defender-p400\/#breadcrumb\"},\"inLanguage\":\"de\",\"potentialAction\":[{\"@type\":\"ReadAction\",\"target\":[\"https:\/\/www.reulsport.com\/de\/produit\/quicksilver-auspuffanlage-fur-new-defender-p400\/\"]}]},{\"@type\":\"BreadcrumbList\",\"@id\":\"https:\/\/www.reulsport.com\/de\/produit\/quicksilver-auspuffanlage-fur-new-defender-p400\/#breadcrumb\",\"itemListElement\":[{\"@type\":\"ListItem\",\"position\":1,\"name\":\"Accueil\",\"item\":\"https:\/\/www.reulsport.com\/de\/\"},{\"@type\":\"ListItem\",\"position\":2,\"name\":\"Shop\",\"item\":\"https:\/\/www.reulsport.com\/de\/shop-2\/\"},{\"@type\":\"ListItem\",\"position\":3,\"name\":\"Quicksilver Auspuff f\u00fcr NEW DEFENDER P400\"}]},{\"@type\":\"WebSite\",\"@id\":\"https:\/\/www.reulsport.com\/#website\",\"url\":\"https:\/\/www.reulsport.com\/\",\"name\":\"ReulSport - Landrover specialist - Iveco partner\",\"description\":\"ReulSport est un garage Ineos, Iveco et Polaris dans la r\u00e9gion de Verviers et Li\u00e8ge. Sp\u00e9cialiste de l&#039;Offroad, de la pr\u00e9paration et de l&#039;accessoirisation. .\",\"potentialAction\":[{\"@type\":\"SearchAction\",\"target\":{\"@type\":\"EntryPoint\",\"urlTemplate\":\"https:\/\/www.reulsport.com\/?s={search_term_string}\"},\"query-input\":\"required name=search_term_string\"}],\"inLanguage\":\"de\"}]}<\/script>\n<!-- \/ Yoast SEO plugin. -->","yoast_head_json":{"title":"Quicksilver Auspuff f\u00fcr NEW DEFENDER P400 - ReulSport - Landrover specialist - Iveco partner","robots":{"index":"index","follow":"follow","max-snippet":"max-snippet:-1","max-image-preview":"max-image-preview:large","max-video-preview":"max-video-preview:-1"},"canonical":"https:\/\/www.reulsport.com\/de\/produit\/quicksilver-auspuffanlage-fur-new-defender-p400\/","og_locale":"de_DE","og_type":"article","og_title":"Quicksilver Auspuff f\u00fcr NEW DEFENDER P400 - ReulSport - Landrover specialist - Iveco partner","og_description":"Die Auspuffanlage Quicksilver Exhaust mit Ventilen verleiht Ihrem Defender den Sound, den Sie erwarten! Bei geschlossenen Ventilen bleibt der Sound zivilisiert und diskret, perfekt f\u00fcr lange Fahrten, Stadtfahrten etc. Wenn die Ventile ge\u00f6ffnet sind, steigt die Lautst\u00e4rke und der Motor erwacht und liefert Ihnen einen gro\u00dfartigen Sound f\u00fcr diesen 6-Zylinder-Reihenmotor! Plug-and-Play-Montage und vollst\u00e4ndig umkehrbar.","og_url":"https:\/\/www.reulsport.com\/de\/produit\/quicksilver-auspuffanlage-fur-new-defender-p400\/","og_site_name":"ReulSport - Landrover specialist - Iveco partner","article_modified_time":"2023-01-26T10:50:53+00:00","og_image":[{"width":2048,"height":1536,"url":"https:\/\/www.reulsport.com\/wp-content\/uploads\/2023\/01\/Def110-quicksilver-exhaust.jpg","type":"image\/jpeg"}],"twitter_card":"summary_large_image","schema":{"@context":"https:\/\/schema.org","@graph":[{"@type":"WebPage","@id":"https:\/\/www.reulsport.com\/de\/produit\/quicksilver-auspuffanlage-fur-new-defender-p400\/","url":"https:\/\/www.reulsport.com\/de\/produit\/quicksilver-auspuffanlage-fur-new-defender-p400\/","name":"Quicksilver Auspuff f\u00fcr NEW DEFENDER P400 - ReulSport - Landrover specialist - Iveco partner","isPartOf":{"@id":"https:\/\/www.reulsport.com\/#website"},"datePublished":"2023-01-20T09:37:43+00:00","dateModified":"2023-01-26T10:50:53+00:00","breadcrumb":{"@id":"https:\/\/www.reulsport.com\/de\/produit\/quicksilver-auspuffanlage-fur-new-defender-p400\/#breadcrumb"},"inLanguage":"de","potentialAction":[{"@type":"ReadAction","target":["https:\/\/www.reulsport.com\/de\/produit\/quicksilver-auspuffanlage-fur-new-defender-p400\/"]}]},{"@type":"BreadcrumbList","@id":"https:\/\/www.reulsport.com\/de\/produit\/quicksilver-auspuffanlage-fur-new-defender-p400\/#breadcrumb","itemListElement":[{"@type":"ListItem","position":1,"name":"Accueil","item":"https:\/\/www.reulsport.com\/de\/"},{"@type":"ListItem","position":2,"name":"Shop","item":"https:\/\/www.reulsport.com\/de\/shop-2\/"},{"@type":"ListItem","position":3,"name":"Quicksilver Auspuff f\u00fcr NEW DEFENDER P400"}]},{"@type":"WebSite","@id":"https:\/\/www.reulsport.com\/#website","url":"https:\/\/www.reulsport.com\/","name":"ReulSport - Landrover specialist - Iveco partner","description":"ReulSport est un garage Ineos, Iveco et Polaris dans la r\u00e9gion de Verviers et Li\u00e8ge. Sp\u00e9cialiste de l&#039;Offroad, de la pr\u00e9paration et de l&#039;accessoirisation. .","potentialAction":[{"@type":"SearchAction","target":{"@type":"EntryPoint","urlTemplate":"https:\/\/www.reulsport.com\/?s={search_term_string}"},"query-input":"required name=search_term_string"}],"inLanguage":"de"}]}},"_links":{"self":[{"href":"https:\/\/www.reulsport.com\/de\/wp-json\/wp\/v2\/product\/53654"}],"collection":[{"href":"https:\/\/www.reulsport.com\/de\/wp-json\/wp\/v2\/product"}],"about":[{"href":"https:\/\/www.reulsport.com\/de\/wp-json\/wp\/v2\/types\/product"}],"replies":[{"embeddable":true,"href":"https:\/\/www.reulsport.com\/de\/wp-json\/wp\/v2\/comments?post=53654"}],"wp:featuredmedia":[{"embeddable":true,"href":"https:\/\/www.reulsport.com\/de\/wp-json\/wp\/v2\/media\/53479"}],"wp:attachment":[{"href":"https:\/\/www.reulsport.com\/de\/wp-json\/wp\/v2\/media?parent=53654"}],"wp:term":[{"taxonomy":"product_cat","embeddable":true,"href":"https:\/\/www.reulsport.com\/de\/wp-json\/wp\/v2\/product_cat?post=53654"},{"taxonomy":"product_tag","embeddable":true,"href":"https:\/\/www.reulsport.com\/de\/wp-json\/wp\/v2\/product_tag?post=53654"}],"curies":[{"name":"wp","href":"https:\/\/api.w.org\/{rel}","templated":true}]}}