{"id":53944,"date":"2023-02-06T08:14:12","date_gmt":"2023-02-06T07:14:12","guid":{"rendered":"https:\/\/www.reulsport.com\/produit\/braid-winrace-t-8-5x17-beadlock-ineos-grenadier\/"},"modified":"2023-02-06T08:34:00","modified_gmt":"2023-02-06T07:34:00","slug":"braid-winrace-t-8-5x17-beadlock-ineos-grenadier","status":"publish","type":"product","link":"https:\/\/www.reulsport.com\/de\/produit\/braid-winrace-t-8-5x17-beadlock-ineos-grenadier\/","title":{"rendered":"BRAID WINRACE T 8.5X17&#8243; Beadlock Ineos GRENADIER"},"content":{"rendered":"<p>8.5&#215;17 Aluminium Felge f\u00fcr Ineos GRENADIER<\/p>\n<p>Satin schwarz lackiert und rotem Ring<br \/>\n(Farben nach Wahl auf Bestellung)<\/p>\n","protected":false},"excerpt":{"rendered":"<p>8.5&#215;17 Aluminium Felge f\u00fcr Ineos GRENADIER Satin schwarz lackiert und rotem Ring (Farben nach Wahl auf Bestellung)<\/p>\n","protected":false},"featured_media":53938,"comment_status":"open","ping_status":"closed","template":"","meta":[],"product_cat":[2298],"product_tag":[],"acf":[],"yoast_head":"<!-- This site is optimized with the Yoast SEO plugin v20.1 - https:\/\/yoast.com\/wordpress\/plugins\/seo\/ -->\n<title>BRAID WINRACE T 8.5X17&quot; Beadlock Ineos GRENADIER - ReulSport - Landrover specialist - Iveco partner<\/title>\n<meta name=\"robots\" content=\"index, follow, max-snippet:-1, max-image-preview:large, max-video-preview:-1\" \/>\n<link rel=\"canonical\" href=\"https:\/\/www.reulsport.com\/de\/produit\/braid-winrace-t-8-5x17-beadlock-ineos-grenadier\/\" \/>\n<meta property=\"og:locale\" content=\"de_DE\" \/>\n<meta property=\"og:type\" content=\"article\" \/>\n<meta property=\"og:title\" content=\"BRAID WINRACE T 8.5X17&quot; Beadlock Ineos GRENADIER - ReulSport - Landrover specialist - Iveco partner\" \/>\n<meta property=\"og:description\" content=\"8.5&#215;17 Aluminium Felge f\u00fcr Ineos GRENADIER Satin schwarz lackiert und rotem Ring (Farben nach Wahl auf Bestellung)\" \/>\n<meta property=\"og:url\" content=\"https:\/\/www.reulsport.com\/de\/produit\/braid-winrace-t-8-5x17-beadlock-ineos-grenadier\/\" \/>\n<meta property=\"og:site_name\" content=\"ReulSport - Landrover specialist - Iveco partner\" \/>\n<meta property=\"article:modified_time\" content=\"2023-02-06T07:34:00+00:00\" \/>\n<meta property=\"og:image\" content=\"https:\/\/www.reulsport.com\/wp-content\/uploads\/2023\/02\/313219886_837555350778571_2641330450264851591_n.jpg\" \/>\n\t<meta property=\"og:image:width\" content=\"1149\" \/>\n\t<meta property=\"og:image:height\" content=\"1724\" \/>\n\t<meta property=\"og:image:type\" content=\"image\/jpeg\" \/>\n<meta name=\"twitter:card\" content=\"summary_large_image\" \/>\n<script type=\"application\/ld+json\" class=\"yoast-schema-graph\">{\"@context\":\"https:\/\/schema.org\",\"@graph\":[{\"@type\":\"WebPage\",\"@id\":\"https:\/\/www.reulsport.com\/de\/produit\/braid-winrace-t-8-5x17-beadlock-ineos-grenadier\/\",\"url\":\"https:\/\/www.reulsport.com\/de\/produit\/braid-winrace-t-8-5x17-beadlock-ineos-grenadier\/\",\"name\":\"BRAID WINRACE T 8.5X17\\\" Beadlock Ineos GRENADIER - ReulSport - Landrover specialist - Iveco partner\",\"isPartOf\":{\"@id\":\"https:\/\/www.reulsport.com\/#website\"},\"datePublished\":\"2023-02-06T07:14:12+00:00\",\"dateModified\":\"2023-02-06T07:34:00+00:00\",\"breadcrumb\":{\"@id\":\"https:\/\/www.reulsport.com\/de\/produit\/braid-winrace-t-8-5x17-beadlock-ineos-grenadier\/#breadcrumb\"},\"inLanguage\":\"de\",\"potentialAction\":[{\"@type\":\"ReadAction\",\"target\":[\"https:\/\/www.reulsport.com\/de\/produit\/braid-winrace-t-8-5x17-beadlock-ineos-grenadier\/\"]}]},{\"@type\":\"BreadcrumbList\",\"@id\":\"https:\/\/www.reulsport.com\/de\/produit\/braid-winrace-t-8-5x17-beadlock-ineos-grenadier\/#breadcrumb\",\"itemListElement\":[{\"@type\":\"ListItem\",\"position\":1,\"name\":\"Accueil\",\"item\":\"https:\/\/www.reulsport.com\/de\/\"},{\"@type\":\"ListItem\",\"position\":2,\"name\":\"Shop\",\"item\":\"https:\/\/www.reulsport.com\/de\/shop-2\/\"},{\"@type\":\"ListItem\",\"position\":3,\"name\":\"BRAID WINRACE T 8.5X17&#8243; Beadlock Ineos GRENADIER\"}]},{\"@type\":\"WebSite\",\"@id\":\"https:\/\/www.reulsport.com\/#website\",\"url\":\"https:\/\/www.reulsport.com\/\",\"name\":\"ReulSport - Landrover specialist - Iveco partner\",\"description\":\"ReulSport est un garage Ineos, Iveco et Polaris dans la r\u00e9gion de Verviers et Li\u00e8ge. Sp\u00e9cialiste de l&#039;Offroad, de la pr\u00e9paration et de l&#039;accessoirisation. .\",\"potentialAction\":[{\"@type\":\"SearchAction\",\"target\":{\"@type\":\"EntryPoint\",\"urlTemplate\":\"https:\/\/www.reulsport.com\/?s={search_term_string}\"},\"query-input\":\"required name=search_term_string\"}],\"inLanguage\":\"de\"}]}<\/script>\n<!-- \/ Yoast SEO plugin. -->","yoast_head_json":{"title":"BRAID WINRACE T 8.5X17\" Beadlock Ineos GRENADIER - ReulSport - Landrover specialist - Iveco partner","robots":{"index":"index","follow":"follow","max-snippet":"max-snippet:-1","max-image-preview":"max-image-preview:large","max-video-preview":"max-video-preview:-1"},"canonical":"https:\/\/www.reulsport.com\/de\/produit\/braid-winrace-t-8-5x17-beadlock-ineos-grenadier\/","og_locale":"de_DE","og_type":"article","og_title":"BRAID WINRACE T 8.5X17\" Beadlock Ineos GRENADIER - ReulSport - Landrover specialist - Iveco partner","og_description":"8.5&#215;17 Aluminium Felge f\u00fcr Ineos GRENADIER Satin schwarz lackiert und rotem Ring (Farben nach Wahl auf Bestellung)","og_url":"https:\/\/www.reulsport.com\/de\/produit\/braid-winrace-t-8-5x17-beadlock-ineos-grenadier\/","og_site_name":"ReulSport - Landrover specialist - Iveco partner","article_modified_time":"2023-02-06T07:34:00+00:00","og_image":[{"width":1149,"height":1724,"url":"https:\/\/www.reulsport.com\/wp-content\/uploads\/2023\/02\/313219886_837555350778571_2641330450264851591_n.jpg","type":"image\/jpeg"}],"twitter_card":"summary_large_image","schema":{"@context":"https:\/\/schema.org","@graph":[{"@type":"WebPage","@id":"https:\/\/www.reulsport.com\/de\/produit\/braid-winrace-t-8-5x17-beadlock-ineos-grenadier\/","url":"https:\/\/www.reulsport.com\/de\/produit\/braid-winrace-t-8-5x17-beadlock-ineos-grenadier\/","name":"BRAID WINRACE T 8.5X17\" Beadlock Ineos GRENADIER - ReulSport - Landrover specialist - Iveco partner","isPartOf":{"@id":"https:\/\/www.reulsport.com\/#website"},"datePublished":"2023-02-06T07:14:12+00:00","dateModified":"2023-02-06T07:34:00+00:00","breadcrumb":{"@id":"https:\/\/www.reulsport.com\/de\/produit\/braid-winrace-t-8-5x17-beadlock-ineos-grenadier\/#breadcrumb"},"inLanguage":"de","potentialAction":[{"@type":"ReadAction","target":["https:\/\/www.reulsport.com\/de\/produit\/braid-winrace-t-8-5x17-beadlock-ineos-grenadier\/"]}]},{"@type":"BreadcrumbList","@id":"https:\/\/www.reulsport.com\/de\/produit\/braid-winrace-t-8-5x17-beadlock-ineos-grenadier\/#breadcrumb","itemListElement":[{"@type":"ListItem","position":1,"name":"Accueil","item":"https:\/\/www.reulsport.com\/de\/"},{"@type":"ListItem","position":2,"name":"Shop","item":"https:\/\/www.reulsport.com\/de\/shop-2\/"},{"@type":"ListItem","position":3,"name":"BRAID WINRACE T 8.5X17&#8243; Beadlock Ineos GRENADIER"}]},{"@type":"WebSite","@id":"https:\/\/www.reulsport.com\/#website","url":"https:\/\/www.reulsport.com\/","name":"ReulSport - Landrover specialist - Iveco partner","description":"ReulSport est un garage Ineos, Iveco et Polaris dans la r\u00e9gion de Verviers et Li\u00e8ge. Sp\u00e9cialiste de l&#039;Offroad, de la pr\u00e9paration et de l&#039;accessoirisation. .","potentialAction":[{"@type":"SearchAction","target":{"@type":"EntryPoint","urlTemplate":"https:\/\/www.reulsport.com\/?s={search_term_string}"},"query-input":"required name=search_term_string"}],"inLanguage":"de"}]}},"_links":{"self":[{"href":"https:\/\/www.reulsport.com\/de\/wp-json\/wp\/v2\/product\/53944"}],"collection":[{"href":"https:\/\/www.reulsport.com\/de\/wp-json\/wp\/v2\/product"}],"about":[{"href":"https:\/\/www.reulsport.com\/de\/wp-json\/wp\/v2\/types\/product"}],"replies":[{"embeddable":true,"href":"https:\/\/www.reulsport.com\/de\/wp-json\/wp\/v2\/comments?post=53944"}],"wp:featuredmedia":[{"embeddable":true,"href":"https:\/\/www.reulsport.com\/de\/wp-json\/wp\/v2\/media\/53938"}],"wp:attachment":[{"href":"https:\/\/www.reulsport.com\/de\/wp-json\/wp\/v2\/media?parent=53944"}],"wp:term":[{"taxonomy":"product_cat","embeddable":true,"href":"https:\/\/www.reulsport.com\/de\/wp-json\/wp\/v2\/product_cat?post=53944"},{"taxonomy":"product_tag","embeddable":true,"href":"https:\/\/www.reulsport.com\/de\/wp-json\/wp\/v2\/product_tag?post=53944"}],"curies":[{"name":"wp","href":"https:\/\/api.w.org\/{rel}","templated":true}]}}