{"id":55410,"date":"2023-06-08T14:15:38","date_gmt":"2023-06-08T12:15:38","guid":{"rendered":"https:\/\/www.reulsport.com\/produit\/ineos-grenadier-miniatur-aus-edelstahl\/"},"modified":"2023-06-08T15:34:09","modified_gmt":"2023-06-08T13:34:09","slug":"ineos-grenadier-miniatur-aus-edelstahl","status":"publish","type":"product","link":"https:\/\/www.reulsport.com\/de\/produit\/ineos-grenadier-miniatur-aus-edelstahl\/","title":{"rendered":"Ineos Grenadier-Miniatur aus Edelstahl"},"content":{"rendered":"<pre class=\"tw-data-text tw-text-large tw-ta\" dir=\"ltr\" data-placeholder=\"Traduction\"><span class=\"Y2IQFc\" lang=\"de\">Miniaturversion des Ineos Grenadier , aus 1 mm dickem Edelstahlblech geschnitten, zum Selbstfalten.\r\n<\/span><\/pre>\n<pre id=\"tw-target-text\" class=\"tw-data-text tw-text-large tw-ta\" dir=\"ltr\" data-placeholder=\"Traduction\"><span class=\"Y2IQFc\" lang=\"de\">Das perfekte B\u00fcroaccessoire. Basteln mit Kindern, um die Leidenschaft f\u00fcr Allradfahrzeuge weiterzugeben.<\/span><\/pre>\n","protected":false},"excerpt":{"rendered":"<p>Miniaturversion des Ineos Grenadier , aus 1 mm dickem Edelstahlblech geschnitten, zum Selbstfalten. Das perfekte B\u00fcroaccessoire. Basteln mit Kindern, um die Leidenschaft f\u00fcr Allradfahrzeuge weiterzugeben.<\/p>\n","protected":false},"featured_media":55406,"comment_status":"open","ping_status":"closed","template":"","meta":[],"product_cat":[102],"product_tag":[],"acf":[],"yoast_head":"<!-- This site is optimized with the Yoast SEO plugin v20.1 - https:\/\/yoast.com\/wordpress\/plugins\/seo\/ -->\n<title>Ineos Grenadier-Miniatur aus Edelstahl - ReulSport - Landrover specialist - Iveco partner<\/title>\n<meta name=\"robots\" content=\"index, follow, max-snippet:-1, max-image-preview:large, max-video-preview:-1\" \/>\n<link rel=\"canonical\" href=\"https:\/\/www.reulsport.com\/de\/produit\/ineos-grenadier-miniatur-aus-edelstahl\/\" \/>\n<meta property=\"og:locale\" content=\"de_DE\" \/>\n<meta property=\"og:type\" content=\"article\" \/>\n<meta property=\"og:title\" content=\"Ineos Grenadier-Miniatur aus Edelstahl - ReulSport - Landrover specialist - Iveco partner\" \/>\n<meta property=\"og:description\" content=\"Miniaturversion des Ineos Grenadier , aus 1 mm dickem Edelstahlblech geschnitten, zum Selbstfalten. Das perfekte B\u00fcroaccessoire. Basteln mit Kindern, um die Leidenschaft f\u00fcr Allradfahrzeuge weiterzugeben.\" \/>\n<meta property=\"og:url\" content=\"https:\/\/www.reulsport.com\/de\/produit\/ineos-grenadier-miniatur-aus-edelstahl\/\" \/>\n<meta property=\"og:site_name\" content=\"ReulSport - Landrover specialist - Iveco partner\" \/>\n<meta property=\"article:modified_time\" content=\"2023-06-08T13:34:09+00:00\" \/>\n<meta property=\"og:image\" content=\"https:\/\/www.reulsport.com\/wp-content\/uploads\/2023\/06\/DSCF8323-scaled.jpg\" \/>\n\t<meta property=\"og:image:width\" content=\"1707\" \/>\n\t<meta property=\"og:image:height\" content=\"2560\" \/>\n\t<meta property=\"og:image:type\" content=\"image\/jpeg\" \/>\n<meta name=\"twitter:card\" content=\"summary_large_image\" \/>\n<script type=\"application\/ld+json\" class=\"yoast-schema-graph\">{\"@context\":\"https:\/\/schema.org\",\"@graph\":[{\"@type\":\"WebPage\",\"@id\":\"https:\/\/www.reulsport.com\/de\/produit\/ineos-grenadier-miniatur-aus-edelstahl\/\",\"url\":\"https:\/\/www.reulsport.com\/de\/produit\/ineos-grenadier-miniatur-aus-edelstahl\/\",\"name\":\"Ineos Grenadier-Miniatur aus Edelstahl - ReulSport - Landrover specialist - Iveco partner\",\"isPartOf\":{\"@id\":\"https:\/\/www.reulsport.com\/#website\"},\"datePublished\":\"2023-06-08T12:15:38+00:00\",\"dateModified\":\"2023-06-08T13:34:09+00:00\",\"breadcrumb\":{\"@id\":\"https:\/\/www.reulsport.com\/de\/produit\/ineos-grenadier-miniatur-aus-edelstahl\/#breadcrumb\"},\"inLanguage\":\"de\",\"potentialAction\":[{\"@type\":\"ReadAction\",\"target\":[\"https:\/\/www.reulsport.com\/de\/produit\/ineos-grenadier-miniatur-aus-edelstahl\/\"]}]},{\"@type\":\"BreadcrumbList\",\"@id\":\"https:\/\/www.reulsport.com\/de\/produit\/ineos-grenadier-miniatur-aus-edelstahl\/#breadcrumb\",\"itemListElement\":[{\"@type\":\"ListItem\",\"position\":1,\"name\":\"Accueil\",\"item\":\"https:\/\/www.reulsport.com\/de\/\"},{\"@type\":\"ListItem\",\"position\":2,\"name\":\"Shop\",\"item\":\"https:\/\/www.reulsport.com\/de\/shop-2\/\"},{\"@type\":\"ListItem\",\"position\":3,\"name\":\"Ineos Grenadier-Miniatur aus Edelstahl\"}]},{\"@type\":\"WebSite\",\"@id\":\"https:\/\/www.reulsport.com\/#website\",\"url\":\"https:\/\/www.reulsport.com\/\",\"name\":\"ReulSport - Landrover specialist - Iveco partner\",\"description\":\"ReulSport est un garage Ineos, Iveco et Polaris dans la r\u00e9gion de Verviers et Li\u00e8ge. Sp\u00e9cialiste de l&#039;Offroad, de la pr\u00e9paration et de l&#039;accessoirisation. .\",\"potentialAction\":[{\"@type\":\"SearchAction\",\"target\":{\"@type\":\"EntryPoint\",\"urlTemplate\":\"https:\/\/www.reulsport.com\/?s={search_term_string}\"},\"query-input\":\"required name=search_term_string\"}],\"inLanguage\":\"de\"}]}<\/script>\n<!-- \/ Yoast SEO plugin. -->","yoast_head_json":{"title":"Ineos Grenadier-Miniatur aus Edelstahl - ReulSport - Landrover specialist - Iveco partner","robots":{"index":"index","follow":"follow","max-snippet":"max-snippet:-1","max-image-preview":"max-image-preview:large","max-video-preview":"max-video-preview:-1"},"canonical":"https:\/\/www.reulsport.com\/de\/produit\/ineos-grenadier-miniatur-aus-edelstahl\/","og_locale":"de_DE","og_type":"article","og_title":"Ineos Grenadier-Miniatur aus Edelstahl - ReulSport - Landrover specialist - Iveco partner","og_description":"Miniaturversion des Ineos Grenadier , aus 1 mm dickem Edelstahlblech geschnitten, zum Selbstfalten. Das perfekte B\u00fcroaccessoire. Basteln mit Kindern, um die Leidenschaft f\u00fcr Allradfahrzeuge weiterzugeben.","og_url":"https:\/\/www.reulsport.com\/de\/produit\/ineos-grenadier-miniatur-aus-edelstahl\/","og_site_name":"ReulSport - Landrover specialist - Iveco partner","article_modified_time":"2023-06-08T13:34:09+00:00","og_image":[{"width":1707,"height":2560,"url":"https:\/\/www.reulsport.com\/wp-content\/uploads\/2023\/06\/DSCF8323-scaled.jpg","type":"image\/jpeg"}],"twitter_card":"summary_large_image","schema":{"@context":"https:\/\/schema.org","@graph":[{"@type":"WebPage","@id":"https:\/\/www.reulsport.com\/de\/produit\/ineos-grenadier-miniatur-aus-edelstahl\/","url":"https:\/\/www.reulsport.com\/de\/produit\/ineos-grenadier-miniatur-aus-edelstahl\/","name":"Ineos Grenadier-Miniatur aus Edelstahl - ReulSport - Landrover specialist - Iveco partner","isPartOf":{"@id":"https:\/\/www.reulsport.com\/#website"},"datePublished":"2023-06-08T12:15:38+00:00","dateModified":"2023-06-08T13:34:09+00:00","breadcrumb":{"@id":"https:\/\/www.reulsport.com\/de\/produit\/ineos-grenadier-miniatur-aus-edelstahl\/#breadcrumb"},"inLanguage":"de","potentialAction":[{"@type":"ReadAction","target":["https:\/\/www.reulsport.com\/de\/produit\/ineos-grenadier-miniatur-aus-edelstahl\/"]}]},{"@type":"BreadcrumbList","@id":"https:\/\/www.reulsport.com\/de\/produit\/ineos-grenadier-miniatur-aus-edelstahl\/#breadcrumb","itemListElement":[{"@type":"ListItem","position":1,"name":"Accueil","item":"https:\/\/www.reulsport.com\/de\/"},{"@type":"ListItem","position":2,"name":"Shop","item":"https:\/\/www.reulsport.com\/de\/shop-2\/"},{"@type":"ListItem","position":3,"name":"Ineos Grenadier-Miniatur aus Edelstahl"}]},{"@type":"WebSite","@id":"https:\/\/www.reulsport.com\/#website","url":"https:\/\/www.reulsport.com\/","name":"ReulSport - Landrover specialist - Iveco partner","description":"ReulSport est un garage Ineos, Iveco et Polaris dans la r\u00e9gion de Verviers et Li\u00e8ge. Sp\u00e9cialiste de l&#039;Offroad, de la pr\u00e9paration et de l&#039;accessoirisation. .","potentialAction":[{"@type":"SearchAction","target":{"@type":"EntryPoint","urlTemplate":"https:\/\/www.reulsport.com\/?s={search_term_string}"},"query-input":"required name=search_term_string"}],"inLanguage":"de"}]}},"_links":{"self":[{"href":"https:\/\/www.reulsport.com\/de\/wp-json\/wp\/v2\/product\/55410"}],"collection":[{"href":"https:\/\/www.reulsport.com\/de\/wp-json\/wp\/v2\/product"}],"about":[{"href":"https:\/\/www.reulsport.com\/de\/wp-json\/wp\/v2\/types\/product"}],"replies":[{"embeddable":true,"href":"https:\/\/www.reulsport.com\/de\/wp-json\/wp\/v2\/comments?post=55410"}],"wp:featuredmedia":[{"embeddable":true,"href":"https:\/\/www.reulsport.com\/de\/wp-json\/wp\/v2\/media\/55406"}],"wp:attachment":[{"href":"https:\/\/www.reulsport.com\/de\/wp-json\/wp\/v2\/media?parent=55410"}],"wp:term":[{"taxonomy":"product_cat","embeddable":true,"href":"https:\/\/www.reulsport.com\/de\/wp-json\/wp\/v2\/product_cat?post=55410"},{"taxonomy":"product_tag","embeddable":true,"href":"https:\/\/www.reulsport.com\/de\/wp-json\/wp\/v2\/product_tag?post=55410"}],"curies":[{"name":"wp","href":"https:\/\/api.w.org\/{rel}","templated":true}]}}