{"id":55614,"date":"2023-10-18T09:57:37","date_gmt":"2023-10-18T07:57:37","guid":{"rendered":"https:\/\/www.reulsport.com\/produit\/visionx-4-7-integrationskit-original-kuhlergrill\/"},"modified":"2023-12-06T11:41:18","modified_gmt":"2023-12-06T10:41:18","slug":"visionx-4-7-integrationskit-original-kuhlergrill","status":"publish","type":"product","link":"https:\/\/www.reulsport.com\/de\/produit\/visionx-4-7-integrationskit-original-kuhlergrill\/","title":{"rendered":"VisionX 4.7 Integrationskit: Original K\u00fchlergrill"},"content":{"rendered":"<p>Set zur Integration von 2 Vision X 4.7 Kanonen in den Originalgrenadier-K\u00fchlergrill.<\/p>\n<p>Mit diesem Set k\u00f6nnen Sie VisionX 4.7 multiled oder single led Kanonen in Ihren brandneuen Grenadier einbauen. Dieses Kit l\u00e4sst sich einfach in die originalen Verankerungspunkte einbauen und ist vollst\u00e4ndig reversibel, sodass Sie den \u00e4u\u00dferen Grill nicht ber\u00fchren m\u00fcssen.<br \/>\nWenn Sie den urspr\u00fcnglichen Look beibehalten und gleichzeitig die Leistung verbessern m\u00f6chten, ist dies genau das Richtige f\u00fcr Sie.<\/p>\n<p>Das Kit enth\u00e4lt :<\/p>\n<ul>\n<li>2 VisionX-Kanonen + Verkabelung<\/li>\n<li>Befestigungen aus rostfreiem Stahl<\/li>\n<li>Ma\u00dfgeschneiderte, maschinell bearbeitete Umrandung, die die urspr\u00fcngliche Umrandung des VisionX-Scheinwerfers ersetzt.<\/li>\n<li>Montageanleitung und Schablone<\/li>\n<\/ul>\n","protected":false},"excerpt":{"rendered":"<p>Set zur Integration von 2 Vision X 4.7 Kanonen in den Originalgrenadier-K\u00fchlergrill. Mit diesem Set k\u00f6nnen Sie VisionX 4.7 multiled oder single led Kanonen in Ihren brandneuen Grenadier einbauen. Dieses Kit l\u00e4sst sich einfach in die originalen Verankerungspunkte einbauen und ist vollst\u00e4ndig reversibel, sodass Sie den \u00e4u\u00dferen Grill nicht ber\u00fchren m\u00fcssen. Wenn Sie den urspr\u00fcnglichen [&hellip;]<\/p>\n","protected":false},"featured_media":56450,"comment_status":"open","ping_status":"closed","template":"","meta":[],"product_cat":[2298],"product_tag":[],"acf":[],"yoast_head":"<!-- This site is optimized with the Yoast SEO plugin v20.1 - https:\/\/yoast.com\/wordpress\/plugins\/seo\/ -->\n<title>VisionX 4.7 Integrationskit: Original K\u00fchlergrill - ReulSport - Landrover specialist - Iveco partner<\/title>\n<meta name=\"robots\" content=\"index, follow, max-snippet:-1, max-image-preview:large, max-video-preview:-1\" \/>\n<link rel=\"canonical\" href=\"https:\/\/www.reulsport.com\/de\/produit\/visionx-4-7-integrationskit-original-kuhlergrill\/\" \/>\n<meta property=\"og:locale\" content=\"de_DE\" \/>\n<meta property=\"og:type\" content=\"article\" \/>\n<meta property=\"og:title\" content=\"VisionX 4.7 Integrationskit: Original K\u00fchlergrill - ReulSport - Landrover specialist - Iveco partner\" \/>\n<meta property=\"og:description\" content=\"Set zur Integration von 2 Vision X 4.7 Kanonen in den Originalgrenadier-K\u00fchlergrill. Mit diesem Set k\u00f6nnen Sie VisionX 4.7 multiled oder single led Kanonen in Ihren brandneuen Grenadier einbauen. Dieses Kit l\u00e4sst sich einfach in die originalen Verankerungspunkte einbauen und ist vollst\u00e4ndig reversibel, sodass Sie den \u00e4u\u00dferen Grill nicht ber\u00fchren m\u00fcssen. Wenn Sie den urspr\u00fcnglichen [&hellip;]\" \/>\n<meta property=\"og:url\" content=\"https:\/\/www.reulsport.com\/de\/produit\/visionx-4-7-integrationskit-original-kuhlergrill\/\" \/>\n<meta property=\"og:site_name\" content=\"ReulSport - Landrover specialist - Iveco partner\" \/>\n<meta property=\"article:modified_time\" content=\"2023-12-06T10:41:18+00:00\" \/>\n<meta property=\"og:image\" content=\"https:\/\/www.reulsport.com\/wp-content\/uploads\/2023\/10\/Sans-titre-8-scaled.jpg\" \/>\n\t<meta property=\"og:image:width\" content=\"1707\" \/>\n\t<meta property=\"og:image:height\" content=\"2560\" \/>\n\t<meta property=\"og:image:type\" content=\"image\/jpeg\" \/>\n<meta name=\"twitter:card\" content=\"summary_large_image\" \/>\n<meta name=\"twitter:label1\" content=\"Gesch\u00e4tzte Lesezeit\" \/>\n\t<meta name=\"twitter:data1\" content=\"1\u00a0Minute\" \/>\n<script type=\"application\/ld+json\" class=\"yoast-schema-graph\">{\"@context\":\"https:\/\/schema.org\",\"@graph\":[{\"@type\":\"WebPage\",\"@id\":\"https:\/\/www.reulsport.com\/de\/produit\/visionx-4-7-integrationskit-original-kuhlergrill\/\",\"url\":\"https:\/\/www.reulsport.com\/de\/produit\/visionx-4-7-integrationskit-original-kuhlergrill\/\",\"name\":\"VisionX 4.7 Integrationskit: Original K\u00fchlergrill - ReulSport - Landrover specialist - Iveco partner\",\"isPartOf\":{\"@id\":\"https:\/\/www.reulsport.com\/#website\"},\"datePublished\":\"2023-10-18T07:57:37+00:00\",\"dateModified\":\"2023-12-06T10:41:18+00:00\",\"breadcrumb\":{\"@id\":\"https:\/\/www.reulsport.com\/de\/produit\/visionx-4-7-integrationskit-original-kuhlergrill\/#breadcrumb\"},\"inLanguage\":\"de\",\"potentialAction\":[{\"@type\":\"ReadAction\",\"target\":[\"https:\/\/www.reulsport.com\/de\/produit\/visionx-4-7-integrationskit-original-kuhlergrill\/\"]}]},{\"@type\":\"BreadcrumbList\",\"@id\":\"https:\/\/www.reulsport.com\/de\/produit\/visionx-4-7-integrationskit-original-kuhlergrill\/#breadcrumb\",\"itemListElement\":[{\"@type\":\"ListItem\",\"position\":1,\"name\":\"Accueil\",\"item\":\"https:\/\/www.reulsport.com\/de\/\"},{\"@type\":\"ListItem\",\"position\":2,\"name\":\"Shop\",\"item\":\"https:\/\/www.reulsport.com\/de\/shop-2\/\"},{\"@type\":\"ListItem\",\"position\":3,\"name\":\"VisionX 4.7 Integrationskit: Original K\u00fchlergrill\"}]},{\"@type\":\"WebSite\",\"@id\":\"https:\/\/www.reulsport.com\/#website\",\"url\":\"https:\/\/www.reulsport.com\/\",\"name\":\"ReulSport - Landrover specialist - Iveco partner\",\"description\":\"ReulSport est un garage Ineos, Iveco et Polaris dans la r\u00e9gion de Verviers et Li\u00e8ge. Sp\u00e9cialiste de l&#039;Offroad, de la pr\u00e9paration et de l&#039;accessoirisation. .\",\"potentialAction\":[{\"@type\":\"SearchAction\",\"target\":{\"@type\":\"EntryPoint\",\"urlTemplate\":\"https:\/\/www.reulsport.com\/?s={search_term_string}\"},\"query-input\":\"required name=search_term_string\"}],\"inLanguage\":\"de\"}]}<\/script>\n<!-- \/ Yoast SEO plugin. -->","yoast_head_json":{"title":"VisionX 4.7 Integrationskit: Original K\u00fchlergrill - ReulSport - Landrover specialist - Iveco partner","robots":{"index":"index","follow":"follow","max-snippet":"max-snippet:-1","max-image-preview":"max-image-preview:large","max-video-preview":"max-video-preview:-1"},"canonical":"https:\/\/www.reulsport.com\/de\/produit\/visionx-4-7-integrationskit-original-kuhlergrill\/","og_locale":"de_DE","og_type":"article","og_title":"VisionX 4.7 Integrationskit: Original K\u00fchlergrill - ReulSport - Landrover specialist - Iveco partner","og_description":"Set zur Integration von 2 Vision X 4.7 Kanonen in den Originalgrenadier-K\u00fchlergrill. Mit diesem Set k\u00f6nnen Sie VisionX 4.7 multiled oder single led Kanonen in Ihren brandneuen Grenadier einbauen. Dieses Kit l\u00e4sst sich einfach in die originalen Verankerungspunkte einbauen und ist vollst\u00e4ndig reversibel, sodass Sie den \u00e4u\u00dferen Grill nicht ber\u00fchren m\u00fcssen. Wenn Sie den urspr\u00fcnglichen [&hellip;]","og_url":"https:\/\/www.reulsport.com\/de\/produit\/visionx-4-7-integrationskit-original-kuhlergrill\/","og_site_name":"ReulSport - Landrover specialist - Iveco partner","article_modified_time":"2023-12-06T10:41:18+00:00","og_image":[{"width":1707,"height":2560,"url":"https:\/\/www.reulsport.com\/wp-content\/uploads\/2023\/10\/Sans-titre-8-scaled.jpg","type":"image\/jpeg"}],"twitter_card":"summary_large_image","twitter_misc":{"Gesch\u00e4tzte Lesezeit":"1\u00a0Minute"},"schema":{"@context":"https:\/\/schema.org","@graph":[{"@type":"WebPage","@id":"https:\/\/www.reulsport.com\/de\/produit\/visionx-4-7-integrationskit-original-kuhlergrill\/","url":"https:\/\/www.reulsport.com\/de\/produit\/visionx-4-7-integrationskit-original-kuhlergrill\/","name":"VisionX 4.7 Integrationskit: Original K\u00fchlergrill - ReulSport - Landrover specialist - Iveco partner","isPartOf":{"@id":"https:\/\/www.reulsport.com\/#website"},"datePublished":"2023-10-18T07:57:37+00:00","dateModified":"2023-12-06T10:41:18+00:00","breadcrumb":{"@id":"https:\/\/www.reulsport.com\/de\/produit\/visionx-4-7-integrationskit-original-kuhlergrill\/#breadcrumb"},"inLanguage":"de","potentialAction":[{"@type":"ReadAction","target":["https:\/\/www.reulsport.com\/de\/produit\/visionx-4-7-integrationskit-original-kuhlergrill\/"]}]},{"@type":"BreadcrumbList","@id":"https:\/\/www.reulsport.com\/de\/produit\/visionx-4-7-integrationskit-original-kuhlergrill\/#breadcrumb","itemListElement":[{"@type":"ListItem","position":1,"name":"Accueil","item":"https:\/\/www.reulsport.com\/de\/"},{"@type":"ListItem","position":2,"name":"Shop","item":"https:\/\/www.reulsport.com\/de\/shop-2\/"},{"@type":"ListItem","position":3,"name":"VisionX 4.7 Integrationskit: Original K\u00fchlergrill"}]},{"@type":"WebSite","@id":"https:\/\/www.reulsport.com\/#website","url":"https:\/\/www.reulsport.com\/","name":"ReulSport - Landrover specialist - Iveco partner","description":"ReulSport est un garage Ineos, Iveco et Polaris dans la r\u00e9gion de Verviers et Li\u00e8ge. Sp\u00e9cialiste de l&#039;Offroad, de la pr\u00e9paration et de l&#039;accessoirisation. .","potentialAction":[{"@type":"SearchAction","target":{"@type":"EntryPoint","urlTemplate":"https:\/\/www.reulsport.com\/?s={search_term_string}"},"query-input":"required name=search_term_string"}],"inLanguage":"de"}]}},"_links":{"self":[{"href":"https:\/\/www.reulsport.com\/de\/wp-json\/wp\/v2\/product\/55614"}],"collection":[{"href":"https:\/\/www.reulsport.com\/de\/wp-json\/wp\/v2\/product"}],"about":[{"href":"https:\/\/www.reulsport.com\/de\/wp-json\/wp\/v2\/types\/product"}],"replies":[{"embeddable":true,"href":"https:\/\/www.reulsport.com\/de\/wp-json\/wp\/v2\/comments?post=55614"}],"wp:featuredmedia":[{"embeddable":true,"href":"https:\/\/www.reulsport.com\/de\/wp-json\/wp\/v2\/media\/56450"}],"wp:attachment":[{"href":"https:\/\/www.reulsport.com\/de\/wp-json\/wp\/v2\/media?parent=55614"}],"wp:term":[{"taxonomy":"product_cat","embeddable":true,"href":"https:\/\/www.reulsport.com\/de\/wp-json\/wp\/v2\/product_cat?post=55614"},{"taxonomy":"product_tag","embeddable":true,"href":"https:\/\/www.reulsport.com\/de\/wp-json\/wp\/v2\/product_tag?post=55614"}],"curies":[{"name":"wp","href":"https:\/\/api.w.org\/{rel}","templated":true}]}}