{"id":1882,"date":"2017-08-02T10:53:15","date_gmt":"2017-08-02T08:53:15","guid":{"rendered":"https:\/\/reulsport.webismymind.be\/?page_id=1882"},"modified":"2023-10-03T15:53:43","modified_gmt":"2023-10-03T13:53:43","slug":"reulsport","status":"publish","type":"page","link":"https:\/\/www.reulsport.com\/en\/reulsport\/","title":{"rendered":"Reulsport"},"content":{"rendered":"<div class=\"right\"><\/div>\n<h2><code><\/code>Passionne\u0301s de me\u0301canique et de Land Rover, nous en avons fait notre profession.<\/h2>\n<p>Apre\u0300s une dizaine d\u2019anne\u0301es d\u2019expe\u0301riences acquises au sein de diverses socie\u0301te\u0301s, en 2004, nous avons cre\u0301e\u0301 notre propre entreprise. A l&#8217;origine, nous entretenions, re\u0301parions et pre\u0301parions tous types de Land Rover. Depuis lors, m\u00eame si notre activit\u00e9 premi\u00e8re reste notre coeur de m\u00e9tier, nous avons d\u00e9velopp\u00e9 nos comp\u00e9tences dans 4 axes compl\u00e9mentaires pr\u00e9sent\u00e9s dans ce site:<\/p>\n<ul>\n<li><strong>Reul Sport<\/strong>: Activit\u00e9 originelle d\u00e9di\u00e9e \u00e0 la marque Land Rover et \u00e0 l&#8217;ensemble des services au particulier comme au professionnel autour du 4&#215;4.<\/li>\n<li><strong>Reul Pro<\/strong>: Depuis que nous avons int\u00e9gr\u00e9 le r\u00e9seau Iveco, une partie de notre client\u00e8le est d\u00e9sormais professionnelle. Les prestations li\u00e9es \u00e0 la marque Iveco seront g\u00e9r\u00e9es sous ce label.<\/li>\n<li><strong>RSO<\/strong>: Reul Sport Organisation poursuit ses activit\u00e9s 4&#215;4 avec un calendrier riche en activit\u00e9s.<\/li>\n<li><strong>Reul Parts:<\/strong> C&#8217;est notre nouveau b\u00e9b\u00e9. Nous d\u00e9veloppons et commercialisons des pi\u00e8ces pour vos v\u00e9hicules sous notre propre marque. Un magasin en ligne vous permet de consulter notre catalogue et de vous procurer facilement l&#8217;accessoire convoit\u00e9.<\/li>\n<\/ul>\n<p>En 2017, dans des installations agrandies et mieux adapt\u00e9es \u00e0 la croissance de nos activit\u00e9s et au service de notre multiple client\u00e8le, nous poursuivons nos activit\u00e9s Land Rover qui vous sont d\u00e9taill\u00e9es ci-dessous.<\/p>\n<p>Bonne visite de notre nouveau site internet et de son e-shop.<\/p>\n<p><strong>Antoine<\/strong> et <strong>Benoi\u0302t Reul<\/strong>.<\/p>\n<p><img decoding=\"async\" loading=\"lazy\" class=\"alignnone size-medium wp-image-196\" src=\"https:\/\/www.reulsport.com\/wp-content\/uploads\/2017\/01\/photo_equipe1-300x217.jpg\" alt=\"\" width=\"300\" height=\"217\" srcset=\"https:\/\/www.reulsport.com\/wp-content\/uploads\/2017\/01\/photo_equipe1-300x217.jpg 300w, https:\/\/www.reulsport.com\/wp-content\/uploads\/2017\/01\/photo_equipe1.jpg 445w\" sizes=\"(max-width: 300px) 100vw, 300px\" \/><\/p>\n","protected":false},"excerpt":{"rendered":"<p>Passionne\u0301s de me\u0301canique et de Land Rover, nous en avons fait notre profession. Apre\u0300s une dizaine d\u2019anne\u0301es d\u2019expe\u0301riences acquises au sein de diverses socie\u0301te\u0301s, en 2004, nous avons cre\u0301e\u0301 notre propre entreprise. A l&#8217;origine, nous entretenions, re\u0301parions et pre\u0301parions tous types de Land Rover. Depuis lors, m\u00eame si notre activit\u00e9 premi\u00e8re reste notre coeur de [&hellip;]<\/p>\n","protected":false},"author":5,"featured_media":0,"parent":0,"menu_order":0,"comment_status":"closed","ping_status":"closed","template":"templates\/reulsport.php","meta":[],"acf":[],"yoast_head":"<!-- This site is optimized with the Yoast SEO plugin v20.1 - https:\/\/yoast.com\/wordpress\/plugins\/seo\/ -->\n<title>Reulsport - ReulSport - Landrover specialist - Iveco partner<\/title>\n<meta name=\"robots\" content=\"index, follow, max-snippet:-1, max-image-preview:large, max-video-preview:-1\" \/>\n<link rel=\"canonical\" href=\"https:\/\/www.reulsport.com\/en\/reulsport\/\" \/>\n<meta property=\"og:locale\" content=\"en_US\" \/>\n<meta property=\"og:type\" content=\"article\" \/>\n<meta property=\"og:title\" content=\"Reulsport - ReulSport - Landrover specialist - Iveco partner\" \/>\n<meta property=\"og:description\" content=\"Passionne\u0301s de me\u0301canique et de Land Rover, nous en avons fait notre profession. Apre\u0300s une dizaine d\u2019anne\u0301es d\u2019expe\u0301riences acquises au sein de diverses socie\u0301te\u0301s, en 2004, nous avons cre\u0301e\u0301 notre propre entreprise. A l&#8217;origine, nous entretenions, re\u0301parions et pre\u0301parions tous types de Land Rover. Depuis lors, m\u00eame si notre activit\u00e9 premi\u00e8re reste notre coeur de [&hellip;]\" \/>\n<meta property=\"og:url\" content=\"https:\/\/www.reulsport.com\/en\/reulsport\/\" \/>\n<meta property=\"og:site_name\" content=\"ReulSport - Landrover specialist - Iveco partner\" \/>\n<meta property=\"article:modified_time\" content=\"2023-10-03T13:53:43+00:00\" \/>\n<meta property=\"og:image\" content=\"https:\/\/www.reulsport.com\/wp-content\/uploads\/2017\/01\/photo_equipe1-300x217.jpg\" \/>\n<meta name=\"twitter:card\" content=\"summary_large_image\" \/>\n<meta name=\"twitter:label1\" content=\"Est. reading time\" \/>\n\t<meta name=\"twitter:data1\" content=\"2 minutes\" \/>\n<script type=\"application\/ld+json\" class=\"yoast-schema-graph\">{\"@context\":\"https:\/\/schema.org\",\"@graph\":[{\"@type\":\"WebPage\",\"@id\":\"https:\/\/www.reulsport.com\/en\/reulsport\/\",\"url\":\"https:\/\/www.reulsport.com\/en\/reulsport\/\",\"name\":\"Reulsport - ReulSport - Landrover specialist - Iveco partner\",\"isPartOf\":{\"@id\":\"https:\/\/www.reulsport.com\/#website\"},\"datePublished\":\"2017-08-02T08:53:15+00:00\",\"dateModified\":\"2023-10-03T13:53:43+00:00\",\"breadcrumb\":{\"@id\":\"https:\/\/www.reulsport.com\/en\/reulsport\/#breadcrumb\"},\"inLanguage\":\"en-US\",\"potentialAction\":[{\"@type\":\"ReadAction\",\"target\":[\"https:\/\/www.reulsport.com\/en\/reulsport\/\"]}]},{\"@type\":\"BreadcrumbList\",\"@id\":\"https:\/\/www.reulsport.com\/en\/reulsport\/#breadcrumb\",\"itemListElement\":[{\"@type\":\"ListItem\",\"position\":1,\"name\":\"Accueil\",\"item\":\"https:\/\/www.reulsport.com\/en\/\"},{\"@type\":\"ListItem\",\"position\":2,\"name\":\"Reulsport\"}]},{\"@type\":\"WebSite\",\"@id\":\"https:\/\/www.reulsport.com\/#website\",\"url\":\"https:\/\/www.reulsport.com\/\",\"name\":\"ReulSport - Landrover specialist - Iveco partner\",\"description\":\"ReulSport est un garage Ineos, Iveco et Polaris dans la r\u00e9gion de Verviers et Li\u00e8ge. Sp\u00e9cialiste de l&#039;Offroad, de la pr\u00e9paration et de l&#039;accessoirisation. .\",\"potentialAction\":[{\"@type\":\"SearchAction\",\"target\":{\"@type\":\"EntryPoint\",\"urlTemplate\":\"https:\/\/www.reulsport.com\/?s={search_term_string}\"},\"query-input\":\"required name=search_term_string\"}],\"inLanguage\":\"en-US\"}]}<\/script>\n<!-- \/ Yoast SEO plugin. -->","yoast_head_json":{"title":"Reulsport - ReulSport - Landrover specialist - Iveco partner","robots":{"index":"index","follow":"follow","max-snippet":"max-snippet:-1","max-image-preview":"max-image-preview:large","max-video-preview":"max-video-preview:-1"},"canonical":"https:\/\/www.reulsport.com\/en\/reulsport\/","og_locale":"en_US","og_type":"article","og_title":"Reulsport - ReulSport - Landrover specialist - Iveco partner","og_description":"Passionne\u0301s de me\u0301canique et de Land Rover, nous en avons fait notre profession. Apre\u0300s une dizaine d\u2019anne\u0301es d\u2019expe\u0301riences acquises au sein de diverses socie\u0301te\u0301s, en 2004, nous avons cre\u0301e\u0301 notre propre entreprise. A l&#8217;origine, nous entretenions, re\u0301parions et pre\u0301parions tous types de Land Rover. Depuis lors, m\u00eame si notre activit\u00e9 premi\u00e8re reste notre coeur de [&hellip;]","og_url":"https:\/\/www.reulsport.com\/en\/reulsport\/","og_site_name":"ReulSport - Landrover specialist - Iveco partner","article_modified_time":"2023-10-03T13:53:43+00:00","og_image":[{"url":"https:\/\/www.reulsport.com\/wp-content\/uploads\/2017\/01\/photo_equipe1-300x217.jpg"}],"twitter_card":"summary_large_image","twitter_misc":{"Est. reading time":"2 minutes"},"schema":{"@context":"https:\/\/schema.org","@graph":[{"@type":"WebPage","@id":"https:\/\/www.reulsport.com\/en\/reulsport\/","url":"https:\/\/www.reulsport.com\/en\/reulsport\/","name":"Reulsport - ReulSport - Landrover specialist - Iveco partner","isPartOf":{"@id":"https:\/\/www.reulsport.com\/#website"},"datePublished":"2017-08-02T08:53:15+00:00","dateModified":"2023-10-03T13:53:43+00:00","breadcrumb":{"@id":"https:\/\/www.reulsport.com\/en\/reulsport\/#breadcrumb"},"inLanguage":"en-US","potentialAction":[{"@type":"ReadAction","target":["https:\/\/www.reulsport.com\/en\/reulsport\/"]}]},{"@type":"BreadcrumbList","@id":"https:\/\/www.reulsport.com\/en\/reulsport\/#breadcrumb","itemListElement":[{"@type":"ListItem","position":1,"name":"Accueil","item":"https:\/\/www.reulsport.com\/en\/"},{"@type":"ListItem","position":2,"name":"Reulsport"}]},{"@type":"WebSite","@id":"https:\/\/www.reulsport.com\/#website","url":"https:\/\/www.reulsport.com\/","name":"ReulSport - Landrover specialist - Iveco partner","description":"ReulSport est un garage Ineos, Iveco et Polaris dans la r\u00e9gion de Verviers et Li\u00e8ge. Sp\u00e9cialiste de l&#039;Offroad, de la pr\u00e9paration et de l&#039;accessoirisation. .","potentialAction":[{"@type":"SearchAction","target":{"@type":"EntryPoint","urlTemplate":"https:\/\/www.reulsport.com\/?s={search_term_string}"},"query-input":"required name=search_term_string"}],"inLanguage":"en-US"}]}},"_links":{"self":[{"href":"https:\/\/www.reulsport.com\/en\/wp-json\/wp\/v2\/pages\/1882"}],"collection":[{"href":"https:\/\/www.reulsport.com\/en\/wp-json\/wp\/v2\/pages"}],"about":[{"href":"https:\/\/www.reulsport.com\/en\/wp-json\/wp\/v2\/types\/page"}],"author":[{"embeddable":true,"href":"https:\/\/www.reulsport.com\/en\/wp-json\/wp\/v2\/users\/5"}],"replies":[{"embeddable":true,"href":"https:\/\/www.reulsport.com\/en\/wp-json\/wp\/v2\/comments?post=1882"}],"version-history":[{"count":4,"href":"https:\/\/www.reulsport.com\/en\/wp-json\/wp\/v2\/pages\/1882\/revisions"}],"predecessor-version":[{"id":55522,"href":"https:\/\/www.reulsport.com\/en\/wp-json\/wp\/v2\/pages\/1882\/revisions\/55522"}],"wp:attachment":[{"href":"https:\/\/www.reulsport.com\/en\/wp-json\/wp\/v2\/media?parent=1882"}],"curies":[{"name":"wp","href":"https:\/\/api.w.org\/{rel}","templated":true}]}}