{"id":1914,"date":"2017-08-02T11:30:06","date_gmt":"2017-08-02T09:30:06","guid":{"rendered":"https:\/\/reulsport.webismymind.be\/medias\/"},"modified":"2018-02-17T23:11:59","modified_gmt":"2018-02-17T22:11:59","slug":"medias","status":"publish","type":"page","link":"https:\/\/www.reulsport.com\/en\/medias\/","title":{"rendered":"Medias"},"content":{"rendered":"<p><a href=\"https:\/\/www.reulsport.com\/wp-content\/uploads\/2017\/11\/Article-104RS.pdf\"><img decoding=\"async\" loading=\"lazy\" class=\"alignnone wp-image-4140\" src=\"https:\/\/www.reulsport.com\/wp-content\/uploads\/2017\/02\/MBP_JA-2017-11-02-a\u0300-06.00.58-1024x728.jpg\" width=\"227\" height=\"161\" srcset=\"https:\/\/www.reulsport.com\/wp-content\/uploads\/2017\/02\/MBP_JA-2017-11-02-a\u0300-06.00.58-1024x728.jpg 1024w, https:\/\/www.reulsport.com\/wp-content\/uploads\/2017\/02\/MBP_JA-2017-11-02-a\u0300-06.00.58-600x426.jpg 600w, https:\/\/www.reulsport.com\/wp-content\/uploads\/2017\/02\/MBP_JA-2017-11-02-a\u0300-06.00.58-300x213.jpg 300w, https:\/\/www.reulsport.com\/wp-content\/uploads\/2017\/02\/MBP_JA-2017-11-02-a\u0300-06.00.58-768x546.jpg 768w, https:\/\/www.reulsport.com\/wp-content\/uploads\/2017\/02\/MBP_JA-2017-11-02-a\u0300-06.00.58.jpg 1644w\" sizes=\"(max-width: 227px) 100vw, 227px\" \/><\/a><\/p>\n","protected":false},"excerpt":{"rendered":"","protected":false},"author":1,"featured_media":0,"parent":0,"menu_order":0,"comment_status":"closed","ping_status":"closed","template":"","meta":[],"acf":[],"yoast_head":"<!-- This site is optimized with the Yoast SEO plugin v20.1 - https:\/\/yoast.com\/wordpress\/plugins\/seo\/ -->\n<title>Medias - ReulSport - Landrover specialist - Iveco partner<\/title>\n<meta name=\"robots\" content=\"index, follow, max-snippet:-1, max-image-preview:large, max-video-preview:-1\" \/>\n<link rel=\"canonical\" href=\"https:\/\/www.reulsport.com\/en\/medias\/\" \/>\n<meta property=\"og:locale\" content=\"en_US\" \/>\n<meta property=\"og:type\" content=\"article\" \/>\n<meta property=\"og:title\" content=\"Medias - ReulSport - Landrover specialist - Iveco partner\" \/>\n<meta property=\"og:url\" content=\"https:\/\/www.reulsport.com\/en\/medias\/\" \/>\n<meta property=\"og:site_name\" content=\"ReulSport - Landrover specialist - Iveco partner\" \/>\n<meta property=\"article:modified_time\" content=\"2018-02-17T22:11:59+00:00\" \/>\n<meta name=\"twitter:card\" content=\"summary_large_image\" \/>\n<script type=\"application\/ld+json\" class=\"yoast-schema-graph\">{\"@context\":\"https:\/\/schema.org\",\"@graph\":[{\"@type\":\"WebPage\",\"@id\":\"https:\/\/www.reulsport.com\/en\/medias\/\",\"url\":\"https:\/\/www.reulsport.com\/en\/medias\/\",\"name\":\"Medias - ReulSport - Landrover specialist - Iveco partner\",\"isPartOf\":{\"@id\":\"https:\/\/www.reulsport.com\/#website\"},\"datePublished\":\"2017-08-02T09:30:06+00:00\",\"dateModified\":\"2018-02-17T22:11:59+00:00\",\"breadcrumb\":{\"@id\":\"https:\/\/www.reulsport.com\/en\/medias\/#breadcrumb\"},\"inLanguage\":\"en-US\",\"potentialAction\":[{\"@type\":\"ReadAction\",\"target\":[\"https:\/\/www.reulsport.com\/en\/medias\/\"]}]},{\"@type\":\"BreadcrumbList\",\"@id\":\"https:\/\/www.reulsport.com\/en\/medias\/#breadcrumb\",\"itemListElement\":[{\"@type\":\"ListItem\",\"position\":1,\"name\":\"Accueil\",\"item\":\"https:\/\/www.reulsport.com\/en\/\"},{\"@type\":\"ListItem\",\"position\":2,\"name\":\"Medias\"}]},{\"@type\":\"WebSite\",\"@id\":\"https:\/\/www.reulsport.com\/#website\",\"url\":\"https:\/\/www.reulsport.com\/\",\"name\":\"ReulSport - Landrover specialist - Iveco partner\",\"description\":\"ReulSport est un garage Ineos, Iveco et Polaris dans la r\u00e9gion de Verviers et Li\u00e8ge. Sp\u00e9cialiste de l&#039;Offroad, de la pr\u00e9paration et de l&#039;accessoirisation. .\",\"potentialAction\":[{\"@type\":\"SearchAction\",\"target\":{\"@type\":\"EntryPoint\",\"urlTemplate\":\"https:\/\/www.reulsport.com\/?s={search_term_string}\"},\"query-input\":\"required name=search_term_string\"}],\"inLanguage\":\"en-US\"}]}<\/script>\n<!-- \/ Yoast SEO plugin. -->","yoast_head_json":{"title":"Medias - ReulSport - Landrover specialist - Iveco partner","robots":{"index":"index","follow":"follow","max-snippet":"max-snippet:-1","max-image-preview":"max-image-preview:large","max-video-preview":"max-video-preview:-1"},"canonical":"https:\/\/www.reulsport.com\/en\/medias\/","og_locale":"en_US","og_type":"article","og_title":"Medias - ReulSport - Landrover specialist - Iveco partner","og_url":"https:\/\/www.reulsport.com\/en\/medias\/","og_site_name":"ReulSport - Landrover specialist - Iveco partner","article_modified_time":"2018-02-17T22:11:59+00:00","twitter_card":"summary_large_image","schema":{"@context":"https:\/\/schema.org","@graph":[{"@type":"WebPage","@id":"https:\/\/www.reulsport.com\/en\/medias\/","url":"https:\/\/www.reulsport.com\/en\/medias\/","name":"Medias - ReulSport - Landrover specialist - Iveco partner","isPartOf":{"@id":"https:\/\/www.reulsport.com\/#website"},"datePublished":"2017-08-02T09:30:06+00:00","dateModified":"2018-02-17T22:11:59+00:00","breadcrumb":{"@id":"https:\/\/www.reulsport.com\/en\/medias\/#breadcrumb"},"inLanguage":"en-US","potentialAction":[{"@type":"ReadAction","target":["https:\/\/www.reulsport.com\/en\/medias\/"]}]},{"@type":"BreadcrumbList","@id":"https:\/\/www.reulsport.com\/en\/medias\/#breadcrumb","itemListElement":[{"@type":"ListItem","position":1,"name":"Accueil","item":"https:\/\/www.reulsport.com\/en\/"},{"@type":"ListItem","position":2,"name":"Medias"}]},{"@type":"WebSite","@id":"https:\/\/www.reulsport.com\/#website","url":"https:\/\/www.reulsport.com\/","name":"ReulSport - Landrover specialist - Iveco partner","description":"ReulSport est un garage Ineos, Iveco et Polaris dans la r\u00e9gion de Verviers et Li\u00e8ge. Sp\u00e9cialiste de l&#039;Offroad, de la pr\u00e9paration et de l&#039;accessoirisation. .","potentialAction":[{"@type":"SearchAction","target":{"@type":"EntryPoint","urlTemplate":"https:\/\/www.reulsport.com\/?s={search_term_string}"},"query-input":"required name=search_term_string"}],"inLanguage":"en-US"}]}},"_links":{"self":[{"href":"https:\/\/www.reulsport.com\/en\/wp-json\/wp\/v2\/pages\/1914"}],"collection":[{"href":"https:\/\/www.reulsport.com\/en\/wp-json\/wp\/v2\/pages"}],"about":[{"href":"https:\/\/www.reulsport.com\/en\/wp-json\/wp\/v2\/types\/page"}],"author":[{"embeddable":true,"href":"https:\/\/www.reulsport.com\/en\/wp-json\/wp\/v2\/users\/1"}],"replies":[{"embeddable":true,"href":"https:\/\/www.reulsport.com\/en\/wp-json\/wp\/v2\/comments?post=1914"}],"version-history":[{"count":1,"href":"https:\/\/www.reulsport.com\/en\/wp-json\/wp\/v2\/pages\/1914\/revisions"}],"predecessor-version":[{"id":4146,"href":"https:\/\/www.reulsport.com\/en\/wp-json\/wp\/v2\/pages\/1914\/revisions\/4146"}],"wp:attachment":[{"href":"https:\/\/www.reulsport.com\/en\/wp-json\/wp\/v2\/media?parent=1914"}],"curies":[{"name":"wp","href":"https:\/\/api.w.org\/{rel}","templated":true}]}}