{"id":6715,"date":"2018-05-22T13:58:48","date_gmt":"2018-05-22T11:58:48","guid":{"rendered":"https:\/\/www.reulsport.com\/privacy\/"},"modified":"2022-12-15T14:41:05","modified_gmt":"2022-12-15T13:41:05","slug":"privacy","status":"publish","type":"page","link":"https:\/\/www.reulsport.com\/en\/privacy\/","title":{"rendered":"Politique de confidentialit\u00e9"},"content":{"rendered":"<p>Students are able to achieve their academic goals by selecting an essay writing service that is professional. Professional essay writing services are secure and provide privacy, in addition to top-quality academic assistance.<a href=\"https:\/\/essaysonline.org\/paper-help\/\">help with paper<\/a>Professional services can assist students receive a quality education at an affordable cost. Students can also benefit from it by being able in avoiding writing their own essays.<\/p>\n","protected":false},"excerpt":{"rendered":"<p>Students are able to achieve their academic goals by selecting an essay writing service that is professional. Professional essay writing services are secure and provide privacy, in addition to top-quality academic assistance.help with paperProfessional services can assist students receive a quality education at an affordable cost. Students can also benefit from it by being able [&hellip;]<\/p>\n","protected":false},"author":1,"featured_media":0,"parent":0,"menu_order":0,"comment_status":"closed","ping_status":"closed","template":"","meta":[],"acf":[],"yoast_head":"<!-- This site is optimized with the Yoast SEO plugin v20.1 - https:\/\/yoast.com\/wordpress\/plugins\/seo\/ -->\n<title>Politique de confidentialit\u00e9 - ReulSport - Landrover specialist - Iveco partner<\/title>\n<meta name=\"robots\" content=\"index, follow, max-snippet:-1, max-image-preview:large, max-video-preview:-1\" \/>\n<link rel=\"canonical\" href=\"https:\/\/www.reulsport.com\/en\/privacy\/\" \/>\n<meta property=\"og:locale\" content=\"en_US\" \/>\n<meta property=\"og:type\" content=\"article\" \/>\n<meta property=\"og:title\" content=\"Politique de confidentialit\u00e9 - ReulSport - Landrover specialist - Iveco partner\" \/>\n<meta property=\"og:description\" content=\"Students are able to achieve their academic goals by selecting an essay writing service that is professional. Professional essay writing services are secure and provide privacy, in addition to top-quality academic assistance.help with paperProfessional services can assist students receive a quality education at an affordable cost. Students can also benefit from it by being able [&hellip;]\" \/>\n<meta property=\"og:url\" content=\"https:\/\/www.reulsport.com\/en\/privacy\/\" \/>\n<meta property=\"og:site_name\" content=\"ReulSport - Landrover specialist - Iveco partner\" \/>\n<meta property=\"article:modified_time\" content=\"2022-12-15T13:41:05+00:00\" \/>\n<meta name=\"twitter:card\" content=\"summary_large_image\" \/>\n<script type=\"application\/ld+json\" class=\"yoast-schema-graph\">{\"@context\":\"https:\/\/schema.org\",\"@graph\":[{\"@type\":\"WebPage\",\"@id\":\"https:\/\/www.reulsport.com\/en\/privacy\/\",\"url\":\"https:\/\/www.reulsport.com\/en\/privacy\/\",\"name\":\"Politique de confidentialit\u00e9 - ReulSport - Landrover specialist - Iveco partner\",\"isPartOf\":{\"@id\":\"https:\/\/www.reulsport.com\/#website\"},\"datePublished\":\"2018-05-22T11:58:48+00:00\",\"dateModified\":\"2022-12-15T13:41:05+00:00\",\"breadcrumb\":{\"@id\":\"https:\/\/www.reulsport.com\/en\/privacy\/#breadcrumb\"},\"inLanguage\":\"en-US\",\"potentialAction\":[{\"@type\":\"ReadAction\",\"target\":[\"https:\/\/www.reulsport.com\/en\/privacy\/\"]}]},{\"@type\":\"BreadcrumbList\",\"@id\":\"https:\/\/www.reulsport.com\/en\/privacy\/#breadcrumb\",\"itemListElement\":[{\"@type\":\"ListItem\",\"position\":1,\"name\":\"Accueil\",\"item\":\"https:\/\/www.reulsport.com\/en\/\"},{\"@type\":\"ListItem\",\"position\":2,\"name\":\"Politique de confidentialit\u00e9\"}]},{\"@type\":\"WebSite\",\"@id\":\"https:\/\/www.reulsport.com\/#website\",\"url\":\"https:\/\/www.reulsport.com\/\",\"name\":\"ReulSport - Landrover specialist - Iveco partner\",\"description\":\"ReulSport est un garage Ineos, Iveco et Polaris dans la r\u00e9gion de Verviers et Li\u00e8ge. Sp\u00e9cialiste de l&#039;Offroad, de la pr\u00e9paration et de l&#039;accessoirisation. .\",\"potentialAction\":[{\"@type\":\"SearchAction\",\"target\":{\"@type\":\"EntryPoint\",\"urlTemplate\":\"https:\/\/www.reulsport.com\/?s={search_term_string}\"},\"query-input\":\"required name=search_term_string\"}],\"inLanguage\":\"en-US\"}]}<\/script>\n<!-- \/ Yoast SEO plugin. -->","yoast_head_json":{"title":"Politique de confidentialit\u00e9 - ReulSport - Landrover specialist - Iveco partner","robots":{"index":"index","follow":"follow","max-snippet":"max-snippet:-1","max-image-preview":"max-image-preview:large","max-video-preview":"max-video-preview:-1"},"canonical":"https:\/\/www.reulsport.com\/en\/privacy\/","og_locale":"en_US","og_type":"article","og_title":"Politique de confidentialit\u00e9 - ReulSport - Landrover specialist - Iveco partner","og_description":"Students are able to achieve their academic goals by selecting an essay writing service that is professional. Professional essay writing services are secure and provide privacy, in addition to top-quality academic assistance.help with paperProfessional services can assist students receive a quality education at an affordable cost. Students can also benefit from it by being able [&hellip;]","og_url":"https:\/\/www.reulsport.com\/en\/privacy\/","og_site_name":"ReulSport - Landrover specialist - Iveco partner","article_modified_time":"2022-12-15T13:41:05+00:00","twitter_card":"summary_large_image","schema":{"@context":"https:\/\/schema.org","@graph":[{"@type":"WebPage","@id":"https:\/\/www.reulsport.com\/en\/privacy\/","url":"https:\/\/www.reulsport.com\/en\/privacy\/","name":"Politique de confidentialit\u00e9 - ReulSport - Landrover specialist - Iveco partner","isPartOf":{"@id":"https:\/\/www.reulsport.com\/#website"},"datePublished":"2018-05-22T11:58:48+00:00","dateModified":"2022-12-15T13:41:05+00:00","breadcrumb":{"@id":"https:\/\/www.reulsport.com\/en\/privacy\/#breadcrumb"},"inLanguage":"en-US","potentialAction":[{"@type":"ReadAction","target":["https:\/\/www.reulsport.com\/en\/privacy\/"]}]},{"@type":"BreadcrumbList","@id":"https:\/\/www.reulsport.com\/en\/privacy\/#breadcrumb","itemListElement":[{"@type":"ListItem","position":1,"name":"Accueil","item":"https:\/\/www.reulsport.com\/en\/"},{"@type":"ListItem","position":2,"name":"Politique de confidentialit\u00e9"}]},{"@type":"WebSite","@id":"https:\/\/www.reulsport.com\/#website","url":"https:\/\/www.reulsport.com\/","name":"ReulSport - Landrover specialist - Iveco partner","description":"ReulSport est un garage Ineos, Iveco et Polaris dans la r\u00e9gion de Verviers et Li\u00e8ge. Sp\u00e9cialiste de l&#039;Offroad, de la pr\u00e9paration et de l&#039;accessoirisation. .","potentialAction":[{"@type":"SearchAction","target":{"@type":"EntryPoint","urlTemplate":"https:\/\/www.reulsport.com\/?s={search_term_string}"},"query-input":"required name=search_term_string"}],"inLanguage":"en-US"}]}},"_links":{"self":[{"href":"https:\/\/www.reulsport.com\/en\/wp-json\/wp\/v2\/pages\/6715"}],"collection":[{"href":"https:\/\/www.reulsport.com\/en\/wp-json\/wp\/v2\/pages"}],"about":[{"href":"https:\/\/www.reulsport.com\/en\/wp-json\/wp\/v2\/types\/page"}],"author":[{"embeddable":true,"href":"https:\/\/www.reulsport.com\/en\/wp-json\/wp\/v2\/users\/1"}],"replies":[{"embeddable":true,"href":"https:\/\/www.reulsport.com\/en\/wp-json\/wp\/v2\/comments?post=6715"}],"version-history":[{"count":1,"href":"https:\/\/www.reulsport.com\/en\/wp-json\/wp\/v2\/pages\/6715\/revisions"}],"predecessor-version":[{"id":48425,"href":"https:\/\/www.reulsport.com\/en\/wp-json\/wp\/v2\/pages\/6715\/revisions\/48425"}],"wp:attachment":[{"href":"https:\/\/www.reulsport.com\/en\/wp-json\/wp\/v2\/media?parent=6715"}],"curies":[{"name":"wp","href":"https:\/\/api.w.org\/{rel}","templated":true}]}}