{"id":1538,"date":"2017-06-01T15:51:20","date_gmt":"2017-06-01T13:51:20","guid":{"rendered":"https:\/\/reulsport.webismymind.be\/product\/kn-airfilter-for-td5\/"},"modified":"2018-02-06T11:09:20","modified_gmt":"2018-02-06T10:09:20","slug":"kn-airfilter-for-td5","status":"publish","type":"product","link":"https:\/\/www.reulsport.com\/en\/produit\/kn-airfilter-for-td5\/","title":{"rendered":"K&#038;N Airfilter for TD5"},"content":{"rendered":"<p>Designed to boost horsepower and rate of acceleration<br \/>\nCan be cleaned and used again<br \/>\nHigh air flow with exceptional filtration<br \/>\nLasts up to 50,000 miles before cleaning is required depending on driving conditions<br \/>\nWorks with original equipment manufacturer vehicle electronic<br \/>\nWill NOT void vehicle warranty<\/p>\n","protected":false},"excerpt":{"rendered":"<p>Designed to boost horsepower and rate of acceleration Can be cleaned and used again High air flow with exceptional filtration Lasts up to 50,000 miles before cleaning is required depending on driving conditions Works with original equipment manufacturer vehicle electronic Will NOT void vehicle warranty<\/p>\n","protected":false},"featured_media":1391,"comment_status":"open","ping_status":"closed","template":"","meta":[],"product_cat":[177],"product_tag":[103],"acf":[],"yoast_head":"<!-- This site is optimized with the Yoast SEO plugin v20.1 - https:\/\/yoast.com\/wordpress\/plugins\/seo\/ -->\n<title>K&amp;N Airfilter for TD5 - ReulSport - Landrover specialist - Iveco partner<\/title>\n<meta name=\"robots\" content=\"index, follow, max-snippet:-1, max-image-preview:large, max-video-preview:-1\" \/>\n<link rel=\"canonical\" href=\"https:\/\/www.reulsport.com\/en\/produit\/kn-airfilter-for-td5\/\" \/>\n<meta property=\"og:locale\" content=\"en_US\" \/>\n<meta property=\"og:type\" content=\"article\" \/>\n<meta property=\"og:title\" content=\"K&amp;N Airfilter for TD5 - ReulSport - Landrover specialist - Iveco partner\" \/>\n<meta property=\"og:description\" content=\"Designed to boost horsepower and rate of acceleration Can be cleaned and used again High air flow with exceptional filtration Lasts up to 50,000 miles before cleaning is required depending on driving conditions Works with original equipment manufacturer vehicle electronic Will NOT void vehicle warranty\" \/>\n<meta property=\"og:url\" content=\"https:\/\/www.reulsport.com\/en\/produit\/kn-airfilter-for-td5\/\" \/>\n<meta property=\"og:site_name\" content=\"ReulSport - Landrover specialist - Iveco partner\" \/>\n<meta property=\"article:modified_time\" content=\"2018-02-06T10:09:20+00:00\" \/>\n<meta property=\"og:image\" content=\"https:\/\/www.reulsport.com\/wp-content\/uploads\/2017\/06\/32-KN4.jpg\" \/>\n\t<meta property=\"og:image:width\" content=\"842\" \/>\n\t<meta property=\"og:image:height\" content=\"842\" \/>\n\t<meta property=\"og:image:type\" content=\"image\/jpeg\" \/>\n<meta name=\"twitter:card\" content=\"summary_large_image\" \/>\n<script type=\"application\/ld+json\" class=\"yoast-schema-graph\">{\"@context\":\"https:\/\/schema.org\",\"@graph\":[{\"@type\":\"WebPage\",\"@id\":\"https:\/\/www.reulsport.com\/en\/produit\/kn-airfilter-for-td5\/\",\"url\":\"https:\/\/www.reulsport.com\/en\/produit\/kn-airfilter-for-td5\/\",\"name\":\"K&N Airfilter for TD5 - ReulSport - Landrover specialist - Iveco partner\",\"isPartOf\":{\"@id\":\"https:\/\/www.reulsport.com\/#website\"},\"datePublished\":\"2017-06-01T13:51:20+00:00\",\"dateModified\":\"2018-02-06T10:09:20+00:00\",\"breadcrumb\":{\"@id\":\"https:\/\/www.reulsport.com\/en\/produit\/kn-airfilter-for-td5\/#breadcrumb\"},\"inLanguage\":\"en-US\",\"potentialAction\":[{\"@type\":\"ReadAction\",\"target\":[\"https:\/\/www.reulsport.com\/en\/produit\/kn-airfilter-for-td5\/\"]}]},{\"@type\":\"BreadcrumbList\",\"@id\":\"https:\/\/www.reulsport.com\/en\/produit\/kn-airfilter-for-td5\/#breadcrumb\",\"itemListElement\":[{\"@type\":\"ListItem\",\"position\":1,\"name\":\"Accueil\",\"item\":\"https:\/\/www.reulsport.com\/en\/\"},{\"@type\":\"ListItem\",\"position\":2,\"name\":\"Shop\",\"item\":\"https:\/\/www.reulsport.com\/en\/shop\/\"},{\"@type\":\"ListItem\",\"position\":3,\"name\":\"K&#038;N Airfilter for TD5\"}]},{\"@type\":\"WebSite\",\"@id\":\"https:\/\/www.reulsport.com\/#website\",\"url\":\"https:\/\/www.reulsport.com\/\",\"name\":\"ReulSport - Landrover specialist - Iveco partner\",\"description\":\"ReulSport est un garage Ineos, Iveco et Polaris dans la r\u00e9gion de Verviers et Li\u00e8ge. Sp\u00e9cialiste de l&#039;Offroad, de la pr\u00e9paration et de l&#039;accessoirisation. .\",\"potentialAction\":[{\"@type\":\"SearchAction\",\"target\":{\"@type\":\"EntryPoint\",\"urlTemplate\":\"https:\/\/www.reulsport.com\/?s={search_term_string}\"},\"query-input\":\"required name=search_term_string\"}],\"inLanguage\":\"en-US\"}]}<\/script>\n<!-- \/ Yoast SEO plugin. -->","yoast_head_json":{"title":"K&N Airfilter for TD5 - ReulSport - Landrover specialist - Iveco partner","robots":{"index":"index","follow":"follow","max-snippet":"max-snippet:-1","max-image-preview":"max-image-preview:large","max-video-preview":"max-video-preview:-1"},"canonical":"https:\/\/www.reulsport.com\/en\/produit\/kn-airfilter-for-td5\/","og_locale":"en_US","og_type":"article","og_title":"K&N Airfilter for TD5 - ReulSport - Landrover specialist - Iveco partner","og_description":"Designed to boost horsepower and rate of acceleration Can be cleaned and used again High air flow with exceptional filtration Lasts up to 50,000 miles before cleaning is required depending on driving conditions Works with original equipment manufacturer vehicle electronic Will NOT void vehicle warranty","og_url":"https:\/\/www.reulsport.com\/en\/produit\/kn-airfilter-for-td5\/","og_site_name":"ReulSport - Landrover specialist - Iveco partner","article_modified_time":"2018-02-06T10:09:20+00:00","og_image":[{"width":842,"height":842,"url":"https:\/\/www.reulsport.com\/wp-content\/uploads\/2017\/06\/32-KN4.jpg","type":"image\/jpeg"}],"twitter_card":"summary_large_image","schema":{"@context":"https:\/\/schema.org","@graph":[{"@type":"WebPage","@id":"https:\/\/www.reulsport.com\/en\/produit\/kn-airfilter-for-td5\/","url":"https:\/\/www.reulsport.com\/en\/produit\/kn-airfilter-for-td5\/","name":"K&N Airfilter for TD5 - ReulSport - Landrover specialist - Iveco partner","isPartOf":{"@id":"https:\/\/www.reulsport.com\/#website"},"datePublished":"2017-06-01T13:51:20+00:00","dateModified":"2018-02-06T10:09:20+00:00","breadcrumb":{"@id":"https:\/\/www.reulsport.com\/en\/produit\/kn-airfilter-for-td5\/#breadcrumb"},"inLanguage":"en-US","potentialAction":[{"@type":"ReadAction","target":["https:\/\/www.reulsport.com\/en\/produit\/kn-airfilter-for-td5\/"]}]},{"@type":"BreadcrumbList","@id":"https:\/\/www.reulsport.com\/en\/produit\/kn-airfilter-for-td5\/#breadcrumb","itemListElement":[{"@type":"ListItem","position":1,"name":"Accueil","item":"https:\/\/www.reulsport.com\/en\/"},{"@type":"ListItem","position":2,"name":"Shop","item":"https:\/\/www.reulsport.com\/en\/shop\/"},{"@type":"ListItem","position":3,"name":"K&#038;N Airfilter for TD5"}]},{"@type":"WebSite","@id":"https:\/\/www.reulsport.com\/#website","url":"https:\/\/www.reulsport.com\/","name":"ReulSport - Landrover specialist - Iveco partner","description":"ReulSport est un garage Ineos, Iveco et Polaris dans la r\u00e9gion de Verviers et Li\u00e8ge. Sp\u00e9cialiste de l&#039;Offroad, de la pr\u00e9paration et de l&#039;accessoirisation. .","potentialAction":[{"@type":"SearchAction","target":{"@type":"EntryPoint","urlTemplate":"https:\/\/www.reulsport.com\/?s={search_term_string}"},"query-input":"required name=search_term_string"}],"inLanguage":"en-US"}]}},"_links":{"self":[{"href":"https:\/\/www.reulsport.com\/en\/wp-json\/wp\/v2\/product\/1538"}],"collection":[{"href":"https:\/\/www.reulsport.com\/en\/wp-json\/wp\/v2\/product"}],"about":[{"href":"https:\/\/www.reulsport.com\/en\/wp-json\/wp\/v2\/types\/product"}],"replies":[{"embeddable":true,"href":"https:\/\/www.reulsport.com\/en\/wp-json\/wp\/v2\/comments?post=1538"}],"wp:featuredmedia":[{"embeddable":true,"href":"https:\/\/www.reulsport.com\/en\/wp-json\/wp\/v2\/media\/1391"}],"wp:attachment":[{"href":"https:\/\/www.reulsport.com\/en\/wp-json\/wp\/v2\/media?parent=1538"}],"wp:term":[{"taxonomy":"product_cat","embeddable":true,"href":"https:\/\/www.reulsport.com\/en\/wp-json\/wp\/v2\/product_cat?post=1538"},{"taxonomy":"product_tag","embeddable":true,"href":"https:\/\/www.reulsport.com\/en\/wp-json\/wp\/v2\/product_tag?post=1538"}],"curies":[{"name":"wp","href":"https:\/\/api.w.org\/{rel}","templated":true}]}}