{"id":1554,"date":"2017-05-24T09:21:54","date_gmt":"2017-05-24T07:21:54","guid":{"rendered":"https:\/\/reulsport.webismymind.be\/product\/winch-plate-for-range-rover-sport-discovery-3-4-2005-2012\/"},"modified":"2018-03-14T23:15:49","modified_gmt":"2018-03-14T22:15:49","slug":"winch-plate-for-range-rover-sport-discovery-3-4-2005-2012","status":"publish","type":"product","link":"https:\/\/www.reulsport.com\/en\/produit\/winch-plate-for-range-rover-sport-discovery-3-4-2005-2012\/","title":{"rendered":"Winch Plate for RANGE ROVER Sport &#038; DISCOVERY 3-4 (2005-2012)"},"content":{"rendered":"<p>Allows the mounting of a Winch type 9500<br \/>\n Mounted behind the original bumper<br \/>\n The winch plate and the winch are hidden<\/p>\n","protected":false},"excerpt":{"rendered":"<p>Allows the mounting of a Winch type 9500 Mounted behind the original bumper The winch plate and the winch are hidden<\/p>\n","protected":false},"featured_media":1027,"comment_status":"open","ping_status":"closed","template":"","meta":[],"product_cat":[242],"product_tag":[212],"acf":[],"yoast_head":"<!-- This site is optimized with the Yoast SEO plugin v20.1 - https:\/\/yoast.com\/wordpress\/plugins\/seo\/ -->\n<title>Winch Plate for RANGE ROVER Sport &amp; DISCOVERY 3-4 (2005-2012) - ReulSport - Landrover specialist - Iveco partner<\/title>\n<meta name=\"robots\" content=\"index, follow, max-snippet:-1, max-image-preview:large, max-video-preview:-1\" \/>\n<link rel=\"canonical\" href=\"https:\/\/www.reulsport.com\/en\/produit\/winch-plate-for-range-rover-sport-discovery-3-4-2005-2012\/\" \/>\n<meta property=\"og:locale\" content=\"en_US\" \/>\n<meta property=\"og:type\" content=\"article\" \/>\n<meta property=\"og:title\" content=\"Winch Plate for RANGE ROVER Sport &amp; DISCOVERY 3-4 (2005-2012) - ReulSport - Landrover specialist - Iveco partner\" \/>\n<meta property=\"og:description\" content=\"Allows the mounting of a Winch type 9500 Mounted behind the original bumper The winch plate and the winch are hidden\" \/>\n<meta property=\"og:url\" content=\"https:\/\/www.reulsport.com\/en\/produit\/winch-plate-for-range-rover-sport-discovery-3-4-2005-2012\/\" \/>\n<meta property=\"og:site_name\" content=\"ReulSport - Landrover specialist - Iveco partner\" \/>\n<meta property=\"article:modified_time\" content=\"2018-03-14T22:15:49+00:00\" \/>\n<meta property=\"og:image\" content=\"https:\/\/www.reulsport.com\/wp-content\/uploads\/2017\/05\/46-catalogue-RSSTD-1-1.jpg\" \/>\n\t<meta property=\"og:image:width\" content=\"1920\" \/>\n\t<meta property=\"og:image:height\" content=\"1920\" \/>\n\t<meta property=\"og:image:type\" content=\"image\/jpeg\" \/>\n<meta name=\"twitter:card\" content=\"summary_large_image\" \/>\n<script type=\"application\/ld+json\" class=\"yoast-schema-graph\">{\"@context\":\"https:\/\/schema.org\",\"@graph\":[{\"@type\":\"WebPage\",\"@id\":\"https:\/\/www.reulsport.com\/en\/produit\/winch-plate-for-range-rover-sport-discovery-3-4-2005-2012\/\",\"url\":\"https:\/\/www.reulsport.com\/en\/produit\/winch-plate-for-range-rover-sport-discovery-3-4-2005-2012\/\",\"name\":\"Winch Plate for RANGE ROVER Sport & DISCOVERY 3-4 (2005-2012) - ReulSport - Landrover specialist - Iveco partner\",\"isPartOf\":{\"@id\":\"https:\/\/www.reulsport.com\/#website\"},\"datePublished\":\"2017-05-24T07:21:54+00:00\",\"dateModified\":\"2018-03-14T22:15:49+00:00\",\"breadcrumb\":{\"@id\":\"https:\/\/www.reulsport.com\/en\/produit\/winch-plate-for-range-rover-sport-discovery-3-4-2005-2012\/#breadcrumb\"},\"inLanguage\":\"en-US\",\"potentialAction\":[{\"@type\":\"ReadAction\",\"target\":[\"https:\/\/www.reulsport.com\/en\/produit\/winch-plate-for-range-rover-sport-discovery-3-4-2005-2012\/\"]}]},{\"@type\":\"BreadcrumbList\",\"@id\":\"https:\/\/www.reulsport.com\/en\/produit\/winch-plate-for-range-rover-sport-discovery-3-4-2005-2012\/#breadcrumb\",\"itemListElement\":[{\"@type\":\"ListItem\",\"position\":1,\"name\":\"Accueil\",\"item\":\"https:\/\/www.reulsport.com\/en\/\"},{\"@type\":\"ListItem\",\"position\":2,\"name\":\"Shop\",\"item\":\"https:\/\/www.reulsport.com\/en\/shop\/\"},{\"@type\":\"ListItem\",\"position\":3,\"name\":\"Winch Plate for RANGE ROVER Sport &#038; DISCOVERY 3-4 (2005-2012)\"}]},{\"@type\":\"WebSite\",\"@id\":\"https:\/\/www.reulsport.com\/#website\",\"url\":\"https:\/\/www.reulsport.com\/\",\"name\":\"ReulSport - Landrover specialist - Iveco partner\",\"description\":\"ReulSport est un garage Ineos, Iveco et Polaris dans la r\u00e9gion de Verviers et Li\u00e8ge. Sp\u00e9cialiste de l&#039;Offroad, de la pr\u00e9paration et de l&#039;accessoirisation. .\",\"potentialAction\":[{\"@type\":\"SearchAction\",\"target\":{\"@type\":\"EntryPoint\",\"urlTemplate\":\"https:\/\/www.reulsport.com\/?s={search_term_string}\"},\"query-input\":\"required name=search_term_string\"}],\"inLanguage\":\"en-US\"}]}<\/script>\n<!-- \/ Yoast SEO plugin. -->","yoast_head_json":{"title":"Winch Plate for RANGE ROVER Sport & DISCOVERY 3-4 (2005-2012) - ReulSport - Landrover specialist - Iveco partner","robots":{"index":"index","follow":"follow","max-snippet":"max-snippet:-1","max-image-preview":"max-image-preview:large","max-video-preview":"max-video-preview:-1"},"canonical":"https:\/\/www.reulsport.com\/en\/produit\/winch-plate-for-range-rover-sport-discovery-3-4-2005-2012\/","og_locale":"en_US","og_type":"article","og_title":"Winch Plate for RANGE ROVER Sport & DISCOVERY 3-4 (2005-2012) - ReulSport - Landrover specialist - Iveco partner","og_description":"Allows the mounting of a Winch type 9500 Mounted behind the original bumper The winch plate and the winch are hidden","og_url":"https:\/\/www.reulsport.com\/en\/produit\/winch-plate-for-range-rover-sport-discovery-3-4-2005-2012\/","og_site_name":"ReulSport - Landrover specialist - Iveco partner","article_modified_time":"2018-03-14T22:15:49+00:00","og_image":[{"width":1920,"height":1920,"url":"https:\/\/www.reulsport.com\/wp-content\/uploads\/2017\/05\/46-catalogue-RSSTD-1-1.jpg","type":"image\/jpeg"}],"twitter_card":"summary_large_image","schema":{"@context":"https:\/\/schema.org","@graph":[{"@type":"WebPage","@id":"https:\/\/www.reulsport.com\/en\/produit\/winch-plate-for-range-rover-sport-discovery-3-4-2005-2012\/","url":"https:\/\/www.reulsport.com\/en\/produit\/winch-plate-for-range-rover-sport-discovery-3-4-2005-2012\/","name":"Winch Plate for RANGE ROVER Sport & DISCOVERY 3-4 (2005-2012) - ReulSport - Landrover specialist - Iveco partner","isPartOf":{"@id":"https:\/\/www.reulsport.com\/#website"},"datePublished":"2017-05-24T07:21:54+00:00","dateModified":"2018-03-14T22:15:49+00:00","breadcrumb":{"@id":"https:\/\/www.reulsport.com\/en\/produit\/winch-plate-for-range-rover-sport-discovery-3-4-2005-2012\/#breadcrumb"},"inLanguage":"en-US","potentialAction":[{"@type":"ReadAction","target":["https:\/\/www.reulsport.com\/en\/produit\/winch-plate-for-range-rover-sport-discovery-3-4-2005-2012\/"]}]},{"@type":"BreadcrumbList","@id":"https:\/\/www.reulsport.com\/en\/produit\/winch-plate-for-range-rover-sport-discovery-3-4-2005-2012\/#breadcrumb","itemListElement":[{"@type":"ListItem","position":1,"name":"Accueil","item":"https:\/\/www.reulsport.com\/en\/"},{"@type":"ListItem","position":2,"name":"Shop","item":"https:\/\/www.reulsport.com\/en\/shop\/"},{"@type":"ListItem","position":3,"name":"Winch Plate for RANGE ROVER Sport &#038; DISCOVERY 3-4 (2005-2012)"}]},{"@type":"WebSite","@id":"https:\/\/www.reulsport.com\/#website","url":"https:\/\/www.reulsport.com\/","name":"ReulSport - Landrover specialist - Iveco partner","description":"ReulSport est un garage Ineos, Iveco et Polaris dans la r\u00e9gion de Verviers et Li\u00e8ge. Sp\u00e9cialiste de l&#039;Offroad, de la pr\u00e9paration et de l&#039;accessoirisation. .","potentialAction":[{"@type":"SearchAction","target":{"@type":"EntryPoint","urlTemplate":"https:\/\/www.reulsport.com\/?s={search_term_string}"},"query-input":"required name=search_term_string"}],"inLanguage":"en-US"}]}},"_links":{"self":[{"href":"https:\/\/www.reulsport.com\/en\/wp-json\/wp\/v2\/product\/1554"}],"collection":[{"href":"https:\/\/www.reulsport.com\/en\/wp-json\/wp\/v2\/product"}],"about":[{"href":"https:\/\/www.reulsport.com\/en\/wp-json\/wp\/v2\/types\/product"}],"replies":[{"embeddable":true,"href":"https:\/\/www.reulsport.com\/en\/wp-json\/wp\/v2\/comments?post=1554"}],"wp:featuredmedia":[{"embeddable":true,"href":"https:\/\/www.reulsport.com\/en\/wp-json\/wp\/v2\/media\/1027"}],"wp:attachment":[{"href":"https:\/\/www.reulsport.com\/en\/wp-json\/wp\/v2\/media?parent=1554"}],"wp:term":[{"taxonomy":"product_cat","embeddable":true,"href":"https:\/\/www.reulsport.com\/en\/wp-json\/wp\/v2\/product_cat?post=1554"},{"taxonomy":"product_tag","embeddable":true,"href":"https:\/\/www.reulsport.com\/en\/wp-json\/wp\/v2\/product_tag?post=1554"}],"curies":[{"name":"wp","href":"https:\/\/api.w.org\/{rel}","templated":true}]}}