{"id":1616,"date":"2017-05-30T12:54:23","date_gmt":"2017-05-30T10:54:23","guid":{"rendered":"https:\/\/reulsport.webismymind.be\/product\/crown-wheel-and-pinion-ratio-3-50\/"},"modified":"2018-01-29T16:26:08","modified_gmt":"2018-01-29T15:26:08","slug":"crown-wheel-and-pinion-ratio-3-50","status":"publish","type":"product","link":"https:\/\/www.reulsport.com\/en\/produit\/crown-wheel-and-pinion-ratio-3-50\/","title":{"rendered":"Crown wheel and pinion ratio 3.50"},"content":{"rendered":"<p>Replace the original crown wheel and pinion for ROVER axles (ratio 3.54\/1) through a similar ratio (3.50\/1)\u00a0<br \/>\n The special design (normal or reverse) and the number of tines makes it stronger that the original one<br \/>\n Cantact us to define the best ratio for you, in function of your utilisation, your tire diameter, your engine, your gearbox and your transfer box\u00a0<\/p>\n","protected":false},"excerpt":{"rendered":"<p>Replace the original crown wheel and pinion for ROVER axles (ratio 3.54\/1) through a similar ratio (3.50\/1)\u00a0 The special design (normal or reverse) and the number of tines makes it stronger that the original one Cantact us to define the best ratio for you, in function of your utilisation, your tire diameter, your engine, your [&hellip;]<\/p>\n","protected":false},"featured_media":1150,"comment_status":"open","ping_status":"closed","template":"","meta":[],"product_cat":[177],"product_tag":[103],"acf":[],"yoast_head":"<!-- This site is optimized with the Yoast SEO plugin v20.1 - https:\/\/yoast.com\/wordpress\/plugins\/seo\/ -->\n<title>Crown wheel and pinion ratio 3.50 - ReulSport - Landrover specialist - Iveco partner<\/title>\n<meta name=\"robots\" content=\"index, follow, max-snippet:-1, max-image-preview:large, max-video-preview:-1\" \/>\n<link rel=\"canonical\" href=\"https:\/\/www.reulsport.com\/en\/produit\/crown-wheel-and-pinion-ratio-3-50\/\" \/>\n<meta property=\"og:locale\" content=\"en_US\" \/>\n<meta property=\"og:type\" content=\"article\" \/>\n<meta property=\"og:title\" content=\"Crown wheel and pinion ratio 3.50 - ReulSport - Landrover specialist - Iveco partner\" \/>\n<meta property=\"og:description\" content=\"Replace the original crown wheel and pinion for ROVER axles (ratio 3.54\/1) through a similar ratio (3.50\/1)\u00a0 The special design (normal or reverse) and the number of tines makes it stronger that the original one Cantact us to define the best ratio for you, in function of your utilisation, your tire diameter, your engine, your [&hellip;]\" \/>\n<meta property=\"og:url\" content=\"https:\/\/www.reulsport.com\/en\/produit\/crown-wheel-and-pinion-ratio-3-50\/\" \/>\n<meta property=\"og:site_name\" content=\"ReulSport - Landrover specialist - Iveco partner\" \/>\n<meta property=\"article:modified_time\" content=\"2018-01-29T15:26:08+00:00\" \/>\n<meta property=\"og:image\" content=\"https:\/\/www.reulsport.com\/wp-content\/uploads\/2017\/05\/17-NCC.jpg\" \/>\n\t<meta property=\"og:image:width\" content=\"1920\" \/>\n\t<meta property=\"og:image:height\" content=\"1920\" \/>\n\t<meta property=\"og:image:type\" content=\"image\/jpeg\" \/>\n<meta name=\"twitter:card\" content=\"summary_large_image\" \/>\n<script type=\"application\/ld+json\" class=\"yoast-schema-graph\">{\"@context\":\"https:\/\/schema.org\",\"@graph\":[{\"@type\":\"WebPage\",\"@id\":\"https:\/\/www.reulsport.com\/en\/produit\/crown-wheel-and-pinion-ratio-3-50\/\",\"url\":\"https:\/\/www.reulsport.com\/en\/produit\/crown-wheel-and-pinion-ratio-3-50\/\",\"name\":\"Crown wheel and pinion ratio 3.50 - ReulSport - Landrover specialist - Iveco partner\",\"isPartOf\":{\"@id\":\"https:\/\/www.reulsport.com\/#website\"},\"datePublished\":\"2017-05-30T10:54:23+00:00\",\"dateModified\":\"2018-01-29T15:26:08+00:00\",\"breadcrumb\":{\"@id\":\"https:\/\/www.reulsport.com\/en\/produit\/crown-wheel-and-pinion-ratio-3-50\/#breadcrumb\"},\"inLanguage\":\"en-US\",\"potentialAction\":[{\"@type\":\"ReadAction\",\"target\":[\"https:\/\/www.reulsport.com\/en\/produit\/crown-wheel-and-pinion-ratio-3-50\/\"]}]},{\"@type\":\"BreadcrumbList\",\"@id\":\"https:\/\/www.reulsport.com\/en\/produit\/crown-wheel-and-pinion-ratio-3-50\/#breadcrumb\",\"itemListElement\":[{\"@type\":\"ListItem\",\"position\":1,\"name\":\"Accueil\",\"item\":\"https:\/\/www.reulsport.com\/en\/\"},{\"@type\":\"ListItem\",\"position\":2,\"name\":\"Shop\",\"item\":\"https:\/\/www.reulsport.com\/en\/shop\/\"},{\"@type\":\"ListItem\",\"position\":3,\"name\":\"Crown wheel and pinion ratio 3.50\"}]},{\"@type\":\"WebSite\",\"@id\":\"https:\/\/www.reulsport.com\/#website\",\"url\":\"https:\/\/www.reulsport.com\/\",\"name\":\"ReulSport - Landrover specialist - Iveco partner\",\"description\":\"ReulSport est un garage Ineos, Iveco et Polaris dans la r\u00e9gion de Verviers et Li\u00e8ge. Sp\u00e9cialiste de l&#039;Offroad, de la pr\u00e9paration et de l&#039;accessoirisation. .\",\"potentialAction\":[{\"@type\":\"SearchAction\",\"target\":{\"@type\":\"EntryPoint\",\"urlTemplate\":\"https:\/\/www.reulsport.com\/?s={search_term_string}\"},\"query-input\":\"required name=search_term_string\"}],\"inLanguage\":\"en-US\"}]}<\/script>\n<!-- \/ Yoast SEO plugin. -->","yoast_head_json":{"title":"Crown wheel and pinion ratio 3.50 - ReulSport - Landrover specialist - Iveco partner","robots":{"index":"index","follow":"follow","max-snippet":"max-snippet:-1","max-image-preview":"max-image-preview:large","max-video-preview":"max-video-preview:-1"},"canonical":"https:\/\/www.reulsport.com\/en\/produit\/crown-wheel-and-pinion-ratio-3-50\/","og_locale":"en_US","og_type":"article","og_title":"Crown wheel and pinion ratio 3.50 - ReulSport - Landrover specialist - Iveco partner","og_description":"Replace the original crown wheel and pinion for ROVER axles (ratio 3.54\/1) through a similar ratio (3.50\/1)\u00a0 The special design (normal or reverse) and the number of tines makes it stronger that the original one Cantact us to define the best ratio for you, in function of your utilisation, your tire diameter, your engine, your [&hellip;]","og_url":"https:\/\/www.reulsport.com\/en\/produit\/crown-wheel-and-pinion-ratio-3-50\/","og_site_name":"ReulSport - Landrover specialist - Iveco partner","article_modified_time":"2018-01-29T15:26:08+00:00","og_image":[{"width":1920,"height":1920,"url":"https:\/\/www.reulsport.com\/wp-content\/uploads\/2017\/05\/17-NCC.jpg","type":"image\/jpeg"}],"twitter_card":"summary_large_image","schema":{"@context":"https:\/\/schema.org","@graph":[{"@type":"WebPage","@id":"https:\/\/www.reulsport.com\/en\/produit\/crown-wheel-and-pinion-ratio-3-50\/","url":"https:\/\/www.reulsport.com\/en\/produit\/crown-wheel-and-pinion-ratio-3-50\/","name":"Crown wheel and pinion ratio 3.50 - ReulSport - Landrover specialist - Iveco partner","isPartOf":{"@id":"https:\/\/www.reulsport.com\/#website"},"datePublished":"2017-05-30T10:54:23+00:00","dateModified":"2018-01-29T15:26:08+00:00","breadcrumb":{"@id":"https:\/\/www.reulsport.com\/en\/produit\/crown-wheel-and-pinion-ratio-3-50\/#breadcrumb"},"inLanguage":"en-US","potentialAction":[{"@type":"ReadAction","target":["https:\/\/www.reulsport.com\/en\/produit\/crown-wheel-and-pinion-ratio-3-50\/"]}]},{"@type":"BreadcrumbList","@id":"https:\/\/www.reulsport.com\/en\/produit\/crown-wheel-and-pinion-ratio-3-50\/#breadcrumb","itemListElement":[{"@type":"ListItem","position":1,"name":"Accueil","item":"https:\/\/www.reulsport.com\/en\/"},{"@type":"ListItem","position":2,"name":"Shop","item":"https:\/\/www.reulsport.com\/en\/shop\/"},{"@type":"ListItem","position":3,"name":"Crown wheel and pinion ratio 3.50"}]},{"@type":"WebSite","@id":"https:\/\/www.reulsport.com\/#website","url":"https:\/\/www.reulsport.com\/","name":"ReulSport - Landrover specialist - Iveco partner","description":"ReulSport est un garage Ineos, Iveco et Polaris dans la r\u00e9gion de Verviers et Li\u00e8ge. Sp\u00e9cialiste de l&#039;Offroad, de la pr\u00e9paration et de l&#039;accessoirisation. .","potentialAction":[{"@type":"SearchAction","target":{"@type":"EntryPoint","urlTemplate":"https:\/\/www.reulsport.com\/?s={search_term_string}"},"query-input":"required name=search_term_string"}],"inLanguage":"en-US"}]}},"_links":{"self":[{"href":"https:\/\/www.reulsport.com\/en\/wp-json\/wp\/v2\/product\/1616"}],"collection":[{"href":"https:\/\/www.reulsport.com\/en\/wp-json\/wp\/v2\/product"}],"about":[{"href":"https:\/\/www.reulsport.com\/en\/wp-json\/wp\/v2\/types\/product"}],"replies":[{"embeddable":true,"href":"https:\/\/www.reulsport.com\/en\/wp-json\/wp\/v2\/comments?post=1616"}],"wp:featuredmedia":[{"embeddable":true,"href":"https:\/\/www.reulsport.com\/en\/wp-json\/wp\/v2\/media\/1150"}],"wp:attachment":[{"href":"https:\/\/www.reulsport.com\/en\/wp-json\/wp\/v2\/media?parent=1616"}],"wp:term":[{"taxonomy":"product_cat","embeddable":true,"href":"https:\/\/www.reulsport.com\/en\/wp-json\/wp\/v2\/product_cat?post=1616"},{"taxonomy":"product_tag","embeddable":true,"href":"https:\/\/www.reulsport.com\/en\/wp-json\/wp\/v2\/product_tag?post=1616"}],"curies":[{"name":"wp","href":"https:\/\/api.w.org\/{rel}","templated":true}]}}