{"id":23163,"date":"2020-12-01T09:47:22","date_gmt":"2020-12-01T08:47:22","guid":{"rendered":"https:\/\/www.reulsport.com\/produit\/barre-led-shocker\/"},"modified":"2022-09-22T16:21:45","modified_gmt":"2022-09-22T14:21:45","slug":"barre-led-shocker","status":"publish","type":"product","link":"https:\/\/www.reulsport.com\/en\/produit\/barre-led-shocker\/","title":{"rendered":"Barre Led shocker"},"content":{"rendered":"\r\n<p>Merci de nous consulter pour les prix.<\/p>\r\n<p>\u00c0 propos du Shocker:<\/p>\r\n\r\n\r\n<p>La barre lumineuse LED \u00e0 double action Shocker met la polyvalence et la puissance d&#8217;\u00e9clairage au premier plan en vous permettant d&#8217;ajuster votre \u00e9clairage aux conditions de conduite en constante \u00e9volution en appuyant simplement sur un interrupteur. D\u00e9couvrez la toute nouvelle VRT (Vector Reflector Technology) \u00e0 grande vitesse en braquant un large faisceau spot longue distance qui se propage \u00e0 travers le sentier.<\/p>\r\n\r\n\r\n<p>Lorsque la poussi\u00e8re et le brouillard tentent de vous ralentir, engagez l&#8217;Amber PLC (Photon Light Core Technology) pour percer la nuit en r\u00e9duisant les ombres \u00e0 travers le spectre d&#8217;\u00e9clairage LED Amber appropri\u00e9 et le faisceau de forme \u00e9lliptique large. Pour une p\u00e9n\u00e9tration accrue de la poussi\u00e8re et du brouillard, le mod\u00e8le Shocker Race utilise une configuration de puce LED sp\u00e9ciale qui \u00e9met une luminosit\u00e9 ambre maximale tout en offrant un mod\u00e8le de conduite \u00e9lliptique extr\u00eamement large.<\/p>\r\n\r\n\r\n<p>La barre lumineuse \u00e0 LED Shocker est \u00e9galement disponible en mod\u00e8les White PLC (Photon Light Core Technology) qui donnent un faisceau ultra large blanc brillant pour voir clairement les bords des sentiers et des routes avec plus de 170 \u00b0 d&#8217;\u00e9clairage.<\/p>\r\n\r\n\r\n<p><strong>Technologie d&#8217;\u00e9clairage \u00e0 double fonction:<\/strong><br \/>\r\nLes toutes nouvelles barres Shocker VRT (Vector Reflector Technology) et PLC (Photon Light Core) fournissent \u00e0 la fois un faisceau ponctuel de distance et un faisceau \u00e9lliptique \u00e0 large spectre en une seule barre lumineuse \u00e0 double fonctionnement.<\/p>\r\n\r\n\r\n<p><strong>Montures lat\u00e9rales inspir\u00e9es de la course:<\/strong><br \/>\r\nLes supports lat\u00e9raux extr\u00eamement durables pr\u00eats pour la course sont con\u00e7us pour survivre \u00e0 tout abus et fournir au Shocker un r\u00e9glage vertical de l&#8217;angle d&#8217;\u00e9clairage.<\/p>\r\n\r\n\r\n<p><strong>Options de sortie du faisceau elliptique standard et de course:<\/strong><\/p>\r\n\r\n\r\n<p><strong>Standard Output Shocker:<\/strong> disponible avec des LED blanches pour le faisceau large (r\u00e9flecteur vectoriel) et des LED ambre pour le faisceau \u00e9lliptique (noyau de lumi\u00e8re photonique) OU des LED blanches sur les deux fonctions.<\/p>\r\n\r\n\r\n<p><strong>Race Output Shocker:<\/strong> disponible avec des LED blanches pour le faisceau large (r\u00e9flecteur vectoriel) et comprend des LED orange \u00e0 haut rendement am\u00e9lior\u00e9es pour le faisceau \u00e9lliptique (photon Light Core).<\/p>\r\n\r\n\r\n<p><strong>CARACT\u00c9RISTIQUES<\/strong><\/p>\r\n\r\n\r\n<ul>\r\n\t<li>Technologie d&#8217;\u00e9clairage \u00e0 double fonction<\/li>\r\n\t<li>Photon Light Core qui produit un faisceau \u00e9lliptique ambre \u00e0 large diffusion<\/li>\r\n\t<li>R\u00e9flecteurs vectoriels qui produisent un faisceau large \u00e0 longue distance<\/li>\r\n\t<li>Le mod\u00e8le Race comprend des LED orange am\u00e9lior\u00e9es pour une distance d&#8217;\u00e9clairage de 25% plus longue<\/li>\r\n\t<li>Fonction Halo r\u00e9tro-\u00e9clair\u00e9e<\/li>\r\n\t<li>Supports lat\u00e9raux inspir\u00e9s de la course inclus<\/li>\r\n\t<li>Faisceau de c\u00e2blage pour interrupteur \u00e0 bascule \u00e0 3 voies inclus<\/li>\r\n\t<li>Supports de pieds inf\u00e9rieurs en option disponibles<\/li>\r\n<\/ul>\r\n","protected":false},"excerpt":{"rendered":"<p>Merci de nous consulter pour les prix. \u00c0 propos du Shocker: La barre lumineuse LED \u00e0 double action Shocker met la polyvalence et la puissance d&#8217;\u00e9clairage au premier plan en vous permettant d&#8217;ajuster votre \u00e9clairage aux conditions de conduite en constante \u00e9volution en appuyant simplement sur un interrupteur. D\u00e9couvrez la toute nouvelle VRT (Vector Reflector [&hellip;]<\/p>\n","protected":false},"featured_media":15255,"comment_status":"open","ping_status":"closed","template":"","meta":[],"product_cat":[100],"product_tag":[197],"acf":[],"yoast_head":"<!-- This site is optimized with the Yoast SEO plugin v20.1 - https:\/\/yoast.com\/wordpress\/plugins\/seo\/ -->\n<title>Barre Led shocker - ReulSport - Landrover specialist - Iveco partner<\/title>\n<meta name=\"robots\" content=\"index, follow, max-snippet:-1, max-image-preview:large, max-video-preview:-1\" \/>\n<link rel=\"canonical\" href=\"https:\/\/www.reulsport.com\/en\/produit\/barre-led-shocker\/\" \/>\n<meta property=\"og:locale\" content=\"en_US\" \/>\n<meta property=\"og:type\" content=\"article\" \/>\n<meta property=\"og:title\" content=\"Barre Led shocker - ReulSport - Landrover specialist - Iveco partner\" \/>\n<meta property=\"og:description\" content=\"Merci de nous consulter pour les prix. \u00c0 propos du Shocker: La barre lumineuse LED \u00e0 double action Shocker met la polyvalence et la puissance d&#8217;\u00e9clairage au premier plan en vous permettant d&#8217;ajuster votre \u00e9clairage aux conditions de conduite en constante \u00e9volution en appuyant simplement sur un interrupteur. D\u00e9couvrez la toute nouvelle VRT (Vector Reflector [&hellip;]\" \/>\n<meta property=\"og:url\" content=\"https:\/\/www.reulsport.com\/en\/produit\/barre-led-shocker\/\" \/>\n<meta property=\"og:site_name\" content=\"ReulSport - Landrover specialist - Iveco partner\" \/>\n<meta property=\"article:modified_time\" content=\"2022-09-22T14:21:45+00:00\" \/>\n<meta property=\"og:image\" content=\"https:\/\/www.reulsport.com\/wp-content\/uploads\/2020\/01\/SHK-BV6WPA_catalog.jpg\" \/>\n\t<meta property=\"og:image:width\" content=\"1500\" \/>\n\t<meta property=\"og:image:height\" content=\"1500\" \/>\n\t<meta property=\"og:image:type\" content=\"image\/jpeg\" \/>\n<meta name=\"twitter:card\" content=\"summary_large_image\" \/>\n<meta name=\"twitter:label1\" content=\"Est. reading time\" \/>\n\t<meta name=\"twitter:data1\" content=\"2 minutes\" \/>\n<script type=\"application\/ld+json\" class=\"yoast-schema-graph\">{\"@context\":\"https:\/\/schema.org\",\"@graph\":[{\"@type\":\"WebPage\",\"@id\":\"https:\/\/www.reulsport.com\/en\/produit\/barre-led-shocker\/\",\"url\":\"https:\/\/www.reulsport.com\/en\/produit\/barre-led-shocker\/\",\"name\":\"Barre Led shocker - ReulSport - Landrover specialist - Iveco partner\",\"isPartOf\":{\"@id\":\"https:\/\/www.reulsport.com\/#website\"},\"datePublished\":\"2020-12-01T08:47:22+00:00\",\"dateModified\":\"2022-09-22T14:21:45+00:00\",\"breadcrumb\":{\"@id\":\"https:\/\/www.reulsport.com\/en\/produit\/barre-led-shocker\/#breadcrumb\"},\"inLanguage\":\"en-US\",\"potentialAction\":[{\"@type\":\"ReadAction\",\"target\":[\"https:\/\/www.reulsport.com\/en\/produit\/barre-led-shocker\/\"]}]},{\"@type\":\"BreadcrumbList\",\"@id\":\"https:\/\/www.reulsport.com\/en\/produit\/barre-led-shocker\/#breadcrumb\",\"itemListElement\":[{\"@type\":\"ListItem\",\"position\":1,\"name\":\"Accueil\",\"item\":\"https:\/\/www.reulsport.com\/en\/\"},{\"@type\":\"ListItem\",\"position\":2,\"name\":\"Shop\",\"item\":\"https:\/\/www.reulsport.com\/en\/shop\/\"},{\"@type\":\"ListItem\",\"position\":3,\"name\":\"Barre Led shocker\"}]},{\"@type\":\"WebSite\",\"@id\":\"https:\/\/www.reulsport.com\/#website\",\"url\":\"https:\/\/www.reulsport.com\/\",\"name\":\"ReulSport - Landrover specialist - Iveco partner\",\"description\":\"ReulSport est un garage Ineos, Iveco et Polaris dans la r\u00e9gion de Verviers et Li\u00e8ge. Sp\u00e9cialiste de l&#039;Offroad, de la pr\u00e9paration et de l&#039;accessoirisation. .\",\"potentialAction\":[{\"@type\":\"SearchAction\",\"target\":{\"@type\":\"EntryPoint\",\"urlTemplate\":\"https:\/\/www.reulsport.com\/?s={search_term_string}\"},\"query-input\":\"required name=search_term_string\"}],\"inLanguage\":\"en-US\"}]}<\/script>\n<!-- \/ Yoast SEO plugin. -->","yoast_head_json":{"title":"Barre Led shocker - ReulSport - Landrover specialist - Iveco partner","robots":{"index":"index","follow":"follow","max-snippet":"max-snippet:-1","max-image-preview":"max-image-preview:large","max-video-preview":"max-video-preview:-1"},"canonical":"https:\/\/www.reulsport.com\/en\/produit\/barre-led-shocker\/","og_locale":"en_US","og_type":"article","og_title":"Barre Led shocker - ReulSport - Landrover specialist - Iveco partner","og_description":"Merci de nous consulter pour les prix. \u00c0 propos du Shocker: La barre lumineuse LED \u00e0 double action Shocker met la polyvalence et la puissance d&#8217;\u00e9clairage au premier plan en vous permettant d&#8217;ajuster votre \u00e9clairage aux conditions de conduite en constante \u00e9volution en appuyant simplement sur un interrupteur. D\u00e9couvrez la toute nouvelle VRT (Vector Reflector [&hellip;]","og_url":"https:\/\/www.reulsport.com\/en\/produit\/barre-led-shocker\/","og_site_name":"ReulSport - Landrover specialist - Iveco partner","article_modified_time":"2022-09-22T14:21:45+00:00","og_image":[{"width":1500,"height":1500,"url":"https:\/\/www.reulsport.com\/wp-content\/uploads\/2020\/01\/SHK-BV6WPA_catalog.jpg","type":"image\/jpeg"}],"twitter_card":"summary_large_image","twitter_misc":{"Est. reading time":"2 minutes"},"schema":{"@context":"https:\/\/schema.org","@graph":[{"@type":"WebPage","@id":"https:\/\/www.reulsport.com\/en\/produit\/barre-led-shocker\/","url":"https:\/\/www.reulsport.com\/en\/produit\/barre-led-shocker\/","name":"Barre Led shocker - ReulSport - Landrover specialist - Iveco partner","isPartOf":{"@id":"https:\/\/www.reulsport.com\/#website"},"datePublished":"2020-12-01T08:47:22+00:00","dateModified":"2022-09-22T14:21:45+00:00","breadcrumb":{"@id":"https:\/\/www.reulsport.com\/en\/produit\/barre-led-shocker\/#breadcrumb"},"inLanguage":"en-US","potentialAction":[{"@type":"ReadAction","target":["https:\/\/www.reulsport.com\/en\/produit\/barre-led-shocker\/"]}]},{"@type":"BreadcrumbList","@id":"https:\/\/www.reulsport.com\/en\/produit\/barre-led-shocker\/#breadcrumb","itemListElement":[{"@type":"ListItem","position":1,"name":"Accueil","item":"https:\/\/www.reulsport.com\/en\/"},{"@type":"ListItem","position":2,"name":"Shop","item":"https:\/\/www.reulsport.com\/en\/shop\/"},{"@type":"ListItem","position":3,"name":"Barre Led shocker"}]},{"@type":"WebSite","@id":"https:\/\/www.reulsport.com\/#website","url":"https:\/\/www.reulsport.com\/","name":"ReulSport - Landrover specialist - Iveco partner","description":"ReulSport est un garage Ineos, Iveco et Polaris dans la r\u00e9gion de Verviers et Li\u00e8ge. Sp\u00e9cialiste de l&#039;Offroad, de la pr\u00e9paration et de l&#039;accessoirisation. .","potentialAction":[{"@type":"SearchAction","target":{"@type":"EntryPoint","urlTemplate":"https:\/\/www.reulsport.com\/?s={search_term_string}"},"query-input":"required name=search_term_string"}],"inLanguage":"en-US"}]}},"_links":{"self":[{"href":"https:\/\/www.reulsport.com\/en\/wp-json\/wp\/v2\/product\/23163"}],"collection":[{"href":"https:\/\/www.reulsport.com\/en\/wp-json\/wp\/v2\/product"}],"about":[{"href":"https:\/\/www.reulsport.com\/en\/wp-json\/wp\/v2\/types\/product"}],"replies":[{"embeddable":true,"href":"https:\/\/www.reulsport.com\/en\/wp-json\/wp\/v2\/comments?post=23163"}],"wp:featuredmedia":[{"embeddable":true,"href":"https:\/\/www.reulsport.com\/en\/wp-json\/wp\/v2\/media\/15255"}],"wp:attachment":[{"href":"https:\/\/www.reulsport.com\/en\/wp-json\/wp\/v2\/media?parent=23163"}],"wp:term":[{"taxonomy":"product_cat","embeddable":true,"href":"https:\/\/www.reulsport.com\/en\/wp-json\/wp\/v2\/product_cat?post=23163"},{"taxonomy":"product_tag","embeddable":true,"href":"https:\/\/www.reulsport.com\/en\/wp-json\/wp\/v2\/product_tag?post=23163"}],"curies":[{"name":"wp","href":"https:\/\/api.w.org\/{rel}","templated":true}]}}