{"id":2330,"date":"2017-08-02T14:00:42","date_gmt":"2017-08-02T12:00:42","guid":{"rendered":"https:\/\/www.reulsport.com\/product\/redwinch-trydent-winch\/"},"modified":"2018-01-29T12:06:03","modified_gmt":"2018-01-29T11:06:03","slug":"redwinch-trydent-winch","status":"publish","type":"product","link":"https:\/\/www.reulsport.com\/en\/produit\/redwinch-trydent-winch\/","title":{"rendered":"RedWinch Trydent Winch"},"content":{"rendered":"<p>RedWinch double motor hydraulic winch for the competition<br \/>\n Requires an hydraulic installation<\/p>\n<p>Reulparts distribute the whole RedWinch productrange<\/p>\n","protected":false},"excerpt":{"rendered":"<p>RedWinch double motor hydraulic winch for the competition Requires an hydraulic installation Reulparts distribute the whole RedWinch productrange<\/p>\n","protected":false},"featured_media":2128,"comment_status":"open","ping_status":"closed","template":"","meta":[],"product_cat":[96],"product_tag":[],"acf":[],"yoast_head":"<!-- This site is optimized with the Yoast SEO plugin v20.1 - https:\/\/yoast.com\/wordpress\/plugins\/seo\/ -->\n<title>RedWinch Trydent Winch - ReulSport - Landrover specialist - Iveco partner<\/title>\n<meta name=\"robots\" content=\"index, follow, max-snippet:-1, max-image-preview:large, max-video-preview:-1\" \/>\n<link rel=\"canonical\" href=\"https:\/\/www.reulsport.com\/en\/produit\/redwinch-trydent-winch\/\" \/>\n<meta property=\"og:locale\" content=\"en_US\" \/>\n<meta property=\"og:type\" content=\"article\" \/>\n<meta property=\"og:title\" content=\"RedWinch Trydent Winch - ReulSport - Landrover specialist - Iveco partner\" \/>\n<meta property=\"og:description\" content=\"RedWinch double motor hydraulic winch for the competition Requires an hydraulic installation Reulparts distribute the whole RedWinch productrange\" \/>\n<meta property=\"og:url\" content=\"https:\/\/www.reulsport.com\/en\/produit\/redwinch-trydent-winch\/\" \/>\n<meta property=\"og:site_name\" content=\"ReulSport - Landrover specialist - Iveco partner\" \/>\n<meta property=\"article:modified_time\" content=\"2018-01-29T11:06:03+00:00\" \/>\n<meta property=\"og:image\" content=\"https:\/\/www.reulsport.com\/wp-content\/uploads\/2017\/08\/e_6-5.jpg\" \/>\n\t<meta property=\"og:image:width\" content=\"1920\" \/>\n\t<meta property=\"og:image:height\" content=\"1920\" \/>\n\t<meta property=\"og:image:type\" content=\"image\/jpeg\" \/>\n<meta name=\"twitter:card\" content=\"summary_large_image\" \/>\n<script type=\"application\/ld+json\" class=\"yoast-schema-graph\">{\"@context\":\"https:\/\/schema.org\",\"@graph\":[{\"@type\":\"WebPage\",\"@id\":\"https:\/\/www.reulsport.com\/en\/produit\/redwinch-trydent-winch\/\",\"url\":\"https:\/\/www.reulsport.com\/en\/produit\/redwinch-trydent-winch\/\",\"name\":\"RedWinch Trydent Winch - ReulSport - Landrover specialist - Iveco partner\",\"isPartOf\":{\"@id\":\"https:\/\/www.reulsport.com\/#website\"},\"datePublished\":\"2017-08-02T12:00:42+00:00\",\"dateModified\":\"2018-01-29T11:06:03+00:00\",\"breadcrumb\":{\"@id\":\"https:\/\/www.reulsport.com\/en\/produit\/redwinch-trydent-winch\/#breadcrumb\"},\"inLanguage\":\"en-US\",\"potentialAction\":[{\"@type\":\"ReadAction\",\"target\":[\"https:\/\/www.reulsport.com\/en\/produit\/redwinch-trydent-winch\/\"]}]},{\"@type\":\"BreadcrumbList\",\"@id\":\"https:\/\/www.reulsport.com\/en\/produit\/redwinch-trydent-winch\/#breadcrumb\",\"itemListElement\":[{\"@type\":\"ListItem\",\"position\":1,\"name\":\"Accueil\",\"item\":\"https:\/\/www.reulsport.com\/en\/\"},{\"@type\":\"ListItem\",\"position\":2,\"name\":\"Shop\",\"item\":\"https:\/\/www.reulsport.com\/en\/shop\/\"},{\"@type\":\"ListItem\",\"position\":3,\"name\":\"RedWinch Trydent Winch\"}]},{\"@type\":\"WebSite\",\"@id\":\"https:\/\/www.reulsport.com\/#website\",\"url\":\"https:\/\/www.reulsport.com\/\",\"name\":\"ReulSport - Landrover specialist - Iveco partner\",\"description\":\"ReulSport est un garage Ineos, Iveco et Polaris dans la r\u00e9gion de Verviers et Li\u00e8ge. Sp\u00e9cialiste de l&#039;Offroad, de la pr\u00e9paration et de l&#039;accessoirisation. .\",\"potentialAction\":[{\"@type\":\"SearchAction\",\"target\":{\"@type\":\"EntryPoint\",\"urlTemplate\":\"https:\/\/www.reulsport.com\/?s={search_term_string}\"},\"query-input\":\"required name=search_term_string\"}],\"inLanguage\":\"en-US\"}]}<\/script>\n<!-- \/ Yoast SEO plugin. -->","yoast_head_json":{"title":"RedWinch Trydent Winch - ReulSport - Landrover specialist - Iveco partner","robots":{"index":"index","follow":"follow","max-snippet":"max-snippet:-1","max-image-preview":"max-image-preview:large","max-video-preview":"max-video-preview:-1"},"canonical":"https:\/\/www.reulsport.com\/en\/produit\/redwinch-trydent-winch\/","og_locale":"en_US","og_type":"article","og_title":"RedWinch Trydent Winch - ReulSport - Landrover specialist - Iveco partner","og_description":"RedWinch double motor hydraulic winch for the competition Requires an hydraulic installation Reulparts distribute the whole RedWinch productrange","og_url":"https:\/\/www.reulsport.com\/en\/produit\/redwinch-trydent-winch\/","og_site_name":"ReulSport - Landrover specialist - Iveco partner","article_modified_time":"2018-01-29T11:06:03+00:00","og_image":[{"width":1920,"height":1920,"url":"https:\/\/www.reulsport.com\/wp-content\/uploads\/2017\/08\/e_6-5.jpg","type":"image\/jpeg"}],"twitter_card":"summary_large_image","schema":{"@context":"https:\/\/schema.org","@graph":[{"@type":"WebPage","@id":"https:\/\/www.reulsport.com\/en\/produit\/redwinch-trydent-winch\/","url":"https:\/\/www.reulsport.com\/en\/produit\/redwinch-trydent-winch\/","name":"RedWinch Trydent Winch - ReulSport - Landrover specialist - Iveco partner","isPartOf":{"@id":"https:\/\/www.reulsport.com\/#website"},"datePublished":"2017-08-02T12:00:42+00:00","dateModified":"2018-01-29T11:06:03+00:00","breadcrumb":{"@id":"https:\/\/www.reulsport.com\/en\/produit\/redwinch-trydent-winch\/#breadcrumb"},"inLanguage":"en-US","potentialAction":[{"@type":"ReadAction","target":["https:\/\/www.reulsport.com\/en\/produit\/redwinch-trydent-winch\/"]}]},{"@type":"BreadcrumbList","@id":"https:\/\/www.reulsport.com\/en\/produit\/redwinch-trydent-winch\/#breadcrumb","itemListElement":[{"@type":"ListItem","position":1,"name":"Accueil","item":"https:\/\/www.reulsport.com\/en\/"},{"@type":"ListItem","position":2,"name":"Shop","item":"https:\/\/www.reulsport.com\/en\/shop\/"},{"@type":"ListItem","position":3,"name":"RedWinch Trydent Winch"}]},{"@type":"WebSite","@id":"https:\/\/www.reulsport.com\/#website","url":"https:\/\/www.reulsport.com\/","name":"ReulSport - Landrover specialist - Iveco partner","description":"ReulSport est un garage Ineos, Iveco et Polaris dans la r\u00e9gion de Verviers et Li\u00e8ge. Sp\u00e9cialiste de l&#039;Offroad, de la pr\u00e9paration et de l&#039;accessoirisation. .","potentialAction":[{"@type":"SearchAction","target":{"@type":"EntryPoint","urlTemplate":"https:\/\/www.reulsport.com\/?s={search_term_string}"},"query-input":"required name=search_term_string"}],"inLanguage":"en-US"}]}},"_links":{"self":[{"href":"https:\/\/www.reulsport.com\/en\/wp-json\/wp\/v2\/product\/2330"}],"collection":[{"href":"https:\/\/www.reulsport.com\/en\/wp-json\/wp\/v2\/product"}],"about":[{"href":"https:\/\/www.reulsport.com\/en\/wp-json\/wp\/v2\/types\/product"}],"replies":[{"embeddable":true,"href":"https:\/\/www.reulsport.com\/en\/wp-json\/wp\/v2\/comments?post=2330"}],"wp:featuredmedia":[{"embeddable":true,"href":"https:\/\/www.reulsport.com\/en\/wp-json\/wp\/v2\/media\/2128"}],"wp:attachment":[{"href":"https:\/\/www.reulsport.com\/en\/wp-json\/wp\/v2\/media?parent=2330"}],"wp:term":[{"taxonomy":"product_cat","embeddable":true,"href":"https:\/\/www.reulsport.com\/en\/wp-json\/wp\/v2\/product_cat?post=2330"},{"taxonomy":"product_tag","embeddable":true,"href":"https:\/\/www.reulsport.com\/en\/wp-json\/wp\/v2\/product_tag?post=2330"}],"curies":[{"name":"wp","href":"https:\/\/api.w.org\/{rel}","templated":true}]}}