{"id":23616,"date":"2020-12-02T09:41:31","date_gmt":"2020-12-02T08:41:31","guid":{"rendered":"https:\/\/www.reulsport.com\/?post_type=product&#038;p=23616"},"modified":"2022-09-22T15:57:47","modified_gmt":"2022-09-22T13:57:47","slug":"kit-canon-cg2-multi-led-6-7-paire","status":"publish","type":"product","link":"https:\/\/www.reulsport.com\/en\/produit\/kit-canon-cg2-multi-led-6-7-paire\/","title":{"rendered":"kit Canon CG2 Multi Led 6.7&#8243; (Paire)"},"content":{"rendered":"<p>Les canons de lumi\u00e8re multi-LED CG2 sont la lumi\u00e8re ultime pour faire exploser la nuit avec un faisceau de route puissant et une couverture d&#8217;\u00e9clairage exceptionnelle \u00e0 moyenne distance.<\/p>\n<p>Le canon Vision X offre le plus grand rendement lumineux d&#8217;une lumi\u00e8re LED multi-source de sa taille.<\/p>\n<p>Caract\u00e9ristiques :\u00a0<\/p>\n<p>\u00a0Led : 18 x 7W (126W\/pi\u00e8ce)<\/p>\n<p>\u00a0Temp\u00e9rature de la couleur : 6.000 Kelvin<\/p>\n<p>Lumens : 13500 Lumens (brut) \/9450 Lumens (efficaces)<\/p>\n<p>Distance d&#8217;\u00e9clairage : 437m ( kit) \/ 337m (Pi\u00e8ce)<\/p>\n<p>Puissance d&#8217;\u00e9clairage : 27000lm (kit) \/ 13500lm (Pi\u00e8ce)<\/p>\n<p>\u00a0Faisceau : Combo = Spot + Elliptical<\/p>\n<p>\u00a0Dimensions :172\/240\/103mm<\/p>\n<p>\u00a0Poids : 3.18 kg<\/p>\n<p>\u00a0Tension : 9-32V DC<\/p>\n<p>\u00a0Amp\u00e9rage : 5.25A@24V DC &#8211; 10.5A@12V DC<\/p>\n<p>\u00a0Estimation de vibration : 21.2 Grms<\/p>\n<p>\u00a0Mat\u00e9riau de la lentille : Acryl<\/p>\n<p>\u00a0Etanche IP68\/69K<\/p>\n","protected":false},"excerpt":{"rendered":"<p>Les canons de lumi\u00e8re multi-LED CG2 sont la lumi\u00e8re ultime pour faire exploser la nuit avec un faisceau de route puissant et une couverture d&#8217;\u00e9clairage exceptionnelle \u00e0 moyenne distance. Le canon Vision X offre le plus grand rendement lumineux d&#8217;une lumi\u00e8re LED multi-source de sa taille. Caract\u00e9ristiques :\u00a0 \u00a0Led : 18 x 7W (126W\/pi\u00e8ce) \u00a0Temp\u00e9rature [&hellip;]<\/p>\n","protected":false},"featured_media":23622,"comment_status":"open","ping_status":"closed","template":"","meta":[],"product_cat":[100],"product_tag":[197],"acf":[],"yoast_head":"<!-- This site is optimized with the Yoast SEO plugin v20.1 - https:\/\/yoast.com\/wordpress\/plugins\/seo\/ -->\n<title>kit Canon CG2 Multi Led 6.7&quot; (Paire) - ReulSport - Landrover specialist - Iveco partner<\/title>\n<meta name=\"robots\" content=\"index, follow, max-snippet:-1, max-image-preview:large, max-video-preview:-1\" \/>\n<link rel=\"canonical\" href=\"https:\/\/www.reulsport.com\/en\/produit\/kit-canon-cg2-multi-led-6-7-paire\/\" \/>\n<meta property=\"og:locale\" content=\"en_US\" \/>\n<meta property=\"og:type\" content=\"article\" \/>\n<meta property=\"og:title\" content=\"kit Canon CG2 Multi Led 6.7&quot; (Paire) - ReulSport - Landrover specialist - Iveco partner\" \/>\n<meta property=\"og:description\" content=\"Les canons de lumi\u00e8re multi-LED CG2 sont la lumi\u00e8re ultime pour faire exploser la nuit avec un faisceau de route puissant et une couverture d&#8217;\u00e9clairage exceptionnelle \u00e0 moyenne distance. Le canon Vision X offre le plus grand rendement lumineux d&#8217;une lumi\u00e8re LED multi-source de sa taille. Caract\u00e9ristiques :\u00a0 \u00a0Led : 18 x 7W (126W\/pi\u00e8ce) \u00a0Temp\u00e9rature [&hellip;]\" \/>\n<meta property=\"og:url\" content=\"https:\/\/www.reulsport.com\/en\/produit\/kit-canon-cg2-multi-led-6-7-paire\/\" \/>\n<meta property=\"og:site_name\" content=\"ReulSport - Landrover specialist - Iveco partner\" \/>\n<meta property=\"article:modified_time\" content=\"2022-09-22T13:57:47+00:00\" \/>\n<meta property=\"og:image\" content=\"https:\/\/www.reulsport.com\/wp-content\/uploads\/2020\/12\/CG2-CPM1810KIT.jpg\" \/>\n\t<meta property=\"og:image:width\" content=\"1500\" \/>\n\t<meta property=\"og:image:height\" content=\"1279\" \/>\n\t<meta property=\"og:image:type\" content=\"image\/jpeg\" \/>\n<meta name=\"twitter:card\" content=\"summary_large_image\" \/>\n<meta name=\"twitter:label1\" content=\"Est. reading time\" \/>\n\t<meta name=\"twitter:data1\" content=\"1 minute\" \/>\n<script type=\"application\/ld+json\" class=\"yoast-schema-graph\">{\"@context\":\"https:\/\/schema.org\",\"@graph\":[{\"@type\":\"WebPage\",\"@id\":\"https:\/\/www.reulsport.com\/en\/produit\/kit-canon-cg2-multi-led-6-7-paire\/\",\"url\":\"https:\/\/www.reulsport.com\/en\/produit\/kit-canon-cg2-multi-led-6-7-paire\/\",\"name\":\"kit Canon CG2 Multi Led 6.7\\\" (Paire) - ReulSport - Landrover specialist - Iveco partner\",\"isPartOf\":{\"@id\":\"https:\/\/www.reulsport.com\/#website\"},\"datePublished\":\"2020-12-02T08:41:31+00:00\",\"dateModified\":\"2022-09-22T13:57:47+00:00\",\"breadcrumb\":{\"@id\":\"https:\/\/www.reulsport.com\/en\/produit\/kit-canon-cg2-multi-led-6-7-paire\/#breadcrumb\"},\"inLanguage\":\"en-US\",\"potentialAction\":[{\"@type\":\"ReadAction\",\"target\":[\"https:\/\/www.reulsport.com\/en\/produit\/kit-canon-cg2-multi-led-6-7-paire\/\"]}]},{\"@type\":\"BreadcrumbList\",\"@id\":\"https:\/\/www.reulsport.com\/en\/produit\/kit-canon-cg2-multi-led-6-7-paire\/#breadcrumb\",\"itemListElement\":[{\"@type\":\"ListItem\",\"position\":1,\"name\":\"Accueil\",\"item\":\"https:\/\/www.reulsport.com\/en\/\"},{\"@type\":\"ListItem\",\"position\":2,\"name\":\"Shop\",\"item\":\"https:\/\/www.reulsport.com\/en\/shop\/\"},{\"@type\":\"ListItem\",\"position\":3,\"name\":\"kit Canon CG2 Multi Led 6.7&#8243; (Paire)\"}]},{\"@type\":\"WebSite\",\"@id\":\"https:\/\/www.reulsport.com\/#website\",\"url\":\"https:\/\/www.reulsport.com\/\",\"name\":\"ReulSport - Landrover specialist - Iveco partner\",\"description\":\"ReulSport est un garage Ineos, Iveco et Polaris dans la r\u00e9gion de Verviers et Li\u00e8ge. Sp\u00e9cialiste de l&#039;Offroad, de la pr\u00e9paration et de l&#039;accessoirisation. .\",\"potentialAction\":[{\"@type\":\"SearchAction\",\"target\":{\"@type\":\"EntryPoint\",\"urlTemplate\":\"https:\/\/www.reulsport.com\/?s={search_term_string}\"},\"query-input\":\"required name=search_term_string\"}],\"inLanguage\":\"en-US\"}]}<\/script>\n<!-- \/ Yoast SEO plugin. -->","yoast_head_json":{"title":"kit Canon CG2 Multi Led 6.7\" (Paire) - ReulSport - Landrover specialist - Iveco partner","robots":{"index":"index","follow":"follow","max-snippet":"max-snippet:-1","max-image-preview":"max-image-preview:large","max-video-preview":"max-video-preview:-1"},"canonical":"https:\/\/www.reulsport.com\/en\/produit\/kit-canon-cg2-multi-led-6-7-paire\/","og_locale":"en_US","og_type":"article","og_title":"kit Canon CG2 Multi Led 6.7\" (Paire) - ReulSport - Landrover specialist - Iveco partner","og_description":"Les canons de lumi\u00e8re multi-LED CG2 sont la lumi\u00e8re ultime pour faire exploser la nuit avec un faisceau de route puissant et une couverture d&#8217;\u00e9clairage exceptionnelle \u00e0 moyenne distance. Le canon Vision X offre le plus grand rendement lumineux d&#8217;une lumi\u00e8re LED multi-source de sa taille. Caract\u00e9ristiques :\u00a0 \u00a0Led : 18 x 7W (126W\/pi\u00e8ce) \u00a0Temp\u00e9rature [&hellip;]","og_url":"https:\/\/www.reulsport.com\/en\/produit\/kit-canon-cg2-multi-led-6-7-paire\/","og_site_name":"ReulSport - Landrover specialist - Iveco partner","article_modified_time":"2022-09-22T13:57:47+00:00","og_image":[{"width":1500,"height":1279,"url":"https:\/\/www.reulsport.com\/wp-content\/uploads\/2020\/12\/CG2-CPM1810KIT.jpg","type":"image\/jpeg"}],"twitter_card":"summary_large_image","twitter_misc":{"Est. reading time":"1 minute"},"schema":{"@context":"https:\/\/schema.org","@graph":[{"@type":"WebPage","@id":"https:\/\/www.reulsport.com\/en\/produit\/kit-canon-cg2-multi-led-6-7-paire\/","url":"https:\/\/www.reulsport.com\/en\/produit\/kit-canon-cg2-multi-led-6-7-paire\/","name":"kit Canon CG2 Multi Led 6.7\" (Paire) - ReulSport - Landrover specialist - Iveco partner","isPartOf":{"@id":"https:\/\/www.reulsport.com\/#website"},"datePublished":"2020-12-02T08:41:31+00:00","dateModified":"2022-09-22T13:57:47+00:00","breadcrumb":{"@id":"https:\/\/www.reulsport.com\/en\/produit\/kit-canon-cg2-multi-led-6-7-paire\/#breadcrumb"},"inLanguage":"en-US","potentialAction":[{"@type":"ReadAction","target":["https:\/\/www.reulsport.com\/en\/produit\/kit-canon-cg2-multi-led-6-7-paire\/"]}]},{"@type":"BreadcrumbList","@id":"https:\/\/www.reulsport.com\/en\/produit\/kit-canon-cg2-multi-led-6-7-paire\/#breadcrumb","itemListElement":[{"@type":"ListItem","position":1,"name":"Accueil","item":"https:\/\/www.reulsport.com\/en\/"},{"@type":"ListItem","position":2,"name":"Shop","item":"https:\/\/www.reulsport.com\/en\/shop\/"},{"@type":"ListItem","position":3,"name":"kit Canon CG2 Multi Led 6.7&#8243; (Paire)"}]},{"@type":"WebSite","@id":"https:\/\/www.reulsport.com\/#website","url":"https:\/\/www.reulsport.com\/","name":"ReulSport - Landrover specialist - Iveco partner","description":"ReulSport est un garage Ineos, Iveco et Polaris dans la r\u00e9gion de Verviers et Li\u00e8ge. Sp\u00e9cialiste de l&#039;Offroad, de la pr\u00e9paration et de l&#039;accessoirisation. .","potentialAction":[{"@type":"SearchAction","target":{"@type":"EntryPoint","urlTemplate":"https:\/\/www.reulsport.com\/?s={search_term_string}"},"query-input":"required name=search_term_string"}],"inLanguage":"en-US"}]}},"_links":{"self":[{"href":"https:\/\/www.reulsport.com\/en\/wp-json\/wp\/v2\/product\/23616"}],"collection":[{"href":"https:\/\/www.reulsport.com\/en\/wp-json\/wp\/v2\/product"}],"about":[{"href":"https:\/\/www.reulsport.com\/en\/wp-json\/wp\/v2\/types\/product"}],"replies":[{"embeddable":true,"href":"https:\/\/www.reulsport.com\/en\/wp-json\/wp\/v2\/comments?post=23616"}],"wp:featuredmedia":[{"embeddable":true,"href":"https:\/\/www.reulsport.com\/en\/wp-json\/wp\/v2\/media\/23622"}],"wp:attachment":[{"href":"https:\/\/www.reulsport.com\/en\/wp-json\/wp\/v2\/media?parent=23616"}],"wp:term":[{"taxonomy":"product_cat","embeddable":true,"href":"https:\/\/www.reulsport.com\/en\/wp-json\/wp\/v2\/product_cat?post=23616"},{"taxonomy":"product_tag","embeddable":true,"href":"https:\/\/www.reulsport.com\/en\/wp-json\/wp\/v2\/product_tag?post=23616"}],"curies":[{"name":"wp","href":"https:\/\/api.w.org\/{rel}","templated":true}]}}